{"id":2423,"date":"2016-03-01T07:44:11","date_gmt":"2016-03-01T07:44:11","guid":{"rendered":"https:\/\/demo2.chethemes.com\/electro\/?page_id=2423"},"modified":"2023-08-13T14:20:56","modified_gmt":"2023-08-13T14:20:56","slug":"blog-v1","status":"publish","type":"page","link":"https:\/\/para-sanita.fidsexcellence.tn\/?page_id=2423","title":{"rendered":"Conseil"},"content":{"rendered":"\t\t<div data-elementor-type=\"wp-page\" data-elementor-id=\"2423\" class=\"elementor elementor-2423\" data-elementor-post-type=\"page\">\n\t\t\t\t\t\t\t\t\t<section class=\"elementor-section elementor-top-section elementor-element elementor-element-576dc70 elementor-section-boxed elementor-section-height-default elementor-section-height-default\" data-id=\"576dc70\" data-element_type=\"section\">\n\t\t\t\t\t\t<div class=\"elementor-container elementor-column-gap-default\">\n\t\t\t\t\t<div class=\"elementor-column elementor-col-100 elementor-top-column elementor-element elementor-element-4cf815b\" data-id=\"4cf815b\" data-element_type=\"column\">\n\t\t\t<div class=\"elementor-widget-wrap elementor-element-populated\">\n\t\t\t\t\t\t\t\t<div class=\"elementor-element elementor-element-beea23f elementor-widget elementor-widget-image\" data-id=\"beea23f\" data-element_type=\"widget\" data-widget_type=\"image.default\">\n\t\t\t\t<div class=\"elementor-widget-container\">\n\t\t\t<style>\/*! elementor - v3.15.0 - 09-08-2023 *\/\n.elementor-widget-image{text-align:center}.elementor-widget-image a{display:inline-block}.elementor-widget-image a img[src$=\".svg\"]{width:48px}.elementor-widget-image img{vertical-align:middle;display:inline-block}<\/style>\t\t\t\t\t\t\t\t\t\t\t\t<img loading=\"lazy\" decoding=\"async\" width=\"1024\" height=\"544\" src=\"https:\/\/para-sanita.fidsexcellence.tn\/wp-content\/uploads\/2023\/08\/Christelle-LY-Specialiste-epiderme-Formatice-micro-needling-Bordeaux-2-1024x544.png\" class=\"attachment-large size-large wp-image-11565\" alt=\"\" srcset=\"https:\/\/para-sanita.fidsexcellence.tn\/wp-content\/uploads\/2023\/08\/Christelle-LY-Specialiste-epiderme-Formatice-micro-needling-Bordeaux-2-1024x544.png 1024w, https:\/\/para-sanita.fidsexcellence.tn\/wp-content\/uploads\/2023\/08\/Christelle-LY-Specialiste-epiderme-Formatice-micro-needling-Bordeaux-2-300x159.png 300w, https:\/\/para-sanita.fidsexcellence.tn\/wp-content\/uploads\/2023\/08\/Christelle-LY-Specialiste-epiderme-Formatice-micro-needling-Bordeaux-2-768x408.png 768w, https:\/\/para-sanita.fidsexcellence.tn\/wp-content\/uploads\/2023\/08\/Christelle-LY-Specialiste-epiderme-Formatice-micro-needling-Bordeaux-2-600x319.png 600w, https:\/\/para-sanita.fidsexcellence.tn\/wp-content\/uploads\/2023\/08\/Christelle-LY-Specialiste-epiderme-Formatice-micro-needling-Bordeaux-2.png 1200w\" sizes=\"auto, (max-width: 1024px) 100vw, 1024px\" \/>\t\t\t\t\t\t\t\t\t\t\t\t\t\t\t<\/div>\n\t\t\t\t<\/div>\n\t\t\t\t\t<\/div>\n\t\t<\/div>\n\t\t\t\t\t\t\t<\/div>\n\t\t<\/section>\n\t\t\t\t<section class=\"elementor-section elementor-top-section elementor-element elementor-element-42d48ea elementor-section-boxed elementor-section-height-default elementor-section-height-default\" data-id=\"42d48ea\" data-element_type=\"section\">\n\t\t\t\t\t\t<div class=\"elementor-container elementor-column-gap-default\">\n\t\t\t\t\t<div class=\"elementor-column elementor-col-100 elementor-top-column elementor-element elementor-element-14ff530\" data-id=\"14ff530\" data-element_type=\"column\">\n\t\t\t<div class=\"elementor-widget-wrap elementor-element-populated\">\n\t\t\t\t\t\t\t\t<div class=\"elementor-element elementor-element-dc5b0bc elementor-widget elementor-widget-heading\" data-id=\"dc5b0bc\" data-element_type=\"widget\" data-widget_type=\"heading.default\">\n\t\t\t\t<div class=\"elementor-widget-container\">\n\t\t\t<style>\/*! elementor - v3.15.0 - 09-08-2023 *\/\n.elementor-heading-title{padding:0;margin:0;line-height:1}.elementor-widget-heading .elementor-heading-title[class*=elementor-size-]>a{color:inherit;font-size:inherit;line-height:inherit}.elementor-widget-heading .elementor-heading-title.elementor-size-small{font-size:15px}.elementor-widget-heading .elementor-heading-title.elementor-size-medium{font-size:19px}.elementor-widget-heading .elementor-heading-title.elementor-size-large{font-size:29px}.elementor-widget-heading .elementor-heading-title.elementor-size-xl{font-size:39px}.elementor-widget-heading .elementor-heading-title.elementor-size-xxl{font-size:59px}<\/style><h4 class=\"elementor-heading-title elementor-size-medium\">NOUS AVONS REMARQU\u00c9 QUE VOUS \u00caTES NOMBREUSES \u00c0 NOUS DEMANDER NOTRE AVIS CONCERNANT UN PRODUIT POUR UNE PROBL\u00c9MATIQUE BIEN SP\u00c9CIFIQUE, ET VOUS AVEZ ENTIEREMENT RAISONS, EN FAIT IL Y A TELLEMENT LE CHOIX SUR LE MARCH\u00c9 POUR LA M\u00caME UTILIT\u00c9 QU\u2019ON EST INCAPPABLE DE FAIRE LE BON CHOIX. C\u2019EST POUR CELA ON A D\u00c9VELOPP\u00c9 LE CONCEPT \u00ab LES TESTEUSES DE PARA SANITA \u00bb.<br>\n\n\n Les testeuses de Para Sanita \u00bb est un nouveau concept d\u00e9velopp\u00e9 par Para Sanita votre parapharmacie en ligne. Cette id\u00e9e vise \u00e0 aider les femmes de toutes les carnations et de diff\u00e9rents types de peau \u00e0 trouver les meilleurs produits pour leurs besoins sp\u00e9cifiques. Para Sanita teste \u00e0 travers Les testeuses de Para Sanita les diff\u00e9rents produits gratuitement et vous donne par la suite les meilleurs produits test\u00e9s et approuv\u00e9s.<br>\n\nLe processus est simple : les testeuses de paraSanita viennent en magasin et indiquent leur type de peau, leur carnation et leurs pr\u00e9occupations sp\u00e9cifiques. En fonction de ces informations, les experts de Para Sanita s\u00e9lectionnent les produits les mieux adapt\u00e9s \u00e0 leurs besoins. Les testeuses sont alors invit\u00e9es \u00e0 essayer ces produits pendant une p\u00e9riode donn\u00e9e et \u00e0 fournir des commentaires sur leur exp\u00e9rience.<br>\n\n\nLes avis des testeuses sont ensuite utilis\u00e9s pour informer les acheteurs de Para Sanita sur les produits les plus efficaces pour chaque type de peau et chaque pr\u00e9occupation. Cela permet de s'assurer que les clients re\u00e7oivent des recommandations personnalis\u00e9es et bas\u00e9es sur des r\u00e9sultats r\u00e9els.\n<br>\n\n\nEn r\u00e9sum\u00e9, les testeuses de Para Sanita sont un moyen innovant et pratique pour les clientes de trouver les produits les plus adapt\u00e9s \u00e0 leurs besoins sp\u00e9cifiques. Cette approche permet \u00e9galement \u00e0 Para Sanita d'offrir des conseils personnalis\u00e9s et des recommandations bas\u00e9es sur des r\u00e9sultats r\u00e9els.<br>\n\n\nEssayez les produits test\u00e9s par nos \u00ab testeuses de para Sanita \u00bb lors de votre prochaine visite en magasin et d\u00e9couvrez comment elles peuvent vous aider \u00e0 trouver les produits parfaits pour votre type de peau et vos pr\u00e9occupations sp\u00e9cifiques.<\/h4>\t\t<\/div>\n\t\t\t\t<\/div>\n\t\t\t\t\t<\/div>\n\t\t<\/div>\n\t\t\t\t\t\t\t<\/div>\n\t\t<\/section>\n\t\t\t\t\t\t\t<\/div>\n\t\t","protected":false},"excerpt":{"rendered":"<p>NOUS AVONS REMARQU\u00c9 QUE VOUS \u00caTES NOMBREUSES \u00c0 NOUS DEMANDER NOTRE AVIS CONCERNANT UN PRODUIT POUR UNE PROBL\u00c9MATIQUE BIEN SP\u00c9CIFIQUE, ET VOUS AVEZ ENTIEREMENT RAISONS, EN FAIT IL Y A<\/p>\n","protected":false},"author":1,"featured_media":0,"parent":0,"menu_order":0,"comment_status":"closed","ping_status":"closed","template":"","meta":{"footnotes":""},"class_list":["post-2423","page","type-page","status-publish","hentry"],"acf":[],"yoast_head":"<!-- This site is optimized with the Yoast SEO plugin v20.13 - https:\/\/yoast.com\/wordpress\/plugins\/seo\/ -->\n<title>Conseil - Para-Dis<\/title>\n<meta name=\"robots\" content=\"index, follow, max-snippet:-1, max-image-preview:large, max-video-preview:-1\" \/>\n<link rel=\"canonical\" href=\"https:\/\/para-sanita.fidsexcellence.tn\/?page_id=2423\" \/>\n<meta property=\"og:locale\" content=\"fr_FR\" \/>\n<meta property=\"og:type\" content=\"article\" \/>\n<meta property=\"og:title\" content=\"Conseil - Para-Dis\" \/>\n<meta property=\"og:description\" content=\"NOUS AVONS REMARQU\u00c9 QUE VOUS \u00caTES NOMBREUSES \u00c0 NOUS DEMANDER NOTRE AVIS CONCERNANT UN PRODUIT POUR UNE PROBL\u00c9MATIQUE BIEN SP\u00c9CIFIQUE, ET VOUS AVEZ ENTIEREMENT RAISONS, EN FAIT IL Y A\" \/>\n<meta property=\"og:url\" content=\"https:\/\/para-sanita.fidsexcellence.tn\/?page_id=2423\" \/>\n<meta property=\"og:site_name\" content=\"Para-Dis\" \/>\n<meta property=\"article:modified_time\" content=\"2023-08-13T14:20:56+00:00\" \/>\n<meta property=\"og:image\" content=\"https:\/\/para-sanita.fidsexcellence.tn\/wp-content\/uploads\/2023\/08\/Christelle-LY-Specialiste-epiderme-Formatice-micro-needling-Bordeaux-2-1024x544.png\" \/>\n<meta name=\"twitter:card\" content=\"summary_large_image\" \/>\n<meta name=\"twitter:label1\" content=\"Dur\u00e9e de lecture estim\u00e9e\" \/>\n\t<meta name=\"twitter:data1\" content=\"2 minutes\" \/>\n<script type=\"application\/ld+json\" class=\"yoast-schema-graph\">{\"@context\":\"https:\/\/schema.org\",\"@graph\":[{\"@type\":\"WebPage\",\"@id\":\"https:\/\/para-sanita.fidsexcellence.tn\/?page_id=2423\",\"url\":\"https:\/\/para-sanita.fidsexcellence.tn\/?page_id=2423\",\"name\":\"Conseil - Para-Dis\",\"isPartOf\":{\"@id\":\"https:\/\/para-sanita.fidsexcellence.tn\/#website\"},\"datePublished\":\"2016-03-01T07:44:11+00:00\",\"dateModified\":\"2023-08-13T14:20:56+00:00\",\"breadcrumb\":{\"@id\":\"https:\/\/para-sanita.fidsexcellence.tn\/?page_id=2423#breadcrumb\"},\"inLanguage\":\"fr-FR\",\"potentialAction\":[{\"@type\":\"ReadAction\",\"target\":[\"https:\/\/para-sanita.fidsexcellence.tn\/?page_id=2423\"]}]},{\"@type\":\"BreadcrumbList\",\"@id\":\"https:\/\/para-sanita.fidsexcellence.tn\/?page_id=2423#breadcrumb\",\"itemListElement\":[{\"@type\":\"ListItem\",\"position\":1,\"name\":\"Accueil\",\"item\":\"https:\/\/para-sanita.fidsexcellence.tn\/\"},{\"@type\":\"ListItem\",\"position\":2,\"name\":\"Conseil\"}]},{\"@type\":\"WebSite\",\"@id\":\"https:\/\/para-sanita.fidsexcellence.tn\/#website\",\"url\":\"https:\/\/para-sanita.fidsexcellence.tn\/\",\"name\":\"Para-Dis\",\"description\":\"\",\"publisher\":{\"@id\":\"https:\/\/para-sanita.fidsexcellence.tn\/#organization\"},\"potentialAction\":[{\"@type\":\"SearchAction\",\"target\":{\"@type\":\"EntryPoint\",\"urlTemplate\":\"https:\/\/para-sanita.fidsexcellence.tn\/?s={search_term_string}\"},\"query-input\":\"required name=search_term_string\"}],\"inLanguage\":\"fr-FR\"},{\"@type\":\"Organization\",\"@id\":\"https:\/\/para-sanita.fidsexcellence.tn\/#organization\",\"name\":\"Para-Dis\",\"url\":\"https:\/\/para-sanita.fidsexcellence.tn\/\",\"logo\":{\"@type\":\"ImageObject\",\"inLanguage\":\"fr-FR\",\"@id\":\"https:\/\/para-sanita.fidsexcellence.tn\/#\/schema\/logo\/image\/\",\"url\":\"https:\/\/para-sanita.fidsexcellence.tn\/wp-content\/uploads\/2025\/03\/cropped-logo-1.png\",\"contentUrl\":\"https:\/\/para-sanita.fidsexcellence.tn\/wp-content\/uploads\/2025\/03\/cropped-logo-1.png\",\"width\":502,\"height\":167,\"caption\":\"Para-Dis\"},\"image\":{\"@id\":\"https:\/\/para-sanita.fidsexcellence.tn\/#\/schema\/logo\/image\/\"}}]}<\/script>\n<!-- \/ Yoast SEO plugin. -->","yoast_head_json":{"title":"Conseil - Para-Dis","robots":{"index":"index","follow":"follow","max-snippet":"max-snippet:-1","max-image-preview":"max-image-preview:large","max-video-preview":"max-video-preview:-1"},"canonical":"https:\/\/para-sanita.fidsexcellence.tn\/?page_id=2423","og_locale":"fr_FR","og_type":"article","og_title":"Conseil - Para-Dis","og_description":"NOUS AVONS REMARQU\u00c9 QUE VOUS \u00caTES NOMBREUSES \u00c0 NOUS DEMANDER NOTRE AVIS CONCERNANT UN PRODUIT POUR UNE PROBL\u00c9MATIQUE BIEN SP\u00c9CIFIQUE, ET VOUS AVEZ ENTIEREMENT RAISONS, EN FAIT IL Y A","og_url":"https:\/\/para-sanita.fidsexcellence.tn\/?page_id=2423","og_site_name":"Para-Dis","article_modified_time":"2023-08-13T14:20:56+00:00","og_image":[{"url":"https:\/\/para-sanita.fidsexcellence.tn\/wp-content\/uploads\/2023\/08\/Christelle-LY-Specialiste-epiderme-Formatice-micro-needling-Bordeaux-2-1024x544.png"}],"twitter_card":"summary_large_image","twitter_misc":{"Dur\u00e9e de lecture estim\u00e9e":"2 minutes"},"schema":{"@context":"https:\/\/schema.org","@graph":[{"@type":"WebPage","@id":"https:\/\/para-sanita.fidsexcellence.tn\/?page_id=2423","url":"https:\/\/para-sanita.fidsexcellence.tn\/?page_id=2423","name":"Conseil - Para-Dis","isPartOf":{"@id":"https:\/\/para-sanita.fidsexcellence.tn\/#website"},"datePublished":"2016-03-01T07:44:11+00:00","dateModified":"2023-08-13T14:20:56+00:00","breadcrumb":{"@id":"https:\/\/para-sanita.fidsexcellence.tn\/?page_id=2423#breadcrumb"},"inLanguage":"fr-FR","potentialAction":[{"@type":"ReadAction","target":["https:\/\/para-sanita.fidsexcellence.tn\/?page_id=2423"]}]},{"@type":"BreadcrumbList","@id":"https:\/\/para-sanita.fidsexcellence.tn\/?page_id=2423#breadcrumb","itemListElement":[{"@type":"ListItem","position":1,"name":"Accueil","item":"https:\/\/para-sanita.fidsexcellence.tn\/"},{"@type":"ListItem","position":2,"name":"Conseil"}]},{"@type":"WebSite","@id":"https:\/\/para-sanita.fidsexcellence.tn\/#website","url":"https:\/\/para-sanita.fidsexcellence.tn\/","name":"Para-Dis","description":"","publisher":{"@id":"https:\/\/para-sanita.fidsexcellence.tn\/#organization"},"potentialAction":[{"@type":"SearchAction","target":{"@type":"EntryPoint","urlTemplate":"https:\/\/para-sanita.fidsexcellence.tn\/?s={search_term_string}"},"query-input":"required name=search_term_string"}],"inLanguage":"fr-FR"},{"@type":"Organization","@id":"https:\/\/para-sanita.fidsexcellence.tn\/#organization","name":"Para-Dis","url":"https:\/\/para-sanita.fidsexcellence.tn\/","logo":{"@type":"ImageObject","inLanguage":"fr-FR","@id":"https:\/\/para-sanita.fidsexcellence.tn\/#\/schema\/logo\/image\/","url":"https:\/\/para-sanita.fidsexcellence.tn\/wp-content\/uploads\/2025\/03\/cropped-logo-1.png","contentUrl":"https:\/\/para-sanita.fidsexcellence.tn\/wp-content\/uploads\/2025\/03\/cropped-logo-1.png","width":502,"height":167,"caption":"Para-Dis"},"image":{"@id":"https:\/\/para-sanita.fidsexcellence.tn\/#\/schema\/logo\/image\/"}}]}},"_links":{"self":[{"href":"https:\/\/para-sanita.fidsexcellence.tn\/index.php?rest_route=\/wp\/v2\/pages\/2423","targetHints":{"allow":["GET"]}}],"collection":[{"href":"https:\/\/para-sanita.fidsexcellence.tn\/index.php?rest_route=\/wp\/v2\/pages"}],"about":[{"href":"https:\/\/para-sanita.fidsexcellence.tn\/index.php?rest_route=\/wp\/v2\/types\/page"}],"author":[{"embeddable":true,"href":"https:\/\/para-sanita.fidsexcellence.tn\/index.php?rest_route=\/wp\/v2\/users\/1"}],"replies":[{"embeddable":true,"href":"https:\/\/para-sanita.fidsexcellence.tn\/index.php?rest_route=%2Fwp%2Fv2%2Fcomments&post=2423"}],"version-history":[{"count":10,"href":"https:\/\/para-sanita.fidsexcellence.tn\/index.php?rest_route=\/wp\/v2\/pages\/2423\/revisions"}],"predecessor-version":[{"id":11572,"href":"https:\/\/para-sanita.fidsexcellence.tn\/index.php?rest_route=\/wp\/v2\/pages\/2423\/revisions\/11572"}],"wp:attachment":[{"href":"https:\/\/para-sanita.fidsexcellence.tn\/index.php?rest_route=%2Fwp%2Fv2%2Fmedia&parent=2423"}],"curies":[{"name":"wp","href":"https:\/\/api.w.org\/{rel}","templated":true}]}}