{"id":11121,"date":"2023-08-11T21:45:42","date_gmt":"2023-08-11T21:45:42","guid":{"rendered":"https:\/\/para-sanita.fidsexcellence.tn\/?product=aktiv-zinchistidinevitamine-c-30-comprimes"},"modified":"2023-08-12T16:40:08","modified_gmt":"2023-08-12T16:40:08","slug":"aktiv-zinchistidinevitamine-c-30-comprimes","status":"publish","type":"product","link":"https:\/\/para-sanita.fidsexcellence.tn\/?product=aktiv-zinchistidinevitamine-c-30-comprimes","title":{"rendered":"AKTIV ZINC+HISTIDINE+VITAMINE C, 30 Comprim\u00e9s"},"content":{"rendered":"<p>Traiter certains probl\u00e8mes de la peau comme l&#8217;acn\u00e9<br \/>\nRalentir le vieillissement de la peau<br \/>\nFavoriser la bonne sant\u00e9 des cheveux<br \/>\nRenforcer le syst\u00e8me immunitaire<\/p>\n","protected":false},"excerpt":{"rendered":"<p>AKTIV ZINC+HISTIDINE+VITAMINE C, 30 Comprim\u00e9s quantity<br \/>\nDescription<br \/>\nAvis (1)<br \/>\nTraiter certains probl\u00e8mes de la peau comme l\u2019acn\u00e9<br \/>\nRalentir le vieillissement de la peau<br \/>\nFavoriser la bonne sant\u00e9 des cheveux<br \/>\nRenforcer le syst\u00e8me immunitaire<\/p>\n","protected":false},"featured_media":11120,"comment_status":"open","ping_status":"closed","template":"","meta":[],"pwb-brand":[253],"product_cat":[213,215],"product_tag":[],"class_list":{"0":"post-11121","1":"product","2":"type-product","3":"status-publish","4":"has-post-thumbnail","6":"pwb-brand-doppel-herz","7":"product_cat-complement-alimentaire","8":"product_cat-forme-et-vitalite","10":"first","11":"instock","12":"taxable","13":"shipping-taxable","14":"purchasable","15":"product-type-simple"},"acf":[],"yoast_head":"<!-- This site is optimized with the Yoast SEO plugin v20.13 - https:\/\/yoast.com\/wordpress\/plugins\/seo\/ -->\n<title>AKTIV ZINC+HISTIDINE+VITAMINE C, 30 Comprim\u00e9s - Para-Dis<\/title>\n<meta name=\"description\" content=\"Traiter certains probl\u00e8mes de la peau comme l&#039;acn\u00e9Ralentir le vieillissement de la peauFavoriser la bonne sant\u00e9 des cheveuxRenforcer le syst\u00e8me immunitaire\" \/>\n<meta name=\"robots\" content=\"index, follow, max-snippet:-1, max-image-preview:large, max-video-preview:-1\" \/>\n<link rel=\"canonical\" href=\"https:\/\/para-sanita.fidsexcellence.tn\/?product=aktiv-zinchistidinevitamine-c-30-comprimes\" \/>\n<meta property=\"og:locale\" content=\"fr_FR\" \/>\n<meta property=\"og:type\" content=\"article\" \/>\n<meta property=\"og:title\" content=\"AKTIV ZINC+HISTIDINE+VITAMINE C, 30 Comprim\u00e9s - Para-Dis\" \/>\n<meta property=\"og:description\" content=\"Traiter certains probl\u00e8mes de la peau comme l&#039;acn\u00e9Ralentir le vieillissement de la peauFavoriser la bonne sant\u00e9 des cheveuxRenforcer le syst\u00e8me immunitaire\" \/>\n<meta property=\"og:url\" content=\"https:\/\/para-sanita.fidsexcellence.tn\/?product=aktiv-zinchistidinevitamine-c-30-comprimes\" \/>\n<meta property=\"og:site_name\" content=\"Para-Dis\" \/>\n<meta property=\"article:modified_time\" content=\"2023-08-12T16:40:08+00:00\" \/>\n<meta property=\"og:image\" content=\"https:\/\/para-sanita.fidsexcellence.tn\/wp-content\/uploads\/2023\/08\/aktiv-zinchistidinevitamine-c-30-comprimes.jpg\" \/>\n\t<meta property=\"og:image:width\" content=\"458\" \/>\n\t<meta property=\"og:image:height\" content=\"458\" \/>\n\t<meta property=\"og:image:type\" content=\"image\/jpeg\" \/>\n<meta name=\"twitter:card\" content=\"summary_large_image\" \/>\n<meta name=\"twitter:label1\" content=\"Dur\u00e9e de lecture estim\u00e9e\" \/>\n\t<meta name=\"twitter:data1\" content=\"1 minute\" \/>\n<script type=\"application\/ld+json\" class=\"yoast-schema-graph\">{\"@context\":\"https:\/\/schema.org\",\"@graph\":[{\"@type\":\"WebPage\",\"@id\":\"https:\/\/para-sanita.fidsexcellence.tn\/?product=aktiv-zinchistidinevitamine-c-30-comprimes\",\"url\":\"https:\/\/para-sanita.fidsexcellence.tn\/?product=aktiv-zinchistidinevitamine-c-30-comprimes\",\"name\":\"AKTIV ZINC+HISTIDINE+VITAMINE C, 30 Comprim\u00e9s - Para-Dis\",\"isPartOf\":{\"@id\":\"https:\/\/para-sanita.fidsexcellence.tn\/#website\"},\"datePublished\":\"2023-08-11T21:45:42+00:00\",\"dateModified\":\"2023-08-12T16:40:08+00:00\",\"description\":\"Traiter certains probl\u00e8mes de la peau comme l'acn\u00e9Ralentir le vieillissement de la peauFavoriser la bonne sant\u00e9 des cheveuxRenforcer le syst\u00e8me immunitaire\",\"breadcrumb\":{\"@id\":\"https:\/\/para-sanita.fidsexcellence.tn\/?product=aktiv-zinchistidinevitamine-c-30-comprimes#breadcrumb\"},\"inLanguage\":\"fr-FR\",\"potentialAction\":[{\"@type\":\"ReadAction\",\"target\":[\"https:\/\/para-sanita.fidsexcellence.tn\/?product=aktiv-zinchistidinevitamine-c-30-comprimes\"]}]},{\"@type\":\"BreadcrumbList\",\"@id\":\"https:\/\/para-sanita.fidsexcellence.tn\/?product=aktiv-zinchistidinevitamine-c-30-comprimes#breadcrumb\",\"itemListElement\":[{\"@type\":\"ListItem\",\"position\":1,\"name\":\"Accueil\",\"item\":\"https:\/\/para-sanita.fidsexcellence.tn\/\"},{\"@type\":\"ListItem\",\"position\":2,\"name\":\"Shop\",\"item\":\"https:\/\/para-sanita.fidsexcellence.tn\/?page_id=3853\"},{\"@type\":\"ListItem\",\"position\":3,\"name\":\"AKTIV ZINC+HISTIDINE+VITAMINE C, 30 Comprim\u00e9s\"}]},{\"@type\":\"WebSite\",\"@id\":\"https:\/\/para-sanita.fidsexcellence.tn\/#website\",\"url\":\"https:\/\/para-sanita.fidsexcellence.tn\/\",\"name\":\"Para-Dis\",\"description\":\"\",\"publisher\":{\"@id\":\"https:\/\/para-sanita.fidsexcellence.tn\/#organization\"},\"potentialAction\":[{\"@type\":\"SearchAction\",\"target\":{\"@type\":\"EntryPoint\",\"urlTemplate\":\"https:\/\/para-sanita.fidsexcellence.tn\/?s={search_term_string}\"},\"query-input\":\"required name=search_term_string\"}],\"inLanguage\":\"fr-FR\"},{\"@type\":\"Organization\",\"@id\":\"https:\/\/para-sanita.fidsexcellence.tn\/#organization\",\"name\":\"Para-Dis\",\"url\":\"https:\/\/para-sanita.fidsexcellence.tn\/\",\"logo\":{\"@type\":\"ImageObject\",\"inLanguage\":\"fr-FR\",\"@id\":\"https:\/\/para-sanita.fidsexcellence.tn\/#\/schema\/logo\/image\/\",\"url\":\"https:\/\/para-sanita.fidsexcellence.tn\/wp-content\/uploads\/2025\/03\/cropped-logo-1.png\",\"contentUrl\":\"https:\/\/para-sanita.fidsexcellence.tn\/wp-content\/uploads\/2025\/03\/cropped-logo-1.png\",\"width\":502,\"height\":167,\"caption\":\"Para-Dis\"},\"image\":{\"@id\":\"https:\/\/para-sanita.fidsexcellence.tn\/#\/schema\/logo\/image\/\"}}]}<\/script>\n<!-- \/ Yoast SEO plugin. -->","yoast_head_json":{"title":"AKTIV ZINC+HISTIDINE+VITAMINE C, 30 Comprim\u00e9s - Para-Dis","description":"Traiter certains probl\u00e8mes de la peau comme l'acn\u00e9Ralentir le vieillissement de la peauFavoriser la bonne sant\u00e9 des cheveuxRenforcer le syst\u00e8me immunitaire","robots":{"index":"index","follow":"follow","max-snippet":"max-snippet:-1","max-image-preview":"max-image-preview:large","max-video-preview":"max-video-preview:-1"},"canonical":"https:\/\/para-sanita.fidsexcellence.tn\/?product=aktiv-zinchistidinevitamine-c-30-comprimes","og_locale":"fr_FR","og_type":"article","og_title":"AKTIV ZINC+HISTIDINE+VITAMINE C, 30 Comprim\u00e9s - Para-Dis","og_description":"Traiter certains probl\u00e8mes de la peau comme l'acn\u00e9Ralentir le vieillissement de la peauFavoriser la bonne sant\u00e9 des cheveuxRenforcer le syst\u00e8me immunitaire","og_url":"https:\/\/para-sanita.fidsexcellence.tn\/?product=aktiv-zinchistidinevitamine-c-30-comprimes","og_site_name":"Para-Dis","article_modified_time":"2023-08-12T16:40:08+00:00","og_image":[{"width":458,"height":458,"url":"https:\/\/para-sanita.fidsexcellence.tn\/wp-content\/uploads\/2023\/08\/aktiv-zinchistidinevitamine-c-30-comprimes.jpg","type":"image\/jpeg"}],"twitter_card":"summary_large_image","twitter_misc":{"Dur\u00e9e de lecture estim\u00e9e":"1 minute"},"schema":{"@context":"https:\/\/schema.org","@graph":[{"@type":"WebPage","@id":"https:\/\/para-sanita.fidsexcellence.tn\/?product=aktiv-zinchistidinevitamine-c-30-comprimes","url":"https:\/\/para-sanita.fidsexcellence.tn\/?product=aktiv-zinchistidinevitamine-c-30-comprimes","name":"AKTIV ZINC+HISTIDINE+VITAMINE C, 30 Comprim\u00e9s - Para-Dis","isPartOf":{"@id":"https:\/\/para-sanita.fidsexcellence.tn\/#website"},"datePublished":"2023-08-11T21:45:42+00:00","dateModified":"2023-08-12T16:40:08+00:00","description":"Traiter certains probl\u00e8mes de la peau comme l'acn\u00e9Ralentir le vieillissement de la peauFavoriser la bonne sant\u00e9 des cheveuxRenforcer le syst\u00e8me immunitaire","breadcrumb":{"@id":"https:\/\/para-sanita.fidsexcellence.tn\/?product=aktiv-zinchistidinevitamine-c-30-comprimes#breadcrumb"},"inLanguage":"fr-FR","potentialAction":[{"@type":"ReadAction","target":["https:\/\/para-sanita.fidsexcellence.tn\/?product=aktiv-zinchistidinevitamine-c-30-comprimes"]}]},{"@type":"BreadcrumbList","@id":"https:\/\/para-sanita.fidsexcellence.tn\/?product=aktiv-zinchistidinevitamine-c-30-comprimes#breadcrumb","itemListElement":[{"@type":"ListItem","position":1,"name":"Accueil","item":"https:\/\/para-sanita.fidsexcellence.tn\/"},{"@type":"ListItem","position":2,"name":"Shop","item":"https:\/\/para-sanita.fidsexcellence.tn\/?page_id=3853"},{"@type":"ListItem","position":3,"name":"AKTIV ZINC+HISTIDINE+VITAMINE C, 30 Comprim\u00e9s"}]},{"@type":"WebSite","@id":"https:\/\/para-sanita.fidsexcellence.tn\/#website","url":"https:\/\/para-sanita.fidsexcellence.tn\/","name":"Para-Dis","description":"","publisher":{"@id":"https:\/\/para-sanita.fidsexcellence.tn\/#organization"},"potentialAction":[{"@type":"SearchAction","target":{"@type":"EntryPoint","urlTemplate":"https:\/\/para-sanita.fidsexcellence.tn\/?s={search_term_string}"},"query-input":"required name=search_term_string"}],"inLanguage":"fr-FR"},{"@type":"Organization","@id":"https:\/\/para-sanita.fidsexcellence.tn\/#organization","name":"Para-Dis","url":"https:\/\/para-sanita.fidsexcellence.tn\/","logo":{"@type":"ImageObject","inLanguage":"fr-FR","@id":"https:\/\/para-sanita.fidsexcellence.tn\/#\/schema\/logo\/image\/","url":"https:\/\/para-sanita.fidsexcellence.tn\/wp-content\/uploads\/2025\/03\/cropped-logo-1.png","contentUrl":"https:\/\/para-sanita.fidsexcellence.tn\/wp-content\/uploads\/2025\/03\/cropped-logo-1.png","width":502,"height":167,"caption":"Para-Dis"},"image":{"@id":"https:\/\/para-sanita.fidsexcellence.tn\/#\/schema\/logo\/image\/"}}]}},"brands":[{"id":253,"name":"Doppel Herz","slug":"doppel-herz"}],"_links":{"self":[{"href":"https:\/\/para-sanita.fidsexcellence.tn\/index.php?rest_route=\/wp\/v2\/product\/11121","targetHints":{"allow":["GET"]}}],"collection":[{"href":"https:\/\/para-sanita.fidsexcellence.tn\/index.php?rest_route=\/wp\/v2\/product"}],"about":[{"href":"https:\/\/para-sanita.fidsexcellence.tn\/index.php?rest_route=\/wp\/v2\/types\/product"}],"replies":[{"embeddable":true,"href":"https:\/\/para-sanita.fidsexcellence.tn\/index.php?rest_route=%2Fwp%2Fv2%2Fcomments&post=11121"}],"version-history":[{"count":1,"href":"https:\/\/para-sanita.fidsexcellence.tn\/index.php?rest_route=\/wp\/v2\/product\/11121\/revisions"}],"predecessor-version":[{"id":11122,"href":"https:\/\/para-sanita.fidsexcellence.tn\/index.php?rest_route=\/wp\/v2\/product\/11121\/revisions\/11122"}],"wp:featuredmedia":[{"embeddable":true,"href":"https:\/\/para-sanita.fidsexcellence.tn\/index.php?rest_route=\/wp\/v2\/media\/11120"}],"wp:attachment":[{"href":"https:\/\/para-sanita.fidsexcellence.tn\/index.php?rest_route=%2Fwp%2Fv2%2Fmedia&parent=11121"}],"wp:term":[{"taxonomy":"pwb-brand","embeddable":true,"href":"https:\/\/para-sanita.fidsexcellence.tn\/index.php?rest_route=%2Fwp%2Fv2%2Fpwb-brand&post=11121"},{"taxonomy":"product_cat","embeddable":true,"href":"https:\/\/para-sanita.fidsexcellence.tn\/index.php?rest_route=%2Fwp%2Fv2%2Fproduct_cat&post=11121"},{"taxonomy":"product_tag","embeddable":true,"href":"https:\/\/para-sanita.fidsexcellence.tn\/index.php?rest_route=%2Fwp%2Fv2%2Fproduct_tag&post=11121"}],"curies":[{"name":"wp","href":"https:\/\/api.w.org\/{rel}","templated":true}]}}