{"id":11126,"date":"2023-08-11T21:52:45","date_gmt":"2023-08-11T21:52:45","guid":{"rendered":"https:\/\/para-sanita.fidsexcellence.tn\/?product=bioxsine-tablet-40-comprimes"},"modified":"2023-08-12T16:37:03","modified_gmt":"2023-08-12T16:37:03","slug":"bioxsine-tablet-40-comprimes","status":"publish","type":"product","link":"https:\/\/para-sanita.fidsexcellence.tn\/?product=bioxsine-tablet-40-comprimes","title":{"rendered":"BIOXSINE Tablet, 40 comprim\u00e9s"},"content":{"rendered":"<p>BIOXSINE Tablet est un compl\u00e9ment alimentaire recommand\u00e9 dans les cas de chute des cheveux. Il stimule la croissance des cheveux. La chevelure sera de nouveau beaucoup plus volumineuse, plus vigoureuse et plus saine.<br \/>\nBoite de 40 comprim\u00e9s<\/p>\n","protected":false},"excerpt":{"rendered":"<p>BIOXSINE Tablet est un compl\u00e9ment alimentaire recommand\u00e9 dans les cas de chute des cheveux. Il stimule la croissance des cheveux. La chevelure sera de nouveau beaucoup plus volumineuse, plus vigoureuse et plus saine.<br \/>\nBoite de 40 comprim\u00e9s<\/p>\n","protected":false},"featured_media":11128,"comment_status":"closed","ping_status":"closed","template":"","meta":[],"pwb-brand":[251],"product_cat":[213],"product_tag":[],"class_list":{"0":"post-11126","1":"product","2":"type-product","3":"status-publish","4":"has-post-thumbnail","6":"pwb-brand-bioxsine","7":"product_cat-complement-alimentaire","9":"first","10":"instock","11":"purchasable","12":"product-type-simple"},"acf":[],"yoast_head":"<!-- This site is optimized with the Yoast SEO plugin v20.13 - https:\/\/yoast.com\/wordpress\/plugins\/seo\/ -->\n<title>BIOXSINE Tablet, 40 comprim\u00e9s - Para-Dis<\/title>\n<meta name=\"description\" content=\"BIOXSINE Tablet est un compl\u00e9ment alimentaire recommand\u00e9 dans les cas de chute des cheveux. Il stimule la croissance des cheveux. La chevelure sera de nouveau beaucoup plus volumineuse, plus vigoureuse et plus saine.Boite de 40 comprim\u00e9s\" \/>\n<meta name=\"robots\" content=\"index, follow, max-snippet:-1, max-image-preview:large, max-video-preview:-1\" \/>\n<link rel=\"canonical\" href=\"https:\/\/para-sanita.fidsexcellence.tn\/?product=bioxsine-tablet-40-comprimes\" \/>\n<meta property=\"og:locale\" content=\"fr_FR\" \/>\n<meta property=\"og:type\" content=\"article\" \/>\n<meta property=\"og:title\" content=\"BIOXSINE Tablet, 40 comprim\u00e9s - Para-Dis\" \/>\n<meta property=\"og:description\" content=\"BIOXSINE Tablet est un compl\u00e9ment alimentaire recommand\u00e9 dans les cas de chute des cheveux. Il stimule la croissance des cheveux. La chevelure sera de nouveau beaucoup plus volumineuse, plus vigoureuse et plus saine.Boite de 40 comprim\u00e9s\" \/>\n<meta property=\"og:url\" content=\"https:\/\/para-sanita.fidsexcellence.tn\/?product=bioxsine-tablet-40-comprimes\" \/>\n<meta property=\"og:site_name\" content=\"Para-Dis\" \/>\n<meta property=\"article:modified_time\" content=\"2023-08-12T16:37:03+00:00\" \/>\n<meta property=\"og:image\" content=\"https:\/\/para-sanita.fidsexcellence.tn\/wp-content\/uploads\/2023\/08\/bioxsine-tablet-40-comprimes.jpg\" \/>\n\t<meta property=\"og:image:width\" content=\"458\" \/>\n\t<meta property=\"og:image:height\" content=\"458\" \/>\n\t<meta property=\"og:image:type\" content=\"image\/jpeg\" \/>\n<meta name=\"twitter:card\" content=\"summary_large_image\" \/>\n<meta name=\"twitter:label1\" content=\"Dur\u00e9e de lecture estim\u00e9e\" \/>\n\t<meta name=\"twitter:data1\" content=\"1 minute\" \/>\n<script type=\"application\/ld+json\" class=\"yoast-schema-graph\">{\"@context\":\"https:\/\/schema.org\",\"@graph\":[{\"@type\":\"WebPage\",\"@id\":\"https:\/\/para-sanita.fidsexcellence.tn\/?product=bioxsine-tablet-40-comprimes\",\"url\":\"https:\/\/para-sanita.fidsexcellence.tn\/?product=bioxsine-tablet-40-comprimes\",\"name\":\"BIOXSINE Tablet, 40 comprim\u00e9s - Para-Dis\",\"isPartOf\":{\"@id\":\"https:\/\/para-sanita.fidsexcellence.tn\/#website\"},\"datePublished\":\"2023-08-11T21:52:45+00:00\",\"dateModified\":\"2023-08-12T16:37:03+00:00\",\"description\":\"BIOXSINE Tablet est un compl\u00e9ment alimentaire recommand\u00e9 dans les cas de chute des cheveux. Il stimule la croissance des cheveux. La chevelure sera de nouveau beaucoup plus volumineuse, plus vigoureuse et plus saine.Boite de 40 comprim\u00e9s\",\"breadcrumb\":{\"@id\":\"https:\/\/para-sanita.fidsexcellence.tn\/?product=bioxsine-tablet-40-comprimes#breadcrumb\"},\"inLanguage\":\"fr-FR\",\"potentialAction\":[{\"@type\":\"ReadAction\",\"target\":[\"https:\/\/para-sanita.fidsexcellence.tn\/?product=bioxsine-tablet-40-comprimes\"]}]},{\"@type\":\"BreadcrumbList\",\"@id\":\"https:\/\/para-sanita.fidsexcellence.tn\/?product=bioxsine-tablet-40-comprimes#breadcrumb\",\"itemListElement\":[{\"@type\":\"ListItem\",\"position\":1,\"name\":\"Accueil\",\"item\":\"https:\/\/para-sanita.fidsexcellence.tn\/\"},{\"@type\":\"ListItem\",\"position\":2,\"name\":\"Shop\",\"item\":\"https:\/\/para-sanita.fidsexcellence.tn\/?page_id=3853\"},{\"@type\":\"ListItem\",\"position\":3,\"name\":\"BIOXSINE Tablet, 40 comprim\u00e9s\"}]},{\"@type\":\"WebSite\",\"@id\":\"https:\/\/para-sanita.fidsexcellence.tn\/#website\",\"url\":\"https:\/\/para-sanita.fidsexcellence.tn\/\",\"name\":\"Para-Dis\",\"description\":\"\",\"publisher\":{\"@id\":\"https:\/\/para-sanita.fidsexcellence.tn\/#organization\"},\"potentialAction\":[{\"@type\":\"SearchAction\",\"target\":{\"@type\":\"EntryPoint\",\"urlTemplate\":\"https:\/\/para-sanita.fidsexcellence.tn\/?s={search_term_string}\"},\"query-input\":\"required name=search_term_string\"}],\"inLanguage\":\"fr-FR\"},{\"@type\":\"Organization\",\"@id\":\"https:\/\/para-sanita.fidsexcellence.tn\/#organization\",\"name\":\"Para-Dis\",\"url\":\"https:\/\/para-sanita.fidsexcellence.tn\/\",\"logo\":{\"@type\":\"ImageObject\",\"inLanguage\":\"fr-FR\",\"@id\":\"https:\/\/para-sanita.fidsexcellence.tn\/#\/schema\/logo\/image\/\",\"url\":\"https:\/\/para-sanita.fidsexcellence.tn\/wp-content\/uploads\/2025\/03\/cropped-logo-1.png\",\"contentUrl\":\"https:\/\/para-sanita.fidsexcellence.tn\/wp-content\/uploads\/2025\/03\/cropped-logo-1.png\",\"width\":502,\"height\":167,\"caption\":\"Para-Dis\"},\"image\":{\"@id\":\"https:\/\/para-sanita.fidsexcellence.tn\/#\/schema\/logo\/image\/\"}}]}<\/script>\n<!-- \/ Yoast SEO plugin. -->","yoast_head_json":{"title":"BIOXSINE Tablet, 40 comprim\u00e9s - Para-Dis","description":"BIOXSINE Tablet est un compl\u00e9ment alimentaire recommand\u00e9 dans les cas de chute des cheveux. Il stimule la croissance des cheveux. La chevelure sera de nouveau beaucoup plus volumineuse, plus vigoureuse et plus saine.Boite de 40 comprim\u00e9s","robots":{"index":"index","follow":"follow","max-snippet":"max-snippet:-1","max-image-preview":"max-image-preview:large","max-video-preview":"max-video-preview:-1"},"canonical":"https:\/\/para-sanita.fidsexcellence.tn\/?product=bioxsine-tablet-40-comprimes","og_locale":"fr_FR","og_type":"article","og_title":"BIOXSINE Tablet, 40 comprim\u00e9s - Para-Dis","og_description":"BIOXSINE Tablet est un compl\u00e9ment alimentaire recommand\u00e9 dans les cas de chute des cheveux. Il stimule la croissance des cheveux. La chevelure sera de nouveau beaucoup plus volumineuse, plus vigoureuse et plus saine.Boite de 40 comprim\u00e9s","og_url":"https:\/\/para-sanita.fidsexcellence.tn\/?product=bioxsine-tablet-40-comprimes","og_site_name":"Para-Dis","article_modified_time":"2023-08-12T16:37:03+00:00","og_image":[{"width":458,"height":458,"url":"https:\/\/para-sanita.fidsexcellence.tn\/wp-content\/uploads\/2023\/08\/bioxsine-tablet-40-comprimes.jpg","type":"image\/jpeg"}],"twitter_card":"summary_large_image","twitter_misc":{"Dur\u00e9e de lecture estim\u00e9e":"1 minute"},"schema":{"@context":"https:\/\/schema.org","@graph":[{"@type":"WebPage","@id":"https:\/\/para-sanita.fidsexcellence.tn\/?product=bioxsine-tablet-40-comprimes","url":"https:\/\/para-sanita.fidsexcellence.tn\/?product=bioxsine-tablet-40-comprimes","name":"BIOXSINE Tablet, 40 comprim\u00e9s - Para-Dis","isPartOf":{"@id":"https:\/\/para-sanita.fidsexcellence.tn\/#website"},"datePublished":"2023-08-11T21:52:45+00:00","dateModified":"2023-08-12T16:37:03+00:00","description":"BIOXSINE Tablet est un compl\u00e9ment alimentaire recommand\u00e9 dans les cas de chute des cheveux. Il stimule la croissance des cheveux. La chevelure sera de nouveau beaucoup plus volumineuse, plus vigoureuse et plus saine.Boite de 40 comprim\u00e9s","breadcrumb":{"@id":"https:\/\/para-sanita.fidsexcellence.tn\/?product=bioxsine-tablet-40-comprimes#breadcrumb"},"inLanguage":"fr-FR","potentialAction":[{"@type":"ReadAction","target":["https:\/\/para-sanita.fidsexcellence.tn\/?product=bioxsine-tablet-40-comprimes"]}]},{"@type":"BreadcrumbList","@id":"https:\/\/para-sanita.fidsexcellence.tn\/?product=bioxsine-tablet-40-comprimes#breadcrumb","itemListElement":[{"@type":"ListItem","position":1,"name":"Accueil","item":"https:\/\/para-sanita.fidsexcellence.tn\/"},{"@type":"ListItem","position":2,"name":"Shop","item":"https:\/\/para-sanita.fidsexcellence.tn\/?page_id=3853"},{"@type":"ListItem","position":3,"name":"BIOXSINE Tablet, 40 comprim\u00e9s"}]},{"@type":"WebSite","@id":"https:\/\/para-sanita.fidsexcellence.tn\/#website","url":"https:\/\/para-sanita.fidsexcellence.tn\/","name":"Para-Dis","description":"","publisher":{"@id":"https:\/\/para-sanita.fidsexcellence.tn\/#organization"},"potentialAction":[{"@type":"SearchAction","target":{"@type":"EntryPoint","urlTemplate":"https:\/\/para-sanita.fidsexcellence.tn\/?s={search_term_string}"},"query-input":"required name=search_term_string"}],"inLanguage":"fr-FR"},{"@type":"Organization","@id":"https:\/\/para-sanita.fidsexcellence.tn\/#organization","name":"Para-Dis","url":"https:\/\/para-sanita.fidsexcellence.tn\/","logo":{"@type":"ImageObject","inLanguage":"fr-FR","@id":"https:\/\/para-sanita.fidsexcellence.tn\/#\/schema\/logo\/image\/","url":"https:\/\/para-sanita.fidsexcellence.tn\/wp-content\/uploads\/2025\/03\/cropped-logo-1.png","contentUrl":"https:\/\/para-sanita.fidsexcellence.tn\/wp-content\/uploads\/2025\/03\/cropped-logo-1.png","width":502,"height":167,"caption":"Para-Dis"},"image":{"@id":"https:\/\/para-sanita.fidsexcellence.tn\/#\/schema\/logo\/image\/"}}]}},"brands":[{"id":251,"name":"Bioxsine","slug":"bioxsine"}],"_links":{"self":[{"href":"https:\/\/para-sanita.fidsexcellence.tn\/index.php?rest_route=\/wp\/v2\/product\/11126","targetHints":{"allow":["GET"]}}],"collection":[{"href":"https:\/\/para-sanita.fidsexcellence.tn\/index.php?rest_route=\/wp\/v2\/product"}],"about":[{"href":"https:\/\/para-sanita.fidsexcellence.tn\/index.php?rest_route=\/wp\/v2\/types\/product"}],"replies":[{"embeddable":true,"href":"https:\/\/para-sanita.fidsexcellence.tn\/index.php?rest_route=%2Fwp%2Fv2%2Fcomments&post=11126"}],"version-history":[{"count":2,"href":"https:\/\/para-sanita.fidsexcellence.tn\/index.php?rest_route=\/wp\/v2\/product\/11126\/revisions"}],"predecessor-version":[{"id":11290,"href":"https:\/\/para-sanita.fidsexcellence.tn\/index.php?rest_route=\/wp\/v2\/product\/11126\/revisions\/11290"}],"wp:featuredmedia":[{"embeddable":true,"href":"https:\/\/para-sanita.fidsexcellence.tn\/index.php?rest_route=\/wp\/v2\/media\/11128"}],"wp:attachment":[{"href":"https:\/\/para-sanita.fidsexcellence.tn\/index.php?rest_route=%2Fwp%2Fv2%2Fmedia&parent=11126"}],"wp:term":[{"taxonomy":"pwb-brand","embeddable":true,"href":"https:\/\/para-sanita.fidsexcellence.tn\/index.php?rest_route=%2Fwp%2Fv2%2Fpwb-brand&post=11126"},{"taxonomy":"product_cat","embeddable":true,"href":"https:\/\/para-sanita.fidsexcellence.tn\/index.php?rest_route=%2Fwp%2Fv2%2Fproduct_cat&post=11126"},{"taxonomy":"product_tag","embeddable":true,"href":"https:\/\/para-sanita.fidsexcellence.tn\/index.php?rest_route=%2Fwp%2Fv2%2Fproduct_tag&post=11126"}],"curies":[{"name":"wp","href":"https:\/\/api.w.org\/{rel}","templated":true}]}}