{"id":11129,"date":"2023-08-11T22:04:58","date_gmt":"2023-08-11T22:04:58","guid":{"rendered":"https:\/\/para-sanita.fidsexcellence.tn\/?product=alvityl-vitalite-a-avaler-des-6ans-40-comprimes"},"modified":"2023-08-12T16:35:39","modified_gmt":"2023-08-12T16:35:39","slug":"alvityl-vitalite-a-avaler-des-6ans-40-comprimes","status":"publish","type":"product","link":"https:\/\/para-sanita.fidsexcellence.tn\/?product=alvityl-vitalite-a-avaler-des-6ans-40-comprimes","title":{"rendered":"Alvityl Vitalit\u00e9 \u00e0 Avaler D\u00e8s 6ans, 40 Comprim\u00e9s"},"content":{"rendered":"<p>Alvityl\u00ae Vitalit\u00e9 \u00e0 avaler est une association compl\u00e8te de 12 vitamines et 8 min\u00e9raux afin de couvrir 100% des apports de toute la famille d\u00e8s 6 ans. Les comprim\u00e9s saveur chocolat permettent de faciliter la prise des plus jeunes et des adultes. Le format de 90 comprim\u00e9s est \u00e9galement disponible pour satisfaire toute la famille.<br \/>\nSa formule associe 12 vitamines et 8 min\u00e9raux sp\u00e9cialement dos\u00e9s pour couvrir 100% des valeurs nutritionnelles de r\u00e9f\u00e9rences pour :<br \/>\nAssurer \u00e0 l\u2019organisme forme et vitalit\u00e9 physique gr\u00e2ce aux vitamines B3, B6, B9 et C, au fer et au magn\u00e9sium qui aident \u00e0 r\u00e9duire la fatigue<br \/>\nParticiper \u00e0 la croissance osseuse gr\u00e2ce \u00e0 la vitamine D<br \/>\nSon comprim\u00e9 est petit et facile \u00e0 avaler.<br \/>\nSa formule de 12 vitamines et 8 min\u00e9raux est sans iode.<br \/>\nComment utiliser Alvityl\u00ae Vitalit\u00e9 \u2013 \u00e0 avaler ?<br \/>\nEnfants \u00e0 partir de 6 ans, adolescents, adultes : 1 comprim\u00e9 par jour \u00e0 avaler avec un grand verre d\u2019eau.<br \/>\nNe pas croquer.<br \/>\nNe pas d\u00e9passer la dose journali\u00e8re recommand\u00e9e.<br \/>\nA utiliser dans le cadre d\u2019une alimentation \u00e9quilibr\u00e9e et un mode de vie sain.<br \/>\nPrise de 3 semaines conseill\u00e9e. A renouveler si n\u00e9cessaire. A prendre en toute saison.<br \/>\n1 bo\u00eete = 40 jours<\/p>\n","protected":false},"excerpt":{"rendered":"<p>Alvityl\u00ae Vitalit\u00e9 \u00e0 avaler est une association compl\u00e8te de 12 vitamines et 8 min\u00e9raux afin de couvrir 100% des apports de toute la famille d\u00e8s 6 ans. Les comprim\u00e9s saveur chocolat permettent de faciliter la prise des plus jeunes et des adultes. Le format de 90 comprim\u00e9s est \u00e9galement disponible pour satisfaire toute la famille.<br \/>\nSa formule associe 12 vitamines et 8 min\u00e9raux sp\u00e9cialement dos\u00e9s pour couvrir 100% des valeurs nutritionnelles de r\u00e9f\u00e9rences pour :<br \/>\nAssurer \u00e0 l\u2019organisme forme et vitalit\u00e9 physique gr\u00e2ce aux vitamines B3, B6, B9 et C, au fer et au magn\u00e9sium qui aident \u00e0 r\u00e9duire la fatigue<br \/>\nParticiper \u00e0 la croissance osseuse gr\u00e2ce \u00e0 la vitamine D<br \/>\nSon comprim\u00e9 est petit et facile \u00e0 avaler.<br \/>\nSa formule de 12 vitamines et 8 min\u00e9raux est sans iode.<br \/>\nComment utiliser Alvityl\u00ae Vitalit\u00e9 \u2013 \u00e0 avaler ?<br \/>\nEnfants \u00e0 partir de 6 ans, adolescents, adultes : 1 comprim\u00e9 par jour \u00e0 avaler avec un grand verre d\u2019eau.<br \/>\nNe pas croquer.<br \/>\nNe pas d\u00e9passer la dose journali\u00e8re recommand\u00e9e.<br \/>\nA utiliser dans le cadre d\u2019une alimentation \u00e9quilibr\u00e9e et un mode de vie sain.<br \/>\nPrise de 3 semaines conseill\u00e9e. A renouveler si n\u00e9cessaire. A prendre en toute saison.<br \/>\n1 bo\u00eete = 40 jours<\/p>\n","protected":false},"featured_media":11131,"comment_status":"closed","ping_status":"closed","template":"","meta":[],"pwb-brand":[250],"product_cat":[213,215],"product_tag":[],"class_list":{"0":"post-11129","1":"product","2":"type-product","3":"status-publish","4":"has-post-thumbnail","6":"pwb-brand-alvityl","7":"product_cat-complement-alimentaire","8":"product_cat-forme-et-vitalite","10":"first","11":"instock","12":"purchasable","13":"product-type-simple"},"acf":[],"yoast_head":"<!-- This site is optimized with the Yoast SEO plugin v20.13 - https:\/\/yoast.com\/wordpress\/plugins\/seo\/ -->\n<title>Alvityl Vitalit\u00e9 \u00e0 Avaler D\u00e8s 6ans, 40 Comprim\u00e9s - Para-Dis<\/title>\n<meta name=\"description\" content=\"Alvityl Vitalit\u00e9 \u00e0 Avaler D\u00e8s 6ans, 40 Comprim\u00e9s\" \/>\n<meta name=\"robots\" content=\"index, follow, max-snippet:-1, max-image-preview:large, max-video-preview:-1\" \/>\n<link rel=\"canonical\" href=\"https:\/\/para-sanita.fidsexcellence.tn\/?product=alvityl-vitalite-a-avaler-des-6ans-40-comprimes\" \/>\n<meta property=\"og:locale\" content=\"fr_FR\" \/>\n<meta property=\"og:type\" content=\"article\" \/>\n<meta property=\"og:title\" content=\"Alvityl Vitalit\u00e9 \u00e0 Avaler D\u00e8s 6ans, 40 Comprim\u00e9s - Para-Dis\" \/>\n<meta property=\"og:description\" content=\"Alvityl Vitalit\u00e9 \u00e0 Avaler D\u00e8s 6ans, 40 Comprim\u00e9s\" \/>\n<meta property=\"og:url\" content=\"https:\/\/para-sanita.fidsexcellence.tn\/?product=alvityl-vitalite-a-avaler-des-6ans-40-comprimes\" \/>\n<meta property=\"og:site_name\" content=\"Para-Dis\" \/>\n<meta property=\"article:modified_time\" content=\"2023-08-12T16:35:39+00:00\" \/>\n<meta property=\"og:image\" content=\"https:\/\/para-sanita.fidsexcellence.tn\/wp-content\/uploads\/2023\/08\/loramel-pack-cheveux-19.jpg\" \/>\n\t<meta property=\"og:image:width\" content=\"800\" \/>\n\t<meta property=\"og:image:height\" content=\"800\" \/>\n\t<meta property=\"og:image:type\" content=\"image\/jpeg\" \/>\n<meta name=\"twitter:card\" content=\"summary_large_image\" \/>\n<meta name=\"twitter:label1\" content=\"Dur\u00e9e de lecture estim\u00e9e\" \/>\n\t<meta name=\"twitter:data1\" content=\"2 minutes\" \/>\n<script type=\"application\/ld+json\" class=\"yoast-schema-graph\">{\"@context\":\"https:\/\/schema.org\",\"@graph\":[{\"@type\":\"WebPage\",\"@id\":\"https:\/\/para-sanita.fidsexcellence.tn\/?product=alvityl-vitalite-a-avaler-des-6ans-40-comprimes\",\"url\":\"https:\/\/para-sanita.fidsexcellence.tn\/?product=alvityl-vitalite-a-avaler-des-6ans-40-comprimes\",\"name\":\"Alvityl Vitalit\u00e9 \u00e0 Avaler D\u00e8s 6ans, 40 Comprim\u00e9s - Para-Dis\",\"isPartOf\":{\"@id\":\"https:\/\/para-sanita.fidsexcellence.tn\/#website\"},\"datePublished\":\"2023-08-11T22:04:58+00:00\",\"dateModified\":\"2023-08-12T16:35:39+00:00\",\"description\":\"Alvityl Vitalit\u00e9 \u00e0 Avaler D\u00e8s 6ans, 40 Comprim\u00e9s\",\"breadcrumb\":{\"@id\":\"https:\/\/para-sanita.fidsexcellence.tn\/?product=alvityl-vitalite-a-avaler-des-6ans-40-comprimes#breadcrumb\"},\"inLanguage\":\"fr-FR\",\"potentialAction\":[{\"@type\":\"ReadAction\",\"target\":[\"https:\/\/para-sanita.fidsexcellence.tn\/?product=alvityl-vitalite-a-avaler-des-6ans-40-comprimes\"]}]},{\"@type\":\"BreadcrumbList\",\"@id\":\"https:\/\/para-sanita.fidsexcellence.tn\/?product=alvityl-vitalite-a-avaler-des-6ans-40-comprimes#breadcrumb\",\"itemListElement\":[{\"@type\":\"ListItem\",\"position\":1,\"name\":\"Accueil\",\"item\":\"https:\/\/para-sanita.fidsexcellence.tn\/\"},{\"@type\":\"ListItem\",\"position\":2,\"name\":\"Shop\",\"item\":\"https:\/\/para-sanita.fidsexcellence.tn\/?page_id=3853\"},{\"@type\":\"ListItem\",\"position\":3,\"name\":\"Alvityl Vitalit\u00e9 \u00e0 Avaler D\u00e8s 6ans, 40 Comprim\u00e9s\"}]},{\"@type\":\"WebSite\",\"@id\":\"https:\/\/para-sanita.fidsexcellence.tn\/#website\",\"url\":\"https:\/\/para-sanita.fidsexcellence.tn\/\",\"name\":\"Para-Dis\",\"description\":\"\",\"publisher\":{\"@id\":\"https:\/\/para-sanita.fidsexcellence.tn\/#organization\"},\"potentialAction\":[{\"@type\":\"SearchAction\",\"target\":{\"@type\":\"EntryPoint\",\"urlTemplate\":\"https:\/\/para-sanita.fidsexcellence.tn\/?s={search_term_string}\"},\"query-input\":\"required name=search_term_string\"}],\"inLanguage\":\"fr-FR\"},{\"@type\":\"Organization\",\"@id\":\"https:\/\/para-sanita.fidsexcellence.tn\/#organization\",\"name\":\"Para-Dis\",\"url\":\"https:\/\/para-sanita.fidsexcellence.tn\/\",\"logo\":{\"@type\":\"ImageObject\",\"inLanguage\":\"fr-FR\",\"@id\":\"https:\/\/para-sanita.fidsexcellence.tn\/#\/schema\/logo\/image\/\",\"url\":\"https:\/\/para-sanita.fidsexcellence.tn\/wp-content\/uploads\/2025\/03\/cropped-logo-1.png\",\"contentUrl\":\"https:\/\/para-sanita.fidsexcellence.tn\/wp-content\/uploads\/2025\/03\/cropped-logo-1.png\",\"width\":502,\"height\":167,\"caption\":\"Para-Dis\"},\"image\":{\"@id\":\"https:\/\/para-sanita.fidsexcellence.tn\/#\/schema\/logo\/image\/\"}}]}<\/script>\n<!-- \/ Yoast SEO plugin. -->","yoast_head_json":{"title":"Alvityl Vitalit\u00e9 \u00e0 Avaler D\u00e8s 6ans, 40 Comprim\u00e9s - Para-Dis","description":"Alvityl Vitalit\u00e9 \u00e0 Avaler D\u00e8s 6ans, 40 Comprim\u00e9s","robots":{"index":"index","follow":"follow","max-snippet":"max-snippet:-1","max-image-preview":"max-image-preview:large","max-video-preview":"max-video-preview:-1"},"canonical":"https:\/\/para-sanita.fidsexcellence.tn\/?product=alvityl-vitalite-a-avaler-des-6ans-40-comprimes","og_locale":"fr_FR","og_type":"article","og_title":"Alvityl Vitalit\u00e9 \u00e0 Avaler D\u00e8s 6ans, 40 Comprim\u00e9s - Para-Dis","og_description":"Alvityl Vitalit\u00e9 \u00e0 Avaler D\u00e8s 6ans, 40 Comprim\u00e9s","og_url":"https:\/\/para-sanita.fidsexcellence.tn\/?product=alvityl-vitalite-a-avaler-des-6ans-40-comprimes","og_site_name":"Para-Dis","article_modified_time":"2023-08-12T16:35:39+00:00","og_image":[{"width":800,"height":800,"url":"https:\/\/para-sanita.fidsexcellence.tn\/wp-content\/uploads\/2023\/08\/loramel-pack-cheveux-19.jpg","type":"image\/jpeg"}],"twitter_card":"summary_large_image","twitter_misc":{"Dur\u00e9e de lecture estim\u00e9e":"2 minutes"},"schema":{"@context":"https:\/\/schema.org","@graph":[{"@type":"WebPage","@id":"https:\/\/para-sanita.fidsexcellence.tn\/?product=alvityl-vitalite-a-avaler-des-6ans-40-comprimes","url":"https:\/\/para-sanita.fidsexcellence.tn\/?product=alvityl-vitalite-a-avaler-des-6ans-40-comprimes","name":"Alvityl Vitalit\u00e9 \u00e0 Avaler D\u00e8s 6ans, 40 Comprim\u00e9s - Para-Dis","isPartOf":{"@id":"https:\/\/para-sanita.fidsexcellence.tn\/#website"},"datePublished":"2023-08-11T22:04:58+00:00","dateModified":"2023-08-12T16:35:39+00:00","description":"Alvityl Vitalit\u00e9 \u00e0 Avaler D\u00e8s 6ans, 40 Comprim\u00e9s","breadcrumb":{"@id":"https:\/\/para-sanita.fidsexcellence.tn\/?product=alvityl-vitalite-a-avaler-des-6ans-40-comprimes#breadcrumb"},"inLanguage":"fr-FR","potentialAction":[{"@type":"ReadAction","target":["https:\/\/para-sanita.fidsexcellence.tn\/?product=alvityl-vitalite-a-avaler-des-6ans-40-comprimes"]}]},{"@type":"BreadcrumbList","@id":"https:\/\/para-sanita.fidsexcellence.tn\/?product=alvityl-vitalite-a-avaler-des-6ans-40-comprimes#breadcrumb","itemListElement":[{"@type":"ListItem","position":1,"name":"Accueil","item":"https:\/\/para-sanita.fidsexcellence.tn\/"},{"@type":"ListItem","position":2,"name":"Shop","item":"https:\/\/para-sanita.fidsexcellence.tn\/?page_id=3853"},{"@type":"ListItem","position":3,"name":"Alvityl Vitalit\u00e9 \u00e0 Avaler D\u00e8s 6ans, 40 Comprim\u00e9s"}]},{"@type":"WebSite","@id":"https:\/\/para-sanita.fidsexcellence.tn\/#website","url":"https:\/\/para-sanita.fidsexcellence.tn\/","name":"Para-Dis","description":"","publisher":{"@id":"https:\/\/para-sanita.fidsexcellence.tn\/#organization"},"potentialAction":[{"@type":"SearchAction","target":{"@type":"EntryPoint","urlTemplate":"https:\/\/para-sanita.fidsexcellence.tn\/?s={search_term_string}"},"query-input":"required name=search_term_string"}],"inLanguage":"fr-FR"},{"@type":"Organization","@id":"https:\/\/para-sanita.fidsexcellence.tn\/#organization","name":"Para-Dis","url":"https:\/\/para-sanita.fidsexcellence.tn\/","logo":{"@type":"ImageObject","inLanguage":"fr-FR","@id":"https:\/\/para-sanita.fidsexcellence.tn\/#\/schema\/logo\/image\/","url":"https:\/\/para-sanita.fidsexcellence.tn\/wp-content\/uploads\/2025\/03\/cropped-logo-1.png","contentUrl":"https:\/\/para-sanita.fidsexcellence.tn\/wp-content\/uploads\/2025\/03\/cropped-logo-1.png","width":502,"height":167,"caption":"Para-Dis"},"image":{"@id":"https:\/\/para-sanita.fidsexcellence.tn\/#\/schema\/logo\/image\/"}}]}},"brands":[{"id":250,"name":"Alvityl","slug":"alvityl"}],"_links":{"self":[{"href":"https:\/\/para-sanita.fidsexcellence.tn\/index.php?rest_route=\/wp\/v2\/product\/11129","targetHints":{"allow":["GET"]}}],"collection":[{"href":"https:\/\/para-sanita.fidsexcellence.tn\/index.php?rest_route=\/wp\/v2\/product"}],"about":[{"href":"https:\/\/para-sanita.fidsexcellence.tn\/index.php?rest_route=\/wp\/v2\/types\/product"}],"replies":[{"embeddable":true,"href":"https:\/\/para-sanita.fidsexcellence.tn\/index.php?rest_route=%2Fwp%2Fv2%2Fcomments&post=11129"}],"version-history":[{"count":1,"href":"https:\/\/para-sanita.fidsexcellence.tn\/index.php?rest_route=\/wp\/v2\/product\/11129\/revisions"}],"predecessor-version":[{"id":11130,"href":"https:\/\/para-sanita.fidsexcellence.tn\/index.php?rest_route=\/wp\/v2\/product\/11129\/revisions\/11130"}],"wp:featuredmedia":[{"embeddable":true,"href":"https:\/\/para-sanita.fidsexcellence.tn\/index.php?rest_route=\/wp\/v2\/media\/11131"}],"wp:attachment":[{"href":"https:\/\/para-sanita.fidsexcellence.tn\/index.php?rest_route=%2Fwp%2Fv2%2Fmedia&parent=11129"}],"wp:term":[{"taxonomy":"pwb-brand","embeddable":true,"href":"https:\/\/para-sanita.fidsexcellence.tn\/index.php?rest_route=%2Fwp%2Fv2%2Fpwb-brand&post=11129"},{"taxonomy":"product_cat","embeddable":true,"href":"https:\/\/para-sanita.fidsexcellence.tn\/index.php?rest_route=%2Fwp%2Fv2%2Fproduct_cat&post=11129"},{"taxonomy":"product_tag","embeddable":true,"href":"https:\/\/para-sanita.fidsexcellence.tn\/index.php?rest_route=%2Fwp%2Fv2%2Fproduct_tag&post=11129"}],"curies":[{"name":"wp","href":"https:\/\/api.w.org\/{rel}","templated":true}]}}