{"id":11132,"date":"2023-08-11T22:06:14","date_gmt":"2023-08-11T22:06:14","guid":{"rendered":"https:\/\/para-sanita.fidsexcellence.tn\/?product=vital-fersang-60-gelules"},"modified":"2023-08-12T16:34:06","modified_gmt":"2023-08-12T16:34:06","slug":"vital-fersang-60-gelules","status":"publish","type":"product","link":"https:\/\/para-sanita.fidsexcellence.tn\/?product=vital-fersang-60-gelules","title":{"rendered":"VITAL FERSANG, 60 g\u00e9lules"},"content":{"rendered":"<p>Compl\u00e9ment alimentaire &#8211; fortifie le sang et pr\u00e9vient les carences en fer<br \/>\nContenance : 60 g\u00e9lules<\/p>\n<p>Fersang est un compl\u00e9ment alimentaire qui apporte \u00e0 l\u2019organisme les \u00e9l\u00e9ments essentiels pour la formation des globules rouges.<\/p>\n<p class=\"tab-title\"><strong>Indication :<\/strong><\/p>\n<div class=\"tab-content\">\n<p>Pallier les carences en fer<\/p>\n<\/div>\n<div class=\"tab\">\n<p class=\"tab-title\"><strong>Composition :<\/strong><\/p>\n<div class=\"tab-content\">G\u00e9lule : Fer, Vitamines B6, B9, B12, C et Spiruline<br \/>\nSirop : Fer, Vitamines B1, B2, B5, B6, B8, B9, B12, A, C, S\u00e9l\u00e9nium, Spiruline<\/div>\n<\/div>\n","protected":false},"excerpt":{"rendered":"<p>Compl\u00e9ment alimentaire &#8211; fortifie le sang et pr\u00e9vient les carences en fer<br \/>\nContenance : 60 g\u00e9lules<\/p>\n<p>Fersang est un compl\u00e9ment alimentaire qui apporte \u00e0 l\u2019organisme les \u00e9l\u00e9ments essentiels pour la formation des globules rouges.<\/p>\n<p class=\"tab-title\"><strong>Indication :<\/strong><\/p>\n<div class=\"tab-content\">\n<p>Pallier les carences en fer<\/p>\n<\/div>\n<div class=\"tab\">\n<p class=\"tab-title\"><strong>Composition :<\/strong><\/p>\n<div class=\"tab-content\">G\u00e9lule : Fer, Vitamines B6, B9, B12, C et Spiruline<br \/>\nSirop : Fer, Vitamines B1, B2, B5, B6, B8, B9, B12, A, C, S\u00e9l\u00e9nium, Spiruline<\/div>\n<\/div>\n","protected":false},"featured_media":11134,"comment_status":"closed","ping_status":"closed","template":"","meta":[],"pwb-brand":[249],"product_cat":[213,215],"product_tag":[],"class_list":{"0":"post-11132","1":"product","2":"type-product","3":"status-publish","4":"has-post-thumbnail","6":"pwb-brand-vital","7":"product_cat-complement-alimentaire","8":"product_cat-forme-et-vitalite","10":"first","11":"instock","12":"purchasable","13":"product-type-simple"},"acf":[],"yoast_head":"<!-- This site is optimized with the Yoast SEO plugin v20.13 - https:\/\/yoast.com\/wordpress\/plugins\/seo\/ -->\n<title>VITAL FERSANG, 60 g\u00e9lules - Para-Dis<\/title>\n<meta name=\"description\" content=\"Compl\u00e9ment alimentaire - fortifie le sang et pr\u00e9vient les carences en ferContenance : 60 g\u00e9lules\" \/>\n<meta name=\"robots\" content=\"index, follow, max-snippet:-1, max-image-preview:large, max-video-preview:-1\" \/>\n<link rel=\"canonical\" href=\"https:\/\/para-sanita.fidsexcellence.tn\/?product=vital-fersang-60-gelules\" \/>\n<meta property=\"og:locale\" content=\"fr_FR\" \/>\n<meta property=\"og:type\" content=\"article\" \/>\n<meta property=\"og:title\" content=\"VITAL FERSANG, 60 g\u00e9lules - Para-Dis\" \/>\n<meta property=\"og:description\" content=\"Compl\u00e9ment alimentaire - fortifie le sang et pr\u00e9vient les carences en ferContenance : 60 g\u00e9lules\" \/>\n<meta property=\"og:url\" content=\"https:\/\/para-sanita.fidsexcellence.tn\/?product=vital-fersang-60-gelules\" \/>\n<meta property=\"og:site_name\" content=\"Para-Dis\" \/>\n<meta property=\"article:modified_time\" content=\"2023-08-12T16:34:06+00:00\" \/>\n<meta property=\"og:image\" content=\"https:\/\/para-sanita.fidsexcellence.tn\/wp-content\/uploads\/2023\/08\/nuk-biberon-first-choice-en-silicone-0-6-mois-300ml-4008600381648-54.jpg\" \/>\n\t<meta property=\"og:image:width\" content=\"800\" \/>\n\t<meta property=\"og:image:height\" content=\"800\" \/>\n\t<meta property=\"og:image:type\" content=\"image\/jpeg\" \/>\n<meta name=\"twitter:card\" content=\"summary_large_image\" \/>\n<meta name=\"twitter:label1\" content=\"Dur\u00e9e de lecture estim\u00e9e\" \/>\n\t<meta name=\"twitter:data1\" content=\"1 minute\" \/>\n<script type=\"application\/ld+json\" class=\"yoast-schema-graph\">{\"@context\":\"https:\/\/schema.org\",\"@graph\":[{\"@type\":\"WebPage\",\"@id\":\"https:\/\/para-sanita.fidsexcellence.tn\/?product=vital-fersang-60-gelules\",\"url\":\"https:\/\/para-sanita.fidsexcellence.tn\/?product=vital-fersang-60-gelules\",\"name\":\"VITAL FERSANG, 60 g\u00e9lules - Para-Dis\",\"isPartOf\":{\"@id\":\"https:\/\/para-sanita.fidsexcellence.tn\/#website\"},\"datePublished\":\"2023-08-11T22:06:14+00:00\",\"dateModified\":\"2023-08-12T16:34:06+00:00\",\"description\":\"Compl\u00e9ment alimentaire - fortifie le sang et pr\u00e9vient les carences en ferContenance : 60 g\u00e9lules\",\"breadcrumb\":{\"@id\":\"https:\/\/para-sanita.fidsexcellence.tn\/?product=vital-fersang-60-gelules#breadcrumb\"},\"inLanguage\":\"fr-FR\",\"potentialAction\":[{\"@type\":\"ReadAction\",\"target\":[\"https:\/\/para-sanita.fidsexcellence.tn\/?product=vital-fersang-60-gelules\"]}]},{\"@type\":\"BreadcrumbList\",\"@id\":\"https:\/\/para-sanita.fidsexcellence.tn\/?product=vital-fersang-60-gelules#breadcrumb\",\"itemListElement\":[{\"@type\":\"ListItem\",\"position\":1,\"name\":\"Accueil\",\"item\":\"https:\/\/para-sanita.fidsexcellence.tn\/\"},{\"@type\":\"ListItem\",\"position\":2,\"name\":\"Shop\",\"item\":\"https:\/\/para-sanita.fidsexcellence.tn\/?page_id=3853\"},{\"@type\":\"ListItem\",\"position\":3,\"name\":\"VITAL FERSANG, 60 g\u00e9lules\"}]},{\"@type\":\"WebSite\",\"@id\":\"https:\/\/para-sanita.fidsexcellence.tn\/#website\",\"url\":\"https:\/\/para-sanita.fidsexcellence.tn\/\",\"name\":\"Para-Dis\",\"description\":\"\",\"publisher\":{\"@id\":\"https:\/\/para-sanita.fidsexcellence.tn\/#organization\"},\"potentialAction\":[{\"@type\":\"SearchAction\",\"target\":{\"@type\":\"EntryPoint\",\"urlTemplate\":\"https:\/\/para-sanita.fidsexcellence.tn\/?s={search_term_string}\"},\"query-input\":\"required name=search_term_string\"}],\"inLanguage\":\"fr-FR\"},{\"@type\":\"Organization\",\"@id\":\"https:\/\/para-sanita.fidsexcellence.tn\/#organization\",\"name\":\"Para-Dis\",\"url\":\"https:\/\/para-sanita.fidsexcellence.tn\/\",\"logo\":{\"@type\":\"ImageObject\",\"inLanguage\":\"fr-FR\",\"@id\":\"https:\/\/para-sanita.fidsexcellence.tn\/#\/schema\/logo\/image\/\",\"url\":\"https:\/\/para-sanita.fidsexcellence.tn\/wp-content\/uploads\/2025\/03\/cropped-logo-1.png\",\"contentUrl\":\"https:\/\/para-sanita.fidsexcellence.tn\/wp-content\/uploads\/2025\/03\/cropped-logo-1.png\",\"width\":502,\"height\":167,\"caption\":\"Para-Dis\"},\"image\":{\"@id\":\"https:\/\/para-sanita.fidsexcellence.tn\/#\/schema\/logo\/image\/\"}}]}<\/script>\n<!-- \/ Yoast SEO plugin. -->","yoast_head_json":{"title":"VITAL FERSANG, 60 g\u00e9lules - Para-Dis","description":"Compl\u00e9ment alimentaire - fortifie le sang et pr\u00e9vient les carences en ferContenance : 60 g\u00e9lules","robots":{"index":"index","follow":"follow","max-snippet":"max-snippet:-1","max-image-preview":"max-image-preview:large","max-video-preview":"max-video-preview:-1"},"canonical":"https:\/\/para-sanita.fidsexcellence.tn\/?product=vital-fersang-60-gelules","og_locale":"fr_FR","og_type":"article","og_title":"VITAL FERSANG, 60 g\u00e9lules - Para-Dis","og_description":"Compl\u00e9ment alimentaire - fortifie le sang et pr\u00e9vient les carences en ferContenance : 60 g\u00e9lules","og_url":"https:\/\/para-sanita.fidsexcellence.tn\/?product=vital-fersang-60-gelules","og_site_name":"Para-Dis","article_modified_time":"2023-08-12T16:34:06+00:00","og_image":[{"width":800,"height":800,"url":"https:\/\/para-sanita.fidsexcellence.tn\/wp-content\/uploads\/2023\/08\/nuk-biberon-first-choice-en-silicone-0-6-mois-300ml-4008600381648-54.jpg","type":"image\/jpeg"}],"twitter_card":"summary_large_image","twitter_misc":{"Dur\u00e9e de lecture estim\u00e9e":"1 minute"},"schema":{"@context":"https:\/\/schema.org","@graph":[{"@type":"WebPage","@id":"https:\/\/para-sanita.fidsexcellence.tn\/?product=vital-fersang-60-gelules","url":"https:\/\/para-sanita.fidsexcellence.tn\/?product=vital-fersang-60-gelules","name":"VITAL FERSANG, 60 g\u00e9lules - Para-Dis","isPartOf":{"@id":"https:\/\/para-sanita.fidsexcellence.tn\/#website"},"datePublished":"2023-08-11T22:06:14+00:00","dateModified":"2023-08-12T16:34:06+00:00","description":"Compl\u00e9ment alimentaire - fortifie le sang et pr\u00e9vient les carences en ferContenance : 60 g\u00e9lules","breadcrumb":{"@id":"https:\/\/para-sanita.fidsexcellence.tn\/?product=vital-fersang-60-gelules#breadcrumb"},"inLanguage":"fr-FR","potentialAction":[{"@type":"ReadAction","target":["https:\/\/para-sanita.fidsexcellence.tn\/?product=vital-fersang-60-gelules"]}]},{"@type":"BreadcrumbList","@id":"https:\/\/para-sanita.fidsexcellence.tn\/?product=vital-fersang-60-gelules#breadcrumb","itemListElement":[{"@type":"ListItem","position":1,"name":"Accueil","item":"https:\/\/para-sanita.fidsexcellence.tn\/"},{"@type":"ListItem","position":2,"name":"Shop","item":"https:\/\/para-sanita.fidsexcellence.tn\/?page_id=3853"},{"@type":"ListItem","position":3,"name":"VITAL FERSANG, 60 g\u00e9lules"}]},{"@type":"WebSite","@id":"https:\/\/para-sanita.fidsexcellence.tn\/#website","url":"https:\/\/para-sanita.fidsexcellence.tn\/","name":"Para-Dis","description":"","publisher":{"@id":"https:\/\/para-sanita.fidsexcellence.tn\/#organization"},"potentialAction":[{"@type":"SearchAction","target":{"@type":"EntryPoint","urlTemplate":"https:\/\/para-sanita.fidsexcellence.tn\/?s={search_term_string}"},"query-input":"required name=search_term_string"}],"inLanguage":"fr-FR"},{"@type":"Organization","@id":"https:\/\/para-sanita.fidsexcellence.tn\/#organization","name":"Para-Dis","url":"https:\/\/para-sanita.fidsexcellence.tn\/","logo":{"@type":"ImageObject","inLanguage":"fr-FR","@id":"https:\/\/para-sanita.fidsexcellence.tn\/#\/schema\/logo\/image\/","url":"https:\/\/para-sanita.fidsexcellence.tn\/wp-content\/uploads\/2025\/03\/cropped-logo-1.png","contentUrl":"https:\/\/para-sanita.fidsexcellence.tn\/wp-content\/uploads\/2025\/03\/cropped-logo-1.png","width":502,"height":167,"caption":"Para-Dis"},"image":{"@id":"https:\/\/para-sanita.fidsexcellence.tn\/#\/schema\/logo\/image\/"}}]}},"brands":[{"id":249,"name":"Vital","slug":"vital"}],"_links":{"self":[{"href":"https:\/\/para-sanita.fidsexcellence.tn\/index.php?rest_route=\/wp\/v2\/product\/11132","targetHints":{"allow":["GET"]}}],"collection":[{"href":"https:\/\/para-sanita.fidsexcellence.tn\/index.php?rest_route=\/wp\/v2\/product"}],"about":[{"href":"https:\/\/para-sanita.fidsexcellence.tn\/index.php?rest_route=\/wp\/v2\/types\/product"}],"replies":[{"embeddable":true,"href":"https:\/\/para-sanita.fidsexcellence.tn\/index.php?rest_route=%2Fwp%2Fv2%2Fcomments&post=11132"}],"version-history":[{"count":2,"href":"https:\/\/para-sanita.fidsexcellence.tn\/index.php?rest_route=\/wp\/v2\/product\/11132\/revisions"}],"predecessor-version":[{"id":11289,"href":"https:\/\/para-sanita.fidsexcellence.tn\/index.php?rest_route=\/wp\/v2\/product\/11132\/revisions\/11289"}],"wp:featuredmedia":[{"embeddable":true,"href":"https:\/\/para-sanita.fidsexcellence.tn\/index.php?rest_route=\/wp\/v2\/media\/11134"}],"wp:attachment":[{"href":"https:\/\/para-sanita.fidsexcellence.tn\/index.php?rest_route=%2Fwp%2Fv2%2Fmedia&parent=11132"}],"wp:term":[{"taxonomy":"pwb-brand","embeddable":true,"href":"https:\/\/para-sanita.fidsexcellence.tn\/index.php?rest_route=%2Fwp%2Fv2%2Fpwb-brand&post=11132"},{"taxonomy":"product_cat","embeddable":true,"href":"https:\/\/para-sanita.fidsexcellence.tn\/index.php?rest_route=%2Fwp%2Fv2%2Fproduct_cat&post=11132"},{"taxonomy":"product_tag","embeddable":true,"href":"https:\/\/para-sanita.fidsexcellence.tn\/index.php?rest_route=%2Fwp%2Fv2%2Fproduct_tag&post=11132"}],"curies":[{"name":"wp","href":"https:\/\/api.w.org\/{rel}","templated":true}]}}