{"id":11140,"date":"2023-08-11T22:14:46","date_gmt":"2023-08-11T22:14:46","guid":{"rendered":"https:\/\/para-sanita.fidsexcellence.tn\/?product=natures-aid-selenium-b-90c"},"modified":"2023-08-12T16:29:04","modified_gmt":"2023-08-12T16:29:04","slug":"natures-aid-selenium-b-90c","status":"publish","type":"product","link":"https:\/\/para-sanita.fidsexcellence.tn\/?product=natures-aid-selenium-b-90c","title":{"rendered":"NATURES AID SELENIUM B\/90C"},"content":{"rendered":"<p>Natures Aid\u00ae Selenium fournit 200 \u00b5g de s\u00e9l\u00e9nium en combinaison avec les vitamines A, C et E plus le zinc. Le s\u00e9l\u00e9nium contribue \u00e0: la spermatogen\u00e8se normale, au maintien des cheveux et des ongles normaux, au fonctionnement normal du syst\u00e8me immunitaire et \u00e0 la fonction thyro\u00efdienne normale.<br \/>\nPrendre 1 comprim\u00e9 par jour avec de la nourriture. Ne pas d\u00e9passer la dose recommand\u00e9e.<\/p>\n","protected":false},"excerpt":{"rendered":"<p>Natures Aid\u00ae Selenium fournit 200 \u00b5g de s\u00e9l\u00e9nium en combinaison avec les vitamines A, C et E plus le zinc. Le s\u00e9l\u00e9nium contribue \u00e0: la spermatogen\u00e8se normale, au maintien des cheveux et des ongles normaux, au fonctionnement normal du syst\u00e8me immunitaire et \u00e0 la fonction thyro\u00efdienne normale.<br \/>\nPrendre 1 comprim\u00e9 par jour avec de la nourriture. Ne pas d\u00e9passer la dose recommand\u00e9e.<\/p>\n","protected":false},"featured_media":11142,"comment_status":"closed","ping_status":"closed","template":"","meta":[],"pwb-brand":[247],"product_cat":[218,213],"product_tag":[],"class_list":{"0":"post-11140","1":"product","2":"type-product","3":"status-publish","4":"has-post-thumbnail","6":"pwb-brand-natures-aid","7":"product_cat-beaute","8":"product_cat-complement-alimentaire","10":"first","11":"instock","12":"virtual","13":"purchasable","14":"product-type-simple"},"acf":[],"yoast_head":"<!-- This site is optimized with the Yoast SEO plugin v20.13 - https:\/\/yoast.com\/wordpress\/plugins\/seo\/ -->\n<title>NATURES AID SELENIUM B\/90C - Para-Dis<\/title>\n<meta name=\"description\" content=\"Natures Aid\u00ae Selenium fournit 200 \u00b5g de s\u00e9l\u00e9nium en combinaison avec les vitamines A, C et E plus le zinc. Le s\u00e9l\u00e9nium contribue \u00e0: la spermatogen\u00e8se normale, au maintien des cheveux et des ongles normaux, au fonctionnement normal du syst\u00e8me immunitaire et \u00e0 la fonction thyro\u00efdienne normale.Prendre 1 comprim\u00e9 par jour avec de la nourriture. Ne pas d\u00e9passer la dose recommand\u00e9e.\" \/>\n<meta name=\"robots\" content=\"index, follow, max-snippet:-1, max-image-preview:large, max-video-preview:-1\" \/>\n<link rel=\"canonical\" href=\"https:\/\/para-sanita.fidsexcellence.tn\/?product=natures-aid-selenium-b-90c\" \/>\n<meta property=\"og:locale\" content=\"fr_FR\" \/>\n<meta property=\"og:type\" content=\"article\" \/>\n<meta property=\"og:title\" content=\"NATURES AID SELENIUM B\/90C - Para-Dis\" \/>\n<meta property=\"og:description\" content=\"Natures Aid\u00ae Selenium fournit 200 \u00b5g de s\u00e9l\u00e9nium en combinaison avec les vitamines A, C et E plus le zinc. Le s\u00e9l\u00e9nium contribue \u00e0: la spermatogen\u00e8se normale, au maintien des cheveux et des ongles normaux, au fonctionnement normal du syst\u00e8me immunitaire et \u00e0 la fonction thyro\u00efdienne normale.Prendre 1 comprim\u00e9 par jour avec de la nourriture. Ne pas d\u00e9passer la dose recommand\u00e9e.\" \/>\n<meta property=\"og:url\" content=\"https:\/\/para-sanita.fidsexcellence.tn\/?product=natures-aid-selenium-b-90c\" \/>\n<meta property=\"og:site_name\" content=\"Para-Dis\" \/>\n<meta property=\"article:modified_time\" content=\"2023-08-12T16:29:04+00:00\" \/>\n<meta property=\"og:image\" content=\"https:\/\/para-sanita.fidsexcellence.tn\/wp-content\/uploads\/2023\/08\/selenium-200mcg.jpg\" \/>\n\t<meta property=\"og:image:width\" content=\"458\" \/>\n\t<meta property=\"og:image:height\" content=\"458\" \/>\n\t<meta property=\"og:image:type\" content=\"image\/jpeg\" \/>\n<meta name=\"twitter:card\" content=\"summary_large_image\" \/>\n<meta name=\"twitter:label1\" content=\"Dur\u00e9e de lecture estim\u00e9e\" \/>\n\t<meta name=\"twitter:data1\" content=\"1 minute\" \/>\n<script type=\"application\/ld+json\" class=\"yoast-schema-graph\">{\"@context\":\"https:\/\/schema.org\",\"@graph\":[{\"@type\":\"WebPage\",\"@id\":\"https:\/\/para-sanita.fidsexcellence.tn\/?product=natures-aid-selenium-b-90c\",\"url\":\"https:\/\/para-sanita.fidsexcellence.tn\/?product=natures-aid-selenium-b-90c\",\"name\":\"NATURES AID SELENIUM B\/90C - Para-Dis\",\"isPartOf\":{\"@id\":\"https:\/\/para-sanita.fidsexcellence.tn\/#website\"},\"datePublished\":\"2023-08-11T22:14:46+00:00\",\"dateModified\":\"2023-08-12T16:29:04+00:00\",\"description\":\"Natures Aid\u00ae Selenium fournit 200 \u00b5g de s\u00e9l\u00e9nium en combinaison avec les vitamines A, C et E plus le zinc. Le s\u00e9l\u00e9nium contribue \u00e0: la spermatogen\u00e8se normale, au maintien des cheveux et des ongles normaux, au fonctionnement normal du syst\u00e8me immunitaire et \u00e0 la fonction thyro\u00efdienne normale.Prendre 1 comprim\u00e9 par jour avec de la nourriture. Ne pas d\u00e9passer la dose recommand\u00e9e.\",\"breadcrumb\":{\"@id\":\"https:\/\/para-sanita.fidsexcellence.tn\/?product=natures-aid-selenium-b-90c#breadcrumb\"},\"inLanguage\":\"fr-FR\",\"potentialAction\":[{\"@type\":\"ReadAction\",\"target\":[\"https:\/\/para-sanita.fidsexcellence.tn\/?product=natures-aid-selenium-b-90c\"]}]},{\"@type\":\"BreadcrumbList\",\"@id\":\"https:\/\/para-sanita.fidsexcellence.tn\/?product=natures-aid-selenium-b-90c#breadcrumb\",\"itemListElement\":[{\"@type\":\"ListItem\",\"position\":1,\"name\":\"Accueil\",\"item\":\"https:\/\/para-sanita.fidsexcellence.tn\/\"},{\"@type\":\"ListItem\",\"position\":2,\"name\":\"Shop\",\"item\":\"https:\/\/para-sanita.fidsexcellence.tn\/?page_id=3853\"},{\"@type\":\"ListItem\",\"position\":3,\"name\":\"NATURES AID SELENIUM B\/90C\"}]},{\"@type\":\"WebSite\",\"@id\":\"https:\/\/para-sanita.fidsexcellence.tn\/#website\",\"url\":\"https:\/\/para-sanita.fidsexcellence.tn\/\",\"name\":\"Para-Dis\",\"description\":\"\",\"publisher\":{\"@id\":\"https:\/\/para-sanita.fidsexcellence.tn\/#organization\"},\"potentialAction\":[{\"@type\":\"SearchAction\",\"target\":{\"@type\":\"EntryPoint\",\"urlTemplate\":\"https:\/\/para-sanita.fidsexcellence.tn\/?s={search_term_string}\"},\"query-input\":\"required name=search_term_string\"}],\"inLanguage\":\"fr-FR\"},{\"@type\":\"Organization\",\"@id\":\"https:\/\/para-sanita.fidsexcellence.tn\/#organization\",\"name\":\"Para-Dis\",\"url\":\"https:\/\/para-sanita.fidsexcellence.tn\/\",\"logo\":{\"@type\":\"ImageObject\",\"inLanguage\":\"fr-FR\",\"@id\":\"https:\/\/para-sanita.fidsexcellence.tn\/#\/schema\/logo\/image\/\",\"url\":\"https:\/\/para-sanita.fidsexcellence.tn\/wp-content\/uploads\/2025\/03\/cropped-logo-1.png\",\"contentUrl\":\"https:\/\/para-sanita.fidsexcellence.tn\/wp-content\/uploads\/2025\/03\/cropped-logo-1.png\",\"width\":502,\"height\":167,\"caption\":\"Para-Dis\"},\"image\":{\"@id\":\"https:\/\/para-sanita.fidsexcellence.tn\/#\/schema\/logo\/image\/\"}}]}<\/script>\n<!-- \/ Yoast SEO plugin. -->","yoast_head_json":{"title":"NATURES AID SELENIUM B\/90C - Para-Dis","description":"Natures Aid\u00ae Selenium fournit 200 \u00b5g de s\u00e9l\u00e9nium en combinaison avec les vitamines A, C et E plus le zinc. Le s\u00e9l\u00e9nium contribue \u00e0: la spermatogen\u00e8se normale, au maintien des cheveux et des ongles normaux, au fonctionnement normal du syst\u00e8me immunitaire et \u00e0 la fonction thyro\u00efdienne normale.Prendre 1 comprim\u00e9 par jour avec de la nourriture. Ne pas d\u00e9passer la dose recommand\u00e9e.","robots":{"index":"index","follow":"follow","max-snippet":"max-snippet:-1","max-image-preview":"max-image-preview:large","max-video-preview":"max-video-preview:-1"},"canonical":"https:\/\/para-sanita.fidsexcellence.tn\/?product=natures-aid-selenium-b-90c","og_locale":"fr_FR","og_type":"article","og_title":"NATURES AID SELENIUM B\/90C - Para-Dis","og_description":"Natures Aid\u00ae Selenium fournit 200 \u00b5g de s\u00e9l\u00e9nium en combinaison avec les vitamines A, C et E plus le zinc. Le s\u00e9l\u00e9nium contribue \u00e0: la spermatogen\u00e8se normale, au maintien des cheveux et des ongles normaux, au fonctionnement normal du syst\u00e8me immunitaire et \u00e0 la fonction thyro\u00efdienne normale.Prendre 1 comprim\u00e9 par jour avec de la nourriture. Ne pas d\u00e9passer la dose recommand\u00e9e.","og_url":"https:\/\/para-sanita.fidsexcellence.tn\/?product=natures-aid-selenium-b-90c","og_site_name":"Para-Dis","article_modified_time":"2023-08-12T16:29:04+00:00","og_image":[{"width":458,"height":458,"url":"https:\/\/para-sanita.fidsexcellence.tn\/wp-content\/uploads\/2023\/08\/selenium-200mcg.jpg","type":"image\/jpeg"}],"twitter_card":"summary_large_image","twitter_misc":{"Dur\u00e9e de lecture estim\u00e9e":"1 minute"},"schema":{"@context":"https:\/\/schema.org","@graph":[{"@type":"WebPage","@id":"https:\/\/para-sanita.fidsexcellence.tn\/?product=natures-aid-selenium-b-90c","url":"https:\/\/para-sanita.fidsexcellence.tn\/?product=natures-aid-selenium-b-90c","name":"NATURES AID SELENIUM B\/90C - Para-Dis","isPartOf":{"@id":"https:\/\/para-sanita.fidsexcellence.tn\/#website"},"datePublished":"2023-08-11T22:14:46+00:00","dateModified":"2023-08-12T16:29:04+00:00","description":"Natures Aid\u00ae Selenium fournit 200 \u00b5g de s\u00e9l\u00e9nium en combinaison avec les vitamines A, C et E plus le zinc. Le s\u00e9l\u00e9nium contribue \u00e0: la spermatogen\u00e8se normale, au maintien des cheveux et des ongles normaux, au fonctionnement normal du syst\u00e8me immunitaire et \u00e0 la fonction thyro\u00efdienne normale.Prendre 1 comprim\u00e9 par jour avec de la nourriture. Ne pas d\u00e9passer la dose recommand\u00e9e.","breadcrumb":{"@id":"https:\/\/para-sanita.fidsexcellence.tn\/?product=natures-aid-selenium-b-90c#breadcrumb"},"inLanguage":"fr-FR","potentialAction":[{"@type":"ReadAction","target":["https:\/\/para-sanita.fidsexcellence.tn\/?product=natures-aid-selenium-b-90c"]}]},{"@type":"BreadcrumbList","@id":"https:\/\/para-sanita.fidsexcellence.tn\/?product=natures-aid-selenium-b-90c#breadcrumb","itemListElement":[{"@type":"ListItem","position":1,"name":"Accueil","item":"https:\/\/para-sanita.fidsexcellence.tn\/"},{"@type":"ListItem","position":2,"name":"Shop","item":"https:\/\/para-sanita.fidsexcellence.tn\/?page_id=3853"},{"@type":"ListItem","position":3,"name":"NATURES AID SELENIUM B\/90C"}]},{"@type":"WebSite","@id":"https:\/\/para-sanita.fidsexcellence.tn\/#website","url":"https:\/\/para-sanita.fidsexcellence.tn\/","name":"Para-Dis","description":"","publisher":{"@id":"https:\/\/para-sanita.fidsexcellence.tn\/#organization"},"potentialAction":[{"@type":"SearchAction","target":{"@type":"EntryPoint","urlTemplate":"https:\/\/para-sanita.fidsexcellence.tn\/?s={search_term_string}"},"query-input":"required name=search_term_string"}],"inLanguage":"fr-FR"},{"@type":"Organization","@id":"https:\/\/para-sanita.fidsexcellence.tn\/#organization","name":"Para-Dis","url":"https:\/\/para-sanita.fidsexcellence.tn\/","logo":{"@type":"ImageObject","inLanguage":"fr-FR","@id":"https:\/\/para-sanita.fidsexcellence.tn\/#\/schema\/logo\/image\/","url":"https:\/\/para-sanita.fidsexcellence.tn\/wp-content\/uploads\/2025\/03\/cropped-logo-1.png","contentUrl":"https:\/\/para-sanita.fidsexcellence.tn\/wp-content\/uploads\/2025\/03\/cropped-logo-1.png","width":502,"height":167,"caption":"Para-Dis"},"image":{"@id":"https:\/\/para-sanita.fidsexcellence.tn\/#\/schema\/logo\/image\/"}}]}},"brands":[{"id":247,"name":"Natures Aid","slug":"natures-aid"}],"_links":{"self":[{"href":"https:\/\/para-sanita.fidsexcellence.tn\/index.php?rest_route=\/wp\/v2\/product\/11140","targetHints":{"allow":["GET"]}}],"collection":[{"href":"https:\/\/para-sanita.fidsexcellence.tn\/index.php?rest_route=\/wp\/v2\/product"}],"about":[{"href":"https:\/\/para-sanita.fidsexcellence.tn\/index.php?rest_route=\/wp\/v2\/types\/product"}],"replies":[{"embeddable":true,"href":"https:\/\/para-sanita.fidsexcellence.tn\/index.php?rest_route=%2Fwp%2Fv2%2Fcomments&post=11140"}],"version-history":[{"count":1,"href":"https:\/\/para-sanita.fidsexcellence.tn\/index.php?rest_route=\/wp\/v2\/product\/11140\/revisions"}],"predecessor-version":[{"id":11141,"href":"https:\/\/para-sanita.fidsexcellence.tn\/index.php?rest_route=\/wp\/v2\/product\/11140\/revisions\/11141"}],"wp:featuredmedia":[{"embeddable":true,"href":"https:\/\/para-sanita.fidsexcellence.tn\/index.php?rest_route=\/wp\/v2\/media\/11142"}],"wp:attachment":[{"href":"https:\/\/para-sanita.fidsexcellence.tn\/index.php?rest_route=%2Fwp%2Fv2%2Fmedia&parent=11140"}],"wp:term":[{"taxonomy":"pwb-brand","embeddable":true,"href":"https:\/\/para-sanita.fidsexcellence.tn\/index.php?rest_route=%2Fwp%2Fv2%2Fpwb-brand&post=11140"},{"taxonomy":"product_cat","embeddable":true,"href":"https:\/\/para-sanita.fidsexcellence.tn\/index.php?rest_route=%2Fwp%2Fv2%2Fproduct_cat&post=11140"},{"taxonomy":"product_tag","embeddable":true,"href":"https:\/\/para-sanita.fidsexcellence.tn\/index.php?rest_route=%2Fwp%2Fv2%2Fproduct_tag&post=11140"}],"curies":[{"name":"wp","href":"https:\/\/api.w.org\/{rel}","templated":true}]}}