{"id":11156,"date":"2023-08-12T13:08:57","date_gmt":"2023-08-12T13:08:57","guid":{"rendered":"https:\/\/para-sanita.fidsexcellence.tn\/?product=pharmaceris-w-puri-albucin-mousse-nettoyante-eclaircissante-150ml"},"modified":"2023-08-12T16:26:00","modified_gmt":"2023-08-12T16:26:00","slug":"pharmaceris-w-puri-albucin-mousse-nettoyante-eclaircissante-150ml","status":"publish","type":"product","link":"https:\/\/para-sanita.fidsexcellence.tn\/?product=pharmaceris-w-puri-albucin-mousse-nettoyante-eclaircissante-150ml","title":{"rendered":"Pharmaceris W Puri-Albucin Mousse Nettoyante Eclaircissante, 150ml"},"content":{"rendered":"<p>Nettoyage quotidien du visage et du contour des yeux<br \/>\nNettoie la peau avec efficacit\u00e9 en \u00e9liminant toutes les impuret\u00e9s et les r\u00e9sidus de maquillage<\/p>\n<p>&nbsp;<\/p>\n<h2>Pharmaceris W Puri-Albucin Mousse Nettoyante Eclaircissante<\/h2>\n<p><strong>Pharmaceris W Puri-Albucin Mousse Nettoyante Eclaircissante<\/strong>\u00a0nettoie la peau avec efficacit\u00e9 en \u00e9liminant toutes les impuret\u00e9s et les r\u00e9sidus de maquillage.<\/p>\n<p>Son complexe d\u2019ingr\u00e9dients actifs (vitamine PP, ac\u00e9rola) \u00e9claircit la peau et unifie le teint D-panth\u00e9nol et l\u2019allanto\u00efne, ce qui contribue \u00e0 apaiser les irritations du teint de la peau.<\/p>\n<p>Sa texture mousse douce hydrate intens\u00e9ment la peau et maintient son \u00e9quilibre hydrique, rend la peau moins sujette aux r\u00e9actions d\u2019hypersensibilit\u00e9.<\/p>\n<p>Ingr\u00e9dients:<\/p>\n<ul>\n<li><strong>Extrait d\u2019ac\u00e9rola:\u00a0<\/strong>un antioxydant qui prot\u00e8ge la peau contre les effets n\u00e9fastes des agresseurs de l\u2019environnement. Renforce les vaisseaux sanguins et stimule le renouvellement des cellules de la peau tout en r\u00e9duisant les rougeurs.<\/li>\n<li><strong>Vitamine PP (vitamine B3, niacinamide):\u00a0<\/strong>un hydratant puissant qui p\u00e9n\u00e8tre jusqu\u2019aux couches profondes de la peau et reconstitue les lipides. La mousse prot\u00e8ge l\u2019\u00e9piderme et favorise sa r\u00e9g\u00e9n\u00e9ration. Pr\u00e9vient la sensation d\u2019une peau tendue.<\/li>\n<li><strong>Glucam\u00ae:\u00a0<\/strong>retient fortement l\u2019hydratation et maintient longtemps son niveau optimal dans l\u2019\u00e9piderme. Lisse la peau et lui redonne la fermet\u00e9 et l\u2019\u00e9lasticit\u00e9 perdues.<\/li>\n<li><strong>Le D-panth\u00e9nol:\u00a0<\/strong>a un effet apaisant et calmant, et rend la peau moins sujette aux r\u00e9actions d\u2019hypersensibilit\u00e9. L\u2019extrait de chardon-Marie est une riche source de silymarine qui b\u00e9n\u00e9ficie d\u2019un fort effet antiradicalaire et anti-inflammatoire. Elle prot\u00e8ge la peau contre les rayonnements UV nocifs. Favorise et acc\u00e9l\u00e8re la r\u00e9g\u00e9n\u00e9ration de la peau endommag\u00e9e.<\/li>\n<\/ul>\n<h4>Conseils d\u2019utilisation<\/h4>\n<ul>\n<li>Versez une goutte de\u00a0<strong>Pharmaceris W Puri-Albucin Mousse Nettoyante Eclaircissante<\/strong>\u00a0dans votre paume et nettoyez votre visage en effectuant des mouvements circulaires.<\/li>\n<li>Rincez avec l\u2019eau.<\/li>\n<li>Utilisez quotidiennement le matin et au coucher.<\/li>\n<\/ul>\n<h4>Composition<\/h4>\n<p>Aqua (Water), Glycerin, Betaine, Cocamidopropyl Betaine, Methyl Gluceth-20, Panthenol, PEG-7 Glyceryl Cocoate, Disodium Ricinoleamido MEA-Sulfosuccinate, Hydroxyethylcellulose, Disodium EDTA, Allantoin, Citric Acid, Lonicera Japonica (Honeysuckle) Flower Extract, Propylene Glycol, Niacinamide, Lonicera Caprifolium (Honeysuckle) Flower Extract, Ethylhexylglycerin, Malpighia Punicifolia (Acerola) Fruit Extract, Silybum Marianum (Lady\u2019s Thistle) Extract, Phenoxyethanol, Parfum (Fragrance).<\/p>\n<h4>Contenance<\/h4>\n<p>Pompe de 150ml<\/p>\n","protected":false},"excerpt":{"rendered":"<h2>Pharmaceris W Puri-Albucin Mousse Nettoyante Eclaircissante<\/h2>\n<p><strong>Pharmaceris W Puri-Albucin Mousse Nettoyante Eclaircissante<\/strong>\u00a0nettoie la peau avec efficacit\u00e9 en \u00e9liminant toutes les impuret\u00e9s et les r\u00e9sidus de maquillage.<\/p>\n<p>Son complexe d\u2019ingr\u00e9dients actifs (vitamine PP, ac\u00e9rola) \u00e9claircit la peau et unifie le teint D-panth\u00e9nol et l\u2019allanto\u00efne, ce qui contribue \u00e0 apaiser les irritations du teint de la peau.<\/p>\n<p>Sa texture mousse douce hydrate intens\u00e9ment la peau et maintient son \u00e9quilibre hydrique, rend la peau moins sujette aux r\u00e9actions d\u2019hypersensibilit\u00e9.<\/p>\n<p>Ingr\u00e9dients:<\/p>\n<ul>\n<li><strong>Extrait d\u2019ac\u00e9rola:\u00a0<\/strong>un antioxydant qui prot\u00e8ge la peau contre les effets n\u00e9fastes des agresseurs de l\u2019environnement. Renforce les vaisseaux sanguins et stimule le renouvellement des cellules de la peau tout en r\u00e9duisant les rougeurs.<\/li>\n<li><strong>Vitamine PP (vitamine B3, niacinamide):\u00a0<\/strong>un hydratant puissant qui p\u00e9n\u00e8tre jusqu\u2019aux couches profondes de la peau et reconstitue les lipides. La mousse prot\u00e8ge l\u2019\u00e9piderme et favorise sa r\u00e9g\u00e9n\u00e9ration. Pr\u00e9vient la sensation d\u2019une peau tendue.<\/li>\n<li><strong>Glucam\u00ae:\u00a0<\/strong>retient fortement l\u2019hydratation et maintient longtemps son niveau optimal dans l\u2019\u00e9piderme. Lisse la peau et lui redonne la fermet\u00e9 et l\u2019\u00e9lasticit\u00e9 perdues.<\/li>\n<li><strong>Le D-panth\u00e9nol:\u00a0<\/strong>a un effet apaisant et calmant, et rend la peau moins sujette aux r\u00e9actions d\u2019hypersensibilit\u00e9. L\u2019extrait de chardon-Marie est une riche source de silymarine qui b\u00e9n\u00e9ficie d\u2019un fort effet antiradicalaire et anti-inflammatoire. Elle prot\u00e8ge la peau contre les rayonnements UV nocifs. Favorise et acc\u00e9l\u00e8re la r\u00e9g\u00e9n\u00e9ration de la peau endommag\u00e9e.<\/li>\n<\/ul>\n<h4>Conseils d\u2019utilisation<\/h4>\n<ul>\n<li>Versez une goutte de\u00a0<strong>Pharmaceris W Puri-Albucin Mousse Nettoyante Eclaircissante<\/strong>\u00a0dans votre paume et nettoyez votre visage en effectuant des mouvements circulaires.<\/li>\n<li>Rincez avec l\u2019eau.<\/li>\n<li>Utilisez quotidiennement le matin et au coucher.<\/li>\n<\/ul>\n<h4>Composition<\/h4>\n<p>Aqua (Water), Glycerin, Betaine, Cocamidopropyl Betaine, Methyl Gluceth-20, Panthenol, PEG-7 Glyceryl Cocoate, Disodium Ricinoleamido MEA-Sulfosuccinate, Hydroxyethylcellulose, Disodium EDTA, Allantoin, Citric Acid, Lonicera Japonica (Honeysuckle) Flower Extract, Propylene Glycol, Niacinamide, Lonicera Caprifolium (Honeysuckle) Flower Extract, Ethylhexylglycerin, Malpighia Punicifolia (Acerola) Fruit Extract, Silybum Marianum (Lady\u2019s Thistle) Extract, Phenoxyethanol, Parfum (Fragrance).<\/p>\n<h4>Contenance<\/h4>\n<p>Pompe de 150ml<\/p>\n","protected":false},"featured_media":11158,"comment_status":"closed","ping_status":"closed","template":"","meta":[],"pwb-brand":[246],"product_cat":[167,132],"product_tag":[],"class_list":{"0":"post-11156","1":"product","2":"type-product","3":"status-publish","4":"has-post-thumbnail","6":"pwb-brand-pharmaceris","7":"product_cat-demaquillants-et-nettoyants-visage","8":"product_cat-visage","10":"first","11":"instock","12":"purchasable","13":"product-type-simple"},"acf":[],"yoast_head":"<!-- This site is optimized with the Yoast SEO plugin v20.13 - https:\/\/yoast.com\/wordpress\/plugins\/seo\/ -->\n<title>Pharmaceris W Puri-Albucin Mousse Nettoyante Eclaircissante, 150ml - Para-Dis<\/title>\n<meta name=\"description\" content=\"Nettoyage quotidien du visage et du contour des yeuxNettoie la peau avec efficacit\u00e9 en \u00e9liminant toutes les impuret\u00e9s et les r\u00e9sidus de maquillage\" \/>\n<meta name=\"robots\" content=\"index, follow, max-snippet:-1, max-image-preview:large, max-video-preview:-1\" \/>\n<link rel=\"canonical\" href=\"https:\/\/para-sanita.fidsexcellence.tn\/?product=pharmaceris-w-puri-albucin-mousse-nettoyante-eclaircissante-150ml\" \/>\n<meta property=\"og:locale\" content=\"fr_FR\" \/>\n<meta property=\"og:type\" content=\"article\" \/>\n<meta property=\"og:title\" content=\"Pharmaceris W Puri-Albucin Mousse Nettoyante Eclaircissante, 150ml - Para-Dis\" \/>\n<meta property=\"og:description\" content=\"Nettoyage quotidien du visage et du contour des yeuxNettoie la peau avec efficacit\u00e9 en \u00e9liminant toutes les impuret\u00e9s et les r\u00e9sidus de maquillage\" \/>\n<meta property=\"og:url\" content=\"https:\/\/para-sanita.fidsexcellence.tn\/?product=pharmaceris-w-puri-albucin-mousse-nettoyante-eclaircissante-150ml\" \/>\n<meta property=\"og:site_name\" content=\"Para-Dis\" \/>\n<meta property=\"article:modified_time\" content=\"2023-08-12T16:26:00+00:00\" \/>\n<meta property=\"og:image\" content=\"https:\/\/para-sanita.fidsexcellence.tn\/wp-content\/uploads\/2023\/08\/pharmaceris-w-puri-albucin-mousse-nettoyante-eclaircissante-200ml.jpg\" \/>\n\t<meta property=\"og:image:width\" content=\"800\" \/>\n\t<meta property=\"og:image:height\" content=\"800\" \/>\n\t<meta property=\"og:image:type\" content=\"image\/jpeg\" \/>\n<meta name=\"twitter:card\" content=\"summary_large_image\" \/>\n<meta name=\"twitter:label1\" content=\"Dur\u00e9e de lecture estim\u00e9e\" \/>\n\t<meta name=\"twitter:data1\" content=\"2 minutes\" \/>\n<script type=\"application\/ld+json\" class=\"yoast-schema-graph\">{\"@context\":\"https:\/\/schema.org\",\"@graph\":[{\"@type\":\"WebPage\",\"@id\":\"https:\/\/para-sanita.fidsexcellence.tn\/?product=pharmaceris-w-puri-albucin-mousse-nettoyante-eclaircissante-150ml\",\"url\":\"https:\/\/para-sanita.fidsexcellence.tn\/?product=pharmaceris-w-puri-albucin-mousse-nettoyante-eclaircissante-150ml\",\"name\":\"Pharmaceris W Puri-Albucin Mousse Nettoyante Eclaircissante, 150ml - Para-Dis\",\"isPartOf\":{\"@id\":\"https:\/\/para-sanita.fidsexcellence.tn\/#website\"},\"datePublished\":\"2023-08-12T13:08:57+00:00\",\"dateModified\":\"2023-08-12T16:26:00+00:00\",\"description\":\"Nettoyage quotidien du visage et du contour des yeuxNettoie la peau avec efficacit\u00e9 en \u00e9liminant toutes les impuret\u00e9s et les r\u00e9sidus de maquillage\",\"breadcrumb\":{\"@id\":\"https:\/\/para-sanita.fidsexcellence.tn\/?product=pharmaceris-w-puri-albucin-mousse-nettoyante-eclaircissante-150ml#breadcrumb\"},\"inLanguage\":\"fr-FR\",\"potentialAction\":[{\"@type\":\"ReadAction\",\"target\":[\"https:\/\/para-sanita.fidsexcellence.tn\/?product=pharmaceris-w-puri-albucin-mousse-nettoyante-eclaircissante-150ml\"]}]},{\"@type\":\"BreadcrumbList\",\"@id\":\"https:\/\/para-sanita.fidsexcellence.tn\/?product=pharmaceris-w-puri-albucin-mousse-nettoyante-eclaircissante-150ml#breadcrumb\",\"itemListElement\":[{\"@type\":\"ListItem\",\"position\":1,\"name\":\"Accueil\",\"item\":\"https:\/\/para-sanita.fidsexcellence.tn\/\"},{\"@type\":\"ListItem\",\"position\":2,\"name\":\"Shop\",\"item\":\"https:\/\/para-sanita.fidsexcellence.tn\/?page_id=3853\"},{\"@type\":\"ListItem\",\"position\":3,\"name\":\"Pharmaceris W Puri-Albucin Mousse Nettoyante Eclaircissante, 150ml\"}]},{\"@type\":\"WebSite\",\"@id\":\"https:\/\/para-sanita.fidsexcellence.tn\/#website\",\"url\":\"https:\/\/para-sanita.fidsexcellence.tn\/\",\"name\":\"Para-Dis\",\"description\":\"\",\"publisher\":{\"@id\":\"https:\/\/para-sanita.fidsexcellence.tn\/#organization\"},\"potentialAction\":[{\"@type\":\"SearchAction\",\"target\":{\"@type\":\"EntryPoint\",\"urlTemplate\":\"https:\/\/para-sanita.fidsexcellence.tn\/?s={search_term_string}\"},\"query-input\":\"required name=search_term_string\"}],\"inLanguage\":\"fr-FR\"},{\"@type\":\"Organization\",\"@id\":\"https:\/\/para-sanita.fidsexcellence.tn\/#organization\",\"name\":\"Para-Dis\",\"url\":\"https:\/\/para-sanita.fidsexcellence.tn\/\",\"logo\":{\"@type\":\"ImageObject\",\"inLanguage\":\"fr-FR\",\"@id\":\"https:\/\/para-sanita.fidsexcellence.tn\/#\/schema\/logo\/image\/\",\"url\":\"https:\/\/para-sanita.fidsexcellence.tn\/wp-content\/uploads\/2025\/03\/cropped-logo-1.png\",\"contentUrl\":\"https:\/\/para-sanita.fidsexcellence.tn\/wp-content\/uploads\/2025\/03\/cropped-logo-1.png\",\"width\":502,\"height\":167,\"caption\":\"Para-Dis\"},\"image\":{\"@id\":\"https:\/\/para-sanita.fidsexcellence.tn\/#\/schema\/logo\/image\/\"}}]}<\/script>\n<!-- \/ Yoast SEO plugin. -->","yoast_head_json":{"title":"Pharmaceris W Puri-Albucin Mousse Nettoyante Eclaircissante, 150ml - Para-Dis","description":"Nettoyage quotidien du visage et du contour des yeuxNettoie la peau avec efficacit\u00e9 en \u00e9liminant toutes les impuret\u00e9s et les r\u00e9sidus de maquillage","robots":{"index":"index","follow":"follow","max-snippet":"max-snippet:-1","max-image-preview":"max-image-preview:large","max-video-preview":"max-video-preview:-1"},"canonical":"https:\/\/para-sanita.fidsexcellence.tn\/?product=pharmaceris-w-puri-albucin-mousse-nettoyante-eclaircissante-150ml","og_locale":"fr_FR","og_type":"article","og_title":"Pharmaceris W Puri-Albucin Mousse Nettoyante Eclaircissante, 150ml - Para-Dis","og_description":"Nettoyage quotidien du visage et du contour des yeuxNettoie la peau avec efficacit\u00e9 en \u00e9liminant toutes les impuret\u00e9s et les r\u00e9sidus de maquillage","og_url":"https:\/\/para-sanita.fidsexcellence.tn\/?product=pharmaceris-w-puri-albucin-mousse-nettoyante-eclaircissante-150ml","og_site_name":"Para-Dis","article_modified_time":"2023-08-12T16:26:00+00:00","og_image":[{"width":800,"height":800,"url":"https:\/\/para-sanita.fidsexcellence.tn\/wp-content\/uploads\/2023\/08\/pharmaceris-w-puri-albucin-mousse-nettoyante-eclaircissante-200ml.jpg","type":"image\/jpeg"}],"twitter_card":"summary_large_image","twitter_misc":{"Dur\u00e9e de lecture estim\u00e9e":"2 minutes"},"schema":{"@context":"https:\/\/schema.org","@graph":[{"@type":"WebPage","@id":"https:\/\/para-sanita.fidsexcellence.tn\/?product=pharmaceris-w-puri-albucin-mousse-nettoyante-eclaircissante-150ml","url":"https:\/\/para-sanita.fidsexcellence.tn\/?product=pharmaceris-w-puri-albucin-mousse-nettoyante-eclaircissante-150ml","name":"Pharmaceris W Puri-Albucin Mousse Nettoyante Eclaircissante, 150ml - Para-Dis","isPartOf":{"@id":"https:\/\/para-sanita.fidsexcellence.tn\/#website"},"datePublished":"2023-08-12T13:08:57+00:00","dateModified":"2023-08-12T16:26:00+00:00","description":"Nettoyage quotidien du visage et du contour des yeuxNettoie la peau avec efficacit\u00e9 en \u00e9liminant toutes les impuret\u00e9s et les r\u00e9sidus de maquillage","breadcrumb":{"@id":"https:\/\/para-sanita.fidsexcellence.tn\/?product=pharmaceris-w-puri-albucin-mousse-nettoyante-eclaircissante-150ml#breadcrumb"},"inLanguage":"fr-FR","potentialAction":[{"@type":"ReadAction","target":["https:\/\/para-sanita.fidsexcellence.tn\/?product=pharmaceris-w-puri-albucin-mousse-nettoyante-eclaircissante-150ml"]}]},{"@type":"BreadcrumbList","@id":"https:\/\/para-sanita.fidsexcellence.tn\/?product=pharmaceris-w-puri-albucin-mousse-nettoyante-eclaircissante-150ml#breadcrumb","itemListElement":[{"@type":"ListItem","position":1,"name":"Accueil","item":"https:\/\/para-sanita.fidsexcellence.tn\/"},{"@type":"ListItem","position":2,"name":"Shop","item":"https:\/\/para-sanita.fidsexcellence.tn\/?page_id=3853"},{"@type":"ListItem","position":3,"name":"Pharmaceris W Puri-Albucin Mousse Nettoyante Eclaircissante, 150ml"}]},{"@type":"WebSite","@id":"https:\/\/para-sanita.fidsexcellence.tn\/#website","url":"https:\/\/para-sanita.fidsexcellence.tn\/","name":"Para-Dis","description":"","publisher":{"@id":"https:\/\/para-sanita.fidsexcellence.tn\/#organization"},"potentialAction":[{"@type":"SearchAction","target":{"@type":"EntryPoint","urlTemplate":"https:\/\/para-sanita.fidsexcellence.tn\/?s={search_term_string}"},"query-input":"required name=search_term_string"}],"inLanguage":"fr-FR"},{"@type":"Organization","@id":"https:\/\/para-sanita.fidsexcellence.tn\/#organization","name":"Para-Dis","url":"https:\/\/para-sanita.fidsexcellence.tn\/","logo":{"@type":"ImageObject","inLanguage":"fr-FR","@id":"https:\/\/para-sanita.fidsexcellence.tn\/#\/schema\/logo\/image\/","url":"https:\/\/para-sanita.fidsexcellence.tn\/wp-content\/uploads\/2025\/03\/cropped-logo-1.png","contentUrl":"https:\/\/para-sanita.fidsexcellence.tn\/wp-content\/uploads\/2025\/03\/cropped-logo-1.png","width":502,"height":167,"caption":"Para-Dis"},"image":{"@id":"https:\/\/para-sanita.fidsexcellence.tn\/#\/schema\/logo\/image\/"}}]}},"brands":[{"id":246,"name":"Pharmaceris","slug":"pharmaceris"}],"_links":{"self":[{"href":"https:\/\/para-sanita.fidsexcellence.tn\/index.php?rest_route=\/wp\/v2\/product\/11156","targetHints":{"allow":["GET"]}}],"collection":[{"href":"https:\/\/para-sanita.fidsexcellence.tn\/index.php?rest_route=\/wp\/v2\/product"}],"about":[{"href":"https:\/\/para-sanita.fidsexcellence.tn\/index.php?rest_route=\/wp\/v2\/types\/product"}],"replies":[{"embeddable":true,"href":"https:\/\/para-sanita.fidsexcellence.tn\/index.php?rest_route=%2Fwp%2Fv2%2Fcomments&post=11156"}],"version-history":[{"count":2,"href":"https:\/\/para-sanita.fidsexcellence.tn\/index.php?rest_route=\/wp\/v2\/product\/11156\/revisions"}],"predecessor-version":[{"id":11288,"href":"https:\/\/para-sanita.fidsexcellence.tn\/index.php?rest_route=\/wp\/v2\/product\/11156\/revisions\/11288"}],"wp:featuredmedia":[{"embeddable":true,"href":"https:\/\/para-sanita.fidsexcellence.tn\/index.php?rest_route=\/wp\/v2\/media\/11158"}],"wp:attachment":[{"href":"https:\/\/para-sanita.fidsexcellence.tn\/index.php?rest_route=%2Fwp%2Fv2%2Fmedia&parent=11156"}],"wp:term":[{"taxonomy":"pwb-brand","embeddable":true,"href":"https:\/\/para-sanita.fidsexcellence.tn\/index.php?rest_route=%2Fwp%2Fv2%2Fpwb-brand&post=11156"},{"taxonomy":"product_cat","embeddable":true,"href":"https:\/\/para-sanita.fidsexcellence.tn\/index.php?rest_route=%2Fwp%2Fv2%2Fproduct_cat&post=11156"},{"taxonomy":"product_tag","embeddable":true,"href":"https:\/\/para-sanita.fidsexcellence.tn\/index.php?rest_route=%2Fwp%2Fv2%2Fproduct_tag&post=11156"}],"curies":[{"name":"wp","href":"https:\/\/api.w.org\/{rel}","templated":true}]}}