{"id":11165,"date":"2023-08-12T13:12:41","date_gmt":"2023-08-12T13:12:41","guid":{"rendered":"https:\/\/para-sanita.fidsexcellence.tn\/?product=svr-sebiaclear-gel-moussant-200ml"},"modified":"2023-08-12T16:19:03","modified_gmt":"2023-08-12T16:19:03","slug":"svr-sebiaclear-gel-moussant-200ml","status":"publish","type":"product","link":"https:\/\/para-sanita.fidsexcellence.tn\/?product=svr-sebiaclear-gel-moussant-200ml","title":{"rendered":"SVR Sebiaclear Gel Moussant, 200ml"},"content":{"rendered":"<p>Sebiaclear Gel Moussant est un nettoyant sans savon qui purifie et d\u00e9sincruste la peau tout en douceur. Il \u00e9limine impuret\u00e9s et exc\u00e8s de s\u00e9bum sans dess\u00e9cher.<\/p>\n","protected":false},"excerpt":{"rendered":"<p>Pour les peaux sensibles, mixtes \u00e0 grasses &amp; \u00e0 tendance acn\u00e9ique. Visage et corps.<\/p>\n<p>Pour combattre les imperfections nous avons le r\u00e9flexe de vouloir les d\u00e9caper avec des produits agressifs. Erreur, il faut au contraire la nettoyer en douceur pour ne pas stimuler la production de s\u00e9bum, pour ne pas l\u2019irriter davantage.<\/p>\n<p>Le GEL MOUSSANT SEBIACLEAR, un nettoyant sans savon qui purifie et d\u00e9sincruste la peau tout en douceur. Sa mousse onctueuse aide \u00e0 \u00e9liminer les impuret\u00e9s et \u00e0 se d\u00e9barrasser de l\u2019exc\u00e8s de s\u00e9bum sans dess\u00e9cher. Facile \u00e0 rincer, il laisse la peau parfaitement nette, fra\u00eeche et matifi\u00e9e.<\/p>\n<p><strong>EFFICACIT\u00c9 PROUV\u00c9E SUR LES PEAUX SENSIBLES A TENDANCE ACN\u00c9IQUE<\/strong><\/p>\n<p>\u2022<strong>100%<\/strong>\u00a0: la peau est purifi\u00e9e<br \/>\n\u2022<strong>100%<\/strong>\u00a0: l\u2019exc\u00e8s de s\u00e9bum est \u00e9limin\u00e9<br \/>\n\u2022<strong>100%<\/strong>\u00a0: les pores sont d\u00e9sincrust\u00e9s<br \/>\n\u2022<strong>100%<\/strong>\u00a0: la peau est douce<\/p>\n<p>Le s\u00e9bum est s\u00e9cr\u00e9t\u00e9 pour prot\u00e9ger la peau mais s\u2019il est trop abondant, la peau brille et les follicules pileux (glandes s\u00e9cr\u00e9tant le s\u00e9bum \u00e0 la racine des poils) se bouchent, ce qui favorise l\u2019apparition d\u2019imperfections, points noirs et boutons.<\/p>\n<p>Une formule adapt\u00e9e aux peaux sensibles mixtes \u00e0 grasses &amp; \u00e0 tendance acn\u00e9ique :<br \/>\n\u2022\u00a0<strong>Gluconolactone\u00a0<\/strong>: Purifie et d\u00e9sobstrue les pores<br \/>\n\u2022\u00a0<strong>Base lavante douce<\/strong>\u00a0: nettoie et assainit tout en respectant l\u2019\u00e9quilibre des peaux sensibles<br \/>\n\u2022\u00a0<strong>Mat SR\u00a0<\/strong>(0,5%) : r\u00e9gule l\u2019exc\u00e8s de s\u00e9bum.<\/p>\n<p><strong>INGREDIENTS (CONTAINS) :<\/strong><\/p>\n<p>AQUA\/WATER\/EAU, DISODIUMLAURETH SULFOSUCCINATE, COCO-BETAINE, PEG-7 GLYCERYL COCOATE, GLYCERIN, SODIUM LAURETH SULFATE, GLUCONOLACTONE, PEG-120 METHYL GLUCOSE DIOLEATE, CALCIUM GLUCONATE, SARCOSINE, BUTYLENE GLYCOL, CITRIC ACID, PENTYLENE GLYCOL, SODIUM CHLORIDE, SODIUM CITRATE, SODIUM HYDROXIDE, XANTHAN GUM, SODIUM BENZOATE, PARFUM (FRAGRANCE)<\/p>\n<p><strong>conseil d\u2019utilisation:<\/strong><\/p>\n<p>Appliquer sur peau mouill\u00e9e, faire mousser puis rincer. Matin et soir ou seulement le matin avec, en relais, l\u2019Eau Micellaire SEBIACLEAR pour le d\u00e9maquillage du soir<\/p>\n","protected":false},"featured_media":11167,"comment_status":"closed","ping_status":"closed","template":"","meta":[],"pwb-brand":[240],"product_cat":[167,132],"product_tag":[],"class_list":{"0":"post-11165","1":"product","2":"type-product","3":"status-publish","4":"has-post-thumbnail","6":"pwb-brand-svr","7":"product_cat-demaquillants-et-nettoyants-visage","8":"product_cat-visage","10":"first","11":"instock","12":"purchasable","13":"product-type-simple"},"acf":[],"yoast_head":"<!-- This site is optimized with the Yoast SEO plugin v20.13 - https:\/\/yoast.com\/wordpress\/plugins\/seo\/ -->\n<title>SVR Sebiaclear Gel Moussant, 200ml - Para-Dis<\/title>\n<meta name=\"robots\" content=\"index, follow, max-snippet:-1, max-image-preview:large, max-video-preview:-1\" \/>\n<link rel=\"canonical\" href=\"https:\/\/para-sanita.fidsexcellence.tn\/?product=svr-sebiaclear-gel-moussant-200ml\" \/>\n<meta property=\"og:locale\" content=\"fr_FR\" \/>\n<meta property=\"og:type\" content=\"article\" \/>\n<meta property=\"og:title\" content=\"SVR Sebiaclear Gel Moussant, 200ml - Para-Dis\" \/>\n<meta property=\"og:description\" content=\"Pour les peaux sensibles, mixtes \u00e0 grasses &amp; \u00e0 tendance acn\u00e9ique. Visage et corps.  Pour combattre les imperfections nous avons le r\u00e9flexe de vouloir les d\u00e9caper avec des produits agressifs. Erreur, il faut au contraire la nettoyer en douceur pour ne pas stimuler la production de s\u00e9bum, pour ne pas l\u2019irriter davantage.  Le GEL MOUSSANT SEBIACLEAR, un nettoyant sans savon qui purifie et d\u00e9sincruste la peau tout en douceur. Sa mousse onctueuse aide \u00e0 \u00e9liminer les impuret\u00e9s et \u00e0 se d\u00e9barrasser de l\u2019exc\u00e8s de s\u00e9bum sans dess\u00e9cher. Facile \u00e0 rincer, il laisse la peau parfaitement nette, fra\u00eeche et matifi\u00e9e.  EFFICACIT\u00c9 PROUV\u00c9E SUR LES PEAUX SENSIBLES A TENDANCE ACN\u00c9IQUE  \u2022100%\u00a0: la peau est purifi\u00e9e \u2022100%\u00a0: l\u2019exc\u00e8s de s\u00e9bum est \u00e9limin\u00e9 \u2022100%\u00a0: les pores sont d\u00e9sincrust\u00e9s \u2022100%\u00a0: la peau est douce  Le s\u00e9bum est s\u00e9cr\u00e9t\u00e9 pour prot\u00e9ger la peau mais s\u2019il est trop abondant, la peau brille et les follicules pileux (glandes s\u00e9cr\u00e9tant le s\u00e9bum \u00e0 la racine des poils) se bouchent, ce qui favorise l\u2019apparition d\u2019imperfections, points noirs et boutons.  Une formule adapt\u00e9e aux peaux sensibles mixtes \u00e0 grasses &amp; \u00e0 tendance acn\u00e9ique : \u2022\u00a0Gluconolactone\u00a0: Purifie et d\u00e9sobstrue les pores \u2022\u00a0Base lavante douce\u00a0: nettoie et assainit tout en respectant l\u2019\u00e9quilibre des peaux sensibles \u2022\u00a0Mat SR\u00a0(0,5%) : r\u00e9gule l\u2019exc\u00e8s de s\u00e9bum.  INGREDIENTS (CONTAINS) :  AQUA\/WATER\/EAU, DISODIUMLAURETH SULFOSUCCINATE, COCO-BETAINE, PEG-7 GLYCERYL COCOATE, GLYCERIN, SODIUM LAURETH SULFATE, GLUCONOLACTONE, PEG-120 METHYL GLUCOSE DIOLEATE, CALCIUM GLUCONATE, SARCOSINE, BUTYLENE GLYCOL, CITRIC ACID, PENTYLENE GLYCOL, SODIUM CHLORIDE, SODIUM CITRATE, SODIUM HYDROXIDE, XANTHAN GUM, SODIUM BENZOATE, PARFUM (FRAGRANCE)  conseil d\u2019utilisation:  Appliquer sur peau mouill\u00e9e, faire mousser puis rincer. Matin et soir ou seulement le matin avec, en relais, l\u2019Eau Micellaire SEBIACLEAR pour le d\u00e9maquillage du soir\" \/>\n<meta property=\"og:url\" content=\"https:\/\/para-sanita.fidsexcellence.tn\/?product=svr-sebiaclear-gel-moussant-200ml\" \/>\n<meta property=\"og:site_name\" content=\"Para-Dis\" \/>\n<meta property=\"article:modified_time\" content=\"2023-08-12T16:19:03+00:00\" \/>\n<meta property=\"og:image\" content=\"https:\/\/para-sanita.fidsexcellence.tn\/wp-content\/uploads\/2023\/08\/nuk-biberon-first-choice-en-silicone-0-6-mois-300ml-4008600381648-41.jpg\" \/>\n\t<meta property=\"og:image:width\" content=\"800\" \/>\n\t<meta property=\"og:image:height\" content=\"800\" \/>\n\t<meta property=\"og:image:type\" content=\"image\/jpeg\" \/>\n<meta name=\"twitter:card\" content=\"summary_large_image\" \/>\n<meta name=\"twitter:label1\" content=\"Dur\u00e9e de lecture estim\u00e9e\" \/>\n\t<meta name=\"twitter:data1\" content=\"1 minute\" \/>\n<script type=\"application\/ld+json\" class=\"yoast-schema-graph\">{\"@context\":\"https:\/\/schema.org\",\"@graph\":[{\"@type\":\"WebPage\",\"@id\":\"https:\/\/para-sanita.fidsexcellence.tn\/?product=svr-sebiaclear-gel-moussant-200ml\",\"url\":\"https:\/\/para-sanita.fidsexcellence.tn\/?product=svr-sebiaclear-gel-moussant-200ml\",\"name\":\"SVR Sebiaclear Gel Moussant, 200ml - Para-Dis\",\"isPartOf\":{\"@id\":\"https:\/\/para-sanita.fidsexcellence.tn\/#website\"},\"datePublished\":\"2023-08-12T13:12:41+00:00\",\"dateModified\":\"2023-08-12T16:19:03+00:00\",\"breadcrumb\":{\"@id\":\"https:\/\/para-sanita.fidsexcellence.tn\/?product=svr-sebiaclear-gel-moussant-200ml#breadcrumb\"},\"inLanguage\":\"fr-FR\",\"potentialAction\":[{\"@type\":\"ReadAction\",\"target\":[\"https:\/\/para-sanita.fidsexcellence.tn\/?product=svr-sebiaclear-gel-moussant-200ml\"]}]},{\"@type\":\"BreadcrumbList\",\"@id\":\"https:\/\/para-sanita.fidsexcellence.tn\/?product=svr-sebiaclear-gel-moussant-200ml#breadcrumb\",\"itemListElement\":[{\"@type\":\"ListItem\",\"position\":1,\"name\":\"Accueil\",\"item\":\"https:\/\/para-sanita.fidsexcellence.tn\/\"},{\"@type\":\"ListItem\",\"position\":2,\"name\":\"Shop\",\"item\":\"https:\/\/para-sanita.fidsexcellence.tn\/?page_id=3853\"},{\"@type\":\"ListItem\",\"position\":3,\"name\":\"SVR Sebiaclear Gel Moussant, 200ml\"}]},{\"@type\":\"WebSite\",\"@id\":\"https:\/\/para-sanita.fidsexcellence.tn\/#website\",\"url\":\"https:\/\/para-sanita.fidsexcellence.tn\/\",\"name\":\"Para-Dis\",\"description\":\"\",\"publisher\":{\"@id\":\"https:\/\/para-sanita.fidsexcellence.tn\/#organization\"},\"potentialAction\":[{\"@type\":\"SearchAction\",\"target\":{\"@type\":\"EntryPoint\",\"urlTemplate\":\"https:\/\/para-sanita.fidsexcellence.tn\/?s={search_term_string}\"},\"query-input\":\"required name=search_term_string\"}],\"inLanguage\":\"fr-FR\"},{\"@type\":\"Organization\",\"@id\":\"https:\/\/para-sanita.fidsexcellence.tn\/#organization\",\"name\":\"Para-Dis\",\"url\":\"https:\/\/para-sanita.fidsexcellence.tn\/\",\"logo\":{\"@type\":\"ImageObject\",\"inLanguage\":\"fr-FR\",\"@id\":\"https:\/\/para-sanita.fidsexcellence.tn\/#\/schema\/logo\/image\/\",\"url\":\"https:\/\/para-sanita.fidsexcellence.tn\/wp-content\/uploads\/2025\/03\/cropped-logo-1.png\",\"contentUrl\":\"https:\/\/para-sanita.fidsexcellence.tn\/wp-content\/uploads\/2025\/03\/cropped-logo-1.png\",\"width\":502,\"height\":167,\"caption\":\"Para-Dis\"},\"image\":{\"@id\":\"https:\/\/para-sanita.fidsexcellence.tn\/#\/schema\/logo\/image\/\"}}]}<\/script>\n<!-- \/ Yoast SEO plugin. -->","yoast_head_json":{"title":"SVR Sebiaclear Gel Moussant, 200ml - Para-Dis","robots":{"index":"index","follow":"follow","max-snippet":"max-snippet:-1","max-image-preview":"max-image-preview:large","max-video-preview":"max-video-preview:-1"},"canonical":"https:\/\/para-sanita.fidsexcellence.tn\/?product=svr-sebiaclear-gel-moussant-200ml","og_locale":"fr_FR","og_type":"article","og_title":"SVR Sebiaclear Gel Moussant, 200ml - Para-Dis","og_description":"Pour les peaux sensibles, mixtes \u00e0 grasses &amp; \u00e0 tendance acn\u00e9ique. Visage et corps.  Pour combattre les imperfections nous avons le r\u00e9flexe de vouloir les d\u00e9caper avec des produits agressifs. Erreur, il faut au contraire la nettoyer en douceur pour ne pas stimuler la production de s\u00e9bum, pour ne pas l\u2019irriter davantage.  Le GEL MOUSSANT SEBIACLEAR, un nettoyant sans savon qui purifie et d\u00e9sincruste la peau tout en douceur. Sa mousse onctueuse aide \u00e0 \u00e9liminer les impuret\u00e9s et \u00e0 se d\u00e9barrasser de l\u2019exc\u00e8s de s\u00e9bum sans dess\u00e9cher. Facile \u00e0 rincer, il laisse la peau parfaitement nette, fra\u00eeche et matifi\u00e9e.  EFFICACIT\u00c9 PROUV\u00c9E SUR LES PEAUX SENSIBLES A TENDANCE ACN\u00c9IQUE  \u2022100%\u00a0: la peau est purifi\u00e9e \u2022100%\u00a0: l\u2019exc\u00e8s de s\u00e9bum est \u00e9limin\u00e9 \u2022100%\u00a0: les pores sont d\u00e9sincrust\u00e9s \u2022100%\u00a0: la peau est douce  Le s\u00e9bum est s\u00e9cr\u00e9t\u00e9 pour prot\u00e9ger la peau mais s\u2019il est trop abondant, la peau brille et les follicules pileux (glandes s\u00e9cr\u00e9tant le s\u00e9bum \u00e0 la racine des poils) se bouchent, ce qui favorise l\u2019apparition d\u2019imperfections, points noirs et boutons.  Une formule adapt\u00e9e aux peaux sensibles mixtes \u00e0 grasses &amp; \u00e0 tendance acn\u00e9ique : \u2022\u00a0Gluconolactone\u00a0: Purifie et d\u00e9sobstrue les pores \u2022\u00a0Base lavante douce\u00a0: nettoie et assainit tout en respectant l\u2019\u00e9quilibre des peaux sensibles \u2022\u00a0Mat SR\u00a0(0,5%) : r\u00e9gule l\u2019exc\u00e8s de s\u00e9bum.  INGREDIENTS (CONTAINS) :  AQUA\/WATER\/EAU, DISODIUMLAURETH SULFOSUCCINATE, COCO-BETAINE, PEG-7 GLYCERYL COCOATE, GLYCERIN, SODIUM LAURETH SULFATE, GLUCONOLACTONE, PEG-120 METHYL GLUCOSE DIOLEATE, CALCIUM GLUCONATE, SARCOSINE, BUTYLENE GLYCOL, CITRIC ACID, PENTYLENE GLYCOL, SODIUM CHLORIDE, SODIUM CITRATE, SODIUM HYDROXIDE, XANTHAN GUM, SODIUM BENZOATE, PARFUM (FRAGRANCE)  conseil d\u2019utilisation:  Appliquer sur peau mouill\u00e9e, faire mousser puis rincer. Matin et soir ou seulement le matin avec, en relais, l\u2019Eau Micellaire SEBIACLEAR pour le d\u00e9maquillage du soir","og_url":"https:\/\/para-sanita.fidsexcellence.tn\/?product=svr-sebiaclear-gel-moussant-200ml","og_site_name":"Para-Dis","article_modified_time":"2023-08-12T16:19:03+00:00","og_image":[{"width":800,"height":800,"url":"https:\/\/para-sanita.fidsexcellence.tn\/wp-content\/uploads\/2023\/08\/nuk-biberon-first-choice-en-silicone-0-6-mois-300ml-4008600381648-41.jpg","type":"image\/jpeg"}],"twitter_card":"summary_large_image","twitter_misc":{"Dur\u00e9e de lecture estim\u00e9e":"1 minute"},"schema":{"@context":"https:\/\/schema.org","@graph":[{"@type":"WebPage","@id":"https:\/\/para-sanita.fidsexcellence.tn\/?product=svr-sebiaclear-gel-moussant-200ml","url":"https:\/\/para-sanita.fidsexcellence.tn\/?product=svr-sebiaclear-gel-moussant-200ml","name":"SVR Sebiaclear Gel Moussant, 200ml - Para-Dis","isPartOf":{"@id":"https:\/\/para-sanita.fidsexcellence.tn\/#website"},"datePublished":"2023-08-12T13:12:41+00:00","dateModified":"2023-08-12T16:19:03+00:00","breadcrumb":{"@id":"https:\/\/para-sanita.fidsexcellence.tn\/?product=svr-sebiaclear-gel-moussant-200ml#breadcrumb"},"inLanguage":"fr-FR","potentialAction":[{"@type":"ReadAction","target":["https:\/\/para-sanita.fidsexcellence.tn\/?product=svr-sebiaclear-gel-moussant-200ml"]}]},{"@type":"BreadcrumbList","@id":"https:\/\/para-sanita.fidsexcellence.tn\/?product=svr-sebiaclear-gel-moussant-200ml#breadcrumb","itemListElement":[{"@type":"ListItem","position":1,"name":"Accueil","item":"https:\/\/para-sanita.fidsexcellence.tn\/"},{"@type":"ListItem","position":2,"name":"Shop","item":"https:\/\/para-sanita.fidsexcellence.tn\/?page_id=3853"},{"@type":"ListItem","position":3,"name":"SVR Sebiaclear Gel Moussant, 200ml"}]},{"@type":"WebSite","@id":"https:\/\/para-sanita.fidsexcellence.tn\/#website","url":"https:\/\/para-sanita.fidsexcellence.tn\/","name":"Para-Dis","description":"","publisher":{"@id":"https:\/\/para-sanita.fidsexcellence.tn\/#organization"},"potentialAction":[{"@type":"SearchAction","target":{"@type":"EntryPoint","urlTemplate":"https:\/\/para-sanita.fidsexcellence.tn\/?s={search_term_string}"},"query-input":"required name=search_term_string"}],"inLanguage":"fr-FR"},{"@type":"Organization","@id":"https:\/\/para-sanita.fidsexcellence.tn\/#organization","name":"Para-Dis","url":"https:\/\/para-sanita.fidsexcellence.tn\/","logo":{"@type":"ImageObject","inLanguage":"fr-FR","@id":"https:\/\/para-sanita.fidsexcellence.tn\/#\/schema\/logo\/image\/","url":"https:\/\/para-sanita.fidsexcellence.tn\/wp-content\/uploads\/2025\/03\/cropped-logo-1.png","contentUrl":"https:\/\/para-sanita.fidsexcellence.tn\/wp-content\/uploads\/2025\/03\/cropped-logo-1.png","width":502,"height":167,"caption":"Para-Dis"},"image":{"@id":"https:\/\/para-sanita.fidsexcellence.tn\/#\/schema\/logo\/image\/"}}]}},"brands":[{"id":240,"name":"SVR","slug":"svr"}],"_links":{"self":[{"href":"https:\/\/para-sanita.fidsexcellence.tn\/index.php?rest_route=\/wp\/v2\/product\/11165","targetHints":{"allow":["GET"]}}],"collection":[{"href":"https:\/\/para-sanita.fidsexcellence.tn\/index.php?rest_route=\/wp\/v2\/product"}],"about":[{"href":"https:\/\/para-sanita.fidsexcellence.tn\/index.php?rest_route=\/wp\/v2\/types\/product"}],"replies":[{"embeddable":true,"href":"https:\/\/para-sanita.fidsexcellence.tn\/index.php?rest_route=%2Fwp%2Fv2%2Fcomments&post=11165"}],"version-history":[{"count":2,"href":"https:\/\/para-sanita.fidsexcellence.tn\/index.php?rest_route=\/wp\/v2\/product\/11165\/revisions"}],"predecessor-version":[{"id":11285,"href":"https:\/\/para-sanita.fidsexcellence.tn\/index.php?rest_route=\/wp\/v2\/product\/11165\/revisions\/11285"}],"wp:featuredmedia":[{"embeddable":true,"href":"https:\/\/para-sanita.fidsexcellence.tn\/index.php?rest_route=\/wp\/v2\/media\/11167"}],"wp:attachment":[{"href":"https:\/\/para-sanita.fidsexcellence.tn\/index.php?rest_route=%2Fwp%2Fv2%2Fmedia&parent=11165"}],"wp:term":[{"taxonomy":"pwb-brand","embeddable":true,"href":"https:\/\/para-sanita.fidsexcellence.tn\/index.php?rest_route=%2Fwp%2Fv2%2Fpwb-brand&post=11165"},{"taxonomy":"product_cat","embeddable":true,"href":"https:\/\/para-sanita.fidsexcellence.tn\/index.php?rest_route=%2Fwp%2Fv2%2Fproduct_cat&post=11165"},{"taxonomy":"product_tag","embeddable":true,"href":"https:\/\/para-sanita.fidsexcellence.tn\/index.php?rest_route=%2Fwp%2Fv2%2Fproduct_tag&post=11165"}],"curies":[{"name":"wp","href":"https:\/\/api.w.org\/{rel}","templated":true}]}}