{"id":11168,"date":"2023-08-12T13:14:56","date_gmt":"2023-08-12T13:14:56","guid":{"rendered":"https:\/\/para-sanita.fidsexcellence.tn\/?product=dermedic-hydrain-3-eau-micellaire-500-ml"},"modified":"2023-08-12T16:17:33","modified_gmt":"2023-08-12T16:17:33","slug":"dermedic-hydrain-3-eau-micellaire-500-ml","status":"publish","type":"product","link":"https:\/\/para-sanita.fidsexcellence.tn\/?product=dermedic-hydrain-3-eau-micellaire-500-ml","title":{"rendered":"DERMEDIC HYDRAIN 3 EAU MICELLAIRE 500 ML"},"content":{"rendered":"<p>Il enl\u00e8ve le maquillage et toutes les impuret\u00e9s, vous laissant une sensation de fra\u00eecheur et de propret\u00e9 Il adoucit et maintient l&#8217;hydratation de la couche corn\u00e9e Il ne bouche pas les pores et laisse le film sur la peau Il n&#8217;irrite pas les yeux Test\u00e9 ophtalmologiquement hypoallerg\u00e9nique.<\/p>\n","protected":false},"excerpt":{"rendered":"<p>Il enl\u00e8ve le maquillage et toutes les impuret\u00e9s, vous laissant une sensation de fra\u00eecheur et de propret\u00e9 Il adoucit et maintient l&#8217;hydratation de la couche corn\u00e9e Il ne bouche pas les pores et laisse le film sur la peau Il n&#8217;irrite pas les yeux Test\u00e9 ophtalmologiquement hypoallerg\u00e9nique.<\/p>\n","protected":false},"featured_media":11170,"comment_status":"closed","ping_status":"closed","template":"","meta":[],"pwb-brand":[244],"product_cat":[167,132],"product_tag":[],"class_list":{"0":"post-11168","1":"product","2":"type-product","3":"status-publish","4":"has-post-thumbnail","6":"pwb-brand-dermedic","7":"product_cat-demaquillants-et-nettoyants-visage","8":"product_cat-visage","10":"first","11":"instock","12":"purchasable","13":"product-type-simple"},"acf":[],"yoast_head":"<!-- This site is optimized with the Yoast SEO plugin v20.13 - https:\/\/yoast.com\/wordpress\/plugins\/seo\/ -->\n<title>DERMEDIC HYDRAIN 3 EAU MICELLAIRE 500 ML - Para-Dis<\/title>\n<meta name=\"description\" content=\"Il enl\u00e8ve le maquillage et toutes les impuret\u00e9s, vous laissant une sensation de fra\u00eecheur et de propret\u00e9 Il adoucit et maintient l&#039;hydratation de la couche corn\u00e9e Il ne bouche pas les pores et laisse le film sur la peau Il n&#039;irrite pas les yeux Test\u00e9 ophtalmologiquement hypoallerg\u00e9nique.\" \/>\n<meta name=\"robots\" content=\"index, follow, max-snippet:-1, max-image-preview:large, max-video-preview:-1\" \/>\n<link rel=\"canonical\" href=\"https:\/\/para-sanita.fidsexcellence.tn\/?product=dermedic-hydrain-3-eau-micellaire-500-ml\" \/>\n<meta property=\"og:locale\" content=\"fr_FR\" \/>\n<meta property=\"og:type\" content=\"article\" \/>\n<meta property=\"og:title\" content=\"DERMEDIC HYDRAIN 3 EAU MICELLAIRE 500 ML - Para-Dis\" \/>\n<meta property=\"og:description\" content=\"Il enl\u00e8ve le maquillage et toutes les impuret\u00e9s, vous laissant une sensation de fra\u00eecheur et de propret\u00e9 Il adoucit et maintient l&#039;hydratation de la couche corn\u00e9e Il ne bouche pas les pores et laisse le film sur la peau Il n&#039;irrite pas les yeux Test\u00e9 ophtalmologiquement hypoallerg\u00e9nique.\" \/>\n<meta property=\"og:url\" content=\"https:\/\/para-sanita.fidsexcellence.tn\/?product=dermedic-hydrain-3-eau-micellaire-500-ml\" \/>\n<meta property=\"og:site_name\" content=\"Para-Dis\" \/>\n<meta property=\"article:modified_time\" content=\"2023-08-12T16:17:33+00:00\" \/>\n<meta property=\"og:image\" content=\"https:\/\/para-sanita.fidsexcellence.tn\/wp-content\/uploads\/2023\/08\/dermedic-hydrain-3-eau-micellaire-500-ml.jpg\" \/>\n\t<meta property=\"og:image:width\" content=\"458\" \/>\n\t<meta property=\"og:image:height\" content=\"458\" \/>\n\t<meta property=\"og:image:type\" content=\"image\/jpeg\" \/>\n<meta name=\"twitter:card\" content=\"summary_large_image\" \/>\n<meta name=\"twitter:label1\" content=\"Dur\u00e9e de lecture estim\u00e9e\" \/>\n\t<meta name=\"twitter:data1\" content=\"1 minute\" \/>\n<script type=\"application\/ld+json\" class=\"yoast-schema-graph\">{\"@context\":\"https:\/\/schema.org\",\"@graph\":[{\"@type\":\"WebPage\",\"@id\":\"https:\/\/para-sanita.fidsexcellence.tn\/?product=dermedic-hydrain-3-eau-micellaire-500-ml\",\"url\":\"https:\/\/para-sanita.fidsexcellence.tn\/?product=dermedic-hydrain-3-eau-micellaire-500-ml\",\"name\":\"DERMEDIC HYDRAIN 3 EAU MICELLAIRE 500 ML - Para-Dis\",\"isPartOf\":{\"@id\":\"https:\/\/para-sanita.fidsexcellence.tn\/#website\"},\"datePublished\":\"2023-08-12T13:14:56+00:00\",\"dateModified\":\"2023-08-12T16:17:33+00:00\",\"description\":\"Il enl\u00e8ve le maquillage et toutes les impuret\u00e9s, vous laissant une sensation de fra\u00eecheur et de propret\u00e9 Il adoucit et maintient l'hydratation de la couche corn\u00e9e Il ne bouche pas les pores et laisse le film sur la peau Il n'irrite pas les yeux Test\u00e9 ophtalmologiquement hypoallerg\u00e9nique.\",\"breadcrumb\":{\"@id\":\"https:\/\/para-sanita.fidsexcellence.tn\/?product=dermedic-hydrain-3-eau-micellaire-500-ml#breadcrumb\"},\"inLanguage\":\"fr-FR\",\"potentialAction\":[{\"@type\":\"ReadAction\",\"target\":[\"https:\/\/para-sanita.fidsexcellence.tn\/?product=dermedic-hydrain-3-eau-micellaire-500-ml\"]}]},{\"@type\":\"BreadcrumbList\",\"@id\":\"https:\/\/para-sanita.fidsexcellence.tn\/?product=dermedic-hydrain-3-eau-micellaire-500-ml#breadcrumb\",\"itemListElement\":[{\"@type\":\"ListItem\",\"position\":1,\"name\":\"Accueil\",\"item\":\"https:\/\/para-sanita.fidsexcellence.tn\/\"},{\"@type\":\"ListItem\",\"position\":2,\"name\":\"Shop\",\"item\":\"https:\/\/para-sanita.fidsexcellence.tn\/?page_id=3853\"},{\"@type\":\"ListItem\",\"position\":3,\"name\":\"DERMEDIC HYDRAIN 3 EAU MICELLAIRE 500 ML\"}]},{\"@type\":\"WebSite\",\"@id\":\"https:\/\/para-sanita.fidsexcellence.tn\/#website\",\"url\":\"https:\/\/para-sanita.fidsexcellence.tn\/\",\"name\":\"Para-Dis\",\"description\":\"\",\"publisher\":{\"@id\":\"https:\/\/para-sanita.fidsexcellence.tn\/#organization\"},\"potentialAction\":[{\"@type\":\"SearchAction\",\"target\":{\"@type\":\"EntryPoint\",\"urlTemplate\":\"https:\/\/para-sanita.fidsexcellence.tn\/?s={search_term_string}\"},\"query-input\":\"required name=search_term_string\"}],\"inLanguage\":\"fr-FR\"},{\"@type\":\"Organization\",\"@id\":\"https:\/\/para-sanita.fidsexcellence.tn\/#organization\",\"name\":\"Para-Dis\",\"url\":\"https:\/\/para-sanita.fidsexcellence.tn\/\",\"logo\":{\"@type\":\"ImageObject\",\"inLanguage\":\"fr-FR\",\"@id\":\"https:\/\/para-sanita.fidsexcellence.tn\/#\/schema\/logo\/image\/\",\"url\":\"https:\/\/para-sanita.fidsexcellence.tn\/wp-content\/uploads\/2025\/03\/cropped-logo-1.png\",\"contentUrl\":\"https:\/\/para-sanita.fidsexcellence.tn\/wp-content\/uploads\/2025\/03\/cropped-logo-1.png\",\"width\":502,\"height\":167,\"caption\":\"Para-Dis\"},\"image\":{\"@id\":\"https:\/\/para-sanita.fidsexcellence.tn\/#\/schema\/logo\/image\/\"}}]}<\/script>\n<!-- \/ Yoast SEO plugin. -->","yoast_head_json":{"title":"DERMEDIC HYDRAIN 3 EAU MICELLAIRE 500 ML - Para-Dis","description":"Il enl\u00e8ve le maquillage et toutes les impuret\u00e9s, vous laissant une sensation de fra\u00eecheur et de propret\u00e9 Il adoucit et maintient l'hydratation de la couche corn\u00e9e Il ne bouche pas les pores et laisse le film sur la peau Il n'irrite pas les yeux Test\u00e9 ophtalmologiquement hypoallerg\u00e9nique.","robots":{"index":"index","follow":"follow","max-snippet":"max-snippet:-1","max-image-preview":"max-image-preview:large","max-video-preview":"max-video-preview:-1"},"canonical":"https:\/\/para-sanita.fidsexcellence.tn\/?product=dermedic-hydrain-3-eau-micellaire-500-ml","og_locale":"fr_FR","og_type":"article","og_title":"DERMEDIC HYDRAIN 3 EAU MICELLAIRE 500 ML - Para-Dis","og_description":"Il enl\u00e8ve le maquillage et toutes les impuret\u00e9s, vous laissant une sensation de fra\u00eecheur et de propret\u00e9 Il adoucit et maintient l'hydratation de la couche corn\u00e9e Il ne bouche pas les pores et laisse le film sur la peau Il n'irrite pas les yeux Test\u00e9 ophtalmologiquement hypoallerg\u00e9nique.","og_url":"https:\/\/para-sanita.fidsexcellence.tn\/?product=dermedic-hydrain-3-eau-micellaire-500-ml","og_site_name":"Para-Dis","article_modified_time":"2023-08-12T16:17:33+00:00","og_image":[{"width":458,"height":458,"url":"https:\/\/para-sanita.fidsexcellence.tn\/wp-content\/uploads\/2023\/08\/dermedic-hydrain-3-eau-micellaire-500-ml.jpg","type":"image\/jpeg"}],"twitter_card":"summary_large_image","twitter_misc":{"Dur\u00e9e de lecture estim\u00e9e":"1 minute"},"schema":{"@context":"https:\/\/schema.org","@graph":[{"@type":"WebPage","@id":"https:\/\/para-sanita.fidsexcellence.tn\/?product=dermedic-hydrain-3-eau-micellaire-500-ml","url":"https:\/\/para-sanita.fidsexcellence.tn\/?product=dermedic-hydrain-3-eau-micellaire-500-ml","name":"DERMEDIC HYDRAIN 3 EAU MICELLAIRE 500 ML - Para-Dis","isPartOf":{"@id":"https:\/\/para-sanita.fidsexcellence.tn\/#website"},"datePublished":"2023-08-12T13:14:56+00:00","dateModified":"2023-08-12T16:17:33+00:00","description":"Il enl\u00e8ve le maquillage et toutes les impuret\u00e9s, vous laissant une sensation de fra\u00eecheur et de propret\u00e9 Il adoucit et maintient l'hydratation de la couche corn\u00e9e Il ne bouche pas les pores et laisse le film sur la peau Il n'irrite pas les yeux Test\u00e9 ophtalmologiquement hypoallerg\u00e9nique.","breadcrumb":{"@id":"https:\/\/para-sanita.fidsexcellence.tn\/?product=dermedic-hydrain-3-eau-micellaire-500-ml#breadcrumb"},"inLanguage":"fr-FR","potentialAction":[{"@type":"ReadAction","target":["https:\/\/para-sanita.fidsexcellence.tn\/?product=dermedic-hydrain-3-eau-micellaire-500-ml"]}]},{"@type":"BreadcrumbList","@id":"https:\/\/para-sanita.fidsexcellence.tn\/?product=dermedic-hydrain-3-eau-micellaire-500-ml#breadcrumb","itemListElement":[{"@type":"ListItem","position":1,"name":"Accueil","item":"https:\/\/para-sanita.fidsexcellence.tn\/"},{"@type":"ListItem","position":2,"name":"Shop","item":"https:\/\/para-sanita.fidsexcellence.tn\/?page_id=3853"},{"@type":"ListItem","position":3,"name":"DERMEDIC HYDRAIN 3 EAU MICELLAIRE 500 ML"}]},{"@type":"WebSite","@id":"https:\/\/para-sanita.fidsexcellence.tn\/#website","url":"https:\/\/para-sanita.fidsexcellence.tn\/","name":"Para-Dis","description":"","publisher":{"@id":"https:\/\/para-sanita.fidsexcellence.tn\/#organization"},"potentialAction":[{"@type":"SearchAction","target":{"@type":"EntryPoint","urlTemplate":"https:\/\/para-sanita.fidsexcellence.tn\/?s={search_term_string}"},"query-input":"required name=search_term_string"}],"inLanguage":"fr-FR"},{"@type":"Organization","@id":"https:\/\/para-sanita.fidsexcellence.tn\/#organization","name":"Para-Dis","url":"https:\/\/para-sanita.fidsexcellence.tn\/","logo":{"@type":"ImageObject","inLanguage":"fr-FR","@id":"https:\/\/para-sanita.fidsexcellence.tn\/#\/schema\/logo\/image\/","url":"https:\/\/para-sanita.fidsexcellence.tn\/wp-content\/uploads\/2025\/03\/cropped-logo-1.png","contentUrl":"https:\/\/para-sanita.fidsexcellence.tn\/wp-content\/uploads\/2025\/03\/cropped-logo-1.png","width":502,"height":167,"caption":"Para-Dis"},"image":{"@id":"https:\/\/para-sanita.fidsexcellence.tn\/#\/schema\/logo\/image\/"}}]}},"brands":[{"id":244,"name":"Dermedic","slug":"dermedic"}],"_links":{"self":[{"href":"https:\/\/para-sanita.fidsexcellence.tn\/index.php?rest_route=\/wp\/v2\/product\/11168","targetHints":{"allow":["GET"]}}],"collection":[{"href":"https:\/\/para-sanita.fidsexcellence.tn\/index.php?rest_route=\/wp\/v2\/product"}],"about":[{"href":"https:\/\/para-sanita.fidsexcellence.tn\/index.php?rest_route=\/wp\/v2\/types\/product"}],"replies":[{"embeddable":true,"href":"https:\/\/para-sanita.fidsexcellence.tn\/index.php?rest_route=%2Fwp%2Fv2%2Fcomments&post=11168"}],"version-history":[{"count":2,"href":"https:\/\/para-sanita.fidsexcellence.tn\/index.php?rest_route=\/wp\/v2\/product\/11168\/revisions"}],"predecessor-version":[{"id":11284,"href":"https:\/\/para-sanita.fidsexcellence.tn\/index.php?rest_route=\/wp\/v2\/product\/11168\/revisions\/11284"}],"wp:featuredmedia":[{"embeddable":true,"href":"https:\/\/para-sanita.fidsexcellence.tn\/index.php?rest_route=\/wp\/v2\/media\/11170"}],"wp:attachment":[{"href":"https:\/\/para-sanita.fidsexcellence.tn\/index.php?rest_route=%2Fwp%2Fv2%2Fmedia&parent=11168"}],"wp:term":[{"taxonomy":"pwb-brand","embeddable":true,"href":"https:\/\/para-sanita.fidsexcellence.tn\/index.php?rest_route=%2Fwp%2Fv2%2Fpwb-brand&post=11168"},{"taxonomy":"product_cat","embeddable":true,"href":"https:\/\/para-sanita.fidsexcellence.tn\/index.php?rest_route=%2Fwp%2Fv2%2Fproduct_cat&post=11168"},{"taxonomy":"product_tag","embeddable":true,"href":"https:\/\/para-sanita.fidsexcellence.tn\/index.php?rest_route=%2Fwp%2Fv2%2Fproduct_tag&post=11168"}],"curies":[{"name":"wp","href":"https:\/\/api.w.org\/{rel}","templated":true}]}}