{"id":11195,"date":"2023-08-12T13:32:44","date_gmt":"2023-08-12T13:32:44","guid":{"rendered":"https:\/\/para-sanita.fidsexcellence.tn\/?product=bio-orient-huile-damande-douce-10ml"},"modified":"2023-08-12T15:57:53","modified_gmt":"2023-08-12T15:57:53","slug":"bio-orient-huile-damande-douce-10ml","status":"publish","type":"product","link":"https:\/\/para-sanita.fidsexcellence.tn\/?product=bio-orient-huile-damande-douce-10ml","title":{"rendered":"BIO ORIENT HUILE D&#8217;AMANDE DOUCE 10ML"},"content":{"rendered":"<p>Tr\u00e8s douce, tr\u00e8s agr\u00e9able \u00e0 appliquer.Emolliente, nourrit la peau et la prot\u00e8ge du dess\u00e8chement.Assouplissante et fortifiante, active la r\u00e9paration de la peau.Apaisante, calme les d\u00e9mangeaisons et les irritations.Pr\u00e9vient l&#8217;apparition des vergetures.Pr\u00e9vient la d\u00e9shydratation des cheveux et \u00e9limine les pellicules.<br \/>\nConseils d\u2019utilisation :<br \/>\nS&#8217;utilise pure ou m\u00e9lang\u00e9e avec des huiles essentielles ou d&#8217;autres huiles v\u00e9g\u00e9tales, ou pour composer une huile de massage .Application cutan\u00e9e le soir<\/p>\n","protected":false},"excerpt":{"rendered":"<p>Tr\u00e8s douce, tr\u00e8s agr\u00e9able \u00e0 appliquer.Emolliente, nourrit la peau et la prot\u00e8ge du dess\u00e8chement.Assouplissante et fortifiante, active la r\u00e9paration de la peau.Apaisante, calme les d\u00e9mangeaisons et les irritations.Pr\u00e9vient l&#8217;apparition des vergetures.Pr\u00e9vient la d\u00e9shydratation des cheveux et \u00e9limine les pellicules.<br \/>\nConseils d\u2019utilisation :<br \/>\nS&#8217;utilise pure ou m\u00e9lang\u00e9e avec des huiles essentielles ou d&#8217;autres huiles v\u00e9g\u00e9tales, ou pour composer une huile de massage .Application cutan\u00e9e le soir<\/p>\n","protected":false},"featured_media":11197,"comment_status":"closed","ping_status":"closed","template":"","meta":[],"pwb-brand":[237],"product_cat":[236,235],"product_tag":[],"class_list":{"0":"post-11195","1":"product","2":"type-product","3":"status-publish","4":"has-post-thumbnail","6":"pwb-brand-bio-orient","7":"product_cat-aromatheraphie","8":"product_cat-sanita-bio","10":"first","11":"instock","12":"purchasable","13":"product-type-simple"},"acf":[],"yoast_head":"<!-- This site is optimized with the Yoast SEO plugin v20.13 - https:\/\/yoast.com\/wordpress\/plugins\/seo\/ -->\n<title>BIO ORIENT HUILE D&#039;AMANDE DOUCE 10ML - Para-Dis<\/title>\n<meta name=\"description\" content=\"Tr\u00e8s douce, tr\u00e8s agr\u00e9able \u00e0 appliquer.Emolliente, nourrit la peau et la prot\u00e8ge du dess\u00e8chement.Assouplissante et fortifiante, active la r\u00e9paration de la peau.Apaisante, calme les d\u00e9mangeaisons et les irritations.Pr\u00e9vient l&#039;apparition des vergetures.Pr\u00e9vient la d\u00e9shydratation des cheveux et \u00e9limine les pellicules.Conseils d\u2019utilisation :S&#039;utilise pure ou m\u00e9lang\u00e9e avec des huiles essentielles ou d&#039;autres huiles v\u00e9g\u00e9tales, ou pour composer une huile de massage .Application cutan\u00e9e le soir\" \/>\n<meta name=\"robots\" content=\"index, follow, max-snippet:-1, max-image-preview:large, max-video-preview:-1\" \/>\n<link rel=\"canonical\" href=\"https:\/\/para-sanita.fidsexcellence.tn\/?product=bio-orient-huile-damande-douce-10ml\" \/>\n<meta property=\"og:locale\" content=\"fr_FR\" \/>\n<meta property=\"og:type\" content=\"article\" \/>\n<meta property=\"og:title\" content=\"BIO ORIENT HUILE D&#039;AMANDE DOUCE 10ML - Para-Dis\" \/>\n<meta property=\"og:description\" content=\"Tr\u00e8s douce, tr\u00e8s agr\u00e9able \u00e0 appliquer.Emolliente, nourrit la peau et la prot\u00e8ge du dess\u00e8chement.Assouplissante et fortifiante, active la r\u00e9paration de la peau.Apaisante, calme les d\u00e9mangeaisons et les irritations.Pr\u00e9vient l&#039;apparition des vergetures.Pr\u00e9vient la d\u00e9shydratation des cheveux et \u00e9limine les pellicules.Conseils d\u2019utilisation :S&#039;utilise pure ou m\u00e9lang\u00e9e avec des huiles essentielles ou d&#039;autres huiles v\u00e9g\u00e9tales, ou pour composer une huile de massage .Application cutan\u00e9e le soir\" \/>\n<meta property=\"og:url\" content=\"https:\/\/para-sanita.fidsexcellence.tn\/?product=bio-orient-huile-damande-douce-10ml\" \/>\n<meta property=\"og:site_name\" content=\"Para-Dis\" \/>\n<meta property=\"article:modified_time\" content=\"2023-08-12T15:57:53+00:00\" \/>\n<meta property=\"og:image\" content=\"https:\/\/para-sanita.fidsexcellence.tn\/wp-content\/uploads\/2023\/08\/huile-vegetale-d-amande-douce-bio-10ml-bio-orient.jpg\" \/>\n\t<meta property=\"og:image:width\" content=\"250\" \/>\n\t<meta property=\"og:image:height\" content=\"250\" \/>\n\t<meta property=\"og:image:type\" content=\"image\/jpeg\" \/>\n<meta name=\"twitter:card\" content=\"summary_large_image\" \/>\n<meta name=\"twitter:label1\" content=\"Dur\u00e9e de lecture estim\u00e9e\" \/>\n\t<meta name=\"twitter:data1\" content=\"1 minute\" \/>\n<script type=\"application\/ld+json\" class=\"yoast-schema-graph\">{\"@context\":\"https:\/\/schema.org\",\"@graph\":[{\"@type\":\"WebPage\",\"@id\":\"https:\/\/para-sanita.fidsexcellence.tn\/?product=bio-orient-huile-damande-douce-10ml\",\"url\":\"https:\/\/para-sanita.fidsexcellence.tn\/?product=bio-orient-huile-damande-douce-10ml\",\"name\":\"BIO ORIENT HUILE D'AMANDE DOUCE 10ML - Para-Dis\",\"isPartOf\":{\"@id\":\"https:\/\/para-sanita.fidsexcellence.tn\/#website\"},\"datePublished\":\"2023-08-12T13:32:44+00:00\",\"dateModified\":\"2023-08-12T15:57:53+00:00\",\"description\":\"Tr\u00e8s douce, tr\u00e8s agr\u00e9able \u00e0 appliquer.Emolliente, nourrit la peau et la prot\u00e8ge du dess\u00e8chement.Assouplissante et fortifiante, active la r\u00e9paration de la peau.Apaisante, calme les d\u00e9mangeaisons et les irritations.Pr\u00e9vient l'apparition des vergetures.Pr\u00e9vient la d\u00e9shydratation des cheveux et \u00e9limine les pellicules.Conseils d\u2019utilisation :S'utilise pure ou m\u00e9lang\u00e9e avec des huiles essentielles ou d'autres huiles v\u00e9g\u00e9tales, ou pour composer une huile de massage .Application cutan\u00e9e le soir\",\"breadcrumb\":{\"@id\":\"https:\/\/para-sanita.fidsexcellence.tn\/?product=bio-orient-huile-damande-douce-10ml#breadcrumb\"},\"inLanguage\":\"fr-FR\",\"potentialAction\":[{\"@type\":\"ReadAction\",\"target\":[\"https:\/\/para-sanita.fidsexcellence.tn\/?product=bio-orient-huile-damande-douce-10ml\"]}]},{\"@type\":\"BreadcrumbList\",\"@id\":\"https:\/\/para-sanita.fidsexcellence.tn\/?product=bio-orient-huile-damande-douce-10ml#breadcrumb\",\"itemListElement\":[{\"@type\":\"ListItem\",\"position\":1,\"name\":\"Accueil\",\"item\":\"https:\/\/para-sanita.fidsexcellence.tn\/\"},{\"@type\":\"ListItem\",\"position\":2,\"name\":\"Shop\",\"item\":\"https:\/\/para-sanita.fidsexcellence.tn\/?page_id=3853\"},{\"@type\":\"ListItem\",\"position\":3,\"name\":\"BIO ORIENT HUILE D&#8217;AMANDE DOUCE 10ML\"}]},{\"@type\":\"WebSite\",\"@id\":\"https:\/\/para-sanita.fidsexcellence.tn\/#website\",\"url\":\"https:\/\/para-sanita.fidsexcellence.tn\/\",\"name\":\"Para-Dis\",\"description\":\"\",\"publisher\":{\"@id\":\"https:\/\/para-sanita.fidsexcellence.tn\/#organization\"},\"potentialAction\":[{\"@type\":\"SearchAction\",\"target\":{\"@type\":\"EntryPoint\",\"urlTemplate\":\"https:\/\/para-sanita.fidsexcellence.tn\/?s={search_term_string}\"},\"query-input\":\"required name=search_term_string\"}],\"inLanguage\":\"fr-FR\"},{\"@type\":\"Organization\",\"@id\":\"https:\/\/para-sanita.fidsexcellence.tn\/#organization\",\"name\":\"Para-Dis\",\"url\":\"https:\/\/para-sanita.fidsexcellence.tn\/\",\"logo\":{\"@type\":\"ImageObject\",\"inLanguage\":\"fr-FR\",\"@id\":\"https:\/\/para-sanita.fidsexcellence.tn\/#\/schema\/logo\/image\/\",\"url\":\"https:\/\/para-sanita.fidsexcellence.tn\/wp-content\/uploads\/2025\/03\/cropped-logo-1.png\",\"contentUrl\":\"https:\/\/para-sanita.fidsexcellence.tn\/wp-content\/uploads\/2025\/03\/cropped-logo-1.png\",\"width\":502,\"height\":167,\"caption\":\"Para-Dis\"},\"image\":{\"@id\":\"https:\/\/para-sanita.fidsexcellence.tn\/#\/schema\/logo\/image\/\"}}]}<\/script>\n<!-- \/ Yoast SEO plugin. -->","yoast_head_json":{"title":"BIO ORIENT HUILE D'AMANDE DOUCE 10ML - Para-Dis","description":"Tr\u00e8s douce, tr\u00e8s agr\u00e9able \u00e0 appliquer.Emolliente, nourrit la peau et la prot\u00e8ge du dess\u00e8chement.Assouplissante et fortifiante, active la r\u00e9paration de la peau.Apaisante, calme les d\u00e9mangeaisons et les irritations.Pr\u00e9vient l'apparition des vergetures.Pr\u00e9vient la d\u00e9shydratation des cheveux et \u00e9limine les pellicules.Conseils d\u2019utilisation :S'utilise pure ou m\u00e9lang\u00e9e avec des huiles essentielles ou d'autres huiles v\u00e9g\u00e9tales, ou pour composer une huile de massage .Application cutan\u00e9e le soir","robots":{"index":"index","follow":"follow","max-snippet":"max-snippet:-1","max-image-preview":"max-image-preview:large","max-video-preview":"max-video-preview:-1"},"canonical":"https:\/\/para-sanita.fidsexcellence.tn\/?product=bio-orient-huile-damande-douce-10ml","og_locale":"fr_FR","og_type":"article","og_title":"BIO ORIENT HUILE D'AMANDE DOUCE 10ML - Para-Dis","og_description":"Tr\u00e8s douce, tr\u00e8s agr\u00e9able \u00e0 appliquer.Emolliente, nourrit la peau et la prot\u00e8ge du dess\u00e8chement.Assouplissante et fortifiante, active la r\u00e9paration de la peau.Apaisante, calme les d\u00e9mangeaisons et les irritations.Pr\u00e9vient l'apparition des vergetures.Pr\u00e9vient la d\u00e9shydratation des cheveux et \u00e9limine les pellicules.Conseils d\u2019utilisation :S'utilise pure ou m\u00e9lang\u00e9e avec des huiles essentielles ou d'autres huiles v\u00e9g\u00e9tales, ou pour composer une huile de massage .Application cutan\u00e9e le soir","og_url":"https:\/\/para-sanita.fidsexcellence.tn\/?product=bio-orient-huile-damande-douce-10ml","og_site_name":"Para-Dis","article_modified_time":"2023-08-12T15:57:53+00:00","og_image":[{"width":250,"height":250,"url":"https:\/\/para-sanita.fidsexcellence.tn\/wp-content\/uploads\/2023\/08\/huile-vegetale-d-amande-douce-bio-10ml-bio-orient.jpg","type":"image\/jpeg"}],"twitter_card":"summary_large_image","twitter_misc":{"Dur\u00e9e de lecture estim\u00e9e":"1 minute"},"schema":{"@context":"https:\/\/schema.org","@graph":[{"@type":"WebPage","@id":"https:\/\/para-sanita.fidsexcellence.tn\/?product=bio-orient-huile-damande-douce-10ml","url":"https:\/\/para-sanita.fidsexcellence.tn\/?product=bio-orient-huile-damande-douce-10ml","name":"BIO ORIENT HUILE D'AMANDE DOUCE 10ML - Para-Dis","isPartOf":{"@id":"https:\/\/para-sanita.fidsexcellence.tn\/#website"},"datePublished":"2023-08-12T13:32:44+00:00","dateModified":"2023-08-12T15:57:53+00:00","description":"Tr\u00e8s douce, tr\u00e8s agr\u00e9able \u00e0 appliquer.Emolliente, nourrit la peau et la prot\u00e8ge du dess\u00e8chement.Assouplissante et fortifiante, active la r\u00e9paration de la peau.Apaisante, calme les d\u00e9mangeaisons et les irritations.Pr\u00e9vient l'apparition des vergetures.Pr\u00e9vient la d\u00e9shydratation des cheveux et \u00e9limine les pellicules.Conseils d\u2019utilisation :S'utilise pure ou m\u00e9lang\u00e9e avec des huiles essentielles ou d'autres huiles v\u00e9g\u00e9tales, ou pour composer une huile de massage .Application cutan\u00e9e le soir","breadcrumb":{"@id":"https:\/\/para-sanita.fidsexcellence.tn\/?product=bio-orient-huile-damande-douce-10ml#breadcrumb"},"inLanguage":"fr-FR","potentialAction":[{"@type":"ReadAction","target":["https:\/\/para-sanita.fidsexcellence.tn\/?product=bio-orient-huile-damande-douce-10ml"]}]},{"@type":"BreadcrumbList","@id":"https:\/\/para-sanita.fidsexcellence.tn\/?product=bio-orient-huile-damande-douce-10ml#breadcrumb","itemListElement":[{"@type":"ListItem","position":1,"name":"Accueil","item":"https:\/\/para-sanita.fidsexcellence.tn\/"},{"@type":"ListItem","position":2,"name":"Shop","item":"https:\/\/para-sanita.fidsexcellence.tn\/?page_id=3853"},{"@type":"ListItem","position":3,"name":"BIO ORIENT HUILE D&#8217;AMANDE DOUCE 10ML"}]},{"@type":"WebSite","@id":"https:\/\/para-sanita.fidsexcellence.tn\/#website","url":"https:\/\/para-sanita.fidsexcellence.tn\/","name":"Para-Dis","description":"","publisher":{"@id":"https:\/\/para-sanita.fidsexcellence.tn\/#organization"},"potentialAction":[{"@type":"SearchAction","target":{"@type":"EntryPoint","urlTemplate":"https:\/\/para-sanita.fidsexcellence.tn\/?s={search_term_string}"},"query-input":"required name=search_term_string"}],"inLanguage":"fr-FR"},{"@type":"Organization","@id":"https:\/\/para-sanita.fidsexcellence.tn\/#organization","name":"Para-Dis","url":"https:\/\/para-sanita.fidsexcellence.tn\/","logo":{"@type":"ImageObject","inLanguage":"fr-FR","@id":"https:\/\/para-sanita.fidsexcellence.tn\/#\/schema\/logo\/image\/","url":"https:\/\/para-sanita.fidsexcellence.tn\/wp-content\/uploads\/2025\/03\/cropped-logo-1.png","contentUrl":"https:\/\/para-sanita.fidsexcellence.tn\/wp-content\/uploads\/2025\/03\/cropped-logo-1.png","width":502,"height":167,"caption":"Para-Dis"},"image":{"@id":"https:\/\/para-sanita.fidsexcellence.tn\/#\/schema\/logo\/image\/"}}]}},"brands":[{"id":237,"name":"Bio Orient","slug":"bio-orient"}],"_links":{"self":[{"href":"https:\/\/para-sanita.fidsexcellence.tn\/index.php?rest_route=\/wp\/v2\/product\/11195","targetHints":{"allow":["GET"]}}],"collection":[{"href":"https:\/\/para-sanita.fidsexcellence.tn\/index.php?rest_route=\/wp\/v2\/product"}],"about":[{"href":"https:\/\/para-sanita.fidsexcellence.tn\/index.php?rest_route=\/wp\/v2\/types\/product"}],"replies":[{"embeddable":true,"href":"https:\/\/para-sanita.fidsexcellence.tn\/index.php?rest_route=%2Fwp%2Fv2%2Fcomments&post=11195"}],"version-history":[{"count":1,"href":"https:\/\/para-sanita.fidsexcellence.tn\/index.php?rest_route=\/wp\/v2\/product\/11195\/revisions"}],"predecessor-version":[{"id":11196,"href":"https:\/\/para-sanita.fidsexcellence.tn\/index.php?rest_route=\/wp\/v2\/product\/11195\/revisions\/11196"}],"wp:featuredmedia":[{"embeddable":true,"href":"https:\/\/para-sanita.fidsexcellence.tn\/index.php?rest_route=\/wp\/v2\/media\/11197"}],"wp:attachment":[{"href":"https:\/\/para-sanita.fidsexcellence.tn\/index.php?rest_route=%2Fwp%2Fv2%2Fmedia&parent=11195"}],"wp:term":[{"taxonomy":"pwb-brand","embeddable":true,"href":"https:\/\/para-sanita.fidsexcellence.tn\/index.php?rest_route=%2Fwp%2Fv2%2Fpwb-brand&post=11195"},{"taxonomy":"product_cat","embeddable":true,"href":"https:\/\/para-sanita.fidsexcellence.tn\/index.php?rest_route=%2Fwp%2Fv2%2Fproduct_cat&post=11195"},{"taxonomy":"product_tag","embeddable":true,"href":"https:\/\/para-sanita.fidsexcellence.tn\/index.php?rest_route=%2Fwp%2Fv2%2Fproduct_tag&post=11195"}],"curies":[{"name":"wp","href":"https:\/\/api.w.org\/{rel}","templated":true}]}}