{"id":11198,"date":"2023-08-12T13:34:47","date_gmt":"2023-08-12T13:34:47","guid":{"rendered":"https:\/\/para-sanita.fidsexcellence.tn\/?product=bio-orient-bio-orient-huile-de-noix-de-coco-10ml"},"modified":"2023-08-12T15:56:26","modified_gmt":"2023-08-12T15:56:26","slug":"bio-orient-bio-orient-huile-de-noix-de-coco-10ml","status":"publish","type":"product","link":"https:\/\/para-sanita.fidsexcellence.tn\/?product=bio-orient-bio-orient-huile-de-noix-de-coco-10ml","title":{"rendered":"BIO ORIENT BIO ORIENT HUILE DE NOIX DE COCO, 10ML"},"content":{"rendered":"<p>L\u2019huile v\u00e9g\u00e9tale de noix de coco BIO ORIENT est un v\u00e9ritable soin ultra nourrissant aussi bien pour la peau que pour les cheveux.<br \/>\nL\u2019huile de noix de coco est particuli\u00e8rement appr\u00e9ci\u00e9e pour son parfum envo\u00fbtant et sucr\u00e9.<br \/>\nExtr\u00eamement nourrissante, l\u2019huile de noix de coco r\u00e9duit consid\u00e9rablement la d\u00e9shydratation de votre peau et pr\u00e9vient l\u2019apparition de rides .<br \/>\nRafra\u00eechissante, calmante et hydratante, le coco att\u00e9nue les rougeurs et les petites irritations .Cette huile convient parfaitement aux peaux fragiles et sensibles.<br \/>\nOn peut m\u00eame l\u2019utiliser comme d\u00e9maquillant, en massant d\u00e9licatement tout le visage avec l\u2019huile de noix de coco.<\/p>\n","protected":false},"excerpt":{"rendered":"<p>L\u2019huile v\u00e9g\u00e9tale de noix de coco BIO ORIENT est un v\u00e9ritable soin ultra nourrissant aussi bien pour la peau que pour les cheveux.<br \/>\nL\u2019huile de noix de coco est particuli\u00e8rement appr\u00e9ci\u00e9e pour son parfum envo\u00fbtant et sucr\u00e9.<br \/>\nExtr\u00eamement nourrissante, l\u2019huile de noix de coco r\u00e9duit consid\u00e9rablement la d\u00e9shydratation de votre peau et pr\u00e9vient l\u2019apparition de rides .<br \/>\nRafra\u00eechissante, calmante et hydratante, le coco att\u00e9nue les rougeurs et les petites irritations .Cette huile convient parfaitement aux peaux fragiles et sensibles.<br \/>\nOn peut m\u00eame l\u2019utiliser comme d\u00e9maquillant, en massant d\u00e9licatement tout le visage avec l\u2019huile de noix de coco.<\/p>\n","protected":false},"featured_media":11200,"comment_status":"closed","ping_status":"closed","template":"","meta":[],"pwb-brand":[237],"product_cat":[236,235],"product_tag":[],"class_list":{"0":"post-11198","1":"product","2":"type-product","3":"status-publish","4":"has-post-thumbnail","6":"pwb-brand-bio-orient","7":"product_cat-aromatheraphie","8":"product_cat-sanita-bio","10":"first","11":"instock","12":"purchasable","13":"product-type-simple"},"acf":[],"yoast_head":"<!-- This site is optimized with the Yoast SEO plugin v20.13 - https:\/\/yoast.com\/wordpress\/plugins\/seo\/ -->\n<title>BIO ORIENT BIO ORIENT HUILE DE NOIX DE COCO, 10ML - Para-Dis<\/title>\n<meta name=\"robots\" content=\"index, follow, max-snippet:-1, max-image-preview:large, max-video-preview:-1\" \/>\n<link rel=\"canonical\" href=\"https:\/\/para-sanita.fidsexcellence.tn\/?product=bio-orient-bio-orient-huile-de-noix-de-coco-10ml\" \/>\n<meta property=\"og:locale\" content=\"fr_FR\" \/>\n<meta property=\"og:type\" content=\"article\" \/>\n<meta property=\"og:title\" content=\"BIO ORIENT BIO ORIENT HUILE DE NOIX DE COCO, 10ML - Para-Dis\" \/>\n<meta property=\"og:description\" content=\"L\u2019huile v\u00e9g\u00e9tale de noix de coco BIO ORIENT est un v\u00e9ritable soin ultra nourrissant aussi bien pour la peau que pour les cheveux. L\u2019huile de noix de coco est particuli\u00e8rement appr\u00e9ci\u00e9e pour son parfum envo\u00fbtant et sucr\u00e9. Extr\u00eamement nourrissante, l\u2019huile de noix de coco r\u00e9duit consid\u00e9rablement la d\u00e9shydratation de votre peau et pr\u00e9vient l\u2019apparition de rides . Rafra\u00eechissante, calmante et hydratante, le coco att\u00e9nue les rougeurs et les petites irritations .Cette huile convient parfaitement aux peaux fragiles et sensibles. On peut m\u00eame l\u2019utiliser comme d\u00e9maquillant, en massant d\u00e9licatement tout le visage avec l\u2019huile de noix de coco.\" \/>\n<meta property=\"og:url\" content=\"https:\/\/para-sanita.fidsexcellence.tn\/?product=bio-orient-bio-orient-huile-de-noix-de-coco-10ml\" \/>\n<meta property=\"og:site_name\" content=\"Para-Dis\" \/>\n<meta property=\"article:modified_time\" content=\"2023-08-12T15:56:26+00:00\" \/>\n<meta property=\"og:image\" content=\"https:\/\/para-sanita.fidsexcellence.tn\/wp-content\/uploads\/2023\/08\/NOIX-DE-COCO-10ML.jpg\" \/>\n\t<meta property=\"og:image:width\" content=\"512\" \/>\n\t<meta property=\"og:image:height\" content=\"512\" \/>\n\t<meta property=\"og:image:type\" content=\"image\/jpeg\" \/>\n<meta name=\"twitter:card\" content=\"summary_large_image\" \/>\n<meta name=\"twitter:label1\" content=\"Dur\u00e9e de lecture estim\u00e9e\" \/>\n\t<meta name=\"twitter:data1\" content=\"1 minute\" \/>\n<script type=\"application\/ld+json\" class=\"yoast-schema-graph\">{\"@context\":\"https:\/\/schema.org\",\"@graph\":[{\"@type\":\"WebPage\",\"@id\":\"https:\/\/para-sanita.fidsexcellence.tn\/?product=bio-orient-bio-orient-huile-de-noix-de-coco-10ml\",\"url\":\"https:\/\/para-sanita.fidsexcellence.tn\/?product=bio-orient-bio-orient-huile-de-noix-de-coco-10ml\",\"name\":\"BIO ORIENT BIO ORIENT HUILE DE NOIX DE COCO, 10ML - Para-Dis\",\"isPartOf\":{\"@id\":\"https:\/\/para-sanita.fidsexcellence.tn\/#website\"},\"datePublished\":\"2023-08-12T13:34:47+00:00\",\"dateModified\":\"2023-08-12T15:56:26+00:00\",\"breadcrumb\":{\"@id\":\"https:\/\/para-sanita.fidsexcellence.tn\/?product=bio-orient-bio-orient-huile-de-noix-de-coco-10ml#breadcrumb\"},\"inLanguage\":\"fr-FR\",\"potentialAction\":[{\"@type\":\"ReadAction\",\"target\":[\"https:\/\/para-sanita.fidsexcellence.tn\/?product=bio-orient-bio-orient-huile-de-noix-de-coco-10ml\"]}]},{\"@type\":\"BreadcrumbList\",\"@id\":\"https:\/\/para-sanita.fidsexcellence.tn\/?product=bio-orient-bio-orient-huile-de-noix-de-coco-10ml#breadcrumb\",\"itemListElement\":[{\"@type\":\"ListItem\",\"position\":1,\"name\":\"Accueil\",\"item\":\"https:\/\/para-sanita.fidsexcellence.tn\/\"},{\"@type\":\"ListItem\",\"position\":2,\"name\":\"Shop\",\"item\":\"https:\/\/para-sanita.fidsexcellence.tn\/?page_id=3853\"},{\"@type\":\"ListItem\",\"position\":3,\"name\":\"BIO ORIENT BIO ORIENT HUILE DE NOIX DE COCO, 10ML\"}]},{\"@type\":\"WebSite\",\"@id\":\"https:\/\/para-sanita.fidsexcellence.tn\/#website\",\"url\":\"https:\/\/para-sanita.fidsexcellence.tn\/\",\"name\":\"Para-Dis\",\"description\":\"\",\"publisher\":{\"@id\":\"https:\/\/para-sanita.fidsexcellence.tn\/#organization\"},\"potentialAction\":[{\"@type\":\"SearchAction\",\"target\":{\"@type\":\"EntryPoint\",\"urlTemplate\":\"https:\/\/para-sanita.fidsexcellence.tn\/?s={search_term_string}\"},\"query-input\":\"required name=search_term_string\"}],\"inLanguage\":\"fr-FR\"},{\"@type\":\"Organization\",\"@id\":\"https:\/\/para-sanita.fidsexcellence.tn\/#organization\",\"name\":\"Para-Dis\",\"url\":\"https:\/\/para-sanita.fidsexcellence.tn\/\",\"logo\":{\"@type\":\"ImageObject\",\"inLanguage\":\"fr-FR\",\"@id\":\"https:\/\/para-sanita.fidsexcellence.tn\/#\/schema\/logo\/image\/\",\"url\":\"https:\/\/para-sanita.fidsexcellence.tn\/wp-content\/uploads\/2025\/03\/cropped-logo-1.png\",\"contentUrl\":\"https:\/\/para-sanita.fidsexcellence.tn\/wp-content\/uploads\/2025\/03\/cropped-logo-1.png\",\"width\":502,\"height\":167,\"caption\":\"Para-Dis\"},\"image\":{\"@id\":\"https:\/\/para-sanita.fidsexcellence.tn\/#\/schema\/logo\/image\/\"}}]}<\/script>\n<!-- \/ Yoast SEO plugin. -->","yoast_head_json":{"title":"BIO ORIENT BIO ORIENT HUILE DE NOIX DE COCO, 10ML - Para-Dis","robots":{"index":"index","follow":"follow","max-snippet":"max-snippet:-1","max-image-preview":"max-image-preview:large","max-video-preview":"max-video-preview:-1"},"canonical":"https:\/\/para-sanita.fidsexcellence.tn\/?product=bio-orient-bio-orient-huile-de-noix-de-coco-10ml","og_locale":"fr_FR","og_type":"article","og_title":"BIO ORIENT BIO ORIENT HUILE DE NOIX DE COCO, 10ML - Para-Dis","og_description":"L\u2019huile v\u00e9g\u00e9tale de noix de coco BIO ORIENT est un v\u00e9ritable soin ultra nourrissant aussi bien pour la peau que pour les cheveux. L\u2019huile de noix de coco est particuli\u00e8rement appr\u00e9ci\u00e9e pour son parfum envo\u00fbtant et sucr\u00e9. Extr\u00eamement nourrissante, l\u2019huile de noix de coco r\u00e9duit consid\u00e9rablement la d\u00e9shydratation de votre peau et pr\u00e9vient l\u2019apparition de rides . Rafra\u00eechissante, calmante et hydratante, le coco att\u00e9nue les rougeurs et les petites irritations .Cette huile convient parfaitement aux peaux fragiles et sensibles. On peut m\u00eame l\u2019utiliser comme d\u00e9maquillant, en massant d\u00e9licatement tout le visage avec l\u2019huile de noix de coco.","og_url":"https:\/\/para-sanita.fidsexcellence.tn\/?product=bio-orient-bio-orient-huile-de-noix-de-coco-10ml","og_site_name":"Para-Dis","article_modified_time":"2023-08-12T15:56:26+00:00","og_image":[{"width":512,"height":512,"url":"https:\/\/para-sanita.fidsexcellence.tn\/wp-content\/uploads\/2023\/08\/NOIX-DE-COCO-10ML.jpg","type":"image\/jpeg"}],"twitter_card":"summary_large_image","twitter_misc":{"Dur\u00e9e de lecture estim\u00e9e":"1 minute"},"schema":{"@context":"https:\/\/schema.org","@graph":[{"@type":"WebPage","@id":"https:\/\/para-sanita.fidsexcellence.tn\/?product=bio-orient-bio-orient-huile-de-noix-de-coco-10ml","url":"https:\/\/para-sanita.fidsexcellence.tn\/?product=bio-orient-bio-orient-huile-de-noix-de-coco-10ml","name":"BIO ORIENT BIO ORIENT HUILE DE NOIX DE COCO, 10ML - Para-Dis","isPartOf":{"@id":"https:\/\/para-sanita.fidsexcellence.tn\/#website"},"datePublished":"2023-08-12T13:34:47+00:00","dateModified":"2023-08-12T15:56:26+00:00","breadcrumb":{"@id":"https:\/\/para-sanita.fidsexcellence.tn\/?product=bio-orient-bio-orient-huile-de-noix-de-coco-10ml#breadcrumb"},"inLanguage":"fr-FR","potentialAction":[{"@type":"ReadAction","target":["https:\/\/para-sanita.fidsexcellence.tn\/?product=bio-orient-bio-orient-huile-de-noix-de-coco-10ml"]}]},{"@type":"BreadcrumbList","@id":"https:\/\/para-sanita.fidsexcellence.tn\/?product=bio-orient-bio-orient-huile-de-noix-de-coco-10ml#breadcrumb","itemListElement":[{"@type":"ListItem","position":1,"name":"Accueil","item":"https:\/\/para-sanita.fidsexcellence.tn\/"},{"@type":"ListItem","position":2,"name":"Shop","item":"https:\/\/para-sanita.fidsexcellence.tn\/?page_id=3853"},{"@type":"ListItem","position":3,"name":"BIO ORIENT BIO ORIENT HUILE DE NOIX DE COCO, 10ML"}]},{"@type":"WebSite","@id":"https:\/\/para-sanita.fidsexcellence.tn\/#website","url":"https:\/\/para-sanita.fidsexcellence.tn\/","name":"Para-Dis","description":"","publisher":{"@id":"https:\/\/para-sanita.fidsexcellence.tn\/#organization"},"potentialAction":[{"@type":"SearchAction","target":{"@type":"EntryPoint","urlTemplate":"https:\/\/para-sanita.fidsexcellence.tn\/?s={search_term_string}"},"query-input":"required name=search_term_string"}],"inLanguage":"fr-FR"},{"@type":"Organization","@id":"https:\/\/para-sanita.fidsexcellence.tn\/#organization","name":"Para-Dis","url":"https:\/\/para-sanita.fidsexcellence.tn\/","logo":{"@type":"ImageObject","inLanguage":"fr-FR","@id":"https:\/\/para-sanita.fidsexcellence.tn\/#\/schema\/logo\/image\/","url":"https:\/\/para-sanita.fidsexcellence.tn\/wp-content\/uploads\/2025\/03\/cropped-logo-1.png","contentUrl":"https:\/\/para-sanita.fidsexcellence.tn\/wp-content\/uploads\/2025\/03\/cropped-logo-1.png","width":502,"height":167,"caption":"Para-Dis"},"image":{"@id":"https:\/\/para-sanita.fidsexcellence.tn\/#\/schema\/logo\/image\/"}}]}},"brands":[{"id":237,"name":"Bio Orient","slug":"bio-orient"}],"_links":{"self":[{"href":"https:\/\/para-sanita.fidsexcellence.tn\/index.php?rest_route=\/wp\/v2\/product\/11198","targetHints":{"allow":["GET"]}}],"collection":[{"href":"https:\/\/para-sanita.fidsexcellence.tn\/index.php?rest_route=\/wp\/v2\/product"}],"about":[{"href":"https:\/\/para-sanita.fidsexcellence.tn\/index.php?rest_route=\/wp\/v2\/types\/product"}],"replies":[{"embeddable":true,"href":"https:\/\/para-sanita.fidsexcellence.tn\/index.php?rest_route=%2Fwp%2Fv2%2Fcomments&post=11198"}],"version-history":[{"count":1,"href":"https:\/\/para-sanita.fidsexcellence.tn\/index.php?rest_route=\/wp\/v2\/product\/11198\/revisions"}],"predecessor-version":[{"id":11199,"href":"https:\/\/para-sanita.fidsexcellence.tn\/index.php?rest_route=\/wp\/v2\/product\/11198\/revisions\/11199"}],"wp:featuredmedia":[{"embeddable":true,"href":"https:\/\/para-sanita.fidsexcellence.tn\/index.php?rest_route=\/wp\/v2\/media\/11200"}],"wp:attachment":[{"href":"https:\/\/para-sanita.fidsexcellence.tn\/index.php?rest_route=%2Fwp%2Fv2%2Fmedia&parent=11198"}],"wp:term":[{"taxonomy":"pwb-brand","embeddable":true,"href":"https:\/\/para-sanita.fidsexcellence.tn\/index.php?rest_route=%2Fwp%2Fv2%2Fpwb-brand&post=11198"},{"taxonomy":"product_cat","embeddable":true,"href":"https:\/\/para-sanita.fidsexcellence.tn\/index.php?rest_route=%2Fwp%2Fv2%2Fproduct_cat&post=11198"},{"taxonomy":"product_tag","embeddable":true,"href":"https:\/\/para-sanita.fidsexcellence.tn\/index.php?rest_route=%2Fwp%2Fv2%2Fproduct_tag&post=11198"}],"curies":[{"name":"wp","href":"https:\/\/api.w.org\/{rel}","templated":true}]}}