{"id":11204,"date":"2023-08-12T13:37:10","date_gmt":"2023-08-12T13:37:10","guid":{"rendered":"https:\/\/para-sanita.fidsexcellence.tn\/?product=aktiv-capilvit-30-gelules"},"modified":"2023-08-12T15:21:36","modified_gmt":"2023-08-12T15:21:36","slug":"aktiv-capilvit-30-gelules","status":"publish","type":"product","link":"https:\/\/para-sanita.fidsexcellence.tn\/?product=aktiv-capilvit-30-gelules","title":{"rendered":"AKTIV CAPILVIT, 30 G\u00e9lules"},"content":{"rendered":"<p>Doppelherz\u00ae aktiv Capilvit est une combinaison sp\u00e9ciale d&#8217;extrait de sorgho, d&#8217;huile de germe de bl\u00e9, de biotine, de vitamine B6, de zinc et d&#8217;acide pantoth\u00e9nique, \u00e9labor\u00e9e pour des cheveux forts et en bonne sant\u00e9.<\/p>\n","protected":false},"excerpt":{"rendered":"<p>Doppelherz\u00ae aktiv Capilvit est une combinaison sp\u00e9ciale d&#8217;extrait de sorgho, d&#8217;huile de germe de bl\u00e9, de biotine, de vitamine B6, de zinc et d&#8217;acide pantoth\u00e9nique, \u00e9labor\u00e9e pour des cheveux forts et en bonne sant\u00e9.<\/p>\n","protected":false},"featured_media":11206,"comment_status":"closed","ping_status":"closed","template":"","meta":[],"pwb-brand":[],"product_cat":[183,192],"product_tag":[],"class_list":{"0":"post-11204","1":"product","2":"type-product","3":"status-publish","4":"has-post-thumbnail","6":"product_cat-cheveux","7":"product_cat-complements-cheveux-et-ongles","9":"first","10":"instock","11":"purchasable","12":"product-type-simple"},"acf":[],"yoast_head":"<!-- This site is optimized with the Yoast SEO plugin v20.13 - https:\/\/yoast.com\/wordpress\/plugins\/seo\/ -->\n<title>AKTIV CAPILVIT, 30 G\u00e9lules - Para-Dis<\/title>\n<meta name=\"description\" content=\"Doppelherz\u00ae aktiv Capilvit est une combinaison sp\u00e9ciale d&#039;extrait de sorgho, d&#039;huile de germe de bl\u00e9, de biotine, de vitamine B6, de zinc et d&#039;acide pantoth\u00e9nique, \u00e9labor\u00e9e pour des cheveux forts et en bonne sant\u00e9.\" \/>\n<meta name=\"robots\" content=\"index, follow, max-snippet:-1, max-image-preview:large, max-video-preview:-1\" \/>\n<link rel=\"canonical\" href=\"https:\/\/para-sanita.fidsexcellence.tn\/?product=aktiv-capilvit-30-gelules\" \/>\n<meta property=\"og:locale\" content=\"fr_FR\" \/>\n<meta property=\"og:type\" content=\"article\" \/>\n<meta property=\"og:title\" content=\"AKTIV CAPILVIT, 30 G\u00e9lules - Para-Dis\" \/>\n<meta property=\"og:description\" content=\"Doppelherz\u00ae aktiv Capilvit est une combinaison sp\u00e9ciale d&#039;extrait de sorgho, d&#039;huile de germe de bl\u00e9, de biotine, de vitamine B6, de zinc et d&#039;acide pantoth\u00e9nique, \u00e9labor\u00e9e pour des cheveux forts et en bonne sant\u00e9.\" \/>\n<meta property=\"og:url\" content=\"https:\/\/para-sanita.fidsexcellence.tn\/?product=aktiv-capilvit-30-gelules\" \/>\n<meta property=\"og:site_name\" content=\"Para-Dis\" \/>\n<meta property=\"article:modified_time\" content=\"2023-08-12T15:21:36+00:00\" \/>\n<meta property=\"og:image\" content=\"https:\/\/para-sanita.fidsexcellence.tn\/wp-content\/uploads\/2023\/08\/555.jpeg\" \/>\n\t<meta property=\"og:image:width\" content=\"344\" \/>\n\t<meta property=\"og:image:height\" content=\"468\" \/>\n\t<meta property=\"og:image:type\" content=\"image\/jpeg\" \/>\n<meta name=\"twitter:card\" content=\"summary_large_image\" \/>\n<meta name=\"twitter:label1\" content=\"Dur\u00e9e de lecture estim\u00e9e\" \/>\n\t<meta name=\"twitter:data1\" content=\"1 minute\" \/>\n<script type=\"application\/ld+json\" class=\"yoast-schema-graph\">{\"@context\":\"https:\/\/schema.org\",\"@graph\":[{\"@type\":\"WebPage\",\"@id\":\"https:\/\/para-sanita.fidsexcellence.tn\/?product=aktiv-capilvit-30-gelules\",\"url\":\"https:\/\/para-sanita.fidsexcellence.tn\/?product=aktiv-capilvit-30-gelules\",\"name\":\"AKTIV CAPILVIT, 30 G\u00e9lules - Para-Dis\",\"isPartOf\":{\"@id\":\"https:\/\/para-sanita.fidsexcellence.tn\/#website\"},\"datePublished\":\"2023-08-12T13:37:10+00:00\",\"dateModified\":\"2023-08-12T15:21:36+00:00\",\"description\":\"Doppelherz\u00ae aktiv Capilvit est une combinaison sp\u00e9ciale d'extrait de sorgho, d'huile de germe de bl\u00e9, de biotine, de vitamine B6, de zinc et d'acide pantoth\u00e9nique, \u00e9labor\u00e9e pour des cheveux forts et en bonne sant\u00e9.\",\"breadcrumb\":{\"@id\":\"https:\/\/para-sanita.fidsexcellence.tn\/?product=aktiv-capilvit-30-gelules#breadcrumb\"},\"inLanguage\":\"fr-FR\",\"potentialAction\":[{\"@type\":\"ReadAction\",\"target\":[\"https:\/\/para-sanita.fidsexcellence.tn\/?product=aktiv-capilvit-30-gelules\"]}]},{\"@type\":\"BreadcrumbList\",\"@id\":\"https:\/\/para-sanita.fidsexcellence.tn\/?product=aktiv-capilvit-30-gelules#breadcrumb\",\"itemListElement\":[{\"@type\":\"ListItem\",\"position\":1,\"name\":\"Accueil\",\"item\":\"https:\/\/para-sanita.fidsexcellence.tn\/\"},{\"@type\":\"ListItem\",\"position\":2,\"name\":\"Shop\",\"item\":\"https:\/\/para-sanita.fidsexcellence.tn\/?page_id=3853\"},{\"@type\":\"ListItem\",\"position\":3,\"name\":\"AKTIV CAPILVIT, 30 G\u00e9lules\"}]},{\"@type\":\"WebSite\",\"@id\":\"https:\/\/para-sanita.fidsexcellence.tn\/#website\",\"url\":\"https:\/\/para-sanita.fidsexcellence.tn\/\",\"name\":\"Para-Dis\",\"description\":\"\",\"publisher\":{\"@id\":\"https:\/\/para-sanita.fidsexcellence.tn\/#organization\"},\"potentialAction\":[{\"@type\":\"SearchAction\",\"target\":{\"@type\":\"EntryPoint\",\"urlTemplate\":\"https:\/\/para-sanita.fidsexcellence.tn\/?s={search_term_string}\"},\"query-input\":\"required name=search_term_string\"}],\"inLanguage\":\"fr-FR\"},{\"@type\":\"Organization\",\"@id\":\"https:\/\/para-sanita.fidsexcellence.tn\/#organization\",\"name\":\"Para-Dis\",\"url\":\"https:\/\/para-sanita.fidsexcellence.tn\/\",\"logo\":{\"@type\":\"ImageObject\",\"inLanguage\":\"fr-FR\",\"@id\":\"https:\/\/para-sanita.fidsexcellence.tn\/#\/schema\/logo\/image\/\",\"url\":\"https:\/\/para-sanita.fidsexcellence.tn\/wp-content\/uploads\/2025\/03\/cropped-logo-1.png\",\"contentUrl\":\"https:\/\/para-sanita.fidsexcellence.tn\/wp-content\/uploads\/2025\/03\/cropped-logo-1.png\",\"width\":502,\"height\":167,\"caption\":\"Para-Dis\"},\"image\":{\"@id\":\"https:\/\/para-sanita.fidsexcellence.tn\/#\/schema\/logo\/image\/\"}}]}<\/script>\n<!-- \/ Yoast SEO plugin. -->","yoast_head_json":{"title":"AKTIV CAPILVIT, 30 G\u00e9lules - Para-Dis","description":"Doppelherz\u00ae aktiv Capilvit est une combinaison sp\u00e9ciale d'extrait de sorgho, d'huile de germe de bl\u00e9, de biotine, de vitamine B6, de zinc et d'acide pantoth\u00e9nique, \u00e9labor\u00e9e pour des cheveux forts et en bonne sant\u00e9.","robots":{"index":"index","follow":"follow","max-snippet":"max-snippet:-1","max-image-preview":"max-image-preview:large","max-video-preview":"max-video-preview:-1"},"canonical":"https:\/\/para-sanita.fidsexcellence.tn\/?product=aktiv-capilvit-30-gelules","og_locale":"fr_FR","og_type":"article","og_title":"AKTIV CAPILVIT, 30 G\u00e9lules - Para-Dis","og_description":"Doppelherz\u00ae aktiv Capilvit est une combinaison sp\u00e9ciale d'extrait de sorgho, d'huile de germe de bl\u00e9, de biotine, de vitamine B6, de zinc et d'acide pantoth\u00e9nique, \u00e9labor\u00e9e pour des cheveux forts et en bonne sant\u00e9.","og_url":"https:\/\/para-sanita.fidsexcellence.tn\/?product=aktiv-capilvit-30-gelules","og_site_name":"Para-Dis","article_modified_time":"2023-08-12T15:21:36+00:00","og_image":[{"width":344,"height":468,"url":"https:\/\/para-sanita.fidsexcellence.tn\/wp-content\/uploads\/2023\/08\/555.jpeg","type":"image\/jpeg"}],"twitter_card":"summary_large_image","twitter_misc":{"Dur\u00e9e de lecture estim\u00e9e":"1 minute"},"schema":{"@context":"https:\/\/schema.org","@graph":[{"@type":"WebPage","@id":"https:\/\/para-sanita.fidsexcellence.tn\/?product=aktiv-capilvit-30-gelules","url":"https:\/\/para-sanita.fidsexcellence.tn\/?product=aktiv-capilvit-30-gelules","name":"AKTIV CAPILVIT, 30 G\u00e9lules - Para-Dis","isPartOf":{"@id":"https:\/\/para-sanita.fidsexcellence.tn\/#website"},"datePublished":"2023-08-12T13:37:10+00:00","dateModified":"2023-08-12T15:21:36+00:00","description":"Doppelherz\u00ae aktiv Capilvit est une combinaison sp\u00e9ciale d'extrait de sorgho, d'huile de germe de bl\u00e9, de biotine, de vitamine B6, de zinc et d'acide pantoth\u00e9nique, \u00e9labor\u00e9e pour des cheveux forts et en bonne sant\u00e9.","breadcrumb":{"@id":"https:\/\/para-sanita.fidsexcellence.tn\/?product=aktiv-capilvit-30-gelules#breadcrumb"},"inLanguage":"fr-FR","potentialAction":[{"@type":"ReadAction","target":["https:\/\/para-sanita.fidsexcellence.tn\/?product=aktiv-capilvit-30-gelules"]}]},{"@type":"BreadcrumbList","@id":"https:\/\/para-sanita.fidsexcellence.tn\/?product=aktiv-capilvit-30-gelules#breadcrumb","itemListElement":[{"@type":"ListItem","position":1,"name":"Accueil","item":"https:\/\/para-sanita.fidsexcellence.tn\/"},{"@type":"ListItem","position":2,"name":"Shop","item":"https:\/\/para-sanita.fidsexcellence.tn\/?page_id=3853"},{"@type":"ListItem","position":3,"name":"AKTIV CAPILVIT, 30 G\u00e9lules"}]},{"@type":"WebSite","@id":"https:\/\/para-sanita.fidsexcellence.tn\/#website","url":"https:\/\/para-sanita.fidsexcellence.tn\/","name":"Para-Dis","description":"","publisher":{"@id":"https:\/\/para-sanita.fidsexcellence.tn\/#organization"},"potentialAction":[{"@type":"SearchAction","target":{"@type":"EntryPoint","urlTemplate":"https:\/\/para-sanita.fidsexcellence.tn\/?s={search_term_string}"},"query-input":"required name=search_term_string"}],"inLanguage":"fr-FR"},{"@type":"Organization","@id":"https:\/\/para-sanita.fidsexcellence.tn\/#organization","name":"Para-Dis","url":"https:\/\/para-sanita.fidsexcellence.tn\/","logo":{"@type":"ImageObject","inLanguage":"fr-FR","@id":"https:\/\/para-sanita.fidsexcellence.tn\/#\/schema\/logo\/image\/","url":"https:\/\/para-sanita.fidsexcellence.tn\/wp-content\/uploads\/2025\/03\/cropped-logo-1.png","contentUrl":"https:\/\/para-sanita.fidsexcellence.tn\/wp-content\/uploads\/2025\/03\/cropped-logo-1.png","width":502,"height":167,"caption":"Para-Dis"},"image":{"@id":"https:\/\/para-sanita.fidsexcellence.tn\/#\/schema\/logo\/image\/"}}]}},"brands":[],"_links":{"self":[{"href":"https:\/\/para-sanita.fidsexcellence.tn\/index.php?rest_route=\/wp\/v2\/product\/11204","targetHints":{"allow":["GET"]}}],"collection":[{"href":"https:\/\/para-sanita.fidsexcellence.tn\/index.php?rest_route=\/wp\/v2\/product"}],"about":[{"href":"https:\/\/para-sanita.fidsexcellence.tn\/index.php?rest_route=\/wp\/v2\/types\/product"}],"replies":[{"embeddable":true,"href":"https:\/\/para-sanita.fidsexcellence.tn\/index.php?rest_route=%2Fwp%2Fv2%2Fcomments&post=11204"}],"version-history":[{"count":1,"href":"https:\/\/para-sanita.fidsexcellence.tn\/index.php?rest_route=\/wp\/v2\/product\/11204\/revisions"}],"predecessor-version":[{"id":11205,"href":"https:\/\/para-sanita.fidsexcellence.tn\/index.php?rest_route=\/wp\/v2\/product\/11204\/revisions\/11205"}],"wp:featuredmedia":[{"embeddable":true,"href":"https:\/\/para-sanita.fidsexcellence.tn\/index.php?rest_route=\/wp\/v2\/media\/11206"}],"wp:attachment":[{"href":"https:\/\/para-sanita.fidsexcellence.tn\/index.php?rest_route=%2Fwp%2Fv2%2Fmedia&parent=11204"}],"wp:term":[{"taxonomy":"pwb-brand","embeddable":true,"href":"https:\/\/para-sanita.fidsexcellence.tn\/index.php?rest_route=%2Fwp%2Fv2%2Fpwb-brand&post=11204"},{"taxonomy":"product_cat","embeddable":true,"href":"https:\/\/para-sanita.fidsexcellence.tn\/index.php?rest_route=%2Fwp%2Fv2%2Fproduct_cat&post=11204"},{"taxonomy":"product_tag","embeddable":true,"href":"https:\/\/para-sanita.fidsexcellence.tn\/index.php?rest_route=%2Fwp%2Fv2%2Fproduct_tag&post=11204"}],"curies":[{"name":"wp","href":"https:\/\/api.w.org\/{rel}","templated":true}]}}