{"id":11210,"date":"2023-08-12T13:39:19","date_gmt":"2023-08-12T13:39:19","guid":{"rendered":"https:\/\/para-sanita.fidsexcellence.tn\/?product=inoderma-lotion-anti-chute-100ml"},"modified":"2023-08-12T15:18:58","modified_gmt":"2023-08-12T15:18:58","slug":"inoderma-lotion-anti-chute-100ml","status":"publish","type":"product","link":"https:\/\/para-sanita.fidsexcellence.tn\/?product=inoderma-lotion-anti-chute-100ml","title":{"rendered":"inoderma lotion anti chute 100ml"},"content":{"rendered":"<p>InoDerma Anti-Chute est un soin capillaire traitant et sculptant qui redonne force et r\u00e9sistance aux cheveux. Il stimule la croissance, freine la chute et fortifie la racine. Gr\u00e2ce \u00e0 sa formule 100% naturelle \u00e0 base de 5 Huiles Essentielles et 5 Huiles V\u00e9g\u00e9tales, InoDerma Anti-Chute permet d\u2019avoir des cheveux fortifi\u00e9s, r\u00e9sistants, nourris, brillants et moins cassants.<br \/>\nHuile Essentielle de Gingembre :<br \/>\nNourrit les cheveux et stimule leur repousse.<br \/>\nHuile Essentielle de Menthe Poivr\u00e9e :<br \/>\nStimule la multiplication des follicules pileux.<br \/>\nHuile Essentielle de C\u00e8dre d\u2019Atlas :<br \/>\nR\u00e9g\u00e9n\u00e8re et tonifie le cuir chevelu.<br \/>\nHuile Essentielle d\u2019Arbre \u00e0 Th\u00e9 :<br \/>\nHydrate et stimule la croissance des cheveux.<br \/>\nHuile Essentielle de Romarin \u00e0 Cin\u00e9ole :<br \/>\nRevitalise et stimule la circulation sanguine du cuir chevelu.<br \/>\nHuile V\u00e9g\u00e9tale de Moutarde :<br \/>\nPr\u00e9vient la chute en stimulant la circulation sanguine.<br \/>\nHuile V\u00e9g\u00e9tale de Ricin :<br \/>\nFortifie les cheveux et favorise leur croissance.<br \/>\nHuile V\u00e9g\u00e9tale de S\u00e9same :<br \/>\nNourrit et assouplit les cheveux.<br \/>\nHuile V\u00e9g\u00e9tale de Noix de Coco :<br \/>\nFortifie et favorise la repousse des cheveux.<br \/>\nHuile V\u00e9g\u00e9tale d\u2019Amande Douce :<br \/>\nRevitalise les cheveux abim\u00e9s.<\/p>\n","protected":false},"excerpt":{"rendered":"<p>InoDerma Anti-Chute est un soin capillaire traitant et sculptant qui redonne force et r\u00e9sistance aux cheveux. Il stimule la croissance, freine la chute et fortifie la racine. Gr\u00e2ce \u00e0 sa formule 100% naturelle \u00e0 base de 5 Huiles Essentielles et 5 Huiles V\u00e9g\u00e9tales, InoDerma Anti-Chute permet d\u2019avoir des cheveux fortifi\u00e9s, r\u00e9sistants, nourris, brillants et moins cassants.<br \/>\nHuile Essentielle de Gingembre :<br \/>\nNourrit les cheveux et stimule leur repousse.<br \/>\nHuile Essentielle de Menthe Poivr\u00e9e :<br \/>\nStimule la multiplication des follicules pileux.<br \/>\nHuile Essentielle de C\u00e8dre d\u2019Atlas :<br \/>\nR\u00e9g\u00e9n\u00e8re et tonifie le cuir chevelu.<br \/>\nHuile Essentielle d\u2019Arbre \u00e0 Th\u00e9 :<br \/>\nHydrate et stimule la croissance des cheveux.<br \/>\nHuile Essentielle de Romarin \u00e0 Cin\u00e9ole :<br \/>\nRevitalise et stimule la circulation sanguine du cuir chevelu.<br \/>\nHuile V\u00e9g\u00e9tale de Moutarde :<br \/>\nPr\u00e9vient la chute en stimulant la circulation sanguine.<br \/>\nHuile V\u00e9g\u00e9tale de Ricin :<br \/>\nFortifie les cheveux et favorise leur croissance.<br \/>\nHuile V\u00e9g\u00e9tale de S\u00e9same :<br \/>\nNourrit et assouplit les cheveux.<br \/>\nHuile V\u00e9g\u00e9tale de Noix de Coco :<br \/>\nFortifie et favorise la repousse des cheveux.<br \/>\nHuile V\u00e9g\u00e9tale d\u2019Amande Douce :<br \/>\nRevitalise les cheveux abim\u00e9s.<\/p>\n","protected":false},"featured_media":11212,"comment_status":"closed","ping_status":"closed","template":"","meta":[],"pwb-brand":[],"product_cat":[183,186],"product_tag":[],"class_list":{"0":"post-11210","1":"product","2":"type-product","3":"status-publish","4":"has-post-thumbnail","6":"product_cat-cheveux","7":"product_cat-soin-anti-chute","9":"first","10":"instock","11":"purchasable","12":"product-type-simple"},"acf":[],"yoast_head":"<!-- This site is optimized with the Yoast SEO plugin v20.13 - https:\/\/yoast.com\/wordpress\/plugins\/seo\/ -->\n<title>inoderma lotion anti chute 100ml - Para-Dis<\/title>\n<meta name=\"description\" content=\"InoDerma Anti-Chute est un soin capillaire traitant et sculptant qui redonne force et r\u00e9sistance aux cheveux. Il stimule la croissance, freine la chute et fortifie la racine. Gr\u00e2ce \u00e0 sa formule 100% naturelle \u00e0 base de 5 Huiles Essentielles et 5 Huiles V\u00e9g\u00e9tales, InoDerma Anti-Chute permet d\u2019avoir des cheveux fortifi\u00e9s, r\u00e9sistants, nourris, brillants et moins cassants.Huile Essentielle de Gingembre :Nourrit les cheveux et stimule leur repousse.Huile Essentielle de Menthe Poivr\u00e9e :Stimule la multiplication des follicules pileux.Huile Essentielle de C\u00e8dre d\u2019Atlas :R\u00e9g\u00e9n\u00e8re et tonifie le cuir chevelu.Huile Essentielle d\u2019Arbre \u00e0 Th\u00e9 :Hydrate et stimule la croissance des cheveux.Huile Essentielle de Romarin \u00e0 Cin\u00e9ole :Revitalise et stimule la circulation sanguine du cuir chevelu.Huile V\u00e9g\u00e9tale de Moutarde :Pr\u00e9vient la chute en stimulant la circulation sanguine.Huile V\u00e9g\u00e9tale de Ricin :Fortifie les cheveux et favorise leur croissance.Huile V\u00e9g\u00e9tale de S\u00e9same :Nourrit et assouplit les cheveux.Huile V\u00e9g\u00e9tale de Noix de Coco :Fortifie et favorise la repousse des cheveux.Huile V\u00e9g\u00e9tale d\u2019Amande Douce :Revitalise les cheveux abim\u00e9s.\" \/>\n<meta name=\"robots\" content=\"index, follow, max-snippet:-1, max-image-preview:large, max-video-preview:-1\" \/>\n<link rel=\"canonical\" href=\"https:\/\/para-sanita.fidsexcellence.tn\/?product=inoderma-lotion-anti-chute-100ml\" \/>\n<meta property=\"og:locale\" content=\"fr_FR\" \/>\n<meta property=\"og:type\" content=\"article\" \/>\n<meta property=\"og:title\" content=\"inoderma lotion anti chute 100ml - Para-Dis\" \/>\n<meta property=\"og:description\" content=\"InoDerma Anti-Chute est un soin capillaire traitant et sculptant qui redonne force et r\u00e9sistance aux cheveux. Il stimule la croissance, freine la chute et fortifie la racine. Gr\u00e2ce \u00e0 sa formule 100% naturelle \u00e0 base de 5 Huiles Essentielles et 5 Huiles V\u00e9g\u00e9tales, InoDerma Anti-Chute permet d\u2019avoir des cheveux fortifi\u00e9s, r\u00e9sistants, nourris, brillants et moins cassants.Huile Essentielle de Gingembre :Nourrit les cheveux et stimule leur repousse.Huile Essentielle de Menthe Poivr\u00e9e :Stimule la multiplication des follicules pileux.Huile Essentielle de C\u00e8dre d\u2019Atlas :R\u00e9g\u00e9n\u00e8re et tonifie le cuir chevelu.Huile Essentielle d\u2019Arbre \u00e0 Th\u00e9 :Hydrate et stimule la croissance des cheveux.Huile Essentielle de Romarin \u00e0 Cin\u00e9ole :Revitalise et stimule la circulation sanguine du cuir chevelu.Huile V\u00e9g\u00e9tale de Moutarde :Pr\u00e9vient la chute en stimulant la circulation sanguine.Huile V\u00e9g\u00e9tale de Ricin :Fortifie les cheveux et favorise leur croissance.Huile V\u00e9g\u00e9tale de S\u00e9same :Nourrit et assouplit les cheveux.Huile V\u00e9g\u00e9tale de Noix de Coco :Fortifie et favorise la repousse des cheveux.Huile V\u00e9g\u00e9tale d\u2019Amande Douce :Revitalise les cheveux abim\u00e9s.\" \/>\n<meta property=\"og:url\" content=\"https:\/\/para-sanita.fidsexcellence.tn\/?product=inoderma-lotion-anti-chute-100ml\" \/>\n<meta property=\"og:site_name\" content=\"Para-Dis\" \/>\n<meta property=\"article:modified_time\" content=\"2023-08-12T15:18:58+00:00\" \/>\n<meta property=\"og:image\" content=\"https:\/\/para-sanita.fidsexcellence.tn\/wp-content\/uploads\/2023\/08\/unnamed.jpg\" \/>\n\t<meta property=\"og:image:width\" content=\"512\" \/>\n\t<meta property=\"og:image:height\" content=\"341\" \/>\n\t<meta property=\"og:image:type\" content=\"image\/jpeg\" \/>\n<meta name=\"twitter:card\" content=\"summary_large_image\" \/>\n<meta name=\"twitter:label1\" content=\"Dur\u00e9e de lecture estim\u00e9e\" \/>\n\t<meta name=\"twitter:data1\" content=\"1 minute\" \/>\n<script type=\"application\/ld+json\" class=\"yoast-schema-graph\">{\"@context\":\"https:\/\/schema.org\",\"@graph\":[{\"@type\":\"WebPage\",\"@id\":\"https:\/\/para-sanita.fidsexcellence.tn\/?product=inoderma-lotion-anti-chute-100ml\",\"url\":\"https:\/\/para-sanita.fidsexcellence.tn\/?product=inoderma-lotion-anti-chute-100ml\",\"name\":\"inoderma lotion anti chute 100ml - Para-Dis\",\"isPartOf\":{\"@id\":\"https:\/\/para-sanita.fidsexcellence.tn\/#website\"},\"datePublished\":\"2023-08-12T13:39:19+00:00\",\"dateModified\":\"2023-08-12T15:18:58+00:00\",\"description\":\"InoDerma Anti-Chute est un soin capillaire traitant et sculptant qui redonne force et r\u00e9sistance aux cheveux. Il stimule la croissance, freine la chute et fortifie la racine. Gr\u00e2ce \u00e0 sa formule 100% naturelle \u00e0 base de 5 Huiles Essentielles et 5 Huiles V\u00e9g\u00e9tales, InoDerma Anti-Chute permet d\u2019avoir des cheveux fortifi\u00e9s, r\u00e9sistants, nourris, brillants et moins cassants.Huile Essentielle de Gingembre :Nourrit les cheveux et stimule leur repousse.Huile Essentielle de Menthe Poivr\u00e9e :Stimule la multiplication des follicules pileux.Huile Essentielle de C\u00e8dre d\u2019Atlas :R\u00e9g\u00e9n\u00e8re et tonifie le cuir chevelu.Huile Essentielle d\u2019Arbre \u00e0 Th\u00e9 :Hydrate et stimule la croissance des cheveux.Huile Essentielle de Romarin \u00e0 Cin\u00e9ole :Revitalise et stimule la circulation sanguine du cuir chevelu.Huile V\u00e9g\u00e9tale de Moutarde :Pr\u00e9vient la chute en stimulant la circulation sanguine.Huile V\u00e9g\u00e9tale de Ricin :Fortifie les cheveux et favorise leur croissance.Huile V\u00e9g\u00e9tale de S\u00e9same :Nourrit et assouplit les cheveux.Huile V\u00e9g\u00e9tale de Noix de Coco :Fortifie et favorise la repousse des cheveux.Huile V\u00e9g\u00e9tale d\u2019Amande Douce :Revitalise les cheveux abim\u00e9s.\",\"breadcrumb\":{\"@id\":\"https:\/\/para-sanita.fidsexcellence.tn\/?product=inoderma-lotion-anti-chute-100ml#breadcrumb\"},\"inLanguage\":\"fr-FR\",\"potentialAction\":[{\"@type\":\"ReadAction\",\"target\":[\"https:\/\/para-sanita.fidsexcellence.tn\/?product=inoderma-lotion-anti-chute-100ml\"]}]},{\"@type\":\"BreadcrumbList\",\"@id\":\"https:\/\/para-sanita.fidsexcellence.tn\/?product=inoderma-lotion-anti-chute-100ml#breadcrumb\",\"itemListElement\":[{\"@type\":\"ListItem\",\"position\":1,\"name\":\"Accueil\",\"item\":\"https:\/\/para-sanita.fidsexcellence.tn\/\"},{\"@type\":\"ListItem\",\"position\":2,\"name\":\"Shop\",\"item\":\"https:\/\/para-sanita.fidsexcellence.tn\/?page_id=3853\"},{\"@type\":\"ListItem\",\"position\":3,\"name\":\"inoderma lotion anti chute 100ml\"}]},{\"@type\":\"WebSite\",\"@id\":\"https:\/\/para-sanita.fidsexcellence.tn\/#website\",\"url\":\"https:\/\/para-sanita.fidsexcellence.tn\/\",\"name\":\"Para-Dis\",\"description\":\"\",\"publisher\":{\"@id\":\"https:\/\/para-sanita.fidsexcellence.tn\/#organization\"},\"potentialAction\":[{\"@type\":\"SearchAction\",\"target\":{\"@type\":\"EntryPoint\",\"urlTemplate\":\"https:\/\/para-sanita.fidsexcellence.tn\/?s={search_term_string}\"},\"query-input\":\"required name=search_term_string\"}],\"inLanguage\":\"fr-FR\"},{\"@type\":\"Organization\",\"@id\":\"https:\/\/para-sanita.fidsexcellence.tn\/#organization\",\"name\":\"Para-Dis\",\"url\":\"https:\/\/para-sanita.fidsexcellence.tn\/\",\"logo\":{\"@type\":\"ImageObject\",\"inLanguage\":\"fr-FR\",\"@id\":\"https:\/\/para-sanita.fidsexcellence.tn\/#\/schema\/logo\/image\/\",\"url\":\"https:\/\/para-sanita.fidsexcellence.tn\/wp-content\/uploads\/2025\/03\/cropped-logo-1.png\",\"contentUrl\":\"https:\/\/para-sanita.fidsexcellence.tn\/wp-content\/uploads\/2025\/03\/cropped-logo-1.png\",\"width\":502,\"height\":167,\"caption\":\"Para-Dis\"},\"image\":{\"@id\":\"https:\/\/para-sanita.fidsexcellence.tn\/#\/schema\/logo\/image\/\"}}]}<\/script>\n<!-- \/ Yoast SEO plugin. -->","yoast_head_json":{"title":"inoderma lotion anti chute 100ml - Para-Dis","description":"InoDerma Anti-Chute est un soin capillaire traitant et sculptant qui redonne force et r\u00e9sistance aux cheveux. Il stimule la croissance, freine la chute et fortifie la racine. Gr\u00e2ce \u00e0 sa formule 100% naturelle \u00e0 base de 5 Huiles Essentielles et 5 Huiles V\u00e9g\u00e9tales, InoDerma Anti-Chute permet d\u2019avoir des cheveux fortifi\u00e9s, r\u00e9sistants, nourris, brillants et moins cassants.Huile Essentielle de Gingembre :Nourrit les cheveux et stimule leur repousse.Huile Essentielle de Menthe Poivr\u00e9e :Stimule la multiplication des follicules pileux.Huile Essentielle de C\u00e8dre d\u2019Atlas :R\u00e9g\u00e9n\u00e8re et tonifie le cuir chevelu.Huile Essentielle d\u2019Arbre \u00e0 Th\u00e9 :Hydrate et stimule la croissance des cheveux.Huile Essentielle de Romarin \u00e0 Cin\u00e9ole :Revitalise et stimule la circulation sanguine du cuir chevelu.Huile V\u00e9g\u00e9tale de Moutarde :Pr\u00e9vient la chute en stimulant la circulation sanguine.Huile V\u00e9g\u00e9tale de Ricin :Fortifie les cheveux et favorise leur croissance.Huile V\u00e9g\u00e9tale de S\u00e9same :Nourrit et assouplit les cheveux.Huile V\u00e9g\u00e9tale de Noix de Coco :Fortifie et favorise la repousse des cheveux.Huile V\u00e9g\u00e9tale d\u2019Amande Douce :Revitalise les cheveux abim\u00e9s.","robots":{"index":"index","follow":"follow","max-snippet":"max-snippet:-1","max-image-preview":"max-image-preview:large","max-video-preview":"max-video-preview:-1"},"canonical":"https:\/\/para-sanita.fidsexcellence.tn\/?product=inoderma-lotion-anti-chute-100ml","og_locale":"fr_FR","og_type":"article","og_title":"inoderma lotion anti chute 100ml - Para-Dis","og_description":"InoDerma Anti-Chute est un soin capillaire traitant et sculptant qui redonne force et r\u00e9sistance aux cheveux. Il stimule la croissance, freine la chute et fortifie la racine. Gr\u00e2ce \u00e0 sa formule 100% naturelle \u00e0 base de 5 Huiles Essentielles et 5 Huiles V\u00e9g\u00e9tales, InoDerma Anti-Chute permet d\u2019avoir des cheveux fortifi\u00e9s, r\u00e9sistants, nourris, brillants et moins cassants.Huile Essentielle de Gingembre :Nourrit les cheveux et stimule leur repousse.Huile Essentielle de Menthe Poivr\u00e9e :Stimule la multiplication des follicules pileux.Huile Essentielle de C\u00e8dre d\u2019Atlas :R\u00e9g\u00e9n\u00e8re et tonifie le cuir chevelu.Huile Essentielle d\u2019Arbre \u00e0 Th\u00e9 :Hydrate et stimule la croissance des cheveux.Huile Essentielle de Romarin \u00e0 Cin\u00e9ole :Revitalise et stimule la circulation sanguine du cuir chevelu.Huile V\u00e9g\u00e9tale de Moutarde :Pr\u00e9vient la chute en stimulant la circulation sanguine.Huile V\u00e9g\u00e9tale de Ricin :Fortifie les cheveux et favorise leur croissance.Huile V\u00e9g\u00e9tale de S\u00e9same :Nourrit et assouplit les cheveux.Huile V\u00e9g\u00e9tale de Noix de Coco :Fortifie et favorise la repousse des cheveux.Huile V\u00e9g\u00e9tale d\u2019Amande Douce :Revitalise les cheveux abim\u00e9s.","og_url":"https:\/\/para-sanita.fidsexcellence.tn\/?product=inoderma-lotion-anti-chute-100ml","og_site_name":"Para-Dis","article_modified_time":"2023-08-12T15:18:58+00:00","og_image":[{"width":512,"height":341,"url":"https:\/\/para-sanita.fidsexcellence.tn\/wp-content\/uploads\/2023\/08\/unnamed.jpg","type":"image\/jpeg"}],"twitter_card":"summary_large_image","twitter_misc":{"Dur\u00e9e de lecture estim\u00e9e":"1 minute"},"schema":{"@context":"https:\/\/schema.org","@graph":[{"@type":"WebPage","@id":"https:\/\/para-sanita.fidsexcellence.tn\/?product=inoderma-lotion-anti-chute-100ml","url":"https:\/\/para-sanita.fidsexcellence.tn\/?product=inoderma-lotion-anti-chute-100ml","name":"inoderma lotion anti chute 100ml - Para-Dis","isPartOf":{"@id":"https:\/\/para-sanita.fidsexcellence.tn\/#website"},"datePublished":"2023-08-12T13:39:19+00:00","dateModified":"2023-08-12T15:18:58+00:00","description":"InoDerma Anti-Chute est un soin capillaire traitant et sculptant qui redonne force et r\u00e9sistance aux cheveux. Il stimule la croissance, freine la chute et fortifie la racine. Gr\u00e2ce \u00e0 sa formule 100% naturelle \u00e0 base de 5 Huiles Essentielles et 5 Huiles V\u00e9g\u00e9tales, InoDerma Anti-Chute permet d\u2019avoir des cheveux fortifi\u00e9s, r\u00e9sistants, nourris, brillants et moins cassants.Huile Essentielle de Gingembre :Nourrit les cheveux et stimule leur repousse.Huile Essentielle de Menthe Poivr\u00e9e :Stimule la multiplication des follicules pileux.Huile Essentielle de C\u00e8dre d\u2019Atlas :R\u00e9g\u00e9n\u00e8re et tonifie le cuir chevelu.Huile Essentielle d\u2019Arbre \u00e0 Th\u00e9 :Hydrate et stimule la croissance des cheveux.Huile Essentielle de Romarin \u00e0 Cin\u00e9ole :Revitalise et stimule la circulation sanguine du cuir chevelu.Huile V\u00e9g\u00e9tale de Moutarde :Pr\u00e9vient la chute en stimulant la circulation sanguine.Huile V\u00e9g\u00e9tale de Ricin :Fortifie les cheveux et favorise leur croissance.Huile V\u00e9g\u00e9tale de S\u00e9same :Nourrit et assouplit les cheveux.Huile V\u00e9g\u00e9tale de Noix de Coco :Fortifie et favorise la repousse des cheveux.Huile V\u00e9g\u00e9tale d\u2019Amande Douce :Revitalise les cheveux abim\u00e9s.","breadcrumb":{"@id":"https:\/\/para-sanita.fidsexcellence.tn\/?product=inoderma-lotion-anti-chute-100ml#breadcrumb"},"inLanguage":"fr-FR","potentialAction":[{"@type":"ReadAction","target":["https:\/\/para-sanita.fidsexcellence.tn\/?product=inoderma-lotion-anti-chute-100ml"]}]},{"@type":"BreadcrumbList","@id":"https:\/\/para-sanita.fidsexcellence.tn\/?product=inoderma-lotion-anti-chute-100ml#breadcrumb","itemListElement":[{"@type":"ListItem","position":1,"name":"Accueil","item":"https:\/\/para-sanita.fidsexcellence.tn\/"},{"@type":"ListItem","position":2,"name":"Shop","item":"https:\/\/para-sanita.fidsexcellence.tn\/?page_id=3853"},{"@type":"ListItem","position":3,"name":"inoderma lotion anti chute 100ml"}]},{"@type":"WebSite","@id":"https:\/\/para-sanita.fidsexcellence.tn\/#website","url":"https:\/\/para-sanita.fidsexcellence.tn\/","name":"Para-Dis","description":"","publisher":{"@id":"https:\/\/para-sanita.fidsexcellence.tn\/#organization"},"potentialAction":[{"@type":"SearchAction","target":{"@type":"EntryPoint","urlTemplate":"https:\/\/para-sanita.fidsexcellence.tn\/?s={search_term_string}"},"query-input":"required name=search_term_string"}],"inLanguage":"fr-FR"},{"@type":"Organization","@id":"https:\/\/para-sanita.fidsexcellence.tn\/#organization","name":"Para-Dis","url":"https:\/\/para-sanita.fidsexcellence.tn\/","logo":{"@type":"ImageObject","inLanguage":"fr-FR","@id":"https:\/\/para-sanita.fidsexcellence.tn\/#\/schema\/logo\/image\/","url":"https:\/\/para-sanita.fidsexcellence.tn\/wp-content\/uploads\/2025\/03\/cropped-logo-1.png","contentUrl":"https:\/\/para-sanita.fidsexcellence.tn\/wp-content\/uploads\/2025\/03\/cropped-logo-1.png","width":502,"height":167,"caption":"Para-Dis"},"image":{"@id":"https:\/\/para-sanita.fidsexcellence.tn\/#\/schema\/logo\/image\/"}}]}},"brands":[],"_links":{"self":[{"href":"https:\/\/para-sanita.fidsexcellence.tn\/index.php?rest_route=\/wp\/v2\/product\/11210","targetHints":{"allow":["GET"]}}],"collection":[{"href":"https:\/\/para-sanita.fidsexcellence.tn\/index.php?rest_route=\/wp\/v2\/product"}],"about":[{"href":"https:\/\/para-sanita.fidsexcellence.tn\/index.php?rest_route=\/wp\/v2\/types\/product"}],"replies":[{"embeddable":true,"href":"https:\/\/para-sanita.fidsexcellence.tn\/index.php?rest_route=%2Fwp%2Fv2%2Fcomments&post=11210"}],"version-history":[{"count":1,"href":"https:\/\/para-sanita.fidsexcellence.tn\/index.php?rest_route=\/wp\/v2\/product\/11210\/revisions"}],"predecessor-version":[{"id":11211,"href":"https:\/\/para-sanita.fidsexcellence.tn\/index.php?rest_route=\/wp\/v2\/product\/11210\/revisions\/11211"}],"wp:featuredmedia":[{"embeddable":true,"href":"https:\/\/para-sanita.fidsexcellence.tn\/index.php?rest_route=\/wp\/v2\/media\/11212"}],"wp:attachment":[{"href":"https:\/\/para-sanita.fidsexcellence.tn\/index.php?rest_route=%2Fwp%2Fv2%2Fmedia&parent=11210"}],"wp:term":[{"taxonomy":"pwb-brand","embeddable":true,"href":"https:\/\/para-sanita.fidsexcellence.tn\/index.php?rest_route=%2Fwp%2Fv2%2Fpwb-brand&post=11210"},{"taxonomy":"product_cat","embeddable":true,"href":"https:\/\/para-sanita.fidsexcellence.tn\/index.php?rest_route=%2Fwp%2Fv2%2Fproduct_cat&post=11210"},{"taxonomy":"product_tag","embeddable":true,"href":"https:\/\/para-sanita.fidsexcellence.tn\/index.php?rest_route=%2Fwp%2Fv2%2Fproduct_tag&post=11210"}],"curies":[{"name":"wp","href":"https:\/\/api.w.org\/{rel}","templated":true}]}}