{"id":11374,"date":"2023-08-12T19:06:40","date_gmt":"2023-08-12T19:06:40","guid":{"rendered":"https:\/\/para-sanita.fidsexcellence.tn\/?product=daylong-extreme-lotion-solaire-spf50-100ml"},"modified":"2023-08-12T19:12:06","modified_gmt":"2023-08-12T19:12:06","slug":"daylong-extreme-lotion-solaire-spf50-100ml","status":"publish","type":"product","link":"https:\/\/para-sanita.fidsexcellence.tn\/?product=daylong-extreme-lotion-solaire-spf50-100ml","title":{"rendered":"Daylong Extr\u00eame Lotion solaire SPF50, 100ml"},"content":{"rendered":"<p>Cette cr\u00e8me apporte une haute protection contre les UVA et UVB aux peaux les plus sensibles au soleil (tr\u00e8s claires, sujettes aux coups de soleil, intol\u00e9rances ou allergies solaires).<\/p>\n<p>&nbsp;<\/p>\n","protected":false},"excerpt":{"rendered":"<h2>Daylong Extr\u00eame Lotion solaire SPF50, 100ml<\/h2>\n<p>Daylong Extr\u00eame Lotion solaire SPF50 est une cr\u00e8me de protection pratique, id\u00e9ale pour les l\u00e8vres et le visage expos\u00e9s au soleil.<\/p>\n<h3>Indications<\/h3>\n<p>\u00b7 Peaux expos\u00e9es au soleil<br \/>\n\u00b7 Visage et l\u00e8vres<\/p>\n<h3>Propri\u00e9t\u00e9s<\/h3>\n<p>\u00b7 Tr\u00e8s haute protection solaire SPF 50+ avec filtres\u00a0<strong>photostables<\/strong>\u00a0\u00e0 large spectre contre les\u00a0<strong>UVA\/UVB<\/strong><br \/>\n\u00b7 Lait\u00a0<strong>liposomal<\/strong>\u00a0unique acheminant les filtres solaires l\u00e0 o\u00f9 ils doivent agir, au c\u0153ur de la couche superficielle de l\u2019\u00e9piderme, pour une protection longue dur\u00e9e<br \/>\n\u00b7 Lait hydratant et nourrissant enrichi en\u00a0<strong>dexpanth\u00e9nol<\/strong>,\u00a0<strong>glyc\u00e9rine<\/strong>,\u00a0<strong>aloe vera<\/strong>\u00a0ainsi qu\u2019en vitamine E pour prot\u00e9ger la peau des dommages cellulaires et du vieillissement cutan\u00e9 pr\u00e9matur\u00e9<br \/>\n\u00b7 Sans parfum<\/p>\n<h3>Plaisir et confort d\u2019utilisation<\/h3>\n<p>\u00b7 Facile \u00e0 appliquer<br \/>\n\u00b7 Tr\u00e8s r\u00e9sistant \u00e0 l\u2019eau et \u00e0 la transpiration pour une protection longue tenue<br \/>\n\u00b7 Id\u00e9al pour l\u2019\u00e9t\u00e9 et l\u2019hiver<\/p>\n<h3>Conseils d\u2019utilisation<\/h3>\n<ul>\n<li>Cr\u00e8me :<br \/>\nAppliquer g\u00e9n\u00e9reusement environ\u00a0<strong>20 minutes avant l\u2019exposition au soleil<\/strong>, bien laisser p\u00e9n\u00e9trer.<br \/>\n\u00c9viter tout contact avec les yeux.<br \/>\nRenouveler l\u2019application pour maintenir l\u2019efficacit\u00e9 de la protection solaire, notamment en cas de peau humide, de dess\u00e8chement et de transpiration.<br \/>\nL\u2019application de quantit\u00e9s trop faibles r\u00e9duit consid\u00e9rablement l\u2019effet de protection.<br \/>\n\u00c9viter une exposition pendant les p\u00e9riodes d\u2019ensoleillement intense.<br \/>\nUne exposition excessive au soleil est dangereuse pour la sant\u00e9.<br \/>\nM\u00eame les produits de protection solaire pr\u00e9sentant un SPF tr\u00e8s \u00e9lev\u00e9 ne garantissent pas une protection int\u00e9grale contre les rayons UV.<\/li>\n<\/ul>\n<h3>Ingr\u00e9dients<\/h3>\n<p><strong>Cr\u00e8me<\/strong>\u00a0: Aqua, Diethylamino Hydroxybenzoyl Hexyl Benzoate, Ethylhexyl Methoxycinnamate, Bis-Ethylhexyloxyphenol Methoxyphenyl Triazine, C12-15 Alkyl Benzoate, Dibutyl Adipate, Dicaprylyl Carbonate, Pentylene Glycol, Methylene Bis-Benzotriazolyl Tetramethylbutylphenol (nano), Dimethicone, Ethylhexyl Triazone, Alcohol, Cetyl Phosphate, Glycerin, Cetyl Alcohol, Triethanolamine, Panthenol, Tocopherol, Lecithin, Decyl Glucoside, Carbomer, Propylene Glycol, Xanthan Gum, BHT, Aloe Barbadensis Leaf Juice Powder<\/p>\n<p>&nbsp;<\/p>\n","protected":false},"featured_media":11376,"comment_status":"closed","ping_status":"closed","template":"","meta":[],"pwb-brand":[255],"product_cat":[195,194],"product_tag":[],"class_list":{"0":"post-11374","1":"product","2":"type-product","3":"status-publish","4":"has-post-thumbnail","6":"pwb-brand-daylong","7":"product_cat-cremes-solaires","8":"product_cat-solaire","10":"first","11":"instock","12":"purchasable","13":"product-type-simple"},"acf":[],"yoast_head":"<!-- This site is optimized with the Yoast SEO plugin v20.13 - https:\/\/yoast.com\/wordpress\/plugins\/seo\/ -->\n<title>Daylong Extr\u00eame Lotion solaire SPF50, 100ml - Para-Dis<\/title>\n<meta name=\"robots\" content=\"index, follow, max-snippet:-1, max-image-preview:large, max-video-preview:-1\" \/>\n<link rel=\"canonical\" href=\"https:\/\/para-sanita.fidsexcellence.tn\/?product=daylong-extreme-lotion-solaire-spf50-100ml\" \/>\n<meta property=\"og:locale\" content=\"fr_FR\" \/>\n<meta property=\"og:type\" content=\"article\" \/>\n<meta property=\"og:title\" content=\"Daylong Extr\u00eame Lotion solaire SPF50, 100ml - Para-Dis\" \/>\n<meta property=\"og:description\" content=\"Daylong Extr\u00eame Lotion solaire SPF50, 100ml Daylong Extr\u00eame Lotion solaire SPF50 est une cr\u00e8me de protection pratique, id\u00e9ale pour les l\u00e8vres et le visage expos\u00e9s au soleil. Indications \u00b7 Peaux expos\u00e9es au soleil \u00b7 Visage et l\u00e8vres Propri\u00e9t\u00e9s \u00b7 Tr\u00e8s haute protection solaire SPF 50+ avec filtres\u00a0photostables\u00a0\u00e0 large spectre contre les\u00a0UVA\/UVB \u00b7 Lait\u00a0liposomal\u00a0unique acheminant les filtres solaires l\u00e0 o\u00f9 ils doivent agir, au c\u0153ur de la couche superficielle de l\u2019\u00e9piderme, pour une protection longue dur\u00e9e \u00b7 Lait hydratant et nourrissant enrichi en\u00a0dexpanth\u00e9nol,\u00a0glyc\u00e9rine,\u00a0aloe vera\u00a0ainsi qu\u2019en vitamine E pour prot\u00e9ger la peau des dommages cellulaires et du vieillissement cutan\u00e9 pr\u00e9matur\u00e9 \u00b7 Sans parfum Plaisir et confort d\u2019utilisation \u00b7 Facile \u00e0 appliquer \u00b7 Tr\u00e8s r\u00e9sistant \u00e0 l\u2019eau et \u00e0 la transpiration pour une protection longue tenue \u00b7 Id\u00e9al pour l\u2019\u00e9t\u00e9 et l\u2019hiver Conseils d\u2019utilisation   Cr\u00e8me : Appliquer g\u00e9n\u00e9reusement environ\u00a020 minutes avant l\u2019exposition au soleil, bien laisser p\u00e9n\u00e9trer. \u00c9viter tout contact avec les yeux. Renouveler l\u2019application pour maintenir l\u2019efficacit\u00e9 de la protection solaire, notamment en cas de peau humide, de dess\u00e8chement et de transpiration. L\u2019application de quantit\u00e9s trop faibles r\u00e9duit consid\u00e9rablement l\u2019effet de protection. \u00c9viter une exposition pendant les p\u00e9riodes d\u2019ensoleillement intense. Une exposition excessive au soleil est dangereuse pour la sant\u00e9. M\u00eame les produits de protection solaire pr\u00e9sentant un SPF tr\u00e8s \u00e9lev\u00e9 ne garantissent pas une protection int\u00e9grale contre les rayons UV.  Ingr\u00e9dients Cr\u00e8me\u00a0: Aqua, Diethylamino Hydroxybenzoyl Hexyl Benzoate, Ethylhexyl Methoxycinnamate, Bis-Ethylhexyloxyphenol Methoxyphenyl Triazine, C12-15 Alkyl Benzoate, Dibutyl Adipate, Dicaprylyl Carbonate, Pentylene Glycol, Methylene Bis-Benzotriazolyl Tetramethylbutylphenol (nano), Dimethicone, Ethylhexyl Triazone, Alcohol, Cetyl Phosphate, Glycerin, Cetyl Alcohol, Triethanolamine, Panthenol, Tocopherol, Lecithin, Decyl Glucoside, Carbomer, Propylene Glycol, Xanthan Gum, BHT, Aloe Barbadensis Leaf Juice Powder  &nbsp;\" \/>\n<meta property=\"og:url\" content=\"https:\/\/para-sanita.fidsexcellence.tn\/?product=daylong-extreme-lotion-solaire-spf50-100ml\" \/>\n<meta property=\"og:site_name\" content=\"Para-Dis\" \/>\n<meta property=\"article:modified_time\" content=\"2023-08-12T19:12:06+00:00\" \/>\n<meta property=\"og:image\" content=\"https:\/\/para-sanita.fidsexcellence.tn\/wp-content\/uploads\/2023\/08\/1-12-1.jpg\" \/>\n\t<meta property=\"og:image:width\" content=\"458\" \/>\n\t<meta property=\"og:image:height\" content=\"458\" \/>\n\t<meta property=\"og:image:type\" content=\"image\/jpeg\" \/>\n<meta name=\"twitter:card\" content=\"summary_large_image\" \/>\n<meta name=\"twitter:label1\" content=\"Dur\u00e9e de lecture estim\u00e9e\" \/>\n\t<meta name=\"twitter:data1\" content=\"1 minute\" \/>\n<script type=\"application\/ld+json\" class=\"yoast-schema-graph\">{\"@context\":\"https:\/\/schema.org\",\"@graph\":[{\"@type\":\"WebPage\",\"@id\":\"https:\/\/para-sanita.fidsexcellence.tn\/?product=daylong-extreme-lotion-solaire-spf50-100ml\",\"url\":\"https:\/\/para-sanita.fidsexcellence.tn\/?product=daylong-extreme-lotion-solaire-spf50-100ml\",\"name\":\"Daylong Extr\u00eame Lotion solaire SPF50, 100ml - Para-Dis\",\"isPartOf\":{\"@id\":\"https:\/\/para-sanita.fidsexcellence.tn\/#website\"},\"datePublished\":\"2023-08-12T19:06:40+00:00\",\"dateModified\":\"2023-08-12T19:12:06+00:00\",\"breadcrumb\":{\"@id\":\"https:\/\/para-sanita.fidsexcellence.tn\/?product=daylong-extreme-lotion-solaire-spf50-100ml#breadcrumb\"},\"inLanguage\":\"fr-FR\",\"potentialAction\":[{\"@type\":\"ReadAction\",\"target\":[\"https:\/\/para-sanita.fidsexcellence.tn\/?product=daylong-extreme-lotion-solaire-spf50-100ml\"]}]},{\"@type\":\"BreadcrumbList\",\"@id\":\"https:\/\/para-sanita.fidsexcellence.tn\/?product=daylong-extreme-lotion-solaire-spf50-100ml#breadcrumb\",\"itemListElement\":[{\"@type\":\"ListItem\",\"position\":1,\"name\":\"Accueil\",\"item\":\"https:\/\/para-sanita.fidsexcellence.tn\/\"},{\"@type\":\"ListItem\",\"position\":2,\"name\":\"Shop\",\"item\":\"https:\/\/para-sanita.fidsexcellence.tn\/?page_id=3853\"},{\"@type\":\"ListItem\",\"position\":3,\"name\":\"Daylong Extr\u00eame Lotion solaire SPF50, 100ml\"}]},{\"@type\":\"WebSite\",\"@id\":\"https:\/\/para-sanita.fidsexcellence.tn\/#website\",\"url\":\"https:\/\/para-sanita.fidsexcellence.tn\/\",\"name\":\"Para-Dis\",\"description\":\"\",\"publisher\":{\"@id\":\"https:\/\/para-sanita.fidsexcellence.tn\/#organization\"},\"potentialAction\":[{\"@type\":\"SearchAction\",\"target\":{\"@type\":\"EntryPoint\",\"urlTemplate\":\"https:\/\/para-sanita.fidsexcellence.tn\/?s={search_term_string}\"},\"query-input\":\"required name=search_term_string\"}],\"inLanguage\":\"fr-FR\"},{\"@type\":\"Organization\",\"@id\":\"https:\/\/para-sanita.fidsexcellence.tn\/#organization\",\"name\":\"Para-Dis\",\"url\":\"https:\/\/para-sanita.fidsexcellence.tn\/\",\"logo\":{\"@type\":\"ImageObject\",\"inLanguage\":\"fr-FR\",\"@id\":\"https:\/\/para-sanita.fidsexcellence.tn\/#\/schema\/logo\/image\/\",\"url\":\"https:\/\/para-sanita.fidsexcellence.tn\/wp-content\/uploads\/2025\/03\/cropped-logo-1.png\",\"contentUrl\":\"https:\/\/para-sanita.fidsexcellence.tn\/wp-content\/uploads\/2025\/03\/cropped-logo-1.png\",\"width\":502,\"height\":167,\"caption\":\"Para-Dis\"},\"image\":{\"@id\":\"https:\/\/para-sanita.fidsexcellence.tn\/#\/schema\/logo\/image\/\"}}]}<\/script>\n<!-- \/ Yoast SEO plugin. -->","yoast_head_json":{"title":"Daylong Extr\u00eame Lotion solaire SPF50, 100ml - Para-Dis","robots":{"index":"index","follow":"follow","max-snippet":"max-snippet:-1","max-image-preview":"max-image-preview:large","max-video-preview":"max-video-preview:-1"},"canonical":"https:\/\/para-sanita.fidsexcellence.tn\/?product=daylong-extreme-lotion-solaire-spf50-100ml","og_locale":"fr_FR","og_type":"article","og_title":"Daylong Extr\u00eame Lotion solaire SPF50, 100ml - Para-Dis","og_description":"Daylong Extr\u00eame Lotion solaire SPF50, 100ml Daylong Extr\u00eame Lotion solaire SPF50 est une cr\u00e8me de protection pratique, id\u00e9ale pour les l\u00e8vres et le visage expos\u00e9s au soleil. Indications \u00b7 Peaux expos\u00e9es au soleil \u00b7 Visage et l\u00e8vres Propri\u00e9t\u00e9s \u00b7 Tr\u00e8s haute protection solaire SPF 50+ avec filtres\u00a0photostables\u00a0\u00e0 large spectre contre les\u00a0UVA\/UVB \u00b7 Lait\u00a0liposomal\u00a0unique acheminant les filtres solaires l\u00e0 o\u00f9 ils doivent agir, au c\u0153ur de la couche superficielle de l\u2019\u00e9piderme, pour une protection longue dur\u00e9e \u00b7 Lait hydratant et nourrissant enrichi en\u00a0dexpanth\u00e9nol,\u00a0glyc\u00e9rine,\u00a0aloe vera\u00a0ainsi qu\u2019en vitamine E pour prot\u00e9ger la peau des dommages cellulaires et du vieillissement cutan\u00e9 pr\u00e9matur\u00e9 \u00b7 Sans parfum Plaisir et confort d\u2019utilisation \u00b7 Facile \u00e0 appliquer \u00b7 Tr\u00e8s r\u00e9sistant \u00e0 l\u2019eau et \u00e0 la transpiration pour une protection longue tenue \u00b7 Id\u00e9al pour l\u2019\u00e9t\u00e9 et l\u2019hiver Conseils d\u2019utilisation   Cr\u00e8me : Appliquer g\u00e9n\u00e9reusement environ\u00a020 minutes avant l\u2019exposition au soleil, bien laisser p\u00e9n\u00e9trer. \u00c9viter tout contact avec les yeux. Renouveler l\u2019application pour maintenir l\u2019efficacit\u00e9 de la protection solaire, notamment en cas de peau humide, de dess\u00e8chement et de transpiration. L\u2019application de quantit\u00e9s trop faibles r\u00e9duit consid\u00e9rablement l\u2019effet de protection. \u00c9viter une exposition pendant les p\u00e9riodes d\u2019ensoleillement intense. Une exposition excessive au soleil est dangereuse pour la sant\u00e9. M\u00eame les produits de protection solaire pr\u00e9sentant un SPF tr\u00e8s \u00e9lev\u00e9 ne garantissent pas une protection int\u00e9grale contre les rayons UV.  Ingr\u00e9dients Cr\u00e8me\u00a0: Aqua, Diethylamino Hydroxybenzoyl Hexyl Benzoate, Ethylhexyl Methoxycinnamate, Bis-Ethylhexyloxyphenol Methoxyphenyl Triazine, C12-15 Alkyl Benzoate, Dibutyl Adipate, Dicaprylyl Carbonate, Pentylene Glycol, Methylene Bis-Benzotriazolyl Tetramethylbutylphenol (nano), Dimethicone, Ethylhexyl Triazone, Alcohol, Cetyl Phosphate, Glycerin, Cetyl Alcohol, Triethanolamine, Panthenol, Tocopherol, Lecithin, Decyl Glucoside, Carbomer, Propylene Glycol, Xanthan Gum, BHT, Aloe Barbadensis Leaf Juice Powder  &nbsp;","og_url":"https:\/\/para-sanita.fidsexcellence.tn\/?product=daylong-extreme-lotion-solaire-spf50-100ml","og_site_name":"Para-Dis","article_modified_time":"2023-08-12T19:12:06+00:00","og_image":[{"width":458,"height":458,"url":"https:\/\/para-sanita.fidsexcellence.tn\/wp-content\/uploads\/2023\/08\/1-12-1.jpg","type":"image\/jpeg"}],"twitter_card":"summary_large_image","twitter_misc":{"Dur\u00e9e de lecture estim\u00e9e":"1 minute"},"schema":{"@context":"https:\/\/schema.org","@graph":[{"@type":"WebPage","@id":"https:\/\/para-sanita.fidsexcellence.tn\/?product=daylong-extreme-lotion-solaire-spf50-100ml","url":"https:\/\/para-sanita.fidsexcellence.tn\/?product=daylong-extreme-lotion-solaire-spf50-100ml","name":"Daylong Extr\u00eame Lotion solaire SPF50, 100ml - Para-Dis","isPartOf":{"@id":"https:\/\/para-sanita.fidsexcellence.tn\/#website"},"datePublished":"2023-08-12T19:06:40+00:00","dateModified":"2023-08-12T19:12:06+00:00","breadcrumb":{"@id":"https:\/\/para-sanita.fidsexcellence.tn\/?product=daylong-extreme-lotion-solaire-spf50-100ml#breadcrumb"},"inLanguage":"fr-FR","potentialAction":[{"@type":"ReadAction","target":["https:\/\/para-sanita.fidsexcellence.tn\/?product=daylong-extreme-lotion-solaire-spf50-100ml"]}]},{"@type":"BreadcrumbList","@id":"https:\/\/para-sanita.fidsexcellence.tn\/?product=daylong-extreme-lotion-solaire-spf50-100ml#breadcrumb","itemListElement":[{"@type":"ListItem","position":1,"name":"Accueil","item":"https:\/\/para-sanita.fidsexcellence.tn\/"},{"@type":"ListItem","position":2,"name":"Shop","item":"https:\/\/para-sanita.fidsexcellence.tn\/?page_id=3853"},{"@type":"ListItem","position":3,"name":"Daylong Extr\u00eame Lotion solaire SPF50, 100ml"}]},{"@type":"WebSite","@id":"https:\/\/para-sanita.fidsexcellence.tn\/#website","url":"https:\/\/para-sanita.fidsexcellence.tn\/","name":"Para-Dis","description":"","publisher":{"@id":"https:\/\/para-sanita.fidsexcellence.tn\/#organization"},"potentialAction":[{"@type":"SearchAction","target":{"@type":"EntryPoint","urlTemplate":"https:\/\/para-sanita.fidsexcellence.tn\/?s={search_term_string}"},"query-input":"required name=search_term_string"}],"inLanguage":"fr-FR"},{"@type":"Organization","@id":"https:\/\/para-sanita.fidsexcellence.tn\/#organization","name":"Para-Dis","url":"https:\/\/para-sanita.fidsexcellence.tn\/","logo":{"@type":"ImageObject","inLanguage":"fr-FR","@id":"https:\/\/para-sanita.fidsexcellence.tn\/#\/schema\/logo\/image\/","url":"https:\/\/para-sanita.fidsexcellence.tn\/wp-content\/uploads\/2025\/03\/cropped-logo-1.png","contentUrl":"https:\/\/para-sanita.fidsexcellence.tn\/wp-content\/uploads\/2025\/03\/cropped-logo-1.png","width":502,"height":167,"caption":"Para-Dis"},"image":{"@id":"https:\/\/para-sanita.fidsexcellence.tn\/#\/schema\/logo\/image\/"}}]}},"brands":[{"id":255,"name":"Daylong","slug":"daylong"}],"_links":{"self":[{"href":"https:\/\/para-sanita.fidsexcellence.tn\/index.php?rest_route=\/wp\/v2\/product\/11374","targetHints":{"allow":["GET"]}}],"collection":[{"href":"https:\/\/para-sanita.fidsexcellence.tn\/index.php?rest_route=\/wp\/v2\/product"}],"about":[{"href":"https:\/\/para-sanita.fidsexcellence.tn\/index.php?rest_route=\/wp\/v2\/types\/product"}],"replies":[{"embeddable":true,"href":"https:\/\/para-sanita.fidsexcellence.tn\/index.php?rest_route=%2Fwp%2Fv2%2Fcomments&post=11374"}],"version-history":[{"count":3,"href":"https:\/\/para-sanita.fidsexcellence.tn\/index.php?rest_route=\/wp\/v2\/product\/11374\/revisions"}],"predecessor-version":[{"id":11378,"href":"https:\/\/para-sanita.fidsexcellence.tn\/index.php?rest_route=\/wp\/v2\/product\/11374\/revisions\/11378"}],"wp:featuredmedia":[{"embeddable":true,"href":"https:\/\/para-sanita.fidsexcellence.tn\/index.php?rest_route=\/wp\/v2\/media\/11376"}],"wp:attachment":[{"href":"https:\/\/para-sanita.fidsexcellence.tn\/index.php?rest_route=%2Fwp%2Fv2%2Fmedia&parent=11374"}],"wp:term":[{"taxonomy":"pwb-brand","embeddable":true,"href":"https:\/\/para-sanita.fidsexcellence.tn\/index.php?rest_route=%2Fwp%2Fv2%2Fpwb-brand&post=11374"},{"taxonomy":"product_cat","embeddable":true,"href":"https:\/\/para-sanita.fidsexcellence.tn\/index.php?rest_route=%2Fwp%2Fv2%2Fproduct_cat&post=11374"},{"taxonomy":"product_tag","embeddable":true,"href":"https:\/\/para-sanita.fidsexcellence.tn\/index.php?rest_route=%2Fwp%2Fv2%2Fproduct_tag&post=11374"}],"curies":[{"name":"wp","href":"https:\/\/api.w.org\/{rel}","templated":true}]}}