{"id":11379,"date":"2023-08-12T19:15:28","date_gmt":"2023-08-12T19:15:28","guid":{"rendered":"https:\/\/para-sanita.fidsexcellence.tn\/?product=ultrasun-face-anti-ageing-anti-pigmentation-spf50-50ml"},"modified":"2023-08-12T19:20:09","modified_gmt":"2023-08-12T19:20:09","slug":"ultrasun-face-anti-ageing-anti-pigmentation-spf50-50ml","status":"publish","type":"product","link":"https:\/\/para-sanita.fidsexcellence.tn\/?product=ultrasun-face-anti-ageing-anti-pigmentation-spf50-50ml","title":{"rendered":"Ultrasun Face Anti-Ageing &#038; Anti-Pigmentation Spf50+, 50ml"},"content":{"rendered":"<p>Gel solaire anti-\u00e2ge et anti-pigmentation Ultrasun SPF50+<br \/>\nUltrasun Face Anti-Ageing et Anti-Pigmentation SPF50+ est un gel solaire anti-\u00e2ge et anti-pigmentation avec une formule avanc\u00e9e fusionnant une protection lamellaire \u00e0 large spectre SPF 50+ avec GSP pour une protection contre les infrarouges, pigments sp\u00e9cifiques et dioxyde de titane pour une protection contre la lumi\u00e8re bleue, mais aussi ecto\u00efne et composants innovants contre la pigmentation.<br \/>\nGr\u00e2ce \u00e0 sa texture l\u00e9g\u00e8re et non grasse, Ultrasun gel solaire assure une absorption incroyablement rapide. Il offre un niveau d&#8217;hydratation optimal et minimise l&#8217;apparence de vieillissement li\u00e9e au soleil.<br \/>\nConseils d\u2019utilisation<br \/>\nAvant toute exposition au soleil, appliquer Ultrasun Face Anti-Ageing et Anti-Pigmentation SPF50+ uniform\u00e9ment sur la peau. Renouveler r\u00e9guli\u00e8rement l&#8217;application en cas d&#8217;expositions prolong\u00e9es et apr\u00e8s chaque bain. L&#8217;utilisation de cet \u00e9cran solaire ne doit pas inciter \u00e0 s&#8217;exposer longtemps au soleil.<br \/>\nComposition<br \/>\nAqua, Caprylic\/Capric Triglyceride, Pentylene Glycol, Glycerin, Methylene Bis-Benzotriazolyl Tetramethylbutylphenol (Nano), Titanium Dioxide (Nano),Diethylamino Hydroxybenzoyl Hexyl Benzoate, Ethylhexyl Triazone, Ascorbyl Glucoside, Bentonite, Squalane, Cocoglycerides, Hydrogenated Phosphatidylcholine, C8-22 Alkyl Acrylates\/Methacrylic Acid Crosspolymer, Hexylresorcinol, Ethylhexyl Salicylate, Bis-Ethylhexyloxyphenol Methoxyphenyl Triazine, C12-15 Alkyl Benzoate, Ectoin, Decyl Glucoside, Ethyl Linoleate, Sodium Citrate, Sodium Hydroxide, Propyl Alcohol, Cetyl Phosphate, Silica, Citric Acid, Lecithin, Tocopheryl Acetate, Ascorbyl Tetraisopalmitate,Xanthan Gum, Vitis Vinifera Seed Extract, Alcohol, Propylene Glycol, Tocopherol, Diisopropyl Adipate, Ubiquinone.<br \/>\nContenance<br \/>\nTube de 50ml<\/p>\n","protected":false},"excerpt":{"rendered":"<h2>Gel solaire anti-\u00e2ge et anti-pigmentation Ultrasun SPF50+<\/h2>\n<p><strong>Ultrasun\u00a0<\/strong><strong>Face Anti-Ageing et Anti-Pigmentat<\/strong><strong>ion SPF50+<\/strong>\u00a0est un gel solaire anti-\u00e2ge et anti-pigmentation avec une formule avanc\u00e9e fusionnant une protection lamellaire \u00e0 large spectre SPF 50+ avec GSP pour une protection contre les infrarouges, pigments sp\u00e9cifiques et dioxyde de titane pour une protection contre la lumi\u00e8re bleue, mais aussi ecto\u00efne et composants innovants contre la pigmentation.<\/p>\n<p>Gr\u00e2ce \u00e0 sa texture l\u00e9g\u00e8re et non grasse, Ultrasun gel solaire assure une absorption incroyablement rapide. Il offre un niveau d\u2019hydratation optimal et minimise l\u2019apparence de vieillissement li\u00e9e au soleil.<\/p>\n<h4>Conseils d\u2019utilisation<\/h4>\n<p>Avant toute exposition au soleil, appliquer Ultrasun Face Anti-Ageing et Anti-Pigmentation SPF50+ uniform\u00e9ment sur la peau. Renouveler r\u00e9guli\u00e8rement l\u2019application en cas d\u2019expositions prolong\u00e9es et apr\u00e8s chaque bain. L\u2019utilisation de cet \u00e9cran solaire ne doit pas inciter \u00e0 s\u2019exposer longtemps au soleil.<\/p>\n<h4>Composition<\/h4>\n<p>Aqua, Caprylic\/Capric Triglyceride, Pentylene Glycol, Glycerin, Methylene Bis-Benzotriazolyl Tetramethylbutylphenol (Nano), Titanium Dioxide (Nano),Diethylamino Hydroxybenzoyl Hexyl Benzoate, Ethylhexyl Triazone, Ascorbyl Glucoside, Bentonite, Squalane, Cocoglycerides, Hydrogenated Phosphatidylcholine, C8-22 Alkyl Acrylates\/Methacrylic Acid Crosspolymer, Hexylresorcinol, Ethylhexyl Salicylate, Bis-Ethylhexyloxyphenol Methoxyphenyl Triazine, C12-15 Alkyl Benzoate, Ectoin, Decyl Glucoside, Ethyl Linoleate, Sodium Citrate, Sodium Hydroxide, Propyl Alcohol, Cetyl Phosphate, Silica, Citric Acid, Lecithin, Tocopheryl Acetate, Ascorbyl Tetraisopalmitate,Xanthan Gum, Vitis Vinifera Seed Extract, Alcohol, Propylene Glycol, Tocopherol, Diisopropyl Adipate, Ubiquinone.<\/p>\n","protected":false},"featured_media":11381,"comment_status":"closed","ping_status":"closed","template":"","meta":[],"pwb-brand":[257],"product_cat":[195,194],"product_tag":[],"class_list":{"0":"post-11379","1":"product","2":"type-product","3":"status-publish","4":"has-post-thumbnail","6":"pwb-brand-ultrasun","7":"product_cat-cremes-solaires","8":"product_cat-solaire","10":"first","11":"instock","12":"purchasable","13":"product-type-simple"},"acf":[],"yoast_head":"<!-- This site is optimized with the Yoast SEO plugin v20.13 - https:\/\/yoast.com\/wordpress\/plugins\/seo\/ -->\n<title>Ultrasun Face Anti-Ageing &amp; Anti-Pigmentation Spf50+, 50ml - Para-Dis<\/title>\n<meta name=\"description\" content=\"Ultrasun\u00a0Face Anti-Ageing et Anti-Pigmentation SPF50+\u00a0est un gel solaire anti-\u00e2ge et anti-pigmentation avec une formule avanc\u00e9e fusionnant une protection lamellaire \u00e0 large spectre SPF 50+ avec GSP pour une protection contre les infrarouges, pigments sp\u00e9cifiques et dioxyde de titane pour une protection contre la lumi\u00e8re bleue, mais aussi ecto\u00efne et composants innovants contre la pigmentation.\" \/>\n<meta name=\"robots\" content=\"index, follow, max-snippet:-1, max-image-preview:large, max-video-preview:-1\" \/>\n<link rel=\"canonical\" href=\"https:\/\/para-sanita.fidsexcellence.tn\/?product=ultrasun-face-anti-ageing-anti-pigmentation-spf50-50ml\" \/>\n<meta property=\"og:locale\" content=\"fr_FR\" \/>\n<meta property=\"og:type\" content=\"article\" \/>\n<meta property=\"og:title\" content=\"Ultrasun Face Anti-Ageing &amp; Anti-Pigmentation Spf50+, 50ml - Para-Dis\" \/>\n<meta property=\"og:description\" content=\"Ultrasun\u00a0Face Anti-Ageing et Anti-Pigmentation SPF50+\u00a0est un gel solaire anti-\u00e2ge et anti-pigmentation avec une formule avanc\u00e9e fusionnant une protection lamellaire \u00e0 large spectre SPF 50+ avec GSP pour une protection contre les infrarouges, pigments sp\u00e9cifiques et dioxyde de titane pour une protection contre la lumi\u00e8re bleue, mais aussi ecto\u00efne et composants innovants contre la pigmentation.\" \/>\n<meta property=\"og:url\" content=\"https:\/\/para-sanita.fidsexcellence.tn\/?product=ultrasun-face-anti-ageing-anti-pigmentation-spf50-50ml\" \/>\n<meta property=\"og:site_name\" content=\"Para-Dis\" \/>\n<meta property=\"article:modified_time\" content=\"2023-08-12T19:20:09+00:00\" \/>\n<meta property=\"og:image\" content=\"https:\/\/para-sanita.fidsexcellence.tn\/wp-content\/uploads\/2023\/08\/ultrasun-face-anti-ageing-anti-pigmentation-spf50-50ml.jpg\" \/>\n\t<meta property=\"og:image:width\" content=\"800\" \/>\n\t<meta property=\"og:image:height\" content=\"800\" \/>\n\t<meta property=\"og:image:type\" content=\"image\/jpeg\" \/>\n<meta name=\"twitter:card\" content=\"summary_large_image\" \/>\n<meta name=\"twitter:label1\" content=\"Dur\u00e9e de lecture estim\u00e9e\" \/>\n\t<meta name=\"twitter:data1\" content=\"2 minutes\" \/>\n<script type=\"application\/ld+json\" class=\"yoast-schema-graph\">{\"@context\":\"https:\/\/schema.org\",\"@graph\":[{\"@type\":\"WebPage\",\"@id\":\"https:\/\/para-sanita.fidsexcellence.tn\/?product=ultrasun-face-anti-ageing-anti-pigmentation-spf50-50ml\",\"url\":\"https:\/\/para-sanita.fidsexcellence.tn\/?product=ultrasun-face-anti-ageing-anti-pigmentation-spf50-50ml\",\"name\":\"Ultrasun Face Anti-Ageing & Anti-Pigmentation Spf50+, 50ml - Para-Dis\",\"isPartOf\":{\"@id\":\"https:\/\/para-sanita.fidsexcellence.tn\/#website\"},\"datePublished\":\"2023-08-12T19:15:28+00:00\",\"dateModified\":\"2023-08-12T19:20:09+00:00\",\"description\":\"Ultrasun\u00a0Face Anti-Ageing et Anti-Pigmentation SPF50+\u00a0est un gel solaire anti-\u00e2ge et anti-pigmentation avec une formule avanc\u00e9e fusionnant une protection lamellaire \u00e0 large spectre SPF 50+ avec GSP pour une protection contre les infrarouges, pigments sp\u00e9cifiques et dioxyde de titane pour une protection contre la lumi\u00e8re bleue, mais aussi ecto\u00efne et composants innovants contre la pigmentation.\",\"breadcrumb\":{\"@id\":\"https:\/\/para-sanita.fidsexcellence.tn\/?product=ultrasun-face-anti-ageing-anti-pigmentation-spf50-50ml#breadcrumb\"},\"inLanguage\":\"fr-FR\",\"potentialAction\":[{\"@type\":\"ReadAction\",\"target\":[\"https:\/\/para-sanita.fidsexcellence.tn\/?product=ultrasun-face-anti-ageing-anti-pigmentation-spf50-50ml\"]}]},{\"@type\":\"BreadcrumbList\",\"@id\":\"https:\/\/para-sanita.fidsexcellence.tn\/?product=ultrasun-face-anti-ageing-anti-pigmentation-spf50-50ml#breadcrumb\",\"itemListElement\":[{\"@type\":\"ListItem\",\"position\":1,\"name\":\"Accueil\",\"item\":\"https:\/\/para-sanita.fidsexcellence.tn\/\"},{\"@type\":\"ListItem\",\"position\":2,\"name\":\"Shop\",\"item\":\"https:\/\/para-sanita.fidsexcellence.tn\/?page_id=3853\"},{\"@type\":\"ListItem\",\"position\":3,\"name\":\"Ultrasun Face Anti-Ageing &#038; Anti-Pigmentation Spf50+, 50ml\"}]},{\"@type\":\"WebSite\",\"@id\":\"https:\/\/para-sanita.fidsexcellence.tn\/#website\",\"url\":\"https:\/\/para-sanita.fidsexcellence.tn\/\",\"name\":\"Para-Dis\",\"description\":\"\",\"publisher\":{\"@id\":\"https:\/\/para-sanita.fidsexcellence.tn\/#organization\"},\"potentialAction\":[{\"@type\":\"SearchAction\",\"target\":{\"@type\":\"EntryPoint\",\"urlTemplate\":\"https:\/\/para-sanita.fidsexcellence.tn\/?s={search_term_string}\"},\"query-input\":\"required name=search_term_string\"}],\"inLanguage\":\"fr-FR\"},{\"@type\":\"Organization\",\"@id\":\"https:\/\/para-sanita.fidsexcellence.tn\/#organization\",\"name\":\"Para-Dis\",\"url\":\"https:\/\/para-sanita.fidsexcellence.tn\/\",\"logo\":{\"@type\":\"ImageObject\",\"inLanguage\":\"fr-FR\",\"@id\":\"https:\/\/para-sanita.fidsexcellence.tn\/#\/schema\/logo\/image\/\",\"url\":\"https:\/\/para-sanita.fidsexcellence.tn\/wp-content\/uploads\/2025\/03\/cropped-logo-1.png\",\"contentUrl\":\"https:\/\/para-sanita.fidsexcellence.tn\/wp-content\/uploads\/2025\/03\/cropped-logo-1.png\",\"width\":502,\"height\":167,\"caption\":\"Para-Dis\"},\"image\":{\"@id\":\"https:\/\/para-sanita.fidsexcellence.tn\/#\/schema\/logo\/image\/\"}}]}<\/script>\n<!-- \/ Yoast SEO plugin. -->","yoast_head_json":{"title":"Ultrasun Face Anti-Ageing & Anti-Pigmentation Spf50+, 50ml - Para-Dis","description":"Ultrasun\u00a0Face Anti-Ageing et Anti-Pigmentation SPF50+\u00a0est un gel solaire anti-\u00e2ge et anti-pigmentation avec une formule avanc\u00e9e fusionnant une protection lamellaire \u00e0 large spectre SPF 50+ avec GSP pour une protection contre les infrarouges, pigments sp\u00e9cifiques et dioxyde de titane pour une protection contre la lumi\u00e8re bleue, mais aussi ecto\u00efne et composants innovants contre la pigmentation.","robots":{"index":"index","follow":"follow","max-snippet":"max-snippet:-1","max-image-preview":"max-image-preview:large","max-video-preview":"max-video-preview:-1"},"canonical":"https:\/\/para-sanita.fidsexcellence.tn\/?product=ultrasun-face-anti-ageing-anti-pigmentation-spf50-50ml","og_locale":"fr_FR","og_type":"article","og_title":"Ultrasun Face Anti-Ageing & Anti-Pigmentation Spf50+, 50ml - Para-Dis","og_description":"Ultrasun\u00a0Face Anti-Ageing et Anti-Pigmentation SPF50+\u00a0est un gel solaire anti-\u00e2ge et anti-pigmentation avec une formule avanc\u00e9e fusionnant une protection lamellaire \u00e0 large spectre SPF 50+ avec GSP pour une protection contre les infrarouges, pigments sp\u00e9cifiques et dioxyde de titane pour une protection contre la lumi\u00e8re bleue, mais aussi ecto\u00efne et composants innovants contre la pigmentation.","og_url":"https:\/\/para-sanita.fidsexcellence.tn\/?product=ultrasun-face-anti-ageing-anti-pigmentation-spf50-50ml","og_site_name":"Para-Dis","article_modified_time":"2023-08-12T19:20:09+00:00","og_image":[{"width":800,"height":800,"url":"https:\/\/para-sanita.fidsexcellence.tn\/wp-content\/uploads\/2023\/08\/ultrasun-face-anti-ageing-anti-pigmentation-spf50-50ml.jpg","type":"image\/jpeg"}],"twitter_card":"summary_large_image","twitter_misc":{"Dur\u00e9e de lecture estim\u00e9e":"2 minutes"},"schema":{"@context":"https:\/\/schema.org","@graph":[{"@type":"WebPage","@id":"https:\/\/para-sanita.fidsexcellence.tn\/?product=ultrasun-face-anti-ageing-anti-pigmentation-spf50-50ml","url":"https:\/\/para-sanita.fidsexcellence.tn\/?product=ultrasun-face-anti-ageing-anti-pigmentation-spf50-50ml","name":"Ultrasun Face Anti-Ageing & Anti-Pigmentation Spf50+, 50ml - Para-Dis","isPartOf":{"@id":"https:\/\/para-sanita.fidsexcellence.tn\/#website"},"datePublished":"2023-08-12T19:15:28+00:00","dateModified":"2023-08-12T19:20:09+00:00","description":"Ultrasun\u00a0Face Anti-Ageing et Anti-Pigmentation SPF50+\u00a0est un gel solaire anti-\u00e2ge et anti-pigmentation avec une formule avanc\u00e9e fusionnant une protection lamellaire \u00e0 large spectre SPF 50+ avec GSP pour une protection contre les infrarouges, pigments sp\u00e9cifiques et dioxyde de titane pour une protection contre la lumi\u00e8re bleue, mais aussi ecto\u00efne et composants innovants contre la pigmentation.","breadcrumb":{"@id":"https:\/\/para-sanita.fidsexcellence.tn\/?product=ultrasun-face-anti-ageing-anti-pigmentation-spf50-50ml#breadcrumb"},"inLanguage":"fr-FR","potentialAction":[{"@type":"ReadAction","target":["https:\/\/para-sanita.fidsexcellence.tn\/?product=ultrasun-face-anti-ageing-anti-pigmentation-spf50-50ml"]}]},{"@type":"BreadcrumbList","@id":"https:\/\/para-sanita.fidsexcellence.tn\/?product=ultrasun-face-anti-ageing-anti-pigmentation-spf50-50ml#breadcrumb","itemListElement":[{"@type":"ListItem","position":1,"name":"Accueil","item":"https:\/\/para-sanita.fidsexcellence.tn\/"},{"@type":"ListItem","position":2,"name":"Shop","item":"https:\/\/para-sanita.fidsexcellence.tn\/?page_id=3853"},{"@type":"ListItem","position":3,"name":"Ultrasun Face Anti-Ageing &#038; Anti-Pigmentation Spf50+, 50ml"}]},{"@type":"WebSite","@id":"https:\/\/para-sanita.fidsexcellence.tn\/#website","url":"https:\/\/para-sanita.fidsexcellence.tn\/","name":"Para-Dis","description":"","publisher":{"@id":"https:\/\/para-sanita.fidsexcellence.tn\/#organization"},"potentialAction":[{"@type":"SearchAction","target":{"@type":"EntryPoint","urlTemplate":"https:\/\/para-sanita.fidsexcellence.tn\/?s={search_term_string}"},"query-input":"required name=search_term_string"}],"inLanguage":"fr-FR"},{"@type":"Organization","@id":"https:\/\/para-sanita.fidsexcellence.tn\/#organization","name":"Para-Dis","url":"https:\/\/para-sanita.fidsexcellence.tn\/","logo":{"@type":"ImageObject","inLanguage":"fr-FR","@id":"https:\/\/para-sanita.fidsexcellence.tn\/#\/schema\/logo\/image\/","url":"https:\/\/para-sanita.fidsexcellence.tn\/wp-content\/uploads\/2025\/03\/cropped-logo-1.png","contentUrl":"https:\/\/para-sanita.fidsexcellence.tn\/wp-content\/uploads\/2025\/03\/cropped-logo-1.png","width":502,"height":167,"caption":"Para-Dis"},"image":{"@id":"https:\/\/para-sanita.fidsexcellence.tn\/#\/schema\/logo\/image\/"}}]}},"brands":[{"id":257,"name":"Ultrasun","slug":"ultrasun"}],"_links":{"self":[{"href":"https:\/\/para-sanita.fidsexcellence.tn\/index.php?rest_route=\/wp\/v2\/product\/11379","targetHints":{"allow":["GET"]}}],"collection":[{"href":"https:\/\/para-sanita.fidsexcellence.tn\/index.php?rest_route=\/wp\/v2\/product"}],"about":[{"href":"https:\/\/para-sanita.fidsexcellence.tn\/index.php?rest_route=\/wp\/v2\/types\/product"}],"replies":[{"embeddable":true,"href":"https:\/\/para-sanita.fidsexcellence.tn\/index.php?rest_route=%2Fwp%2Fv2%2Fcomments&post=11379"}],"version-history":[{"count":2,"href":"https:\/\/para-sanita.fidsexcellence.tn\/index.php?rest_route=\/wp\/v2\/product\/11379\/revisions"}],"predecessor-version":[{"id":11382,"href":"https:\/\/para-sanita.fidsexcellence.tn\/index.php?rest_route=\/wp\/v2\/product\/11379\/revisions\/11382"}],"wp:featuredmedia":[{"embeddable":true,"href":"https:\/\/para-sanita.fidsexcellence.tn\/index.php?rest_route=\/wp\/v2\/media\/11381"}],"wp:attachment":[{"href":"https:\/\/para-sanita.fidsexcellence.tn\/index.php?rest_route=%2Fwp%2Fv2%2Fmedia&parent=11379"}],"wp:term":[{"taxonomy":"pwb-brand","embeddable":true,"href":"https:\/\/para-sanita.fidsexcellence.tn\/index.php?rest_route=%2Fwp%2Fv2%2Fpwb-brand&post=11379"},{"taxonomy":"product_cat","embeddable":true,"href":"https:\/\/para-sanita.fidsexcellence.tn\/index.php?rest_route=%2Fwp%2Fv2%2Fproduct_cat&post=11379"},{"taxonomy":"product_tag","embeddable":true,"href":"https:\/\/para-sanita.fidsexcellence.tn\/index.php?rest_route=%2Fwp%2Fv2%2Fproduct_tag&post=11379"}],"curies":[{"name":"wp","href":"https:\/\/api.w.org\/{rel}","templated":true}]}}