{"id":11383,"date":"2023-08-12T19:20:09","date_gmt":"2023-08-12T19:20:09","guid":{"rendered":"https:\/\/para-sanita.fidsexcellence.tn\/?product=svr-sun-secure-blur-creme-mousse-spf50-50ml"},"modified":"2023-08-12T19:25:51","modified_gmt":"2023-08-12T19:25:51","slug":"svr-sun-secure-blur-creme-mousse-spf50-50ml","status":"publish","type":"product","link":"https:\/\/para-sanita.fidsexcellence.tn\/?product=svr-sun-secure-blur-creme-mousse-spf50-50ml","title":{"rendered":"SVR Sun Secure Blur Cr\u00e8me Mousse SPF50, 50ml"},"content":{"rendered":"<p>Cr\u00e8me solaire mousse SPF50<br \/>\nFlouter les d\u00e9fauts et unifier le teint<br \/>\nPeaux hypersensible au soleil<br \/>\nR\u00e9sistant \u00e0 l&#8217;eau<\/p>\n","protected":false},"excerpt":{"rendered":"<h2>Ecran Solaire SVR Cr\u00e8me Mousse SPF50<\/h2>\n<p><strong>SVR Sun Secure Blur<\/strong>\u00a0<strong>cr\u00e8me mousse<\/strong>\u00a0est l\u2019<strong>\u00e9cran solaire\u00a0<\/strong>parfaitement adapt\u00e9 aux peaux hypersensibles au soleil. Gr\u00e2ce \u00e0 sa texture mousse et sa haute protection SPF50, l\u2019<strong>\u00e9cran solaire<\/strong>\u00a0<strong>SVR Sun Secure\u00a0<\/strong>floute les imperfections, unifie et lisse la peau pour un effet incroyablement velout\u00e9e.\u00a0<strong>SVR Sun Secure cr\u00e8me mousse<\/strong>\u00a0flouteur optique est id\u00e9al comme base de maquillage.<\/p>\n<h4>Conseils d\u2019utilisation<\/h4>\n<p>Appliquer une noisette de\u00a0<strong>SVR<\/strong>\u00a0<strong>Sun Secure Blur,\u00a0<\/strong>la repartir sur votre visage et l\u2019\u00e9tirer comme une base de maquillage.<\/p>\n<p>Appliquer la\u00a0<strong>cr\u00e8me solaire SVR\u00a0<\/strong>le matin et avant chaque exposition au soleil.<\/p>\n<h4><strong>Composition\u00a0<\/strong><\/h4>\n<p>Aqua (purified water), ethylhexyl methoxycinnamate, cetyl alcohol, glyceryl stearate, polyester-7, dimethicone, niacinamide, aminomethyl propanol, beta-carotene, caprylhydroxamic acid, ci 15850, daucus carota sativa (carrot) root extract, dimethicone crosspolymer-3, glycine soja (soybean) oil, hydrogenated phosphatidylcholine, lecithin, lepidium sativum sprout extract, cyclopentasiloxane, tocopherol, tocopheryl acetate, 1,2-hexanediol, polymethyl methacrylate, caprylyl methicone, glycerin, ethylhexyl triazine, bis-ethylhexyloxyphenol methoxyphenyl triazine, peg-12 dimethicone\/ppg-20 crosspolymer, phenethyl alcohol, caprylyl glycol, ceteth-20, neopentyl glycol diheptanoate, peg-75 stearate, pentylene glycol, sodium laureth sulfate, dimethiconol, disodium edta, lysolecithin, sodium polyacrylate starch, steareth-20, triethoxycaprylylsilane, phenoxyethanol, parfum (fragrance), ci 77492<strong>\u00a0<\/strong><\/p>\n","protected":false},"featured_media":11385,"comment_status":"closed","ping_status":"closed","template":"","meta":[],"pwb-brand":[240],"product_cat":[195,194],"product_tag":[],"class_list":{"0":"post-11383","1":"product","2":"type-product","3":"status-publish","4":"has-post-thumbnail","6":"pwb-brand-svr","7":"product_cat-cremes-solaires","8":"product_cat-solaire","10":"first","11":"instock","12":"purchasable","13":"product-type-simple"},"acf":[],"yoast_head":"<!-- This site is optimized with the Yoast SEO plugin v20.13 - https:\/\/yoast.com\/wordpress\/plugins\/seo\/ -->\n<title>SVR Sun Secure Blur Cr\u00e8me Mousse SPF50, 50ml - Para-Dis<\/title>\n<meta name=\"description\" content=\"SVR Sun Secure Blur\u00a0cr\u00e8me mousse\u00a0est l\u2019\u00e9cran solaire\u00a0parfaitement adapt\u00e9 aux peaux hypersensibles au soleil. Gr\u00e2ce \u00e0 sa texture mousse et sa haute protection SPF50, l\u2019\u00e9cran solaire\u00a0SVR Sun Secure\u00a0floute les imperfections, unifie et lisse la peau pour un effet incroyablement velout\u00e9e.\u00a0SVR Sun Secure cr\u00e8me mousse\u00a0flouteur optique est id\u00e9al comme base de maquillage\" \/>\n<meta name=\"robots\" content=\"index, follow, max-snippet:-1, max-image-preview:large, max-video-preview:-1\" \/>\n<link rel=\"canonical\" href=\"https:\/\/para-sanita.fidsexcellence.tn\/?product=svr-sun-secure-blur-creme-mousse-spf50-50ml\" \/>\n<meta property=\"og:locale\" content=\"fr_FR\" \/>\n<meta property=\"og:type\" content=\"article\" \/>\n<meta property=\"og:title\" content=\"SVR Sun Secure Blur Cr\u00e8me Mousse SPF50, 50ml - Para-Dis\" \/>\n<meta property=\"og:description\" content=\"SVR Sun Secure Blur\u00a0cr\u00e8me mousse\u00a0est l\u2019\u00e9cran solaire\u00a0parfaitement adapt\u00e9 aux peaux hypersensibles au soleil. Gr\u00e2ce \u00e0 sa texture mousse et sa haute protection SPF50, l\u2019\u00e9cran solaire\u00a0SVR Sun Secure\u00a0floute les imperfections, unifie et lisse la peau pour un effet incroyablement velout\u00e9e.\u00a0SVR Sun Secure cr\u00e8me mousse\u00a0flouteur optique est id\u00e9al comme base de maquillage\" \/>\n<meta property=\"og:url\" content=\"https:\/\/para-sanita.fidsexcellence.tn\/?product=svr-sun-secure-blur-creme-mousse-spf50-50ml\" \/>\n<meta property=\"og:site_name\" content=\"Para-Dis\" \/>\n<meta property=\"article:modified_time\" content=\"2023-08-12T19:25:51+00:00\" \/>\n<meta property=\"og:image\" content=\"https:\/\/para-sanita.fidsexcellence.tn\/wp-content\/uploads\/2023\/08\/svr-sun-secure-blur-spf50.jpg\" \/>\n\t<meta property=\"og:image:width\" content=\"800\" \/>\n\t<meta property=\"og:image:height\" content=\"800\" \/>\n\t<meta property=\"og:image:type\" content=\"image\/jpeg\" \/>\n<meta name=\"twitter:card\" content=\"summary_large_image\" \/>\n<meta name=\"twitter:label1\" content=\"Dur\u00e9e de lecture estim\u00e9e\" \/>\n\t<meta name=\"twitter:data1\" content=\"1 minute\" \/>\n<script type=\"application\/ld+json\" class=\"yoast-schema-graph\">{\"@context\":\"https:\/\/schema.org\",\"@graph\":[{\"@type\":\"WebPage\",\"@id\":\"https:\/\/para-sanita.fidsexcellence.tn\/?product=svr-sun-secure-blur-creme-mousse-spf50-50ml\",\"url\":\"https:\/\/para-sanita.fidsexcellence.tn\/?product=svr-sun-secure-blur-creme-mousse-spf50-50ml\",\"name\":\"SVR Sun Secure Blur Cr\u00e8me Mousse SPF50, 50ml - Para-Dis\",\"isPartOf\":{\"@id\":\"https:\/\/para-sanita.fidsexcellence.tn\/#website\"},\"datePublished\":\"2023-08-12T19:20:09+00:00\",\"dateModified\":\"2023-08-12T19:25:51+00:00\",\"description\":\"SVR Sun Secure Blur\u00a0cr\u00e8me mousse\u00a0est l\u2019\u00e9cran solaire\u00a0parfaitement adapt\u00e9 aux peaux hypersensibles au soleil. Gr\u00e2ce \u00e0 sa texture mousse et sa haute protection SPF50, l\u2019\u00e9cran solaire\u00a0SVR Sun Secure\u00a0floute les imperfections, unifie et lisse la peau pour un effet incroyablement velout\u00e9e.\u00a0SVR Sun Secure cr\u00e8me mousse\u00a0flouteur optique est id\u00e9al comme base de maquillage\",\"breadcrumb\":{\"@id\":\"https:\/\/para-sanita.fidsexcellence.tn\/?product=svr-sun-secure-blur-creme-mousse-spf50-50ml#breadcrumb\"},\"inLanguage\":\"fr-FR\",\"potentialAction\":[{\"@type\":\"ReadAction\",\"target\":[\"https:\/\/para-sanita.fidsexcellence.tn\/?product=svr-sun-secure-blur-creme-mousse-spf50-50ml\"]}]},{\"@type\":\"BreadcrumbList\",\"@id\":\"https:\/\/para-sanita.fidsexcellence.tn\/?product=svr-sun-secure-blur-creme-mousse-spf50-50ml#breadcrumb\",\"itemListElement\":[{\"@type\":\"ListItem\",\"position\":1,\"name\":\"Accueil\",\"item\":\"https:\/\/para-sanita.fidsexcellence.tn\/\"},{\"@type\":\"ListItem\",\"position\":2,\"name\":\"Shop\",\"item\":\"https:\/\/para-sanita.fidsexcellence.tn\/?page_id=3853\"},{\"@type\":\"ListItem\",\"position\":3,\"name\":\"SVR Sun Secure Blur Cr\u00e8me Mousse SPF50, 50ml\"}]},{\"@type\":\"WebSite\",\"@id\":\"https:\/\/para-sanita.fidsexcellence.tn\/#website\",\"url\":\"https:\/\/para-sanita.fidsexcellence.tn\/\",\"name\":\"Para-Dis\",\"description\":\"\",\"publisher\":{\"@id\":\"https:\/\/para-sanita.fidsexcellence.tn\/#organization\"},\"potentialAction\":[{\"@type\":\"SearchAction\",\"target\":{\"@type\":\"EntryPoint\",\"urlTemplate\":\"https:\/\/para-sanita.fidsexcellence.tn\/?s={search_term_string}\"},\"query-input\":\"required name=search_term_string\"}],\"inLanguage\":\"fr-FR\"},{\"@type\":\"Organization\",\"@id\":\"https:\/\/para-sanita.fidsexcellence.tn\/#organization\",\"name\":\"Para-Dis\",\"url\":\"https:\/\/para-sanita.fidsexcellence.tn\/\",\"logo\":{\"@type\":\"ImageObject\",\"inLanguage\":\"fr-FR\",\"@id\":\"https:\/\/para-sanita.fidsexcellence.tn\/#\/schema\/logo\/image\/\",\"url\":\"https:\/\/para-sanita.fidsexcellence.tn\/wp-content\/uploads\/2025\/03\/cropped-logo-1.png\",\"contentUrl\":\"https:\/\/para-sanita.fidsexcellence.tn\/wp-content\/uploads\/2025\/03\/cropped-logo-1.png\",\"width\":502,\"height\":167,\"caption\":\"Para-Dis\"},\"image\":{\"@id\":\"https:\/\/para-sanita.fidsexcellence.tn\/#\/schema\/logo\/image\/\"}}]}<\/script>\n<!-- \/ Yoast SEO plugin. -->","yoast_head_json":{"title":"SVR Sun Secure Blur Cr\u00e8me Mousse SPF50, 50ml - Para-Dis","description":"SVR Sun Secure Blur\u00a0cr\u00e8me mousse\u00a0est l\u2019\u00e9cran solaire\u00a0parfaitement adapt\u00e9 aux peaux hypersensibles au soleil. Gr\u00e2ce \u00e0 sa texture mousse et sa haute protection SPF50, l\u2019\u00e9cran solaire\u00a0SVR Sun Secure\u00a0floute les imperfections, unifie et lisse la peau pour un effet incroyablement velout\u00e9e.\u00a0SVR Sun Secure cr\u00e8me mousse\u00a0flouteur optique est id\u00e9al comme base de maquillage","robots":{"index":"index","follow":"follow","max-snippet":"max-snippet:-1","max-image-preview":"max-image-preview:large","max-video-preview":"max-video-preview:-1"},"canonical":"https:\/\/para-sanita.fidsexcellence.tn\/?product=svr-sun-secure-blur-creme-mousse-spf50-50ml","og_locale":"fr_FR","og_type":"article","og_title":"SVR Sun Secure Blur Cr\u00e8me Mousse SPF50, 50ml - Para-Dis","og_description":"SVR Sun Secure Blur\u00a0cr\u00e8me mousse\u00a0est l\u2019\u00e9cran solaire\u00a0parfaitement adapt\u00e9 aux peaux hypersensibles au soleil. Gr\u00e2ce \u00e0 sa texture mousse et sa haute protection SPF50, l\u2019\u00e9cran solaire\u00a0SVR Sun Secure\u00a0floute les imperfections, unifie et lisse la peau pour un effet incroyablement velout\u00e9e.\u00a0SVR Sun Secure cr\u00e8me mousse\u00a0flouteur optique est id\u00e9al comme base de maquillage","og_url":"https:\/\/para-sanita.fidsexcellence.tn\/?product=svr-sun-secure-blur-creme-mousse-spf50-50ml","og_site_name":"Para-Dis","article_modified_time":"2023-08-12T19:25:51+00:00","og_image":[{"width":800,"height":800,"url":"https:\/\/para-sanita.fidsexcellence.tn\/wp-content\/uploads\/2023\/08\/svr-sun-secure-blur-spf50.jpg","type":"image\/jpeg"}],"twitter_card":"summary_large_image","twitter_misc":{"Dur\u00e9e de lecture estim\u00e9e":"1 minute"},"schema":{"@context":"https:\/\/schema.org","@graph":[{"@type":"WebPage","@id":"https:\/\/para-sanita.fidsexcellence.tn\/?product=svr-sun-secure-blur-creme-mousse-spf50-50ml","url":"https:\/\/para-sanita.fidsexcellence.tn\/?product=svr-sun-secure-blur-creme-mousse-spf50-50ml","name":"SVR Sun Secure Blur Cr\u00e8me Mousse SPF50, 50ml - Para-Dis","isPartOf":{"@id":"https:\/\/para-sanita.fidsexcellence.tn\/#website"},"datePublished":"2023-08-12T19:20:09+00:00","dateModified":"2023-08-12T19:25:51+00:00","description":"SVR Sun Secure Blur\u00a0cr\u00e8me mousse\u00a0est l\u2019\u00e9cran solaire\u00a0parfaitement adapt\u00e9 aux peaux hypersensibles au soleil. Gr\u00e2ce \u00e0 sa texture mousse et sa haute protection SPF50, l\u2019\u00e9cran solaire\u00a0SVR Sun Secure\u00a0floute les imperfections, unifie et lisse la peau pour un effet incroyablement velout\u00e9e.\u00a0SVR Sun Secure cr\u00e8me mousse\u00a0flouteur optique est id\u00e9al comme base de maquillage","breadcrumb":{"@id":"https:\/\/para-sanita.fidsexcellence.tn\/?product=svr-sun-secure-blur-creme-mousse-spf50-50ml#breadcrumb"},"inLanguage":"fr-FR","potentialAction":[{"@type":"ReadAction","target":["https:\/\/para-sanita.fidsexcellence.tn\/?product=svr-sun-secure-blur-creme-mousse-spf50-50ml"]}]},{"@type":"BreadcrumbList","@id":"https:\/\/para-sanita.fidsexcellence.tn\/?product=svr-sun-secure-blur-creme-mousse-spf50-50ml#breadcrumb","itemListElement":[{"@type":"ListItem","position":1,"name":"Accueil","item":"https:\/\/para-sanita.fidsexcellence.tn\/"},{"@type":"ListItem","position":2,"name":"Shop","item":"https:\/\/para-sanita.fidsexcellence.tn\/?page_id=3853"},{"@type":"ListItem","position":3,"name":"SVR Sun Secure Blur Cr\u00e8me Mousse SPF50, 50ml"}]},{"@type":"WebSite","@id":"https:\/\/para-sanita.fidsexcellence.tn\/#website","url":"https:\/\/para-sanita.fidsexcellence.tn\/","name":"Para-Dis","description":"","publisher":{"@id":"https:\/\/para-sanita.fidsexcellence.tn\/#organization"},"potentialAction":[{"@type":"SearchAction","target":{"@type":"EntryPoint","urlTemplate":"https:\/\/para-sanita.fidsexcellence.tn\/?s={search_term_string}"},"query-input":"required name=search_term_string"}],"inLanguage":"fr-FR"},{"@type":"Organization","@id":"https:\/\/para-sanita.fidsexcellence.tn\/#organization","name":"Para-Dis","url":"https:\/\/para-sanita.fidsexcellence.tn\/","logo":{"@type":"ImageObject","inLanguage":"fr-FR","@id":"https:\/\/para-sanita.fidsexcellence.tn\/#\/schema\/logo\/image\/","url":"https:\/\/para-sanita.fidsexcellence.tn\/wp-content\/uploads\/2025\/03\/cropped-logo-1.png","contentUrl":"https:\/\/para-sanita.fidsexcellence.tn\/wp-content\/uploads\/2025\/03\/cropped-logo-1.png","width":502,"height":167,"caption":"Para-Dis"},"image":{"@id":"https:\/\/para-sanita.fidsexcellence.tn\/#\/schema\/logo\/image\/"}}]}},"brands":[{"id":240,"name":"SVR","slug":"svr"}],"_links":{"self":[{"href":"https:\/\/para-sanita.fidsexcellence.tn\/index.php?rest_route=\/wp\/v2\/product\/11383","targetHints":{"allow":["GET"]}}],"collection":[{"href":"https:\/\/para-sanita.fidsexcellence.tn\/index.php?rest_route=\/wp\/v2\/product"}],"about":[{"href":"https:\/\/para-sanita.fidsexcellence.tn\/index.php?rest_route=\/wp\/v2\/types\/product"}],"replies":[{"embeddable":true,"href":"https:\/\/para-sanita.fidsexcellence.tn\/index.php?rest_route=%2Fwp%2Fv2%2Fcomments&post=11383"}],"version-history":[{"count":2,"href":"https:\/\/para-sanita.fidsexcellence.tn\/index.php?rest_route=\/wp\/v2\/product\/11383\/revisions"}],"predecessor-version":[{"id":11386,"href":"https:\/\/para-sanita.fidsexcellence.tn\/index.php?rest_route=\/wp\/v2\/product\/11383\/revisions\/11386"}],"wp:featuredmedia":[{"embeddable":true,"href":"https:\/\/para-sanita.fidsexcellence.tn\/index.php?rest_route=\/wp\/v2\/media\/11385"}],"wp:attachment":[{"href":"https:\/\/para-sanita.fidsexcellence.tn\/index.php?rest_route=%2Fwp%2Fv2%2Fmedia&parent=11383"}],"wp:term":[{"taxonomy":"pwb-brand","embeddable":true,"href":"https:\/\/para-sanita.fidsexcellence.tn\/index.php?rest_route=%2Fwp%2Fv2%2Fpwb-brand&post=11383"},{"taxonomy":"product_cat","embeddable":true,"href":"https:\/\/para-sanita.fidsexcellence.tn\/index.php?rest_route=%2Fwp%2Fv2%2Fproduct_cat&post=11383"},{"taxonomy":"product_tag","embeddable":true,"href":"https:\/\/para-sanita.fidsexcellence.tn\/index.php?rest_route=%2Fwp%2Fv2%2Fproduct_tag&post=11383"}],"curies":[{"name":"wp","href":"https:\/\/api.w.org\/{rel}","templated":true}]}}