{"id":11390,"date":"2023-08-12T19:28:52","date_gmt":"2023-08-12T19:28:52","guid":{"rendered":"https:\/\/para-sanita.fidsexcellence.tn\/?product=zynia-huile-bronzante-monoi-spf30"},"modified":"2023-08-12T19:31:43","modified_gmt":"2023-08-12T19:31:43","slug":"zynia-huile-bronzante-monoi-spf30","status":"publish","type":"product","link":"https:\/\/para-sanita.fidsexcellence.tn\/?product=zynia-huile-bronzante-monoi-spf30","title":{"rendered":"Zynia Huile Bronzante Mono\u00ef Spf30"},"content":{"rendered":"<p>100% naturel<br \/>\nTeint dor\u00e9<br \/>\nSPF30<br \/>\n100ml<\/p>\n","protected":false},"excerpt":{"rendered":"<h2>Huile Bronzante Zynia<\/h2>\n<p>Huile bronzante 100% naturelle \u00e0 base de mac\u00e9rat de carotte, d\u2019huile de mono\u00ef de Tahiti.<\/p>\n<p>Elle contient un SPF 30 et contient des paillettes pour un bronzage sublime et un teint dor\u00e9.<\/p>\n<h4>Conseils d\u2019utilisation<\/h4>\n<p>Appliquez g\u00e9n\u00e9reusement sur le corps avant l\u2019exposition au soleil pour bronzer et \u00eatre prot\u00e9g\u00e9.<\/p>\n<p>Renouveler fr\u00e9quemment l\u2019application<\/p>\n<p>Cette huile convient aux peaux mattes et aux peaux claires d\u00e9j\u00e0 hal\u00e9es en cas d\u2019ensoleillement important.<\/p>\n<p>Ne pas s\u2019exposer entre au soleil 12h et 16h.<\/p>\n","protected":false},"featured_media":11392,"comment_status":"closed","ping_status":"closed","template":"","meta":[],"pwb-brand":[258],"product_cat":[198,194],"product_tag":[],"class_list":{"0":"post-11390","1":"product","2":"type-product","3":"status-publish","4":"has-post-thumbnail","6":"pwb-brand-zynia","7":"product_cat-preparateurs-solaires-et-autobronzant","8":"product_cat-solaire","10":"first","11":"instock","12":"purchasable","13":"product-type-simple"},"acf":[],"yoast_head":"<!-- This site is optimized with the Yoast SEO plugin v20.13 - https:\/\/yoast.com\/wordpress\/plugins\/seo\/ -->\n<title>Zynia Huile Bronzante Mono\u00ef Spf30 - Para-Dis<\/title>\n<meta name=\"description\" content=\"100% naturel Teint dor\u00e9 SPF30 100ml\" \/>\n<meta name=\"robots\" content=\"index, follow, max-snippet:-1, max-image-preview:large, max-video-preview:-1\" \/>\n<link rel=\"canonical\" href=\"https:\/\/para-sanita.fidsexcellence.tn\/?product=zynia-huile-bronzante-monoi-spf30\" \/>\n<meta property=\"og:locale\" content=\"fr_FR\" \/>\n<meta property=\"og:type\" content=\"article\" \/>\n<meta property=\"og:title\" content=\"Zynia Huile Bronzante Mono\u00ef Spf30 - Para-Dis\" \/>\n<meta property=\"og:description\" content=\"100% naturel Teint dor\u00e9 SPF30 100ml\" \/>\n<meta property=\"og:url\" content=\"https:\/\/para-sanita.fidsexcellence.tn\/?product=zynia-huile-bronzante-monoi-spf30\" \/>\n<meta property=\"og:site_name\" content=\"Para-Dis\" \/>\n<meta property=\"article:modified_time\" content=\"2023-08-12T19:31:43+00:00\" \/>\n<meta property=\"og:image\" content=\"https:\/\/para-sanita.fidsexcellence.tn\/wp-content\/uploads\/2023\/08\/zynia-huile-bronzante-monoi-spf30.jpg\" \/>\n\t<meta property=\"og:image:width\" content=\"800\" \/>\n\t<meta property=\"og:image:height\" content=\"800\" \/>\n\t<meta property=\"og:image:type\" content=\"image\/jpeg\" \/>\n<meta name=\"twitter:card\" content=\"summary_large_image\" \/>\n<meta name=\"twitter:label1\" content=\"Dur\u00e9e de lecture estim\u00e9e\" \/>\n\t<meta name=\"twitter:data1\" content=\"1 minute\" \/>\n<script type=\"application\/ld+json\" class=\"yoast-schema-graph\">{\"@context\":\"https:\/\/schema.org\",\"@graph\":[{\"@type\":\"WebPage\",\"@id\":\"https:\/\/para-sanita.fidsexcellence.tn\/?product=zynia-huile-bronzante-monoi-spf30\",\"url\":\"https:\/\/para-sanita.fidsexcellence.tn\/?product=zynia-huile-bronzante-monoi-spf30\",\"name\":\"Zynia Huile Bronzante Mono\u00ef Spf30 - Para-Dis\",\"isPartOf\":{\"@id\":\"https:\/\/para-sanita.fidsexcellence.tn\/#website\"},\"datePublished\":\"2023-08-12T19:28:52+00:00\",\"dateModified\":\"2023-08-12T19:31:43+00:00\",\"description\":\"100% naturel Teint dor\u00e9 SPF30 100ml\",\"breadcrumb\":{\"@id\":\"https:\/\/para-sanita.fidsexcellence.tn\/?product=zynia-huile-bronzante-monoi-spf30#breadcrumb\"},\"inLanguage\":\"fr-FR\",\"potentialAction\":[{\"@type\":\"ReadAction\",\"target\":[\"https:\/\/para-sanita.fidsexcellence.tn\/?product=zynia-huile-bronzante-monoi-spf30\"]}]},{\"@type\":\"BreadcrumbList\",\"@id\":\"https:\/\/para-sanita.fidsexcellence.tn\/?product=zynia-huile-bronzante-monoi-spf30#breadcrumb\",\"itemListElement\":[{\"@type\":\"ListItem\",\"position\":1,\"name\":\"Accueil\",\"item\":\"https:\/\/para-sanita.fidsexcellence.tn\/\"},{\"@type\":\"ListItem\",\"position\":2,\"name\":\"Shop\",\"item\":\"https:\/\/para-sanita.fidsexcellence.tn\/?page_id=3853\"},{\"@type\":\"ListItem\",\"position\":3,\"name\":\"Zynia Huile Bronzante Mono\u00ef Spf30\"}]},{\"@type\":\"WebSite\",\"@id\":\"https:\/\/para-sanita.fidsexcellence.tn\/#website\",\"url\":\"https:\/\/para-sanita.fidsexcellence.tn\/\",\"name\":\"Para-Dis\",\"description\":\"\",\"publisher\":{\"@id\":\"https:\/\/para-sanita.fidsexcellence.tn\/#organization\"},\"potentialAction\":[{\"@type\":\"SearchAction\",\"target\":{\"@type\":\"EntryPoint\",\"urlTemplate\":\"https:\/\/para-sanita.fidsexcellence.tn\/?s={search_term_string}\"},\"query-input\":\"required name=search_term_string\"}],\"inLanguage\":\"fr-FR\"},{\"@type\":\"Organization\",\"@id\":\"https:\/\/para-sanita.fidsexcellence.tn\/#organization\",\"name\":\"Para-Dis\",\"url\":\"https:\/\/para-sanita.fidsexcellence.tn\/\",\"logo\":{\"@type\":\"ImageObject\",\"inLanguage\":\"fr-FR\",\"@id\":\"https:\/\/para-sanita.fidsexcellence.tn\/#\/schema\/logo\/image\/\",\"url\":\"https:\/\/para-sanita.fidsexcellence.tn\/wp-content\/uploads\/2025\/03\/cropped-logo-1.png\",\"contentUrl\":\"https:\/\/para-sanita.fidsexcellence.tn\/wp-content\/uploads\/2025\/03\/cropped-logo-1.png\",\"width\":502,\"height\":167,\"caption\":\"Para-Dis\"},\"image\":{\"@id\":\"https:\/\/para-sanita.fidsexcellence.tn\/#\/schema\/logo\/image\/\"}}]}<\/script>\n<!-- \/ Yoast SEO plugin. -->","yoast_head_json":{"title":"Zynia Huile Bronzante Mono\u00ef Spf30 - Para-Dis","description":"100% naturel Teint dor\u00e9 SPF30 100ml","robots":{"index":"index","follow":"follow","max-snippet":"max-snippet:-1","max-image-preview":"max-image-preview:large","max-video-preview":"max-video-preview:-1"},"canonical":"https:\/\/para-sanita.fidsexcellence.tn\/?product=zynia-huile-bronzante-monoi-spf30","og_locale":"fr_FR","og_type":"article","og_title":"Zynia Huile Bronzante Mono\u00ef Spf30 - Para-Dis","og_description":"100% naturel Teint dor\u00e9 SPF30 100ml","og_url":"https:\/\/para-sanita.fidsexcellence.tn\/?product=zynia-huile-bronzante-monoi-spf30","og_site_name":"Para-Dis","article_modified_time":"2023-08-12T19:31:43+00:00","og_image":[{"width":800,"height":800,"url":"https:\/\/para-sanita.fidsexcellence.tn\/wp-content\/uploads\/2023\/08\/zynia-huile-bronzante-monoi-spf30.jpg","type":"image\/jpeg"}],"twitter_card":"summary_large_image","twitter_misc":{"Dur\u00e9e de lecture estim\u00e9e":"1 minute"},"schema":{"@context":"https:\/\/schema.org","@graph":[{"@type":"WebPage","@id":"https:\/\/para-sanita.fidsexcellence.tn\/?product=zynia-huile-bronzante-monoi-spf30","url":"https:\/\/para-sanita.fidsexcellence.tn\/?product=zynia-huile-bronzante-monoi-spf30","name":"Zynia Huile Bronzante Mono\u00ef Spf30 - Para-Dis","isPartOf":{"@id":"https:\/\/para-sanita.fidsexcellence.tn\/#website"},"datePublished":"2023-08-12T19:28:52+00:00","dateModified":"2023-08-12T19:31:43+00:00","description":"100% naturel Teint dor\u00e9 SPF30 100ml","breadcrumb":{"@id":"https:\/\/para-sanita.fidsexcellence.tn\/?product=zynia-huile-bronzante-monoi-spf30#breadcrumb"},"inLanguage":"fr-FR","potentialAction":[{"@type":"ReadAction","target":["https:\/\/para-sanita.fidsexcellence.tn\/?product=zynia-huile-bronzante-monoi-spf30"]}]},{"@type":"BreadcrumbList","@id":"https:\/\/para-sanita.fidsexcellence.tn\/?product=zynia-huile-bronzante-monoi-spf30#breadcrumb","itemListElement":[{"@type":"ListItem","position":1,"name":"Accueil","item":"https:\/\/para-sanita.fidsexcellence.tn\/"},{"@type":"ListItem","position":2,"name":"Shop","item":"https:\/\/para-sanita.fidsexcellence.tn\/?page_id=3853"},{"@type":"ListItem","position":3,"name":"Zynia Huile Bronzante Mono\u00ef Spf30"}]},{"@type":"WebSite","@id":"https:\/\/para-sanita.fidsexcellence.tn\/#website","url":"https:\/\/para-sanita.fidsexcellence.tn\/","name":"Para-Dis","description":"","publisher":{"@id":"https:\/\/para-sanita.fidsexcellence.tn\/#organization"},"potentialAction":[{"@type":"SearchAction","target":{"@type":"EntryPoint","urlTemplate":"https:\/\/para-sanita.fidsexcellence.tn\/?s={search_term_string}"},"query-input":"required name=search_term_string"}],"inLanguage":"fr-FR"},{"@type":"Organization","@id":"https:\/\/para-sanita.fidsexcellence.tn\/#organization","name":"Para-Dis","url":"https:\/\/para-sanita.fidsexcellence.tn\/","logo":{"@type":"ImageObject","inLanguage":"fr-FR","@id":"https:\/\/para-sanita.fidsexcellence.tn\/#\/schema\/logo\/image\/","url":"https:\/\/para-sanita.fidsexcellence.tn\/wp-content\/uploads\/2025\/03\/cropped-logo-1.png","contentUrl":"https:\/\/para-sanita.fidsexcellence.tn\/wp-content\/uploads\/2025\/03\/cropped-logo-1.png","width":502,"height":167,"caption":"Para-Dis"},"image":{"@id":"https:\/\/para-sanita.fidsexcellence.tn\/#\/schema\/logo\/image\/"}}]}},"brands":[{"id":258,"name":"Zynia","slug":"zynia"}],"_links":{"self":[{"href":"https:\/\/para-sanita.fidsexcellence.tn\/index.php?rest_route=\/wp\/v2\/product\/11390","targetHints":{"allow":["GET"]}}],"collection":[{"href":"https:\/\/para-sanita.fidsexcellence.tn\/index.php?rest_route=\/wp\/v2\/product"}],"about":[{"href":"https:\/\/para-sanita.fidsexcellence.tn\/index.php?rest_route=\/wp\/v2\/types\/product"}],"replies":[{"embeddable":true,"href":"https:\/\/para-sanita.fidsexcellence.tn\/index.php?rest_route=%2Fwp%2Fv2%2Fcomments&post=11390"}],"version-history":[{"count":2,"href":"https:\/\/para-sanita.fidsexcellence.tn\/index.php?rest_route=\/wp\/v2\/product\/11390\/revisions"}],"predecessor-version":[{"id":11393,"href":"https:\/\/para-sanita.fidsexcellence.tn\/index.php?rest_route=\/wp\/v2\/product\/11390\/revisions\/11393"}],"wp:featuredmedia":[{"embeddable":true,"href":"https:\/\/para-sanita.fidsexcellence.tn\/index.php?rest_route=\/wp\/v2\/media\/11392"}],"wp:attachment":[{"href":"https:\/\/para-sanita.fidsexcellence.tn\/index.php?rest_route=%2Fwp%2Fv2%2Fmedia&parent=11390"}],"wp:term":[{"taxonomy":"pwb-brand","embeddable":true,"href":"https:\/\/para-sanita.fidsexcellence.tn\/index.php?rest_route=%2Fwp%2Fv2%2Fpwb-brand&post=11390"},{"taxonomy":"product_cat","embeddable":true,"href":"https:\/\/para-sanita.fidsexcellence.tn\/index.php?rest_route=%2Fwp%2Fv2%2Fproduct_cat&post=11390"},{"taxonomy":"product_tag","embeddable":true,"href":"https:\/\/para-sanita.fidsexcellence.tn\/index.php?rest_route=%2Fwp%2Fv2%2Fproduct_tag&post=11390"}],"curies":[{"name":"wp","href":"https:\/\/api.w.org\/{rel}","templated":true}]}}