{"id":11469,"date":"2023-08-13T09:41:51","date_gmt":"2023-08-13T09:41:51","guid":{"rendered":"https:\/\/para-sanita.fidsexcellence.tn\/?product=mustela-liniment-dermo-protecteur-400ml"},"modified":"2023-08-13T09:50:54","modified_gmt":"2023-08-13T09:50:54","slug":"mustela-liniment-dermo-protecteur-400ml","status":"publish","type":"product","link":"https:\/\/para-sanita.fidsexcellence.tn\/?product=mustela-liniment-dermo-protecteur-400ml","title":{"rendered":"Mustela Liniment Dermo-Protecteur, 400ml"},"content":{"rendered":"<p>est un soin qui s&#8217;applique directement sur la peau de b\u00e9b\u00e9 d\u00e8s sa naissance, afin de la nettoyer et de la prot\u00e9ger, mais peut aussi servir lorsque la peau pr\u00e9sente un \u00e9ryth\u00e8me fessier. Le liniment Mustela respecte la recette traditionnelle du liniment, r\u00e9alis\u00e9e \u00e0 partir d&#8217;huile d&#8217;olive extra vierge et d&#8217;hydroxyde de calcium.<\/p>\n","protected":false},"excerpt":{"rendered":"<p>est un soin qui s&#8217;applique directement sur la peau de b\u00e9b\u00e9 d\u00e8s sa naissance, afin de la nettoyer et de la prot\u00e9ger, mais peut aussi servir lorsque la peau pr\u00e9sente un \u00e9ryth\u00e8me fessier. Le liniment Mustela respecte la recette traditionnelle du liniment, r\u00e9alis\u00e9e \u00e0 partir d&#8217;huile d&#8217;olive extra vierge et d&#8217;hydroxyde de calcium.<\/p>\n","protected":false},"featured_media":11471,"comment_status":"closed","ping_status":"closed","template":"","meta":[],"pwb-brand":[],"product_cat":[224,228],"product_tag":[],"class_list":{"0":"post-11469","1":"product","2":"type-product","3":"status-publish","4":"has-post-thumbnail","6":"product_cat-bebe-et-maman","7":"product_cat-change-de-bebe","9":"first","10":"instock","11":"purchasable","12":"product-type-simple"},"acf":[],"yoast_head":"<!-- This site is optimized with the Yoast SEO plugin v20.13 - https:\/\/yoast.com\/wordpress\/plugins\/seo\/ -->\n<title>Mustela Liniment Dermo-Protecteur, 400ml - Para-Dis<\/title>\n<meta name=\"description\" content=\"est un soin qui s&#039;applique directement sur la peau de b\u00e9b\u00e9 d\u00e8s sa naissance, afin de la nettoyer et de la prot\u00e9ger, mais peut aussi servir lorsque la peau pr\u00e9sente un \u00e9ryth\u00e8me fessier. Le liniment Mustela respecte la recette traditionnelle du liniment, r\u00e9alis\u00e9e \u00e0 partir d&#039;huile d&#039;olive extra vierge et d&#039;hydroxyde de calcium.\" \/>\n<meta name=\"robots\" content=\"index, follow, max-snippet:-1, max-image-preview:large, max-video-preview:-1\" \/>\n<link rel=\"canonical\" href=\"https:\/\/para-sanita.fidsexcellence.tn\/?product=mustela-liniment-dermo-protecteur-400ml\" \/>\n<meta property=\"og:locale\" content=\"fr_FR\" \/>\n<meta property=\"og:type\" content=\"article\" \/>\n<meta property=\"og:title\" content=\"Mustela Liniment Dermo-Protecteur, 400ml - Para-Dis\" \/>\n<meta property=\"og:description\" content=\"est un soin qui s&#039;applique directement sur la peau de b\u00e9b\u00e9 d\u00e8s sa naissance, afin de la nettoyer et de la prot\u00e9ger, mais peut aussi servir lorsque la peau pr\u00e9sente un \u00e9ryth\u00e8me fessier. Le liniment Mustela respecte la recette traditionnelle du liniment, r\u00e9alis\u00e9e \u00e0 partir d&#039;huile d&#039;olive extra vierge et d&#039;hydroxyde de calcium.\" \/>\n<meta property=\"og:url\" content=\"https:\/\/para-sanita.fidsexcellence.tn\/?product=mustela-liniment-dermo-protecteur-400ml\" \/>\n<meta property=\"og:site_name\" content=\"Para-Dis\" \/>\n<meta property=\"article:modified_time\" content=\"2023-08-13T09:50:54+00:00\" \/>\n<meta property=\"og:image\" content=\"https:\/\/para-sanita.fidsexcellence.tn\/wp-content\/uploads\/2023\/08\/mustela-liniment-dermo-protecteur-400-ml.jpg\" \/>\n\t<meta property=\"og:image:width\" content=\"458\" \/>\n\t<meta property=\"og:image:height\" content=\"458\" \/>\n\t<meta property=\"og:image:type\" content=\"image\/jpeg\" \/>\n<meta name=\"twitter:card\" content=\"summary_large_image\" \/>\n<meta name=\"twitter:label1\" content=\"Dur\u00e9e de lecture estim\u00e9e\" \/>\n\t<meta name=\"twitter:data1\" content=\"1 minute\" \/>\n<script type=\"application\/ld+json\" class=\"yoast-schema-graph\">{\"@context\":\"https:\/\/schema.org\",\"@graph\":[{\"@type\":\"WebPage\",\"@id\":\"https:\/\/para-sanita.fidsexcellence.tn\/?product=mustela-liniment-dermo-protecteur-400ml\",\"url\":\"https:\/\/para-sanita.fidsexcellence.tn\/?product=mustela-liniment-dermo-protecteur-400ml\",\"name\":\"Mustela Liniment Dermo-Protecteur, 400ml - Para-Dis\",\"isPartOf\":{\"@id\":\"https:\/\/para-sanita.fidsexcellence.tn\/#website\"},\"datePublished\":\"2023-08-13T09:41:51+00:00\",\"dateModified\":\"2023-08-13T09:50:54+00:00\",\"description\":\"est un soin qui s'applique directement sur la peau de b\u00e9b\u00e9 d\u00e8s sa naissance, afin de la nettoyer et de la prot\u00e9ger, mais peut aussi servir lorsque la peau pr\u00e9sente un \u00e9ryth\u00e8me fessier. Le liniment Mustela respecte la recette traditionnelle du liniment, r\u00e9alis\u00e9e \u00e0 partir d'huile d'olive extra vierge et d'hydroxyde de calcium.\",\"breadcrumb\":{\"@id\":\"https:\/\/para-sanita.fidsexcellence.tn\/?product=mustela-liniment-dermo-protecteur-400ml#breadcrumb\"},\"inLanguage\":\"fr-FR\",\"potentialAction\":[{\"@type\":\"ReadAction\",\"target\":[\"https:\/\/para-sanita.fidsexcellence.tn\/?product=mustela-liniment-dermo-protecteur-400ml\"]}]},{\"@type\":\"BreadcrumbList\",\"@id\":\"https:\/\/para-sanita.fidsexcellence.tn\/?product=mustela-liniment-dermo-protecteur-400ml#breadcrumb\",\"itemListElement\":[{\"@type\":\"ListItem\",\"position\":1,\"name\":\"Accueil\",\"item\":\"https:\/\/para-sanita.fidsexcellence.tn\/\"},{\"@type\":\"ListItem\",\"position\":2,\"name\":\"Shop\",\"item\":\"https:\/\/para-sanita.fidsexcellence.tn\/?page_id=3853\"},{\"@type\":\"ListItem\",\"position\":3,\"name\":\"Mustela Liniment Dermo-Protecteur, 400ml\"}]},{\"@type\":\"WebSite\",\"@id\":\"https:\/\/para-sanita.fidsexcellence.tn\/#website\",\"url\":\"https:\/\/para-sanita.fidsexcellence.tn\/\",\"name\":\"Para-Dis\",\"description\":\"\",\"publisher\":{\"@id\":\"https:\/\/para-sanita.fidsexcellence.tn\/#organization\"},\"potentialAction\":[{\"@type\":\"SearchAction\",\"target\":{\"@type\":\"EntryPoint\",\"urlTemplate\":\"https:\/\/para-sanita.fidsexcellence.tn\/?s={search_term_string}\"},\"query-input\":\"required name=search_term_string\"}],\"inLanguage\":\"fr-FR\"},{\"@type\":\"Organization\",\"@id\":\"https:\/\/para-sanita.fidsexcellence.tn\/#organization\",\"name\":\"Para-Dis\",\"url\":\"https:\/\/para-sanita.fidsexcellence.tn\/\",\"logo\":{\"@type\":\"ImageObject\",\"inLanguage\":\"fr-FR\",\"@id\":\"https:\/\/para-sanita.fidsexcellence.tn\/#\/schema\/logo\/image\/\",\"url\":\"https:\/\/para-sanita.fidsexcellence.tn\/wp-content\/uploads\/2025\/03\/cropped-logo-1.png\",\"contentUrl\":\"https:\/\/para-sanita.fidsexcellence.tn\/wp-content\/uploads\/2025\/03\/cropped-logo-1.png\",\"width\":502,\"height\":167,\"caption\":\"Para-Dis\"},\"image\":{\"@id\":\"https:\/\/para-sanita.fidsexcellence.tn\/#\/schema\/logo\/image\/\"}}]}<\/script>\n<!-- \/ Yoast SEO plugin. -->","yoast_head_json":{"title":"Mustela Liniment Dermo-Protecteur, 400ml - Para-Dis","description":"est un soin qui s'applique directement sur la peau de b\u00e9b\u00e9 d\u00e8s sa naissance, afin de la nettoyer et de la prot\u00e9ger, mais peut aussi servir lorsque la peau pr\u00e9sente un \u00e9ryth\u00e8me fessier. Le liniment Mustela respecte la recette traditionnelle du liniment, r\u00e9alis\u00e9e \u00e0 partir d'huile d'olive extra vierge et d'hydroxyde de calcium.","robots":{"index":"index","follow":"follow","max-snippet":"max-snippet:-1","max-image-preview":"max-image-preview:large","max-video-preview":"max-video-preview:-1"},"canonical":"https:\/\/para-sanita.fidsexcellence.tn\/?product=mustela-liniment-dermo-protecteur-400ml","og_locale":"fr_FR","og_type":"article","og_title":"Mustela Liniment Dermo-Protecteur, 400ml - Para-Dis","og_description":"est un soin qui s'applique directement sur la peau de b\u00e9b\u00e9 d\u00e8s sa naissance, afin de la nettoyer et de la prot\u00e9ger, mais peut aussi servir lorsque la peau pr\u00e9sente un \u00e9ryth\u00e8me fessier. Le liniment Mustela respecte la recette traditionnelle du liniment, r\u00e9alis\u00e9e \u00e0 partir d'huile d'olive extra vierge et d'hydroxyde de calcium.","og_url":"https:\/\/para-sanita.fidsexcellence.tn\/?product=mustela-liniment-dermo-protecteur-400ml","og_site_name":"Para-Dis","article_modified_time":"2023-08-13T09:50:54+00:00","og_image":[{"width":458,"height":458,"url":"https:\/\/para-sanita.fidsexcellence.tn\/wp-content\/uploads\/2023\/08\/mustela-liniment-dermo-protecteur-400-ml.jpg","type":"image\/jpeg"}],"twitter_card":"summary_large_image","twitter_misc":{"Dur\u00e9e de lecture estim\u00e9e":"1 minute"},"schema":{"@context":"https:\/\/schema.org","@graph":[{"@type":"WebPage","@id":"https:\/\/para-sanita.fidsexcellence.tn\/?product=mustela-liniment-dermo-protecteur-400ml","url":"https:\/\/para-sanita.fidsexcellence.tn\/?product=mustela-liniment-dermo-protecteur-400ml","name":"Mustela Liniment Dermo-Protecteur, 400ml - Para-Dis","isPartOf":{"@id":"https:\/\/para-sanita.fidsexcellence.tn\/#website"},"datePublished":"2023-08-13T09:41:51+00:00","dateModified":"2023-08-13T09:50:54+00:00","description":"est un soin qui s'applique directement sur la peau de b\u00e9b\u00e9 d\u00e8s sa naissance, afin de la nettoyer et de la prot\u00e9ger, mais peut aussi servir lorsque la peau pr\u00e9sente un \u00e9ryth\u00e8me fessier. Le liniment Mustela respecte la recette traditionnelle du liniment, r\u00e9alis\u00e9e \u00e0 partir d'huile d'olive extra vierge et d'hydroxyde de calcium.","breadcrumb":{"@id":"https:\/\/para-sanita.fidsexcellence.tn\/?product=mustela-liniment-dermo-protecteur-400ml#breadcrumb"},"inLanguage":"fr-FR","potentialAction":[{"@type":"ReadAction","target":["https:\/\/para-sanita.fidsexcellence.tn\/?product=mustela-liniment-dermo-protecteur-400ml"]}]},{"@type":"BreadcrumbList","@id":"https:\/\/para-sanita.fidsexcellence.tn\/?product=mustela-liniment-dermo-protecteur-400ml#breadcrumb","itemListElement":[{"@type":"ListItem","position":1,"name":"Accueil","item":"https:\/\/para-sanita.fidsexcellence.tn\/"},{"@type":"ListItem","position":2,"name":"Shop","item":"https:\/\/para-sanita.fidsexcellence.tn\/?page_id=3853"},{"@type":"ListItem","position":3,"name":"Mustela Liniment Dermo-Protecteur, 400ml"}]},{"@type":"WebSite","@id":"https:\/\/para-sanita.fidsexcellence.tn\/#website","url":"https:\/\/para-sanita.fidsexcellence.tn\/","name":"Para-Dis","description":"","publisher":{"@id":"https:\/\/para-sanita.fidsexcellence.tn\/#organization"},"potentialAction":[{"@type":"SearchAction","target":{"@type":"EntryPoint","urlTemplate":"https:\/\/para-sanita.fidsexcellence.tn\/?s={search_term_string}"},"query-input":"required name=search_term_string"}],"inLanguage":"fr-FR"},{"@type":"Organization","@id":"https:\/\/para-sanita.fidsexcellence.tn\/#organization","name":"Para-Dis","url":"https:\/\/para-sanita.fidsexcellence.tn\/","logo":{"@type":"ImageObject","inLanguage":"fr-FR","@id":"https:\/\/para-sanita.fidsexcellence.tn\/#\/schema\/logo\/image\/","url":"https:\/\/para-sanita.fidsexcellence.tn\/wp-content\/uploads\/2025\/03\/cropped-logo-1.png","contentUrl":"https:\/\/para-sanita.fidsexcellence.tn\/wp-content\/uploads\/2025\/03\/cropped-logo-1.png","width":502,"height":167,"caption":"Para-Dis"},"image":{"@id":"https:\/\/para-sanita.fidsexcellence.tn\/#\/schema\/logo\/image\/"}}]}},"brands":[],"_links":{"self":[{"href":"https:\/\/para-sanita.fidsexcellence.tn\/index.php?rest_route=\/wp\/v2\/product\/11469","targetHints":{"allow":["GET"]}}],"collection":[{"href":"https:\/\/para-sanita.fidsexcellence.tn\/index.php?rest_route=\/wp\/v2\/product"}],"about":[{"href":"https:\/\/para-sanita.fidsexcellence.tn\/index.php?rest_route=\/wp\/v2\/types\/product"}],"replies":[{"embeddable":true,"href":"https:\/\/para-sanita.fidsexcellence.tn\/index.php?rest_route=%2Fwp%2Fv2%2Fcomments&post=11469"}],"version-history":[{"count":1,"href":"https:\/\/para-sanita.fidsexcellence.tn\/index.php?rest_route=\/wp\/v2\/product\/11469\/revisions"}],"predecessor-version":[{"id":11470,"href":"https:\/\/para-sanita.fidsexcellence.tn\/index.php?rest_route=\/wp\/v2\/product\/11469\/revisions\/11470"}],"wp:featuredmedia":[{"embeddable":true,"href":"https:\/\/para-sanita.fidsexcellence.tn\/index.php?rest_route=\/wp\/v2\/media\/11471"}],"wp:attachment":[{"href":"https:\/\/para-sanita.fidsexcellence.tn\/index.php?rest_route=%2Fwp%2Fv2%2Fmedia&parent=11469"}],"wp:term":[{"taxonomy":"pwb-brand","embeddable":true,"href":"https:\/\/para-sanita.fidsexcellence.tn\/index.php?rest_route=%2Fwp%2Fv2%2Fpwb-brand&post=11469"},{"taxonomy":"product_cat","embeddable":true,"href":"https:\/\/para-sanita.fidsexcellence.tn\/index.php?rest_route=%2Fwp%2Fv2%2Fproduct_cat&post=11469"},{"taxonomy":"product_tag","embeddable":true,"href":"https:\/\/para-sanita.fidsexcellence.tn\/index.php?rest_route=%2Fwp%2Fv2%2Fproduct_tag&post=11469"}],"curies":[{"name":"wp","href":"https:\/\/api.w.org\/{rel}","templated":true}]}}