{"id":11475,"date":"2023-08-13T09:45:25","date_gmt":"2023-08-13T09:45:25","guid":{"rendered":"https:\/\/para-sanita.fidsexcellence.tn\/?product=svr-topialyse-huile-lavante-200ml"},"modified":"2023-08-13T09:56:45","modified_gmt":"2023-08-13T09:56:45","slug":"svr-topialyse-huile-lavante-200ml","status":"publish","type":"product","link":"https:\/\/para-sanita.fidsexcellence.tn\/?product=svr-topialyse-huile-lavante-200ml","title":{"rendered":"SVR Topialyse Huile Lavante, 200ml"},"content":{"rendered":"<p>Anti-irritation relipidante 24h<br \/>\nAnti-grattage<br \/>\nBiod\u00e9gradable Formula<br \/>\nPeaux sensibles s\u00e8ches \u00e0 tr\u00e8s s\u00e8ches \u00e0 tendance atopiques<br \/>\nVisage, Corps et cheveux<br \/>\nAdulte, Enfant et Nourrissant<\/p>\n","protected":false},"excerpt":{"rendered":"<h2>Huile Lavante Topialyse SVR<\/h2>\n<p><strong>SVR Topialyse Huile<\/strong>\u00a0est une huile lavante formul\u00e9e pour nettoyer, nourrir et prot\u00e9ger la peau des effets dess\u00e9chants de l\u2019eau et du calcaire. La 1\u00e8re huile lavante anti-irritation et anti-grattage qui nettoie en douceur peaux s\u00e8ches \u00e0 tr\u00e8s s\u00e8ches \u00e0 tendance atopiques.<\/p>\n<p>Cette huile sensorielle riche en actifs relipidants et hydratants nourrit intens\u00e9ment la peau, pr\u00e9serve le film hydrolipidique et prot\u00e8ge des agressions ext\u00e9rieures (froid, frottements) et des effets dess\u00e9chants de l\u2019eau calcaire. Sa texture huile soyeuse et enveloppante pr\u00e9serve l\u2019hydratation pendant 24h pour un confort imm\u00e9diat et longue dur\u00e9e. La peau est douce, le parfum d\u00e9licat, c\u2019est le produit chouchou de toute la famille\u00a0!<\/p>\n<p>L\u2019efficacit\u00e9 de<strong>\u00a0Huile Lavante SVR Topialyse\u00a0<\/strong>est pl\u00e9biscit\u00e9e par les volontaires<br \/>\n\u2022\u00a0100% Les sensations de d\u00e9mangeaison dues au dess\u00e8chement cutan\u00e9 sont soulag\u00e9es<sup><br \/>\n<\/sup>\u2022\u00a0100% la peau est intens\u00e9ment nourrie et est apais\u00e9e durablement<\/p>\n<h4>Conseils d\u2019utilisation<\/h4>\n<p>Usage Quotidien<\/p>\n<p>Ne pique pas les yeux, adapt\u00e9 au nourrissant, enfant et femme enceinte.<\/p>\n<p>Convient aux corps, cheveux et visages.<\/p>\n<p>Pour la douche: sur une peau mouill\u00e9e, appliquer l\u2019<strong>huile Lavante SVR Topialyse<\/strong>, mousser, rincer puis s\u00e9cher d\u00e9licatement sans frotter.<\/p>\n<p>Pour le bain: pendant le remplissage de la\u00a0baignoire, verser quelques pressions \u00e0 l\u2019aide du flacon pompe.<\/p>\n<h4>Composition<\/h4>\n<p><strong>SVR\u00a0<\/strong><strong>Topialyse Huile Lavante<\/strong>, un concentr\u00e9 d\u2019actifs, de douceur et de tol\u00e9rance dans un soin lavant et hydratant qui remplace tous les autres.<\/p>\n<p><strong>35%<\/strong>\u00a0d\u2019actifs hydratants et relipidants\u00a0:<\/p>\n<p>\u2022\u00a0Om\u00e9gas 3, 6 et 9 dont huile de coton : relipident, restaurent et pr\u00e9servent la barri\u00e8re cutan\u00e9e.<br \/>\n\u2022\u00a0Hydratation\u00a0<strong>24h<\/strong>.<\/p>\n<p>Niacinamide : actif de r\u00e9f\u00e9rence dans l\u2019apaisement des peaux sensibles.<\/p>\n<p>Sucre pr\u00e9biotique : respecte l\u2019\u00e9quilibre du microbiome, limite le grattage en aidant \u00e0 r\u00e9\u00e9quilibrer la flore cutan\u00e9e.<\/p>\n<p>Base lavante tol\u00e9rance optimale avec tensio-actifs ultra-doux : nettoie d\u00e9licatement la peau sans l\u2019agresser ni la dess\u00e9cher. Elle est prot\u00e9g\u00e9e des agressions ext\u00e9rieures (frottements, froid, calcaire\u2026).<\/p>\n<p>Avec 89% d\u2019ingr\u00e9dients d\u2019origine naturelle, la formule est biod\u00e9gradable et test\u00e9e sans effets n\u00e9fastes sur les m\u00e9canismes endocriniens \u00e9valu\u00e9s.\u00a0 Il ne reste plus qu\u2019\u00e0 se laisser envelopper par sa mousse onctueuse et son parfum d\u00e9licat sans allerg\u00e8nes.<\/p>\n<p>Ingr\u00e9dients: Aqua (Purified Water), Glycerin, Peg-7 Glyceryl Cocoate, Sodium C14-16 Olefin Sulfonate, Sodium Olivamphoacetate, Niacinamide, Alpha-Glucan Oligosaccharide Saccharide Isomerate, Coco-Betaine, Peg-60 Hydrogenated Castor Oil, Gossypium Herbaceum (Cotton) Seed Oil, Pentylene Glycol,Lauroyl\/Myristoyl Methyl Glucamide, 1-2 Hexanediol, Caprylyl Glycol, Citric Acid, Sodium Chloride, Sodium Citrate, Parfum (Fragrance).<\/p>\n","protected":false},"featured_media":11477,"comment_status":"closed","ping_status":"closed","template":"","meta":[],"pwb-brand":[240],"product_cat":[224,226],"product_tag":[],"class_list":{"0":"post-11475","1":"product","2":"type-product","3":"status-publish","4":"has-post-thumbnail","6":"pwb-brand-svr","7":"product_cat-bebe-et-maman","8":"product_cat-shampoing-bebe","10":"first","11":"instock","12":"purchasable","13":"product-type-simple"},"acf":[],"yoast_head":"<!-- This site is optimized with the Yoast SEO plugin v20.13 - https:\/\/yoast.com\/wordpress\/plugins\/seo\/ -->\n<title>SVR Topialyse Huile Lavante, 200ml - Para-Dis<\/title>\n<meta name=\"description\" content=\"Anti-irritation relipidante 24h Anti-grattage Biod\u00e9gradable Formula Peaux sensibles s\u00e8ches \u00e0 tr\u00e8s s\u00e8ches \u00e0 tendance atopiques Visage, Corps et cheveux\" \/>\n<meta name=\"robots\" content=\"index, follow, max-snippet:-1, max-image-preview:large, max-video-preview:-1\" \/>\n<link rel=\"canonical\" href=\"https:\/\/para-sanita.fidsexcellence.tn\/?product=svr-topialyse-huile-lavante-200ml\" \/>\n<meta property=\"og:locale\" content=\"fr_FR\" \/>\n<meta property=\"og:type\" content=\"article\" \/>\n<meta property=\"og:title\" content=\"SVR Topialyse Huile Lavante, 200ml - Para-Dis\" \/>\n<meta property=\"og:description\" content=\"Anti-irritation relipidante 24h Anti-grattage Biod\u00e9gradable Formula Peaux sensibles s\u00e8ches \u00e0 tr\u00e8s s\u00e8ches \u00e0 tendance atopiques Visage, Corps et cheveux\" \/>\n<meta property=\"og:url\" content=\"https:\/\/para-sanita.fidsexcellence.tn\/?product=svr-topialyse-huile-lavante-200ml\" \/>\n<meta property=\"og:site_name\" content=\"Para-Dis\" \/>\n<meta property=\"article:modified_time\" content=\"2023-08-13T09:56:45+00:00\" \/>\n<meta property=\"og:image\" content=\"https:\/\/para-sanita.fidsexcellence.tn\/wp-content\/uploads\/2023\/08\/svr-topialyse-huile-lavant-200ml-3662361002092.jpg\" \/>\n\t<meta property=\"og:image:width\" content=\"800\" \/>\n\t<meta property=\"og:image:height\" content=\"800\" \/>\n\t<meta property=\"og:image:type\" content=\"image\/jpeg\" \/>\n<meta name=\"twitter:card\" content=\"summary_large_image\" \/>\n<meta name=\"twitter:label1\" content=\"Dur\u00e9e de lecture estim\u00e9e\" \/>\n\t<meta name=\"twitter:data1\" content=\"1 minute\" \/>\n<script type=\"application\/ld+json\" class=\"yoast-schema-graph\">{\"@context\":\"https:\/\/schema.org\",\"@graph\":[{\"@type\":\"WebPage\",\"@id\":\"https:\/\/para-sanita.fidsexcellence.tn\/?product=svr-topialyse-huile-lavante-200ml\",\"url\":\"https:\/\/para-sanita.fidsexcellence.tn\/?product=svr-topialyse-huile-lavante-200ml\",\"name\":\"SVR Topialyse Huile Lavante, 200ml - Para-Dis\",\"isPartOf\":{\"@id\":\"https:\/\/para-sanita.fidsexcellence.tn\/#website\"},\"datePublished\":\"2023-08-13T09:45:25+00:00\",\"dateModified\":\"2023-08-13T09:56:45+00:00\",\"description\":\"Anti-irritation relipidante 24h Anti-grattage Biod\u00e9gradable Formula Peaux sensibles s\u00e8ches \u00e0 tr\u00e8s s\u00e8ches \u00e0 tendance atopiques Visage, Corps et cheveux\",\"breadcrumb\":{\"@id\":\"https:\/\/para-sanita.fidsexcellence.tn\/?product=svr-topialyse-huile-lavante-200ml#breadcrumb\"},\"inLanguage\":\"fr-FR\",\"potentialAction\":[{\"@type\":\"ReadAction\",\"target\":[\"https:\/\/para-sanita.fidsexcellence.tn\/?product=svr-topialyse-huile-lavante-200ml\"]}]},{\"@type\":\"BreadcrumbList\",\"@id\":\"https:\/\/para-sanita.fidsexcellence.tn\/?product=svr-topialyse-huile-lavante-200ml#breadcrumb\",\"itemListElement\":[{\"@type\":\"ListItem\",\"position\":1,\"name\":\"Accueil\",\"item\":\"https:\/\/para-sanita.fidsexcellence.tn\/\"},{\"@type\":\"ListItem\",\"position\":2,\"name\":\"Shop\",\"item\":\"https:\/\/para-sanita.fidsexcellence.tn\/?page_id=3853\"},{\"@type\":\"ListItem\",\"position\":3,\"name\":\"SVR Topialyse Huile Lavante, 200ml\"}]},{\"@type\":\"WebSite\",\"@id\":\"https:\/\/para-sanita.fidsexcellence.tn\/#website\",\"url\":\"https:\/\/para-sanita.fidsexcellence.tn\/\",\"name\":\"Para-Dis\",\"description\":\"\",\"publisher\":{\"@id\":\"https:\/\/para-sanita.fidsexcellence.tn\/#organization\"},\"potentialAction\":[{\"@type\":\"SearchAction\",\"target\":{\"@type\":\"EntryPoint\",\"urlTemplate\":\"https:\/\/para-sanita.fidsexcellence.tn\/?s={search_term_string}\"},\"query-input\":\"required name=search_term_string\"}],\"inLanguage\":\"fr-FR\"},{\"@type\":\"Organization\",\"@id\":\"https:\/\/para-sanita.fidsexcellence.tn\/#organization\",\"name\":\"Para-Dis\",\"url\":\"https:\/\/para-sanita.fidsexcellence.tn\/\",\"logo\":{\"@type\":\"ImageObject\",\"inLanguage\":\"fr-FR\",\"@id\":\"https:\/\/para-sanita.fidsexcellence.tn\/#\/schema\/logo\/image\/\",\"url\":\"https:\/\/para-sanita.fidsexcellence.tn\/wp-content\/uploads\/2025\/03\/cropped-logo-1.png\",\"contentUrl\":\"https:\/\/para-sanita.fidsexcellence.tn\/wp-content\/uploads\/2025\/03\/cropped-logo-1.png\",\"width\":502,\"height\":167,\"caption\":\"Para-Dis\"},\"image\":{\"@id\":\"https:\/\/para-sanita.fidsexcellence.tn\/#\/schema\/logo\/image\/\"}}]}<\/script>\n<!-- \/ Yoast SEO plugin. -->","yoast_head_json":{"title":"SVR Topialyse Huile Lavante, 200ml - Para-Dis","description":"Anti-irritation relipidante 24h Anti-grattage Biod\u00e9gradable Formula Peaux sensibles s\u00e8ches \u00e0 tr\u00e8s s\u00e8ches \u00e0 tendance atopiques Visage, Corps et cheveux","robots":{"index":"index","follow":"follow","max-snippet":"max-snippet:-1","max-image-preview":"max-image-preview:large","max-video-preview":"max-video-preview:-1"},"canonical":"https:\/\/para-sanita.fidsexcellence.tn\/?product=svr-topialyse-huile-lavante-200ml","og_locale":"fr_FR","og_type":"article","og_title":"SVR Topialyse Huile Lavante, 200ml - Para-Dis","og_description":"Anti-irritation relipidante 24h Anti-grattage Biod\u00e9gradable Formula Peaux sensibles s\u00e8ches \u00e0 tr\u00e8s s\u00e8ches \u00e0 tendance atopiques Visage, Corps et cheveux","og_url":"https:\/\/para-sanita.fidsexcellence.tn\/?product=svr-topialyse-huile-lavante-200ml","og_site_name":"Para-Dis","article_modified_time":"2023-08-13T09:56:45+00:00","og_image":[{"width":800,"height":800,"url":"https:\/\/para-sanita.fidsexcellence.tn\/wp-content\/uploads\/2023\/08\/svr-topialyse-huile-lavant-200ml-3662361002092.jpg","type":"image\/jpeg"}],"twitter_card":"summary_large_image","twitter_misc":{"Dur\u00e9e de lecture estim\u00e9e":"1 minute"},"schema":{"@context":"https:\/\/schema.org","@graph":[{"@type":"WebPage","@id":"https:\/\/para-sanita.fidsexcellence.tn\/?product=svr-topialyse-huile-lavante-200ml","url":"https:\/\/para-sanita.fidsexcellence.tn\/?product=svr-topialyse-huile-lavante-200ml","name":"SVR Topialyse Huile Lavante, 200ml - Para-Dis","isPartOf":{"@id":"https:\/\/para-sanita.fidsexcellence.tn\/#website"},"datePublished":"2023-08-13T09:45:25+00:00","dateModified":"2023-08-13T09:56:45+00:00","description":"Anti-irritation relipidante 24h Anti-grattage Biod\u00e9gradable Formula Peaux sensibles s\u00e8ches \u00e0 tr\u00e8s s\u00e8ches \u00e0 tendance atopiques Visage, Corps et cheveux","breadcrumb":{"@id":"https:\/\/para-sanita.fidsexcellence.tn\/?product=svr-topialyse-huile-lavante-200ml#breadcrumb"},"inLanguage":"fr-FR","potentialAction":[{"@type":"ReadAction","target":["https:\/\/para-sanita.fidsexcellence.tn\/?product=svr-topialyse-huile-lavante-200ml"]}]},{"@type":"BreadcrumbList","@id":"https:\/\/para-sanita.fidsexcellence.tn\/?product=svr-topialyse-huile-lavante-200ml#breadcrumb","itemListElement":[{"@type":"ListItem","position":1,"name":"Accueil","item":"https:\/\/para-sanita.fidsexcellence.tn\/"},{"@type":"ListItem","position":2,"name":"Shop","item":"https:\/\/para-sanita.fidsexcellence.tn\/?page_id=3853"},{"@type":"ListItem","position":3,"name":"SVR Topialyse Huile Lavante, 200ml"}]},{"@type":"WebSite","@id":"https:\/\/para-sanita.fidsexcellence.tn\/#website","url":"https:\/\/para-sanita.fidsexcellence.tn\/","name":"Para-Dis","description":"","publisher":{"@id":"https:\/\/para-sanita.fidsexcellence.tn\/#organization"},"potentialAction":[{"@type":"SearchAction","target":{"@type":"EntryPoint","urlTemplate":"https:\/\/para-sanita.fidsexcellence.tn\/?s={search_term_string}"},"query-input":"required name=search_term_string"}],"inLanguage":"fr-FR"},{"@type":"Organization","@id":"https:\/\/para-sanita.fidsexcellence.tn\/#organization","name":"Para-Dis","url":"https:\/\/para-sanita.fidsexcellence.tn\/","logo":{"@type":"ImageObject","inLanguage":"fr-FR","@id":"https:\/\/para-sanita.fidsexcellence.tn\/#\/schema\/logo\/image\/","url":"https:\/\/para-sanita.fidsexcellence.tn\/wp-content\/uploads\/2025\/03\/cropped-logo-1.png","contentUrl":"https:\/\/para-sanita.fidsexcellence.tn\/wp-content\/uploads\/2025\/03\/cropped-logo-1.png","width":502,"height":167,"caption":"Para-Dis"},"image":{"@id":"https:\/\/para-sanita.fidsexcellence.tn\/#\/schema\/logo\/image\/"}}]}},"brands":[{"id":240,"name":"SVR","slug":"svr"}],"_links":{"self":[{"href":"https:\/\/para-sanita.fidsexcellence.tn\/index.php?rest_route=\/wp\/v2\/product\/11475","targetHints":{"allow":["GET"]}}],"collection":[{"href":"https:\/\/para-sanita.fidsexcellence.tn\/index.php?rest_route=\/wp\/v2\/product"}],"about":[{"href":"https:\/\/para-sanita.fidsexcellence.tn\/index.php?rest_route=\/wp\/v2\/types\/product"}],"replies":[{"embeddable":true,"href":"https:\/\/para-sanita.fidsexcellence.tn\/index.php?rest_route=%2Fwp%2Fv2%2Fcomments&post=11475"}],"version-history":[{"count":2,"href":"https:\/\/para-sanita.fidsexcellence.tn\/index.php?rest_route=\/wp\/v2\/product\/11475\/revisions"}],"predecessor-version":[{"id":11490,"href":"https:\/\/para-sanita.fidsexcellence.tn\/index.php?rest_route=\/wp\/v2\/product\/11475\/revisions\/11490"}],"wp:featuredmedia":[{"embeddable":true,"href":"https:\/\/para-sanita.fidsexcellence.tn\/index.php?rest_route=\/wp\/v2\/media\/11477"}],"wp:attachment":[{"href":"https:\/\/para-sanita.fidsexcellence.tn\/index.php?rest_route=%2Fwp%2Fv2%2Fmedia&parent=11475"}],"wp:term":[{"taxonomy":"pwb-brand","embeddable":true,"href":"https:\/\/para-sanita.fidsexcellence.tn\/index.php?rest_route=%2Fwp%2Fv2%2Fpwb-brand&post=11475"},{"taxonomy":"product_cat","embeddable":true,"href":"https:\/\/para-sanita.fidsexcellence.tn\/index.php?rest_route=%2Fwp%2Fv2%2Fproduct_cat&post=11475"},{"taxonomy":"product_tag","embeddable":true,"href":"https:\/\/para-sanita.fidsexcellence.tn\/index.php?rest_route=%2Fwp%2Fv2%2Fproduct_tag&post=11475"}],"curies":[{"name":"wp","href":"https:\/\/api.w.org\/{rel}","templated":true}]}}