{"id":11478,"date":"2023-08-13T09:47:19","date_gmt":"2023-08-13T09:47:19","guid":{"rendered":"https:\/\/para-sanita.fidsexcellence.tn\/?product=mustela-gel-cheveux-et-corps-2en1-200ml"},"modified":"2023-08-13T09:57:57","modified_gmt":"2023-08-13T09:57:57","slug":"mustela-gel-cheveux-et-corps-2en1-200ml","status":"publish","type":"product","link":"https:\/\/para-sanita.fidsexcellence.tn\/?product=mustela-gel-cheveux-et-corps-2en1-200ml","title":{"rendered":"Mustela Gel Cheveux et Corps 2en1, 200ml"},"content":{"rendered":"<p>Ce gel 2 en 1 de MUSTELA permet de nettoyer plus facilement tous le corps du b\u00e9b\u00e9, il garantie sa propret\u00e9 tout en prenant soin de sa peau et de ses cheveux.<br \/>\nSoin hydratant pour b\u00e9b\u00e9<br \/>\nContenance : 200 ml<\/p>\n","protected":false},"excerpt":{"rendered":"<p>Ce gel 2 en 1 de MUSTELA permet de nettoyer plus facilement tous le corps du b\u00e9b\u00e9, il garantie sa propret\u00e9 tout en prenant soin de sa peau et de ses cheveux.<br \/>\nSoin hydratant pour b\u00e9b\u00e9<br \/>\nContenance : 200 ml<\/p>\n","protected":false},"featured_media":11480,"comment_status":"closed","ping_status":"closed","template":"","meta":[],"pwb-brand":[261],"product_cat":[224,226],"product_tag":[],"class_list":{"0":"post-11478","1":"product","2":"type-product","3":"status-publish","4":"has-post-thumbnail","6":"pwb-brand-mustella","7":"product_cat-bebe-et-maman","8":"product_cat-shampoing-bebe","10":"first","11":"instock","12":"purchasable","13":"product-type-simple"},"acf":[],"yoast_head":"<!-- This site is optimized with the Yoast SEO plugin v20.13 - https:\/\/yoast.com\/wordpress\/plugins\/seo\/ -->\n<title>Mustela Gel Cheveux et Corps 2en1, 200ml - Para-Dis<\/title>\n<meta name=\"description\" content=\"Ce gel 2 en 1 de MUSTELA permet de nettoyer plus facilement tous le corps du b\u00e9b\u00e9, il garantie sa propret\u00e9 tout en prenant soin de sa peau et de ses cheveux.Soin hydratant pour b\u00e9b\u00e9Contenance : 200 ml\" \/>\n<meta name=\"robots\" content=\"index, follow, max-snippet:-1, max-image-preview:large, max-video-preview:-1\" \/>\n<link rel=\"canonical\" href=\"https:\/\/para-sanita.fidsexcellence.tn\/?product=mustela-gel-cheveux-et-corps-2en1-200ml\" \/>\n<meta property=\"og:locale\" content=\"fr_FR\" \/>\n<meta property=\"og:type\" content=\"article\" \/>\n<meta property=\"og:title\" content=\"Mustela Gel Cheveux et Corps 2en1, 200ml - Para-Dis\" \/>\n<meta property=\"og:description\" content=\"Ce gel 2 en 1 de MUSTELA permet de nettoyer plus facilement tous le corps du b\u00e9b\u00e9, il garantie sa propret\u00e9 tout en prenant soin de sa peau et de ses cheveux.Soin hydratant pour b\u00e9b\u00e9Contenance : 200 ml\" \/>\n<meta property=\"og:url\" content=\"https:\/\/para-sanita.fidsexcellence.tn\/?product=mustela-gel-cheveux-et-corps-2en1-200ml\" \/>\n<meta property=\"og:site_name\" content=\"Para-Dis\" \/>\n<meta property=\"article:modified_time\" content=\"2023-08-13T09:57:57+00:00\" \/>\n<meta property=\"og:image\" content=\"https:\/\/para-sanita.fidsexcellence.tn\/wp-content\/uploads\/2023\/08\/2-in-1-gel-et-shampooing-bebe-mustela-200-ml-9601550z0-18380875.jpg\" \/>\n\t<meta property=\"og:image:width\" content=\"500\" \/>\n\t<meta property=\"og:image:height\" content=\"500\" \/>\n\t<meta property=\"og:image:type\" content=\"image\/jpeg\" \/>\n<meta name=\"twitter:card\" content=\"summary_large_image\" \/>\n<meta name=\"twitter:label1\" content=\"Dur\u00e9e de lecture estim\u00e9e\" \/>\n\t<meta name=\"twitter:data1\" content=\"1 minute\" \/>\n<script type=\"application\/ld+json\" class=\"yoast-schema-graph\">{\"@context\":\"https:\/\/schema.org\",\"@graph\":[{\"@type\":\"WebPage\",\"@id\":\"https:\/\/para-sanita.fidsexcellence.tn\/?product=mustela-gel-cheveux-et-corps-2en1-200ml\",\"url\":\"https:\/\/para-sanita.fidsexcellence.tn\/?product=mustela-gel-cheveux-et-corps-2en1-200ml\",\"name\":\"Mustela Gel Cheveux et Corps 2en1, 200ml - Para-Dis\",\"isPartOf\":{\"@id\":\"https:\/\/para-sanita.fidsexcellence.tn\/#website\"},\"datePublished\":\"2023-08-13T09:47:19+00:00\",\"dateModified\":\"2023-08-13T09:57:57+00:00\",\"description\":\"Ce gel 2 en 1 de MUSTELA permet de nettoyer plus facilement tous le corps du b\u00e9b\u00e9, il garantie sa propret\u00e9 tout en prenant soin de sa peau et de ses cheveux.Soin hydratant pour b\u00e9b\u00e9Contenance : 200 ml\",\"breadcrumb\":{\"@id\":\"https:\/\/para-sanita.fidsexcellence.tn\/?product=mustela-gel-cheveux-et-corps-2en1-200ml#breadcrumb\"},\"inLanguage\":\"fr-FR\",\"potentialAction\":[{\"@type\":\"ReadAction\",\"target\":[\"https:\/\/para-sanita.fidsexcellence.tn\/?product=mustela-gel-cheveux-et-corps-2en1-200ml\"]}]},{\"@type\":\"BreadcrumbList\",\"@id\":\"https:\/\/para-sanita.fidsexcellence.tn\/?product=mustela-gel-cheveux-et-corps-2en1-200ml#breadcrumb\",\"itemListElement\":[{\"@type\":\"ListItem\",\"position\":1,\"name\":\"Accueil\",\"item\":\"https:\/\/para-sanita.fidsexcellence.tn\/\"},{\"@type\":\"ListItem\",\"position\":2,\"name\":\"Shop\",\"item\":\"https:\/\/para-sanita.fidsexcellence.tn\/?page_id=3853\"},{\"@type\":\"ListItem\",\"position\":3,\"name\":\"Mustela Gel Cheveux et Corps 2en1, 200ml\"}]},{\"@type\":\"WebSite\",\"@id\":\"https:\/\/para-sanita.fidsexcellence.tn\/#website\",\"url\":\"https:\/\/para-sanita.fidsexcellence.tn\/\",\"name\":\"Para-Dis\",\"description\":\"\",\"publisher\":{\"@id\":\"https:\/\/para-sanita.fidsexcellence.tn\/#organization\"},\"potentialAction\":[{\"@type\":\"SearchAction\",\"target\":{\"@type\":\"EntryPoint\",\"urlTemplate\":\"https:\/\/para-sanita.fidsexcellence.tn\/?s={search_term_string}\"},\"query-input\":\"required name=search_term_string\"}],\"inLanguage\":\"fr-FR\"},{\"@type\":\"Organization\",\"@id\":\"https:\/\/para-sanita.fidsexcellence.tn\/#organization\",\"name\":\"Para-Dis\",\"url\":\"https:\/\/para-sanita.fidsexcellence.tn\/\",\"logo\":{\"@type\":\"ImageObject\",\"inLanguage\":\"fr-FR\",\"@id\":\"https:\/\/para-sanita.fidsexcellence.tn\/#\/schema\/logo\/image\/\",\"url\":\"https:\/\/para-sanita.fidsexcellence.tn\/wp-content\/uploads\/2025\/03\/cropped-logo-1.png\",\"contentUrl\":\"https:\/\/para-sanita.fidsexcellence.tn\/wp-content\/uploads\/2025\/03\/cropped-logo-1.png\",\"width\":502,\"height\":167,\"caption\":\"Para-Dis\"},\"image\":{\"@id\":\"https:\/\/para-sanita.fidsexcellence.tn\/#\/schema\/logo\/image\/\"}}]}<\/script>\n<!-- \/ Yoast SEO plugin. -->","yoast_head_json":{"title":"Mustela Gel Cheveux et Corps 2en1, 200ml - Para-Dis","description":"Ce gel 2 en 1 de MUSTELA permet de nettoyer plus facilement tous le corps du b\u00e9b\u00e9, il garantie sa propret\u00e9 tout en prenant soin de sa peau et de ses cheveux.Soin hydratant pour b\u00e9b\u00e9Contenance : 200 ml","robots":{"index":"index","follow":"follow","max-snippet":"max-snippet:-1","max-image-preview":"max-image-preview:large","max-video-preview":"max-video-preview:-1"},"canonical":"https:\/\/para-sanita.fidsexcellence.tn\/?product=mustela-gel-cheveux-et-corps-2en1-200ml","og_locale":"fr_FR","og_type":"article","og_title":"Mustela Gel Cheveux et Corps 2en1, 200ml - Para-Dis","og_description":"Ce gel 2 en 1 de MUSTELA permet de nettoyer plus facilement tous le corps du b\u00e9b\u00e9, il garantie sa propret\u00e9 tout en prenant soin de sa peau et de ses cheveux.Soin hydratant pour b\u00e9b\u00e9Contenance : 200 ml","og_url":"https:\/\/para-sanita.fidsexcellence.tn\/?product=mustela-gel-cheveux-et-corps-2en1-200ml","og_site_name":"Para-Dis","article_modified_time":"2023-08-13T09:57:57+00:00","og_image":[{"width":500,"height":500,"url":"https:\/\/para-sanita.fidsexcellence.tn\/wp-content\/uploads\/2023\/08\/2-in-1-gel-et-shampooing-bebe-mustela-200-ml-9601550z0-18380875.jpg","type":"image\/jpeg"}],"twitter_card":"summary_large_image","twitter_misc":{"Dur\u00e9e de lecture estim\u00e9e":"1 minute"},"schema":{"@context":"https:\/\/schema.org","@graph":[{"@type":"WebPage","@id":"https:\/\/para-sanita.fidsexcellence.tn\/?product=mustela-gel-cheveux-et-corps-2en1-200ml","url":"https:\/\/para-sanita.fidsexcellence.tn\/?product=mustela-gel-cheveux-et-corps-2en1-200ml","name":"Mustela Gel Cheveux et Corps 2en1, 200ml - Para-Dis","isPartOf":{"@id":"https:\/\/para-sanita.fidsexcellence.tn\/#website"},"datePublished":"2023-08-13T09:47:19+00:00","dateModified":"2023-08-13T09:57:57+00:00","description":"Ce gel 2 en 1 de MUSTELA permet de nettoyer plus facilement tous le corps du b\u00e9b\u00e9, il garantie sa propret\u00e9 tout en prenant soin de sa peau et de ses cheveux.Soin hydratant pour b\u00e9b\u00e9Contenance : 200 ml","breadcrumb":{"@id":"https:\/\/para-sanita.fidsexcellence.tn\/?product=mustela-gel-cheveux-et-corps-2en1-200ml#breadcrumb"},"inLanguage":"fr-FR","potentialAction":[{"@type":"ReadAction","target":["https:\/\/para-sanita.fidsexcellence.tn\/?product=mustela-gel-cheveux-et-corps-2en1-200ml"]}]},{"@type":"BreadcrumbList","@id":"https:\/\/para-sanita.fidsexcellence.tn\/?product=mustela-gel-cheveux-et-corps-2en1-200ml#breadcrumb","itemListElement":[{"@type":"ListItem","position":1,"name":"Accueil","item":"https:\/\/para-sanita.fidsexcellence.tn\/"},{"@type":"ListItem","position":2,"name":"Shop","item":"https:\/\/para-sanita.fidsexcellence.tn\/?page_id=3853"},{"@type":"ListItem","position":3,"name":"Mustela Gel Cheveux et Corps 2en1, 200ml"}]},{"@type":"WebSite","@id":"https:\/\/para-sanita.fidsexcellence.tn\/#website","url":"https:\/\/para-sanita.fidsexcellence.tn\/","name":"Para-Dis","description":"","publisher":{"@id":"https:\/\/para-sanita.fidsexcellence.tn\/#organization"},"potentialAction":[{"@type":"SearchAction","target":{"@type":"EntryPoint","urlTemplate":"https:\/\/para-sanita.fidsexcellence.tn\/?s={search_term_string}"},"query-input":"required name=search_term_string"}],"inLanguage":"fr-FR"},{"@type":"Organization","@id":"https:\/\/para-sanita.fidsexcellence.tn\/#organization","name":"Para-Dis","url":"https:\/\/para-sanita.fidsexcellence.tn\/","logo":{"@type":"ImageObject","inLanguage":"fr-FR","@id":"https:\/\/para-sanita.fidsexcellence.tn\/#\/schema\/logo\/image\/","url":"https:\/\/para-sanita.fidsexcellence.tn\/wp-content\/uploads\/2025\/03\/cropped-logo-1.png","contentUrl":"https:\/\/para-sanita.fidsexcellence.tn\/wp-content\/uploads\/2025\/03\/cropped-logo-1.png","width":502,"height":167,"caption":"Para-Dis"},"image":{"@id":"https:\/\/para-sanita.fidsexcellence.tn\/#\/schema\/logo\/image\/"}}]}},"brands":[{"id":261,"name":"Mustella","slug":"mustella"}],"_links":{"self":[{"href":"https:\/\/para-sanita.fidsexcellence.tn\/index.php?rest_route=\/wp\/v2\/product\/11478","targetHints":{"allow":["GET"]}}],"collection":[{"href":"https:\/\/para-sanita.fidsexcellence.tn\/index.php?rest_route=\/wp\/v2\/product"}],"about":[{"href":"https:\/\/para-sanita.fidsexcellence.tn\/index.php?rest_route=\/wp\/v2\/types\/product"}],"replies":[{"embeddable":true,"href":"https:\/\/para-sanita.fidsexcellence.tn\/index.php?rest_route=%2Fwp%2Fv2%2Fcomments&post=11478"}],"version-history":[{"count":2,"href":"https:\/\/para-sanita.fidsexcellence.tn\/index.php?rest_route=\/wp\/v2\/product\/11478\/revisions"}],"predecessor-version":[{"id":11491,"href":"https:\/\/para-sanita.fidsexcellence.tn\/index.php?rest_route=\/wp\/v2\/product\/11478\/revisions\/11491"}],"wp:featuredmedia":[{"embeddable":true,"href":"https:\/\/para-sanita.fidsexcellence.tn\/index.php?rest_route=\/wp\/v2\/media\/11480"}],"wp:attachment":[{"href":"https:\/\/para-sanita.fidsexcellence.tn\/index.php?rest_route=%2Fwp%2Fv2%2Fmedia&parent=11478"}],"wp:term":[{"taxonomy":"pwb-brand","embeddable":true,"href":"https:\/\/para-sanita.fidsexcellence.tn\/index.php?rest_route=%2Fwp%2Fv2%2Fpwb-brand&post=11478"},{"taxonomy":"product_cat","embeddable":true,"href":"https:\/\/para-sanita.fidsexcellence.tn\/index.php?rest_route=%2Fwp%2Fv2%2Fproduct_cat&post=11478"},{"taxonomy":"product_tag","embeddable":true,"href":"https:\/\/para-sanita.fidsexcellence.tn\/index.php?rest_route=%2Fwp%2Fv2%2Fproduct_tag&post=11478"}],"curies":[{"name":"wp","href":"https:\/\/api.w.org\/{rel}","templated":true}]}}