{"id":11487,"date":"2023-08-13T09:52:18","date_gmt":"2023-08-13T09:52:18","guid":{"rendered":"https:\/\/para-sanita.fidsexcellence.tn\/?product=forcapil-cheveux-et-ongles-60-gelules"},"modified":"2023-08-13T10:10:44","modified_gmt":"2023-08-13T10:10:44","slug":"forcapil-cheveux-et-ongles-60-gelules","status":"publish","type":"product","link":"https:\/\/para-sanita.fidsexcellence.tn\/?product=forcapil-cheveux-et-ongles-60-gelules","title":{"rendered":"FORCAPIL Cheveux et Ongles, 60 G\u00c9LULES"},"content":{"rendered":"<p>FORCAPIL:<br \/>\nCompl\u00e9ment alimentaire destin\u00e9 aux personnes d\u00e9sirant conserver la beaut\u00e9 de leur cheveux et de leurs ongles.<br \/>\nContenance: 60 g\u00e9lules<\/p>\n","protected":false},"excerpt":{"rendered":"<p>FORCAPIL:<br \/>\nCompl\u00e9ment alimentaire destin\u00e9 aux personnes d\u00e9sirant conserver la beaut\u00e9 de leur cheveux et de leurs ongles.<br \/>\nContenance: 60 g\u00e9lules<\/p>\n","protected":false},"featured_media":11489,"comment_status":"closed","ping_status":"closed","template":"","meta":[],"pwb-brand":[263],"product_cat":[183,192],"product_tag":[],"class_list":{"0":"post-11487","1":"product","2":"type-product","3":"status-publish","4":"has-post-thumbnail","6":"pwb-brand-arkopharma","7":"product_cat-cheveux","8":"product_cat-complements-cheveux-et-ongles","10":"first","11":"instock","12":"purchasable","13":"product-type-simple"},"acf":[],"yoast_head":"<!-- This site is optimized with the Yoast SEO plugin v20.13 - https:\/\/yoast.com\/wordpress\/plugins\/seo\/ -->\n<title>FORCAPIL Cheveux et Ongles, 60 G\u00c9LULES - Para-Dis<\/title>\n<meta name=\"description\" content=\"FORCAPIL:Compl\u00e9ment alimentaire destin\u00e9 aux personnes d\u00e9sirant conserver la beaut\u00e9 de leur cheveux et de leurs ongles.Contenance: 60 g\u00e9lules\" \/>\n<meta name=\"robots\" content=\"index, follow, max-snippet:-1, max-image-preview:large, max-video-preview:-1\" \/>\n<link rel=\"canonical\" href=\"https:\/\/para-sanita.fidsexcellence.tn\/?product=forcapil-cheveux-et-ongles-60-gelules\" \/>\n<meta property=\"og:locale\" content=\"fr_FR\" \/>\n<meta property=\"og:type\" content=\"article\" \/>\n<meta property=\"og:title\" content=\"FORCAPIL Cheveux et Ongles, 60 G\u00c9LULES - Para-Dis\" \/>\n<meta property=\"og:description\" content=\"FORCAPIL:Compl\u00e9ment alimentaire destin\u00e9 aux personnes d\u00e9sirant conserver la beaut\u00e9 de leur cheveux et de leurs ongles.Contenance: 60 g\u00e9lules\" \/>\n<meta property=\"og:url\" content=\"https:\/\/para-sanita.fidsexcellence.tn\/?product=forcapil-cheveux-et-ongles-60-gelules\" \/>\n<meta property=\"og:site_name\" content=\"Para-Dis\" \/>\n<meta property=\"article:modified_time\" content=\"2023-08-13T10:10:44+00:00\" \/>\n<meta property=\"og:image\" content=\"https:\/\/para-sanita.fidsexcellence.tn\/wp-content\/uploads\/2023\/08\/forcapil-gelules-60jpg.jpg\" \/>\n\t<meta property=\"og:image:width\" content=\"1500\" \/>\n\t<meta property=\"og:image:height\" content=\"1500\" \/>\n\t<meta property=\"og:image:type\" content=\"image\/jpeg\" \/>\n<meta name=\"twitter:card\" content=\"summary_large_image\" \/>\n<meta name=\"twitter:label1\" content=\"Dur\u00e9e de lecture estim\u00e9e\" \/>\n\t<meta name=\"twitter:data1\" content=\"1 minute\" \/>\n<script type=\"application\/ld+json\" class=\"yoast-schema-graph\">{\"@context\":\"https:\/\/schema.org\",\"@graph\":[{\"@type\":\"WebPage\",\"@id\":\"https:\/\/para-sanita.fidsexcellence.tn\/?product=forcapil-cheveux-et-ongles-60-gelules\",\"url\":\"https:\/\/para-sanita.fidsexcellence.tn\/?product=forcapil-cheveux-et-ongles-60-gelules\",\"name\":\"FORCAPIL Cheveux et Ongles, 60 G\u00c9LULES - Para-Dis\",\"isPartOf\":{\"@id\":\"https:\/\/para-sanita.fidsexcellence.tn\/#website\"},\"datePublished\":\"2023-08-13T09:52:18+00:00\",\"dateModified\":\"2023-08-13T10:10:44+00:00\",\"description\":\"FORCAPIL:Compl\u00e9ment alimentaire destin\u00e9 aux personnes d\u00e9sirant conserver la beaut\u00e9 de leur cheveux et de leurs ongles.Contenance: 60 g\u00e9lules\",\"breadcrumb\":{\"@id\":\"https:\/\/para-sanita.fidsexcellence.tn\/?product=forcapil-cheveux-et-ongles-60-gelules#breadcrumb\"},\"inLanguage\":\"fr-FR\",\"potentialAction\":[{\"@type\":\"ReadAction\",\"target\":[\"https:\/\/para-sanita.fidsexcellence.tn\/?product=forcapil-cheveux-et-ongles-60-gelules\"]}]},{\"@type\":\"BreadcrumbList\",\"@id\":\"https:\/\/para-sanita.fidsexcellence.tn\/?product=forcapil-cheveux-et-ongles-60-gelules#breadcrumb\",\"itemListElement\":[{\"@type\":\"ListItem\",\"position\":1,\"name\":\"Accueil\",\"item\":\"https:\/\/para-sanita.fidsexcellence.tn\/\"},{\"@type\":\"ListItem\",\"position\":2,\"name\":\"Shop\",\"item\":\"https:\/\/para-sanita.fidsexcellence.tn\/?page_id=3853\"},{\"@type\":\"ListItem\",\"position\":3,\"name\":\"FORCAPIL Cheveux et Ongles, 60 G\u00c9LULES\"}]},{\"@type\":\"WebSite\",\"@id\":\"https:\/\/para-sanita.fidsexcellence.tn\/#website\",\"url\":\"https:\/\/para-sanita.fidsexcellence.tn\/\",\"name\":\"Para-Dis\",\"description\":\"\",\"publisher\":{\"@id\":\"https:\/\/para-sanita.fidsexcellence.tn\/#organization\"},\"potentialAction\":[{\"@type\":\"SearchAction\",\"target\":{\"@type\":\"EntryPoint\",\"urlTemplate\":\"https:\/\/para-sanita.fidsexcellence.tn\/?s={search_term_string}\"},\"query-input\":\"required name=search_term_string\"}],\"inLanguage\":\"fr-FR\"},{\"@type\":\"Organization\",\"@id\":\"https:\/\/para-sanita.fidsexcellence.tn\/#organization\",\"name\":\"Para-Dis\",\"url\":\"https:\/\/para-sanita.fidsexcellence.tn\/\",\"logo\":{\"@type\":\"ImageObject\",\"inLanguage\":\"fr-FR\",\"@id\":\"https:\/\/para-sanita.fidsexcellence.tn\/#\/schema\/logo\/image\/\",\"url\":\"https:\/\/para-sanita.fidsexcellence.tn\/wp-content\/uploads\/2025\/03\/cropped-logo-1.png\",\"contentUrl\":\"https:\/\/para-sanita.fidsexcellence.tn\/wp-content\/uploads\/2025\/03\/cropped-logo-1.png\",\"width\":502,\"height\":167,\"caption\":\"Para-Dis\"},\"image\":{\"@id\":\"https:\/\/para-sanita.fidsexcellence.tn\/#\/schema\/logo\/image\/\"}}]}<\/script>\n<!-- \/ Yoast SEO plugin. -->","yoast_head_json":{"title":"FORCAPIL Cheveux et Ongles, 60 G\u00c9LULES - Para-Dis","description":"FORCAPIL:Compl\u00e9ment alimentaire destin\u00e9 aux personnes d\u00e9sirant conserver la beaut\u00e9 de leur cheveux et de leurs ongles.Contenance: 60 g\u00e9lules","robots":{"index":"index","follow":"follow","max-snippet":"max-snippet:-1","max-image-preview":"max-image-preview:large","max-video-preview":"max-video-preview:-1"},"canonical":"https:\/\/para-sanita.fidsexcellence.tn\/?product=forcapil-cheveux-et-ongles-60-gelules","og_locale":"fr_FR","og_type":"article","og_title":"FORCAPIL Cheveux et Ongles, 60 G\u00c9LULES - Para-Dis","og_description":"FORCAPIL:Compl\u00e9ment alimentaire destin\u00e9 aux personnes d\u00e9sirant conserver la beaut\u00e9 de leur cheveux et de leurs ongles.Contenance: 60 g\u00e9lules","og_url":"https:\/\/para-sanita.fidsexcellence.tn\/?product=forcapil-cheveux-et-ongles-60-gelules","og_site_name":"Para-Dis","article_modified_time":"2023-08-13T10:10:44+00:00","og_image":[{"width":1500,"height":1500,"url":"https:\/\/para-sanita.fidsexcellence.tn\/wp-content\/uploads\/2023\/08\/forcapil-gelules-60jpg.jpg","type":"image\/jpeg"}],"twitter_card":"summary_large_image","twitter_misc":{"Dur\u00e9e de lecture estim\u00e9e":"1 minute"},"schema":{"@context":"https:\/\/schema.org","@graph":[{"@type":"WebPage","@id":"https:\/\/para-sanita.fidsexcellence.tn\/?product=forcapil-cheveux-et-ongles-60-gelules","url":"https:\/\/para-sanita.fidsexcellence.tn\/?product=forcapil-cheveux-et-ongles-60-gelules","name":"FORCAPIL Cheveux et Ongles, 60 G\u00c9LULES - Para-Dis","isPartOf":{"@id":"https:\/\/para-sanita.fidsexcellence.tn\/#website"},"datePublished":"2023-08-13T09:52:18+00:00","dateModified":"2023-08-13T10:10:44+00:00","description":"FORCAPIL:Compl\u00e9ment alimentaire destin\u00e9 aux personnes d\u00e9sirant conserver la beaut\u00e9 de leur cheveux et de leurs ongles.Contenance: 60 g\u00e9lules","breadcrumb":{"@id":"https:\/\/para-sanita.fidsexcellence.tn\/?product=forcapil-cheveux-et-ongles-60-gelules#breadcrumb"},"inLanguage":"fr-FR","potentialAction":[{"@type":"ReadAction","target":["https:\/\/para-sanita.fidsexcellence.tn\/?product=forcapil-cheveux-et-ongles-60-gelules"]}]},{"@type":"BreadcrumbList","@id":"https:\/\/para-sanita.fidsexcellence.tn\/?product=forcapil-cheveux-et-ongles-60-gelules#breadcrumb","itemListElement":[{"@type":"ListItem","position":1,"name":"Accueil","item":"https:\/\/para-sanita.fidsexcellence.tn\/"},{"@type":"ListItem","position":2,"name":"Shop","item":"https:\/\/para-sanita.fidsexcellence.tn\/?page_id=3853"},{"@type":"ListItem","position":3,"name":"FORCAPIL Cheveux et Ongles, 60 G\u00c9LULES"}]},{"@type":"WebSite","@id":"https:\/\/para-sanita.fidsexcellence.tn\/#website","url":"https:\/\/para-sanita.fidsexcellence.tn\/","name":"Para-Dis","description":"","publisher":{"@id":"https:\/\/para-sanita.fidsexcellence.tn\/#organization"},"potentialAction":[{"@type":"SearchAction","target":{"@type":"EntryPoint","urlTemplate":"https:\/\/para-sanita.fidsexcellence.tn\/?s={search_term_string}"},"query-input":"required name=search_term_string"}],"inLanguage":"fr-FR"},{"@type":"Organization","@id":"https:\/\/para-sanita.fidsexcellence.tn\/#organization","name":"Para-Dis","url":"https:\/\/para-sanita.fidsexcellence.tn\/","logo":{"@type":"ImageObject","inLanguage":"fr-FR","@id":"https:\/\/para-sanita.fidsexcellence.tn\/#\/schema\/logo\/image\/","url":"https:\/\/para-sanita.fidsexcellence.tn\/wp-content\/uploads\/2025\/03\/cropped-logo-1.png","contentUrl":"https:\/\/para-sanita.fidsexcellence.tn\/wp-content\/uploads\/2025\/03\/cropped-logo-1.png","width":502,"height":167,"caption":"Para-Dis"},"image":{"@id":"https:\/\/para-sanita.fidsexcellence.tn\/#\/schema\/logo\/image\/"}}]}},"brands":[{"id":263,"name":"Arkopharma","slug":"arkopharma"}],"_links":{"self":[{"href":"https:\/\/para-sanita.fidsexcellence.tn\/index.php?rest_route=\/wp\/v2\/product\/11487","targetHints":{"allow":["GET"]}}],"collection":[{"href":"https:\/\/para-sanita.fidsexcellence.tn\/index.php?rest_route=\/wp\/v2\/product"}],"about":[{"href":"https:\/\/para-sanita.fidsexcellence.tn\/index.php?rest_route=\/wp\/v2\/types\/product"}],"replies":[{"embeddable":true,"href":"https:\/\/para-sanita.fidsexcellence.tn\/index.php?rest_route=%2Fwp%2Fv2%2Fcomments&post=11487"}],"version-history":[{"count":2,"href":"https:\/\/para-sanita.fidsexcellence.tn\/index.php?rest_route=\/wp\/v2\/product\/11487\/revisions"}],"predecessor-version":[{"id":11494,"href":"https:\/\/para-sanita.fidsexcellence.tn\/index.php?rest_route=\/wp\/v2\/product\/11487\/revisions\/11494"}],"wp:featuredmedia":[{"embeddable":true,"href":"https:\/\/para-sanita.fidsexcellence.tn\/index.php?rest_route=\/wp\/v2\/media\/11489"}],"wp:attachment":[{"href":"https:\/\/para-sanita.fidsexcellence.tn\/index.php?rest_route=%2Fwp%2Fv2%2Fmedia&parent=11487"}],"wp:term":[{"taxonomy":"pwb-brand","embeddable":true,"href":"https:\/\/para-sanita.fidsexcellence.tn\/index.php?rest_route=%2Fwp%2Fv2%2Fpwb-brand&post=11487"},{"taxonomy":"product_cat","embeddable":true,"href":"https:\/\/para-sanita.fidsexcellence.tn\/index.php?rest_route=%2Fwp%2Fv2%2Fproduct_cat&post=11487"},{"taxonomy":"product_tag","embeddable":true,"href":"https:\/\/para-sanita.fidsexcellence.tn\/index.php?rest_route=%2Fwp%2Fv2%2Fproduct_tag&post=11487"}],"curies":[{"name":"wp","href":"https:\/\/api.w.org\/{rel}","templated":true}]}}