{"id":11517,"date":"2023-08-13T10:34:15","date_gmt":"2023-08-13T10:34:15","guid":{"rendered":"https:\/\/para-sanita.fidsexcellence.tn\/?product=phyto-phytophanere-cheveux-et-ongles-120-capsules"},"modified":"2023-08-13T16:43:29","modified_gmt":"2023-08-13T16:43:29","slug":"phyto-phytophanere-cheveux-et-ongles-120-capsules","status":"publish","type":"product","link":"https:\/\/para-sanita.fidsexcellence.tn\/?product=phyto-phytophanere-cheveux-et-ongles-120-capsules","title":{"rendered":"PHYTO Phytophan\u00e8re Cheveux et Ongles, 120 capsules"},"content":{"rendered":"<p>Le compl\u00e9ment alimentaire PHYTOPHANERE est con\u00e7u pour donner plus de tonus aux cheveux.<br \/>\nContenance: 120 capsules<\/p>\n","protected":false},"excerpt":{"rendered":"<p>Le compl\u00e9ment alimentaire PHYTOPHANERE est con\u00e7u pour donner plus de tonus aux cheveux.<br \/>\nContenance: 120 capsules<\/p>\n","protected":false},"featured_media":11519,"comment_status":"closed","ping_status":"closed","template":"","meta":[],"pwb-brand":[269],"product_cat":[183,192],"product_tag":[],"class_list":{"0":"post-11517","1":"product","2":"type-product","3":"status-publish","4":"has-post-thumbnail","6":"pwb-brand-phyto","7":"product_cat-cheveux","8":"product_cat-complements-cheveux-et-ongles","10":"first","11":"instock","12":"purchasable","13":"product-type-simple"},"acf":[],"yoast_head":"<!-- This site is optimized with the Yoast SEO plugin v20.13 - https:\/\/yoast.com\/wordpress\/plugins\/seo\/ -->\n<title>PHYTO Phytophan\u00e8re Cheveux et Ongles, 120 capsules - Para-Dis<\/title>\n<meta name=\"description\" content=\"Le compl\u00e9ment alimentaire PHYTOPHANERE est con\u00e7u pour donner plus de tonus aux cheveux.Contenance: 120 capsules\" \/>\n<meta name=\"robots\" content=\"index, follow, max-snippet:-1, max-image-preview:large, max-video-preview:-1\" \/>\n<link rel=\"canonical\" href=\"https:\/\/para-sanita.fidsexcellence.tn\/?product=phyto-phytophanere-cheveux-et-ongles-120-capsules\" \/>\n<meta property=\"og:locale\" content=\"fr_FR\" \/>\n<meta property=\"og:type\" content=\"article\" \/>\n<meta property=\"og:title\" content=\"PHYTO Phytophan\u00e8re Cheveux et Ongles, 120 capsules - Para-Dis\" \/>\n<meta property=\"og:description\" content=\"Le compl\u00e9ment alimentaire PHYTOPHANERE est con\u00e7u pour donner plus de tonus aux cheveux.Contenance: 120 capsules\" \/>\n<meta property=\"og:url\" content=\"https:\/\/para-sanita.fidsexcellence.tn\/?product=phyto-phytophanere-cheveux-et-ongles-120-capsules\" \/>\n<meta property=\"og:site_name\" content=\"Para-Dis\" \/>\n<meta property=\"article:modified_time\" content=\"2023-08-13T16:43:29+00:00\" \/>\n<meta property=\"og:image\" content=\"https:\/\/para-sanita.fidsexcellence.tn\/wp-content\/uploads\/2023\/08\/phyto-phytophanere-cheveux-et-ongles-120-capsules.jpg\" \/>\n\t<meta property=\"og:image:width\" content=\"452\" \/>\n\t<meta property=\"og:image:height\" content=\"452\" \/>\n\t<meta property=\"og:image:type\" content=\"image\/jpeg\" \/>\n<meta name=\"twitter:card\" content=\"summary_large_image\" \/>\n<meta name=\"twitter:label1\" content=\"Dur\u00e9e de lecture estim\u00e9e\" \/>\n\t<meta name=\"twitter:data1\" content=\"1 minute\" \/>\n<script type=\"application\/ld+json\" class=\"yoast-schema-graph\">{\"@context\":\"https:\/\/schema.org\",\"@graph\":[{\"@type\":\"WebPage\",\"@id\":\"https:\/\/para-sanita.fidsexcellence.tn\/?product=phyto-phytophanere-cheveux-et-ongles-120-capsules\",\"url\":\"https:\/\/para-sanita.fidsexcellence.tn\/?product=phyto-phytophanere-cheveux-et-ongles-120-capsules\",\"name\":\"PHYTO Phytophan\u00e8re Cheveux et Ongles, 120 capsules - Para-Dis\",\"isPartOf\":{\"@id\":\"https:\/\/para-sanita.fidsexcellence.tn\/#website\"},\"datePublished\":\"2023-08-13T10:34:15+00:00\",\"dateModified\":\"2023-08-13T16:43:29+00:00\",\"description\":\"Le compl\u00e9ment alimentaire PHYTOPHANERE est con\u00e7u pour donner plus de tonus aux cheveux.Contenance: 120 capsules\",\"breadcrumb\":{\"@id\":\"https:\/\/para-sanita.fidsexcellence.tn\/?product=phyto-phytophanere-cheveux-et-ongles-120-capsules#breadcrumb\"},\"inLanguage\":\"fr-FR\",\"potentialAction\":[{\"@type\":\"ReadAction\",\"target\":[\"https:\/\/para-sanita.fidsexcellence.tn\/?product=phyto-phytophanere-cheveux-et-ongles-120-capsules\"]}]},{\"@type\":\"BreadcrumbList\",\"@id\":\"https:\/\/para-sanita.fidsexcellence.tn\/?product=phyto-phytophanere-cheveux-et-ongles-120-capsules#breadcrumb\",\"itemListElement\":[{\"@type\":\"ListItem\",\"position\":1,\"name\":\"Accueil\",\"item\":\"https:\/\/para-sanita.fidsexcellence.tn\/\"},{\"@type\":\"ListItem\",\"position\":2,\"name\":\"Shop\",\"item\":\"https:\/\/para-sanita.fidsexcellence.tn\/?page_id=3853\"},{\"@type\":\"ListItem\",\"position\":3,\"name\":\"PHYTO Phytophan\u00e8re Cheveux et Ongles, 120 capsules\"}]},{\"@type\":\"WebSite\",\"@id\":\"https:\/\/para-sanita.fidsexcellence.tn\/#website\",\"url\":\"https:\/\/para-sanita.fidsexcellence.tn\/\",\"name\":\"Para-Dis\",\"description\":\"\",\"publisher\":{\"@id\":\"https:\/\/para-sanita.fidsexcellence.tn\/#organization\"},\"potentialAction\":[{\"@type\":\"SearchAction\",\"target\":{\"@type\":\"EntryPoint\",\"urlTemplate\":\"https:\/\/para-sanita.fidsexcellence.tn\/?s={search_term_string}\"},\"query-input\":\"required name=search_term_string\"}],\"inLanguage\":\"fr-FR\"},{\"@type\":\"Organization\",\"@id\":\"https:\/\/para-sanita.fidsexcellence.tn\/#organization\",\"name\":\"Para-Dis\",\"url\":\"https:\/\/para-sanita.fidsexcellence.tn\/\",\"logo\":{\"@type\":\"ImageObject\",\"inLanguage\":\"fr-FR\",\"@id\":\"https:\/\/para-sanita.fidsexcellence.tn\/#\/schema\/logo\/image\/\",\"url\":\"https:\/\/para-sanita.fidsexcellence.tn\/wp-content\/uploads\/2025\/03\/cropped-logo-1.png\",\"contentUrl\":\"https:\/\/para-sanita.fidsexcellence.tn\/wp-content\/uploads\/2025\/03\/cropped-logo-1.png\",\"width\":502,\"height\":167,\"caption\":\"Para-Dis\"},\"image\":{\"@id\":\"https:\/\/para-sanita.fidsexcellence.tn\/#\/schema\/logo\/image\/\"}}]}<\/script>\n<!-- \/ Yoast SEO plugin. -->","yoast_head_json":{"title":"PHYTO Phytophan\u00e8re Cheveux et Ongles, 120 capsules - Para-Dis","description":"Le compl\u00e9ment alimentaire PHYTOPHANERE est con\u00e7u pour donner plus de tonus aux cheveux.Contenance: 120 capsules","robots":{"index":"index","follow":"follow","max-snippet":"max-snippet:-1","max-image-preview":"max-image-preview:large","max-video-preview":"max-video-preview:-1"},"canonical":"https:\/\/para-sanita.fidsexcellence.tn\/?product=phyto-phytophanere-cheveux-et-ongles-120-capsules","og_locale":"fr_FR","og_type":"article","og_title":"PHYTO Phytophan\u00e8re Cheveux et Ongles, 120 capsules - Para-Dis","og_description":"Le compl\u00e9ment alimentaire PHYTOPHANERE est con\u00e7u pour donner plus de tonus aux cheveux.Contenance: 120 capsules","og_url":"https:\/\/para-sanita.fidsexcellence.tn\/?product=phyto-phytophanere-cheveux-et-ongles-120-capsules","og_site_name":"Para-Dis","article_modified_time":"2023-08-13T16:43:29+00:00","og_image":[{"width":452,"height":452,"url":"https:\/\/para-sanita.fidsexcellence.tn\/wp-content\/uploads\/2023\/08\/phyto-phytophanere-cheveux-et-ongles-120-capsules.jpg","type":"image\/jpeg"}],"twitter_card":"summary_large_image","twitter_misc":{"Dur\u00e9e de lecture estim\u00e9e":"1 minute"},"schema":{"@context":"https:\/\/schema.org","@graph":[{"@type":"WebPage","@id":"https:\/\/para-sanita.fidsexcellence.tn\/?product=phyto-phytophanere-cheveux-et-ongles-120-capsules","url":"https:\/\/para-sanita.fidsexcellence.tn\/?product=phyto-phytophanere-cheveux-et-ongles-120-capsules","name":"PHYTO Phytophan\u00e8re Cheveux et Ongles, 120 capsules - Para-Dis","isPartOf":{"@id":"https:\/\/para-sanita.fidsexcellence.tn\/#website"},"datePublished":"2023-08-13T10:34:15+00:00","dateModified":"2023-08-13T16:43:29+00:00","description":"Le compl\u00e9ment alimentaire PHYTOPHANERE est con\u00e7u pour donner plus de tonus aux cheveux.Contenance: 120 capsules","breadcrumb":{"@id":"https:\/\/para-sanita.fidsexcellence.tn\/?product=phyto-phytophanere-cheveux-et-ongles-120-capsules#breadcrumb"},"inLanguage":"fr-FR","potentialAction":[{"@type":"ReadAction","target":["https:\/\/para-sanita.fidsexcellence.tn\/?product=phyto-phytophanere-cheveux-et-ongles-120-capsules"]}]},{"@type":"BreadcrumbList","@id":"https:\/\/para-sanita.fidsexcellence.tn\/?product=phyto-phytophanere-cheveux-et-ongles-120-capsules#breadcrumb","itemListElement":[{"@type":"ListItem","position":1,"name":"Accueil","item":"https:\/\/para-sanita.fidsexcellence.tn\/"},{"@type":"ListItem","position":2,"name":"Shop","item":"https:\/\/para-sanita.fidsexcellence.tn\/?page_id=3853"},{"@type":"ListItem","position":3,"name":"PHYTO Phytophan\u00e8re Cheveux et Ongles, 120 capsules"}]},{"@type":"WebSite","@id":"https:\/\/para-sanita.fidsexcellence.tn\/#website","url":"https:\/\/para-sanita.fidsexcellence.tn\/","name":"Para-Dis","description":"","publisher":{"@id":"https:\/\/para-sanita.fidsexcellence.tn\/#organization"},"potentialAction":[{"@type":"SearchAction","target":{"@type":"EntryPoint","urlTemplate":"https:\/\/para-sanita.fidsexcellence.tn\/?s={search_term_string}"},"query-input":"required name=search_term_string"}],"inLanguage":"fr-FR"},{"@type":"Organization","@id":"https:\/\/para-sanita.fidsexcellence.tn\/#organization","name":"Para-Dis","url":"https:\/\/para-sanita.fidsexcellence.tn\/","logo":{"@type":"ImageObject","inLanguage":"fr-FR","@id":"https:\/\/para-sanita.fidsexcellence.tn\/#\/schema\/logo\/image\/","url":"https:\/\/para-sanita.fidsexcellence.tn\/wp-content\/uploads\/2025\/03\/cropped-logo-1.png","contentUrl":"https:\/\/para-sanita.fidsexcellence.tn\/wp-content\/uploads\/2025\/03\/cropped-logo-1.png","width":502,"height":167,"caption":"Para-Dis"},"image":{"@id":"https:\/\/para-sanita.fidsexcellence.tn\/#\/schema\/logo\/image\/"}}]}},"brands":[{"id":269,"name":"Phyto","slug":"phyto"}],"_links":{"self":[{"href":"https:\/\/para-sanita.fidsexcellence.tn\/index.php?rest_route=\/wp\/v2\/product\/11517","targetHints":{"allow":["GET"]}}],"collection":[{"href":"https:\/\/para-sanita.fidsexcellence.tn\/index.php?rest_route=\/wp\/v2\/product"}],"about":[{"href":"https:\/\/para-sanita.fidsexcellence.tn\/index.php?rest_route=\/wp\/v2\/types\/product"}],"replies":[{"embeddable":true,"href":"https:\/\/para-sanita.fidsexcellence.tn\/index.php?rest_route=%2Fwp%2Fv2%2Fcomments&post=11517"}],"version-history":[{"count":1,"href":"https:\/\/para-sanita.fidsexcellence.tn\/index.php?rest_route=\/wp\/v2\/product\/11517\/revisions"}],"predecessor-version":[{"id":11518,"href":"https:\/\/para-sanita.fidsexcellence.tn\/index.php?rest_route=\/wp\/v2\/product\/11517\/revisions\/11518"}],"wp:featuredmedia":[{"embeddable":true,"href":"https:\/\/para-sanita.fidsexcellence.tn\/index.php?rest_route=\/wp\/v2\/media\/11519"}],"wp:attachment":[{"href":"https:\/\/para-sanita.fidsexcellence.tn\/index.php?rest_route=%2Fwp%2Fv2%2Fmedia&parent=11517"}],"wp:term":[{"taxonomy":"pwb-brand","embeddable":true,"href":"https:\/\/para-sanita.fidsexcellence.tn\/index.php?rest_route=%2Fwp%2Fv2%2Fpwb-brand&post=11517"},{"taxonomy":"product_cat","embeddable":true,"href":"https:\/\/para-sanita.fidsexcellence.tn\/index.php?rest_route=%2Fwp%2Fv2%2Fproduct_cat&post=11517"},{"taxonomy":"product_tag","embeddable":true,"href":"https:\/\/para-sanita.fidsexcellence.tn\/index.php?rest_route=%2Fwp%2Fv2%2Fproduct_tag&post=11517"}],"curies":[{"name":"wp","href":"https:\/\/api.w.org\/{rel}","templated":true}]}}