{"id":11520,"date":"2023-08-13T10:36:34","date_gmt":"2023-08-13T10:36:34","guid":{"rendered":"https:\/\/para-sanita.fidsexcellence.tn\/?product=pyto-phytocyane-antichute-femme-chute-reactionnelle12-5-ml"},"modified":"2023-08-13T16:45:54","modified_gmt":"2023-08-13T16:45:54","slug":"pyto-phytocyane-antichute-femme-chute-reactionnelle12-5-ml","status":"publish","type":"product","link":"https:\/\/para-sanita.fidsexcellence.tn\/?product=pyto-phytocyane-antichute-femme-chute-reactionnelle12-5-ml","title":{"rendered":"Pyto Phytocyane Antichute femme Chute Reactionnelle,12 *5 ml"},"content":{"rendered":"<p>CHUTE R\u00c9ACTIONNELLE &#8211; Post-partum, stress, r\u00e9gime<br \/>\nLe traitement antichute pour freiner la chute r\u00e9actionnelle et redonner volume et brillance \u00e0 la chevelure.<\/p>\n","protected":false},"excerpt":{"rendered":"<h3 class=\"tab-title\">Description<\/h3>\n<div class=\"tab-content-wrapper\">\n<p>Un concentr\u00e9 d\u2019actifs d\u2019origine naturelle pour une efficacit\u00e9 triple action.<\/p>\n<p>CHUTE FREIN\u00c9E, CHEVEUX PLUS VOLUMINEUX, CHEVELURE SUBLIM\u00c9E.<\/p>\n<p>EFFICACIT\u00c9 ANTICHUTE 85%(1) d\u00e8s 2 mois.<\/p>\n<p>Des r\u00e9sultats visibles d\u00e8s le 1er mois, des cheveux plus volumineux et plus brillants.<\/p>\n<p>Ce traitement cible la chute de cheveux massive et soudaine (depuis moins de 3 mois). Cette chute de cheveux dite r\u00e9actionnelle fait suite \u00e0 un r\u00e9gime, du stress, de la fatigue, un accouchement ou allaitement, ou les changements de saisons.<\/p>\n<p>Une nouvelle formule \u00e0 96% d\u2019ingr\u00e9dients d\u2019origine naturelle, plus concentr\u00e9e, qui rassemble un extrait de gingko biloba, des prot\u00e9ines de soie et un extrait de tulipe brevet\u00e9.<\/p>\n<p>Sans rin\u00e7age, non gras et non collant, dans une nouvelle ampoule de 5ml.<\/p>\n<p>EXTRAIT DE GINKGO BILOBA REVITALISANT<\/p>\n<p>Stimulant et antioxydant, il vivifie le follicule pileux affaibli. Associ\u00e9 au massage, il favorise la microcirculation du cuir chevelu, essentielle \u00e0 la croissance d\u2019un cheveu fort.<\/p>\n<p>PROT\u00c9INES DE SOIE<\/p>\n<p>BRILLANCE<\/p>\n<p>Associ\u00e9es aux vitamines B5 et B6, elles apportent brillance aux cheveux ternes et fatigu\u00e9s.<\/p>\n<p>EXTRAIT DE TULIPE BREVET\u00c9 FORCE<\/p>\n<p>Cet actif brevet\u00e9 renforce la structure du cheveu, pour apporter force et r\u00e9sistance.<\/p>\n<p><strong>Conseils d\u2019utilisation<\/strong><\/p>\n<p>\u2013 En cure de 3 mois.<\/p>\n<p>\u2013 3 ampoules par semaine pendant 1 mois puis 1 ampoule par semaine pendant 2 mois.<\/p>\n<p>Quand et comment ?<\/p>\n<p>\u2013 Apr\u00e8s le shampooing, sur cheveux essor\u00e9s, appliquer raie par raie la totalit\u00e9 de l\u2019ampoule.<\/p>\n<p>\u2013 Masser d\u00e9licatement.<\/p>\n<p>\u2013 Ne pas rincer.<\/p>\n<\/div>\n<p>e.<\/p>\n","protected":false},"featured_media":11522,"comment_status":"closed","ping_status":"closed","template":"","meta":[],"pwb-brand":[269],"product_cat":[183,186],"product_tag":[],"class_list":{"0":"post-11520","1":"product","2":"type-product","3":"status-publish","4":"has-post-thumbnail","6":"pwb-brand-phyto","7":"product_cat-cheveux","8":"product_cat-soin-anti-chute","10":"first","11":"instock","12":"purchasable","13":"product-type-simple"},"acf":[],"yoast_head":"<!-- This site is optimized with the Yoast SEO plugin v20.13 - https:\/\/yoast.com\/wordpress\/plugins\/seo\/ -->\n<title>Pyto Phytocyane Antichute femme Chute Reactionnelle,12 *5 ml - Para-Dis<\/title>\n<meta name=\"description\" content=\"CHUTE R\u00c9ACTIONNELLE - Post-partum, stress, r\u00e9gimeLe traitement antichute pour freiner la chute r\u00e9actionnelle et redonner volume et brillance \u00e0 la chevelure.\" \/>\n<meta name=\"robots\" content=\"index, follow, max-snippet:-1, max-image-preview:large, max-video-preview:-1\" \/>\n<link rel=\"canonical\" href=\"https:\/\/para-sanita.fidsexcellence.tn\/?product=pyto-phytocyane-antichute-femme-chute-reactionnelle12-5-ml\" \/>\n<meta property=\"og:locale\" content=\"fr_FR\" \/>\n<meta property=\"og:type\" content=\"article\" \/>\n<meta property=\"og:title\" content=\"Pyto Phytocyane Antichute femme Chute Reactionnelle,12 *5 ml - Para-Dis\" \/>\n<meta property=\"og:description\" content=\"CHUTE R\u00c9ACTIONNELLE - Post-partum, stress, r\u00e9gimeLe traitement antichute pour freiner la chute r\u00e9actionnelle et redonner volume et brillance \u00e0 la chevelure.\" \/>\n<meta property=\"og:url\" content=\"https:\/\/para-sanita.fidsexcellence.tn\/?product=pyto-phytocyane-antichute-femme-chute-reactionnelle12-5-ml\" \/>\n<meta property=\"og:site_name\" content=\"Para-Dis\" \/>\n<meta property=\"article:modified_time\" content=\"2023-08-13T16:45:54+00:00\" \/>\n<meta property=\"og:image\" content=\"https:\/\/para-sanita.fidsexcellence.tn\/wp-content\/uploads\/2023\/08\/nuk-biberon-first-choice-en-silicone-0-6-mois-300ml-4008600381648-28.jpg\" \/>\n\t<meta property=\"og:image:width\" content=\"800\" \/>\n\t<meta property=\"og:image:height\" content=\"800\" \/>\n\t<meta property=\"og:image:type\" content=\"image\/jpeg\" \/>\n<meta name=\"twitter:card\" content=\"summary_large_image\" \/>\n<meta name=\"twitter:label1\" content=\"Dur\u00e9e de lecture estim\u00e9e\" \/>\n\t<meta name=\"twitter:data1\" content=\"1 minute\" \/>\n<script type=\"application\/ld+json\" class=\"yoast-schema-graph\">{\"@context\":\"https:\/\/schema.org\",\"@graph\":[{\"@type\":\"WebPage\",\"@id\":\"https:\/\/para-sanita.fidsexcellence.tn\/?product=pyto-phytocyane-antichute-femme-chute-reactionnelle12-5-ml\",\"url\":\"https:\/\/para-sanita.fidsexcellence.tn\/?product=pyto-phytocyane-antichute-femme-chute-reactionnelle12-5-ml\",\"name\":\"Pyto Phytocyane Antichute femme Chute Reactionnelle,12 *5 ml - Para-Dis\",\"isPartOf\":{\"@id\":\"https:\/\/para-sanita.fidsexcellence.tn\/#website\"},\"datePublished\":\"2023-08-13T10:36:34+00:00\",\"dateModified\":\"2023-08-13T16:45:54+00:00\",\"description\":\"CHUTE R\u00c9ACTIONNELLE - Post-partum, stress, r\u00e9gimeLe traitement antichute pour freiner la chute r\u00e9actionnelle et redonner volume et brillance \u00e0 la chevelure.\",\"breadcrumb\":{\"@id\":\"https:\/\/para-sanita.fidsexcellence.tn\/?product=pyto-phytocyane-antichute-femme-chute-reactionnelle12-5-ml#breadcrumb\"},\"inLanguage\":\"fr-FR\",\"potentialAction\":[{\"@type\":\"ReadAction\",\"target\":[\"https:\/\/para-sanita.fidsexcellence.tn\/?product=pyto-phytocyane-antichute-femme-chute-reactionnelle12-5-ml\"]}]},{\"@type\":\"BreadcrumbList\",\"@id\":\"https:\/\/para-sanita.fidsexcellence.tn\/?product=pyto-phytocyane-antichute-femme-chute-reactionnelle12-5-ml#breadcrumb\",\"itemListElement\":[{\"@type\":\"ListItem\",\"position\":1,\"name\":\"Accueil\",\"item\":\"https:\/\/para-sanita.fidsexcellence.tn\/\"},{\"@type\":\"ListItem\",\"position\":2,\"name\":\"Shop\",\"item\":\"https:\/\/para-sanita.fidsexcellence.tn\/?page_id=3853\"},{\"@type\":\"ListItem\",\"position\":3,\"name\":\"Pyto Phytocyane Antichute femme Chute Reactionnelle,12 *5 ml\"}]},{\"@type\":\"WebSite\",\"@id\":\"https:\/\/para-sanita.fidsexcellence.tn\/#website\",\"url\":\"https:\/\/para-sanita.fidsexcellence.tn\/\",\"name\":\"Para-Dis\",\"description\":\"\",\"publisher\":{\"@id\":\"https:\/\/para-sanita.fidsexcellence.tn\/#organization\"},\"potentialAction\":[{\"@type\":\"SearchAction\",\"target\":{\"@type\":\"EntryPoint\",\"urlTemplate\":\"https:\/\/para-sanita.fidsexcellence.tn\/?s={search_term_string}\"},\"query-input\":\"required name=search_term_string\"}],\"inLanguage\":\"fr-FR\"},{\"@type\":\"Organization\",\"@id\":\"https:\/\/para-sanita.fidsexcellence.tn\/#organization\",\"name\":\"Para-Dis\",\"url\":\"https:\/\/para-sanita.fidsexcellence.tn\/\",\"logo\":{\"@type\":\"ImageObject\",\"inLanguage\":\"fr-FR\",\"@id\":\"https:\/\/para-sanita.fidsexcellence.tn\/#\/schema\/logo\/image\/\",\"url\":\"https:\/\/para-sanita.fidsexcellence.tn\/wp-content\/uploads\/2025\/03\/cropped-logo-1.png\",\"contentUrl\":\"https:\/\/para-sanita.fidsexcellence.tn\/wp-content\/uploads\/2025\/03\/cropped-logo-1.png\",\"width\":502,\"height\":167,\"caption\":\"Para-Dis\"},\"image\":{\"@id\":\"https:\/\/para-sanita.fidsexcellence.tn\/#\/schema\/logo\/image\/\"}}]}<\/script>\n<!-- \/ Yoast SEO plugin. -->","yoast_head_json":{"title":"Pyto Phytocyane Antichute femme Chute Reactionnelle,12 *5 ml - Para-Dis","description":"CHUTE R\u00c9ACTIONNELLE - Post-partum, stress, r\u00e9gimeLe traitement antichute pour freiner la chute r\u00e9actionnelle et redonner volume et brillance \u00e0 la chevelure.","robots":{"index":"index","follow":"follow","max-snippet":"max-snippet:-1","max-image-preview":"max-image-preview:large","max-video-preview":"max-video-preview:-1"},"canonical":"https:\/\/para-sanita.fidsexcellence.tn\/?product=pyto-phytocyane-antichute-femme-chute-reactionnelle12-5-ml","og_locale":"fr_FR","og_type":"article","og_title":"Pyto Phytocyane Antichute femme Chute Reactionnelle,12 *5 ml - Para-Dis","og_description":"CHUTE R\u00c9ACTIONNELLE - Post-partum, stress, r\u00e9gimeLe traitement antichute pour freiner la chute r\u00e9actionnelle et redonner volume et brillance \u00e0 la chevelure.","og_url":"https:\/\/para-sanita.fidsexcellence.tn\/?product=pyto-phytocyane-antichute-femme-chute-reactionnelle12-5-ml","og_site_name":"Para-Dis","article_modified_time":"2023-08-13T16:45:54+00:00","og_image":[{"width":800,"height":800,"url":"https:\/\/para-sanita.fidsexcellence.tn\/wp-content\/uploads\/2023\/08\/nuk-biberon-first-choice-en-silicone-0-6-mois-300ml-4008600381648-28.jpg","type":"image\/jpeg"}],"twitter_card":"summary_large_image","twitter_misc":{"Dur\u00e9e de lecture estim\u00e9e":"1 minute"},"schema":{"@context":"https:\/\/schema.org","@graph":[{"@type":"WebPage","@id":"https:\/\/para-sanita.fidsexcellence.tn\/?product=pyto-phytocyane-antichute-femme-chute-reactionnelle12-5-ml","url":"https:\/\/para-sanita.fidsexcellence.tn\/?product=pyto-phytocyane-antichute-femme-chute-reactionnelle12-5-ml","name":"Pyto Phytocyane Antichute femme Chute Reactionnelle,12 *5 ml - Para-Dis","isPartOf":{"@id":"https:\/\/para-sanita.fidsexcellence.tn\/#website"},"datePublished":"2023-08-13T10:36:34+00:00","dateModified":"2023-08-13T16:45:54+00:00","description":"CHUTE R\u00c9ACTIONNELLE - Post-partum, stress, r\u00e9gimeLe traitement antichute pour freiner la chute r\u00e9actionnelle et redonner volume et brillance \u00e0 la chevelure.","breadcrumb":{"@id":"https:\/\/para-sanita.fidsexcellence.tn\/?product=pyto-phytocyane-antichute-femme-chute-reactionnelle12-5-ml#breadcrumb"},"inLanguage":"fr-FR","potentialAction":[{"@type":"ReadAction","target":["https:\/\/para-sanita.fidsexcellence.tn\/?product=pyto-phytocyane-antichute-femme-chute-reactionnelle12-5-ml"]}]},{"@type":"BreadcrumbList","@id":"https:\/\/para-sanita.fidsexcellence.tn\/?product=pyto-phytocyane-antichute-femme-chute-reactionnelle12-5-ml#breadcrumb","itemListElement":[{"@type":"ListItem","position":1,"name":"Accueil","item":"https:\/\/para-sanita.fidsexcellence.tn\/"},{"@type":"ListItem","position":2,"name":"Shop","item":"https:\/\/para-sanita.fidsexcellence.tn\/?page_id=3853"},{"@type":"ListItem","position":3,"name":"Pyto Phytocyane Antichute femme Chute Reactionnelle,12 *5 ml"}]},{"@type":"WebSite","@id":"https:\/\/para-sanita.fidsexcellence.tn\/#website","url":"https:\/\/para-sanita.fidsexcellence.tn\/","name":"Para-Dis","description":"","publisher":{"@id":"https:\/\/para-sanita.fidsexcellence.tn\/#organization"},"potentialAction":[{"@type":"SearchAction","target":{"@type":"EntryPoint","urlTemplate":"https:\/\/para-sanita.fidsexcellence.tn\/?s={search_term_string}"},"query-input":"required name=search_term_string"}],"inLanguage":"fr-FR"},{"@type":"Organization","@id":"https:\/\/para-sanita.fidsexcellence.tn\/#organization","name":"Para-Dis","url":"https:\/\/para-sanita.fidsexcellence.tn\/","logo":{"@type":"ImageObject","inLanguage":"fr-FR","@id":"https:\/\/para-sanita.fidsexcellence.tn\/#\/schema\/logo\/image\/","url":"https:\/\/para-sanita.fidsexcellence.tn\/wp-content\/uploads\/2025\/03\/cropped-logo-1.png","contentUrl":"https:\/\/para-sanita.fidsexcellence.tn\/wp-content\/uploads\/2025\/03\/cropped-logo-1.png","width":502,"height":167,"caption":"Para-Dis"},"image":{"@id":"https:\/\/para-sanita.fidsexcellence.tn\/#\/schema\/logo\/image\/"}}]}},"brands":[{"id":269,"name":"Phyto","slug":"phyto"}],"_links":{"self":[{"href":"https:\/\/para-sanita.fidsexcellence.tn\/index.php?rest_route=\/wp\/v2\/product\/11520","targetHints":{"allow":["GET"]}}],"collection":[{"href":"https:\/\/para-sanita.fidsexcellence.tn\/index.php?rest_route=\/wp\/v2\/product"}],"about":[{"href":"https:\/\/para-sanita.fidsexcellence.tn\/index.php?rest_route=\/wp\/v2\/types\/product"}],"replies":[{"embeddable":true,"href":"https:\/\/para-sanita.fidsexcellence.tn\/index.php?rest_route=%2Fwp%2Fv2%2Fcomments&post=11520"}],"version-history":[{"count":3,"href":"https:\/\/para-sanita.fidsexcellence.tn\/index.php?rest_route=\/wp\/v2\/product\/11520\/revisions"}],"predecessor-version":[{"id":11641,"href":"https:\/\/para-sanita.fidsexcellence.tn\/index.php?rest_route=\/wp\/v2\/product\/11520\/revisions\/11641"}],"wp:featuredmedia":[{"embeddable":true,"href":"https:\/\/para-sanita.fidsexcellence.tn\/index.php?rest_route=\/wp\/v2\/media\/11522"}],"wp:attachment":[{"href":"https:\/\/para-sanita.fidsexcellence.tn\/index.php?rest_route=%2Fwp%2Fv2%2Fmedia&parent=11520"}],"wp:term":[{"taxonomy":"pwb-brand","embeddable":true,"href":"https:\/\/para-sanita.fidsexcellence.tn\/index.php?rest_route=%2Fwp%2Fv2%2Fpwb-brand&post=11520"},{"taxonomy":"product_cat","embeddable":true,"href":"https:\/\/para-sanita.fidsexcellence.tn\/index.php?rest_route=%2Fwp%2Fv2%2Fproduct_cat&post=11520"},{"taxonomy":"product_tag","embeddable":true,"href":"https:\/\/para-sanita.fidsexcellence.tn\/index.php?rest_route=%2Fwp%2Fv2%2Fproduct_tag&post=11520"}],"curies":[{"name":"wp","href":"https:\/\/api.w.org\/{rel}","templated":true}]}}