{"id":11579,"date":"2023-08-13T14:31:12","date_gmt":"2023-08-13T14:31:12","guid":{"rendered":"https:\/\/para-sanita.fidsexcellence.tn\/?product=aktiv-maternavit-30-gelules"},"modified":"2023-08-13T16:54:11","modified_gmt":"2023-08-13T16:54:11","slug":"aktiv-maternavit-30-gelules","status":"publish","type":"product","link":"https:\/\/para-sanita.fidsexcellence.tn\/?product=aktiv-maternavit-30-gelules","title":{"rendered":"AKTIV MATERNAVIT, 30 G\u00e9lules"},"content":{"rendered":"<p>Les recherches scientifiques r\u00e9centes montrent que lapport de certaines vitamines et certains min\u00e9raux dans les deux mois qui pr\u00e9c\u00e8dent la conception agit positivement sur la sant\u00e9 du b\u00e9b\u00e9. Ainsi la prise de calcium, de magn\u00e9sium, de zinc et de vitamines B, en particulier lacide folique, est recommand\u00e9e.<\/p>\n","protected":false},"excerpt":{"rendered":"<h1><strong>AKTIV Maternavit 30 GELULES<\/strong><\/h1>\n<p>Le compl\u00e9ment alimentaire Maternavit est con\u00e7u par \u200bDoppelherz Aktiv pour accompagner les femmes d\u00e8s leur d\u00e9sir d\u2018enfant, pendant la grossesse et jusqu\u2018\u00e0 la fin de la p\u00e9riode d\u2018allaitement.<\/p>\n<p>Aktiv Maternavit de Doppelhertz contient des vitamines et des min\u00e9raux essentiels pour un bon d\u00e9veloppement du foetus tel que l\u2019Omega 3, l\u2019acide folique, le fer, le calcium, l\u2019iode, le magn\u00e9sium, le zinc et les vitamines B\u2026<\/p>\n<p>NB : Formule sans gluten ni lactose<\/p>\n","protected":false},"featured_media":11581,"comment_status":"closed","ping_status":"closed","template":"","meta":[],"pwb-brand":[253],"product_cat":[213,215],"product_tag":[],"class_list":{"0":"post-11579","1":"product","2":"type-product","3":"status-publish","4":"has-post-thumbnail","6":"pwb-brand-doppel-herz","7":"product_cat-complement-alimentaire","8":"product_cat-forme-et-vitalite","10":"first","11":"instock","12":"purchasable","13":"product-type-simple"},"acf":[],"yoast_head":"<!-- This site is optimized with the Yoast SEO plugin v20.13 - https:\/\/yoast.com\/wordpress\/plugins\/seo\/ -->\n<title>AKTIV MATERNAVIT, 30 G\u00e9lules - Para-Dis<\/title>\n<meta name=\"description\" content=\"Les recherches scientifiques r\u00e9centes montrent que lapport de certaines vitamines et certains min\u00e9raux dans les deux mois qui pr\u00e9c\u00e8dent la conception agit positivement sur la sant\u00e9 du b\u00e9b\u00e9. Ainsi la prise de calcium, de magn\u00e9sium, de zinc et de vitamines B, en particulier lacide folique, est recommand\u00e9e.\" \/>\n<meta name=\"robots\" content=\"index, follow, max-snippet:-1, max-image-preview:large, max-video-preview:-1\" \/>\n<link rel=\"canonical\" href=\"https:\/\/para-sanita.fidsexcellence.tn\/?product=aktiv-maternavit-30-gelules\" \/>\n<meta property=\"og:locale\" content=\"fr_FR\" \/>\n<meta property=\"og:type\" content=\"article\" \/>\n<meta property=\"og:title\" content=\"AKTIV MATERNAVIT, 30 G\u00e9lules - Para-Dis\" \/>\n<meta property=\"og:description\" content=\"Les recherches scientifiques r\u00e9centes montrent que lapport de certaines vitamines et certains min\u00e9raux dans les deux mois qui pr\u00e9c\u00e8dent la conception agit positivement sur la sant\u00e9 du b\u00e9b\u00e9. Ainsi la prise de calcium, de magn\u00e9sium, de zinc et de vitamines B, en particulier lacide folique, est recommand\u00e9e.\" \/>\n<meta property=\"og:url\" content=\"https:\/\/para-sanita.fidsexcellence.tn\/?product=aktiv-maternavit-30-gelules\" \/>\n<meta property=\"og:site_name\" content=\"Para-Dis\" \/>\n<meta property=\"article:modified_time\" content=\"2023-08-13T16:54:11+00:00\" \/>\n<meta property=\"og:image\" content=\"https:\/\/para-sanita.fidsexcellence.tn\/wp-content\/uploads\/2023\/08\/aktiv-maternavit-30-gelules.jpg\" \/>\n\t<meta property=\"og:image:width\" content=\"458\" \/>\n\t<meta property=\"og:image:height\" content=\"458\" \/>\n\t<meta property=\"og:image:type\" content=\"image\/jpeg\" \/>\n<meta name=\"twitter:card\" content=\"summary_large_image\" \/>\n<meta name=\"twitter:label1\" content=\"Dur\u00e9e de lecture estim\u00e9e\" \/>\n\t<meta name=\"twitter:data1\" content=\"1 minute\" \/>\n<script type=\"application\/ld+json\" class=\"yoast-schema-graph\">{\"@context\":\"https:\/\/schema.org\",\"@graph\":[{\"@type\":\"WebPage\",\"@id\":\"https:\/\/para-sanita.fidsexcellence.tn\/?product=aktiv-maternavit-30-gelules\",\"url\":\"https:\/\/para-sanita.fidsexcellence.tn\/?product=aktiv-maternavit-30-gelules\",\"name\":\"AKTIV MATERNAVIT, 30 G\u00e9lules - Para-Dis\",\"isPartOf\":{\"@id\":\"https:\/\/para-sanita.fidsexcellence.tn\/#website\"},\"datePublished\":\"2023-08-13T14:31:12+00:00\",\"dateModified\":\"2023-08-13T16:54:11+00:00\",\"description\":\"Les recherches scientifiques r\u00e9centes montrent que lapport de certaines vitamines et certains min\u00e9raux dans les deux mois qui pr\u00e9c\u00e8dent la conception agit positivement sur la sant\u00e9 du b\u00e9b\u00e9. Ainsi la prise de calcium, de magn\u00e9sium, de zinc et de vitamines B, en particulier lacide folique, est recommand\u00e9e.\",\"breadcrumb\":{\"@id\":\"https:\/\/para-sanita.fidsexcellence.tn\/?product=aktiv-maternavit-30-gelules#breadcrumb\"},\"inLanguage\":\"fr-FR\",\"potentialAction\":[{\"@type\":\"ReadAction\",\"target\":[\"https:\/\/para-sanita.fidsexcellence.tn\/?product=aktiv-maternavit-30-gelules\"]}]},{\"@type\":\"BreadcrumbList\",\"@id\":\"https:\/\/para-sanita.fidsexcellence.tn\/?product=aktiv-maternavit-30-gelules#breadcrumb\",\"itemListElement\":[{\"@type\":\"ListItem\",\"position\":1,\"name\":\"Accueil\",\"item\":\"https:\/\/para-sanita.fidsexcellence.tn\/\"},{\"@type\":\"ListItem\",\"position\":2,\"name\":\"Shop\",\"item\":\"https:\/\/para-sanita.fidsexcellence.tn\/?page_id=3853\"},{\"@type\":\"ListItem\",\"position\":3,\"name\":\"AKTIV MATERNAVIT, 30 G\u00e9lules\"}]},{\"@type\":\"WebSite\",\"@id\":\"https:\/\/para-sanita.fidsexcellence.tn\/#website\",\"url\":\"https:\/\/para-sanita.fidsexcellence.tn\/\",\"name\":\"Para-Dis\",\"description\":\"\",\"publisher\":{\"@id\":\"https:\/\/para-sanita.fidsexcellence.tn\/#organization\"},\"potentialAction\":[{\"@type\":\"SearchAction\",\"target\":{\"@type\":\"EntryPoint\",\"urlTemplate\":\"https:\/\/para-sanita.fidsexcellence.tn\/?s={search_term_string}\"},\"query-input\":\"required name=search_term_string\"}],\"inLanguage\":\"fr-FR\"},{\"@type\":\"Organization\",\"@id\":\"https:\/\/para-sanita.fidsexcellence.tn\/#organization\",\"name\":\"Para-Dis\",\"url\":\"https:\/\/para-sanita.fidsexcellence.tn\/\",\"logo\":{\"@type\":\"ImageObject\",\"inLanguage\":\"fr-FR\",\"@id\":\"https:\/\/para-sanita.fidsexcellence.tn\/#\/schema\/logo\/image\/\",\"url\":\"https:\/\/para-sanita.fidsexcellence.tn\/wp-content\/uploads\/2025\/03\/cropped-logo-1.png\",\"contentUrl\":\"https:\/\/para-sanita.fidsexcellence.tn\/wp-content\/uploads\/2025\/03\/cropped-logo-1.png\",\"width\":502,\"height\":167,\"caption\":\"Para-Dis\"},\"image\":{\"@id\":\"https:\/\/para-sanita.fidsexcellence.tn\/#\/schema\/logo\/image\/\"}}]}<\/script>\n<!-- \/ Yoast SEO plugin. -->","yoast_head_json":{"title":"AKTIV MATERNAVIT, 30 G\u00e9lules - Para-Dis","description":"Les recherches scientifiques r\u00e9centes montrent que lapport de certaines vitamines et certains min\u00e9raux dans les deux mois qui pr\u00e9c\u00e8dent la conception agit positivement sur la sant\u00e9 du b\u00e9b\u00e9. Ainsi la prise de calcium, de magn\u00e9sium, de zinc et de vitamines B, en particulier lacide folique, est recommand\u00e9e.","robots":{"index":"index","follow":"follow","max-snippet":"max-snippet:-1","max-image-preview":"max-image-preview:large","max-video-preview":"max-video-preview:-1"},"canonical":"https:\/\/para-sanita.fidsexcellence.tn\/?product=aktiv-maternavit-30-gelules","og_locale":"fr_FR","og_type":"article","og_title":"AKTIV MATERNAVIT, 30 G\u00e9lules - Para-Dis","og_description":"Les recherches scientifiques r\u00e9centes montrent que lapport de certaines vitamines et certains min\u00e9raux dans les deux mois qui pr\u00e9c\u00e8dent la conception agit positivement sur la sant\u00e9 du b\u00e9b\u00e9. Ainsi la prise de calcium, de magn\u00e9sium, de zinc et de vitamines B, en particulier lacide folique, est recommand\u00e9e.","og_url":"https:\/\/para-sanita.fidsexcellence.tn\/?product=aktiv-maternavit-30-gelules","og_site_name":"Para-Dis","article_modified_time":"2023-08-13T16:54:11+00:00","og_image":[{"width":458,"height":458,"url":"https:\/\/para-sanita.fidsexcellence.tn\/wp-content\/uploads\/2023\/08\/aktiv-maternavit-30-gelules.jpg","type":"image\/jpeg"}],"twitter_card":"summary_large_image","twitter_misc":{"Dur\u00e9e de lecture estim\u00e9e":"1 minute"},"schema":{"@context":"https:\/\/schema.org","@graph":[{"@type":"WebPage","@id":"https:\/\/para-sanita.fidsexcellence.tn\/?product=aktiv-maternavit-30-gelules","url":"https:\/\/para-sanita.fidsexcellence.tn\/?product=aktiv-maternavit-30-gelules","name":"AKTIV MATERNAVIT, 30 G\u00e9lules - Para-Dis","isPartOf":{"@id":"https:\/\/para-sanita.fidsexcellence.tn\/#website"},"datePublished":"2023-08-13T14:31:12+00:00","dateModified":"2023-08-13T16:54:11+00:00","description":"Les recherches scientifiques r\u00e9centes montrent que lapport de certaines vitamines et certains min\u00e9raux dans les deux mois qui pr\u00e9c\u00e8dent la conception agit positivement sur la sant\u00e9 du b\u00e9b\u00e9. Ainsi la prise de calcium, de magn\u00e9sium, de zinc et de vitamines B, en particulier lacide folique, est recommand\u00e9e.","breadcrumb":{"@id":"https:\/\/para-sanita.fidsexcellence.tn\/?product=aktiv-maternavit-30-gelules#breadcrumb"},"inLanguage":"fr-FR","potentialAction":[{"@type":"ReadAction","target":["https:\/\/para-sanita.fidsexcellence.tn\/?product=aktiv-maternavit-30-gelules"]}]},{"@type":"BreadcrumbList","@id":"https:\/\/para-sanita.fidsexcellence.tn\/?product=aktiv-maternavit-30-gelules#breadcrumb","itemListElement":[{"@type":"ListItem","position":1,"name":"Accueil","item":"https:\/\/para-sanita.fidsexcellence.tn\/"},{"@type":"ListItem","position":2,"name":"Shop","item":"https:\/\/para-sanita.fidsexcellence.tn\/?page_id=3853"},{"@type":"ListItem","position":3,"name":"AKTIV MATERNAVIT, 30 G\u00e9lules"}]},{"@type":"WebSite","@id":"https:\/\/para-sanita.fidsexcellence.tn\/#website","url":"https:\/\/para-sanita.fidsexcellence.tn\/","name":"Para-Dis","description":"","publisher":{"@id":"https:\/\/para-sanita.fidsexcellence.tn\/#organization"},"potentialAction":[{"@type":"SearchAction","target":{"@type":"EntryPoint","urlTemplate":"https:\/\/para-sanita.fidsexcellence.tn\/?s={search_term_string}"},"query-input":"required name=search_term_string"}],"inLanguage":"fr-FR"},{"@type":"Organization","@id":"https:\/\/para-sanita.fidsexcellence.tn\/#organization","name":"Para-Dis","url":"https:\/\/para-sanita.fidsexcellence.tn\/","logo":{"@type":"ImageObject","inLanguage":"fr-FR","@id":"https:\/\/para-sanita.fidsexcellence.tn\/#\/schema\/logo\/image\/","url":"https:\/\/para-sanita.fidsexcellence.tn\/wp-content\/uploads\/2025\/03\/cropped-logo-1.png","contentUrl":"https:\/\/para-sanita.fidsexcellence.tn\/wp-content\/uploads\/2025\/03\/cropped-logo-1.png","width":502,"height":167,"caption":"Para-Dis"},"image":{"@id":"https:\/\/para-sanita.fidsexcellence.tn\/#\/schema\/logo\/image\/"}}]}},"brands":[{"id":253,"name":"Doppel Herz","slug":"doppel-herz"}],"_links":{"self":[{"href":"https:\/\/para-sanita.fidsexcellence.tn\/index.php?rest_route=\/wp\/v2\/product\/11579","targetHints":{"allow":["GET"]}}],"collection":[{"href":"https:\/\/para-sanita.fidsexcellence.tn\/index.php?rest_route=\/wp\/v2\/product"}],"about":[{"href":"https:\/\/para-sanita.fidsexcellence.tn\/index.php?rest_route=\/wp\/v2\/types\/product"}],"replies":[{"embeddable":true,"href":"https:\/\/para-sanita.fidsexcellence.tn\/index.php?rest_route=%2Fwp%2Fv2%2Fcomments&post=11579"}],"version-history":[{"count":2,"href":"https:\/\/para-sanita.fidsexcellence.tn\/index.php?rest_route=\/wp\/v2\/product\/11579\/revisions"}],"predecessor-version":[{"id":11643,"href":"https:\/\/para-sanita.fidsexcellence.tn\/index.php?rest_route=\/wp\/v2\/product\/11579\/revisions\/11643"}],"wp:featuredmedia":[{"embeddable":true,"href":"https:\/\/para-sanita.fidsexcellence.tn\/index.php?rest_route=\/wp\/v2\/media\/11581"}],"wp:attachment":[{"href":"https:\/\/para-sanita.fidsexcellence.tn\/index.php?rest_route=%2Fwp%2Fv2%2Fmedia&parent=11579"}],"wp:term":[{"taxonomy":"pwb-brand","embeddable":true,"href":"https:\/\/para-sanita.fidsexcellence.tn\/index.php?rest_route=%2Fwp%2Fv2%2Fpwb-brand&post=11579"},{"taxonomy":"product_cat","embeddable":true,"href":"https:\/\/para-sanita.fidsexcellence.tn\/index.php?rest_route=%2Fwp%2Fv2%2Fproduct_cat&post=11579"},{"taxonomy":"product_tag","embeddable":true,"href":"https:\/\/para-sanita.fidsexcellence.tn\/index.php?rest_route=%2Fwp%2Fv2%2Fproduct_tag&post=11579"}],"curies":[{"name":"wp","href":"https:\/\/api.w.org\/{rel}","templated":true}]}}