{"id":11588,"date":"2023-08-13T14:43:43","date_gmt":"2023-08-13T14:43:43","guid":{"rendered":"https:\/\/para-sanita.fidsexcellence.tn\/?product=forte-pharma-turbodraine-agrumes-500ml"},"modified":"2023-08-13T17:00:41","modified_gmt":"2023-08-13T17:00:41","slug":"forte-pharma-turbodraine-agrumes-500ml","status":"publish","type":"product","link":"https:\/\/para-sanita.fidsexcellence.tn\/?product=forte-pharma-turbodraine-agrumes-500ml","title":{"rendered":"FORTE PHARMA TURBODRAINE AGRUMES 500ML"},"content":{"rendered":"<p>Drainer et purifier votre organisme : sa formule est compos\u00e9e d&#8217;actifs tels que la Reine des Pr\u00e9s et le Th\u00e9 vert reconnus pour favoriser l&#8217;\u00e9limination de l&#8217;eau(2).<br \/>\n\u2022 Br\u00fbler les calories gr\u00e2ce \u00e0 l&#8217;action du Th\u00e9 vert qui stimule le m\u00e9tabolisme des lipides(3).<br \/>\nSa formule est compos\u00e9e d&#8217;actifs d&#8217;origine naturelle, sans colorants.<\/p>\n","protected":false},"excerpt":{"rendered":"<div class=\"product-tabs\">\n<div class=\"std\">\n<h4>Actions Produit :<\/h4>\n<p>Sp\u00e9cialement formul\u00e9 par le D\u00e9partement Recherche et D\u00e9veloppement des Laboratoires Fort\u00e9 Pharma, Turbodraine associe des actifs d\u2019origine v\u00e9g\u00e9tale pour vous offrir un alli\u00e9 minceur(3) au bon go\u00fbt Agrumes. Draineur(2) complet, Turbodraine vous aide \u00e0 :<br \/>\n\u2022 Drainer et purifier votre organisme : sa formule est compos\u00e9e d\u2019actifs tels que la Reine des Pr\u00e9s et le Th\u00e9 vert reconnus pour favoriser l\u2019\u00e9limination de l\u2019eau(2).<br \/>\n\u2022 Br\u00fbler les calories gr\u00e2ce \u00e0 l\u2019action du Th\u00e9 vert qui stimule le m\u00e9tabolisme des lipides(3).<br \/>\nSa formule est compos\u00e9e d\u2019actifs d\u2019origine naturelle, sans colorants.<\/p>\n<p>R\u00e9sultat (1) :\u00a0Turbodraine augmente l\u2019\u00e9limination de +50%(1).<\/p>\n<p>(1)Mesure du volume urinaire \u2013 Enqu\u00eate TBD 09\/2017 \u2013 29 personnes (auto-\u00e9valuation).<br \/>\n(2)La reine des pr\u00e9s favorise la fonction d\u2019\u00e9limination des reins \/ Le th\u00e9 vert est connu pour favoriser l\u2019\u00e9limination de l\u2019eau.<br \/>\n(3)Le th\u00e9 vert stimule le m\u00e9tabolisme des lipides.<\/p>\n<p>LABORATOIRES FORTE PHARMA SAM,<br \/>\n41 avenue Hector Otto, le Patio Palace,<br \/>\n98000 MONACO<\/p>\n<\/div>\n<\/div>\n<div class=\"product-tabs\">\n<div class=\"title-border\">\n<h3 class=\"h2\">CONSEILS D\u2019UTILISATION<\/h3>\n<\/div>\n<div class=\"std\">\n<p>Agiter avant emploi. Diluer un bouchon de 10 ml dans un grand verre d\u2019eau, 5 fois par jour. Apr\u00e8s ouverture, conserver au frais et consommer dans les 15 jours. La dur\u00e9e d\u2019utilisation recommand\u00e9e est de 10 jours, en compl\u00e9ment d\u2019un r\u00e9gime hypocalorique. Programme<br \/>\nrenouvelable de 3 semaines \u00e0 chaque changement de saison. Il est recommand\u00e9 de boire 1,5 litre d\u2019eau par jour.<br \/>\nPour varier les plaisirs, existe aussi aux go\u00fbts th\u00e9 vert-p\u00eache, ananas et framboise.<\/p>\n<\/div>\n<\/div>\n<div class=\"title-border\">\n<h3 class=\"h2\">COMPOSITION<\/h3>\n<\/div>\n<p>Ingr\u00e9dients : Eau purifi\u00e9e, extraits de plantes de th\u00e9 vert (Camellia sinensis (L.) Kuntze) (3917mg), de reine des pr\u00e9s (Filipendula ulmaria (L.) Maxim.) (2000), de figue de barbarie (Opuntia ficus indica (L.)Mil.) (1000mg), d\u2019hibiscus (Hibiscus sabdariffa L.) (600mg), de queue de cerise (Prunus cerasus L.) (300mg), phytotrio [m\u00e9lange de goyave (Psidium guajava L.) (95mg), d\u2019aosa (Ulva lactuca \u2013 crustac\u00e9s, poisson, mollusques) (2mg), de ginseng (Panax ginseng CA Meyer) (2mg)], acidifiant (acide citrique), ar\u00f4mes (ar\u00f4me naturel de pamplemousse limette, ar\u00f4me naturel d\u2019agrumes, ar\u00f4mes naturels) (0,76mg), exhausteur de go\u00fbt (chlorure de potassium), conservateurs (sorbate de potassium, benzoate de sodium), \u00e9dulcorants (ac\u00e9sulfame de potassium, sucralose).Eau purifi\u00e9e, th\u00e9 vert (Camellia sinensis) (3917), reine des pr\u00e9s (Spirea ulmaria) (2000), Cactin\u00e9a (fruit de figuier de barbarie (Opuntia ficus indica) (1000), gomme arabique),acidifiant (acide citrique), hibiscus (Hibiscus sabdariffa) (600), queue de cerise (Prunus cerasus) (300), ar\u00f4mes (p\u00eache, th\u00e9 vert), conservateurs (sorbate de potassium, benzoate de sodium), phytotrio (m\u00e9lange de goyave (Psidium guajava) (95), d\u2019aosa (Ulva lactuca) (2 g), de ginseng (Panax ginseng CA Meyer) (2), maltodextrine), \u00e9paississant (carboxym\u00e9thylcellulose), \u00e9dulcorants (aspartame, ac\u00e9sulfame de potassium, sucralose), exhausteur de go\u00fbt (chlorure de potassium), \u00e9mulsifiant (mono et diglyc\u00e9rides d\u2019acides gras).<\/p>\n","protected":false},"featured_media":11590,"comment_status":"closed","ping_status":"closed","template":"","meta":[],"pwb-brand":[248],"product_cat":[213,220],"product_tag":[],"class_list":{"0":"post-11588","1":"product","2":"type-product","3":"status-publish","4":"has-post-thumbnail","6":"pwb-brand-forte-pharma","7":"product_cat-complement-alimentaire","8":"product_cat-minceur","10":"first","11":"instock","12":"purchasable","13":"product-type-simple"},"acf":[],"yoast_head":"<!-- This site is optimized with the Yoast SEO plugin v20.13 - https:\/\/yoast.com\/wordpress\/plugins\/seo\/ -->\n<title>FORTE PHARMA TURBODRAINE AGRUMES 500ML - Para-Dis<\/title>\n<meta name=\"description\" content=\"Drainer et purifier votre organisme : sa formule est compos\u00e9e d&#039;actifs tels que la Reine des Pr\u00e9s et le Th\u00e9 vert reconnus pour favoriser l&#039;\u00e9limination de l&#039;eau(2).\u2022 Br\u00fbler les calories gr\u00e2ce \u00e0 l&#039;action du Th\u00e9 vert qui stimule le m\u00e9tabolisme des lipides(3).Sa formule est compos\u00e9e d&#039;actifs d&#039;origine naturelle, sans colorants.\" \/>\n<meta name=\"robots\" content=\"index, follow, max-snippet:-1, max-image-preview:large, max-video-preview:-1\" \/>\n<link rel=\"canonical\" href=\"https:\/\/para-sanita.fidsexcellence.tn\/?product=forte-pharma-turbodraine-agrumes-500ml\" \/>\n<meta property=\"og:locale\" content=\"fr_FR\" \/>\n<meta property=\"og:type\" content=\"article\" \/>\n<meta property=\"og:title\" content=\"FORTE PHARMA TURBODRAINE AGRUMES 500ML - Para-Dis\" \/>\n<meta property=\"og:description\" content=\"Drainer et purifier votre organisme : sa formule est compos\u00e9e d&#039;actifs tels que la Reine des Pr\u00e9s et le Th\u00e9 vert reconnus pour favoriser l&#039;\u00e9limination de l&#039;eau(2).\u2022 Br\u00fbler les calories gr\u00e2ce \u00e0 l&#039;action du Th\u00e9 vert qui stimule le m\u00e9tabolisme des lipides(3).Sa formule est compos\u00e9e d&#039;actifs d&#039;origine naturelle, sans colorants.\" \/>\n<meta property=\"og:url\" content=\"https:\/\/para-sanita.fidsexcellence.tn\/?product=forte-pharma-turbodraine-agrumes-500ml\" \/>\n<meta property=\"og:site_name\" content=\"Para-Dis\" \/>\n<meta property=\"article:modified_time\" content=\"2023-08-13T17:00:41+00:00\" \/>\n<meta property=\"og:image\" content=\"https:\/\/para-sanita.fidsexcellence.tn\/wp-content\/uploads\/2023\/08\/55.jpg\" \/>\n\t<meta property=\"og:image:width\" content=\"800\" \/>\n\t<meta property=\"og:image:height\" content=\"800\" \/>\n\t<meta property=\"og:image:type\" content=\"image\/jpeg\" \/>\n<meta name=\"twitter:card\" content=\"summary_large_image\" \/>\n<meta name=\"twitter:label1\" content=\"Dur\u00e9e de lecture estim\u00e9e\" \/>\n\t<meta name=\"twitter:data1\" content=\"1 minute\" \/>\n<script type=\"application\/ld+json\" class=\"yoast-schema-graph\">{\"@context\":\"https:\/\/schema.org\",\"@graph\":[{\"@type\":\"WebPage\",\"@id\":\"https:\/\/para-sanita.fidsexcellence.tn\/?product=forte-pharma-turbodraine-agrumes-500ml\",\"url\":\"https:\/\/para-sanita.fidsexcellence.tn\/?product=forte-pharma-turbodraine-agrumes-500ml\",\"name\":\"FORTE PHARMA TURBODRAINE AGRUMES 500ML - Para-Dis\",\"isPartOf\":{\"@id\":\"https:\/\/para-sanita.fidsexcellence.tn\/#website\"},\"datePublished\":\"2023-08-13T14:43:43+00:00\",\"dateModified\":\"2023-08-13T17:00:41+00:00\",\"description\":\"Drainer et purifier votre organisme : sa formule est compos\u00e9e d'actifs tels que la Reine des Pr\u00e9s et le Th\u00e9 vert reconnus pour favoriser l'\u00e9limination de l'eau(2).\u2022 Br\u00fbler les calories gr\u00e2ce \u00e0 l'action du Th\u00e9 vert qui stimule le m\u00e9tabolisme des lipides(3).Sa formule est compos\u00e9e d'actifs d'origine naturelle, sans colorants.\",\"breadcrumb\":{\"@id\":\"https:\/\/para-sanita.fidsexcellence.tn\/?product=forte-pharma-turbodraine-agrumes-500ml#breadcrumb\"},\"inLanguage\":\"fr-FR\",\"potentialAction\":[{\"@type\":\"ReadAction\",\"target\":[\"https:\/\/para-sanita.fidsexcellence.tn\/?product=forte-pharma-turbodraine-agrumes-500ml\"]}]},{\"@type\":\"BreadcrumbList\",\"@id\":\"https:\/\/para-sanita.fidsexcellence.tn\/?product=forte-pharma-turbodraine-agrumes-500ml#breadcrumb\",\"itemListElement\":[{\"@type\":\"ListItem\",\"position\":1,\"name\":\"Accueil\",\"item\":\"https:\/\/para-sanita.fidsexcellence.tn\/\"},{\"@type\":\"ListItem\",\"position\":2,\"name\":\"Shop\",\"item\":\"https:\/\/para-sanita.fidsexcellence.tn\/?page_id=3853\"},{\"@type\":\"ListItem\",\"position\":3,\"name\":\"FORTE PHARMA TURBODRAINE AGRUMES 500ML\"}]},{\"@type\":\"WebSite\",\"@id\":\"https:\/\/para-sanita.fidsexcellence.tn\/#website\",\"url\":\"https:\/\/para-sanita.fidsexcellence.tn\/\",\"name\":\"Para-Dis\",\"description\":\"\",\"publisher\":{\"@id\":\"https:\/\/para-sanita.fidsexcellence.tn\/#organization\"},\"potentialAction\":[{\"@type\":\"SearchAction\",\"target\":{\"@type\":\"EntryPoint\",\"urlTemplate\":\"https:\/\/para-sanita.fidsexcellence.tn\/?s={search_term_string}\"},\"query-input\":\"required name=search_term_string\"}],\"inLanguage\":\"fr-FR\"},{\"@type\":\"Organization\",\"@id\":\"https:\/\/para-sanita.fidsexcellence.tn\/#organization\",\"name\":\"Para-Dis\",\"url\":\"https:\/\/para-sanita.fidsexcellence.tn\/\",\"logo\":{\"@type\":\"ImageObject\",\"inLanguage\":\"fr-FR\",\"@id\":\"https:\/\/para-sanita.fidsexcellence.tn\/#\/schema\/logo\/image\/\",\"url\":\"https:\/\/para-sanita.fidsexcellence.tn\/wp-content\/uploads\/2025\/03\/cropped-logo-1.png\",\"contentUrl\":\"https:\/\/para-sanita.fidsexcellence.tn\/wp-content\/uploads\/2025\/03\/cropped-logo-1.png\",\"width\":502,\"height\":167,\"caption\":\"Para-Dis\"},\"image\":{\"@id\":\"https:\/\/para-sanita.fidsexcellence.tn\/#\/schema\/logo\/image\/\"}}]}<\/script>\n<!-- \/ Yoast SEO plugin. -->","yoast_head_json":{"title":"FORTE PHARMA TURBODRAINE AGRUMES 500ML - Para-Dis","description":"Drainer et purifier votre organisme : sa formule est compos\u00e9e d'actifs tels que la Reine des Pr\u00e9s et le Th\u00e9 vert reconnus pour favoriser l'\u00e9limination de l'eau(2).\u2022 Br\u00fbler les calories gr\u00e2ce \u00e0 l'action du Th\u00e9 vert qui stimule le m\u00e9tabolisme des lipides(3).Sa formule est compos\u00e9e d'actifs d'origine naturelle, sans colorants.","robots":{"index":"index","follow":"follow","max-snippet":"max-snippet:-1","max-image-preview":"max-image-preview:large","max-video-preview":"max-video-preview:-1"},"canonical":"https:\/\/para-sanita.fidsexcellence.tn\/?product=forte-pharma-turbodraine-agrumes-500ml","og_locale":"fr_FR","og_type":"article","og_title":"FORTE PHARMA TURBODRAINE AGRUMES 500ML - Para-Dis","og_description":"Drainer et purifier votre organisme : sa formule est compos\u00e9e d'actifs tels que la Reine des Pr\u00e9s et le Th\u00e9 vert reconnus pour favoriser l'\u00e9limination de l'eau(2).\u2022 Br\u00fbler les calories gr\u00e2ce \u00e0 l'action du Th\u00e9 vert qui stimule le m\u00e9tabolisme des lipides(3).Sa formule est compos\u00e9e d'actifs d'origine naturelle, sans colorants.","og_url":"https:\/\/para-sanita.fidsexcellence.tn\/?product=forte-pharma-turbodraine-agrumes-500ml","og_site_name":"Para-Dis","article_modified_time":"2023-08-13T17:00:41+00:00","og_image":[{"width":800,"height":800,"url":"https:\/\/para-sanita.fidsexcellence.tn\/wp-content\/uploads\/2023\/08\/55.jpg","type":"image\/jpeg"}],"twitter_card":"summary_large_image","twitter_misc":{"Dur\u00e9e de lecture estim\u00e9e":"1 minute"},"schema":{"@context":"https:\/\/schema.org","@graph":[{"@type":"WebPage","@id":"https:\/\/para-sanita.fidsexcellence.tn\/?product=forte-pharma-turbodraine-agrumes-500ml","url":"https:\/\/para-sanita.fidsexcellence.tn\/?product=forte-pharma-turbodraine-agrumes-500ml","name":"FORTE PHARMA TURBODRAINE AGRUMES 500ML - Para-Dis","isPartOf":{"@id":"https:\/\/para-sanita.fidsexcellence.tn\/#website"},"datePublished":"2023-08-13T14:43:43+00:00","dateModified":"2023-08-13T17:00:41+00:00","description":"Drainer et purifier votre organisme : sa formule est compos\u00e9e d'actifs tels que la Reine des Pr\u00e9s et le Th\u00e9 vert reconnus pour favoriser l'\u00e9limination de l'eau(2).\u2022 Br\u00fbler les calories gr\u00e2ce \u00e0 l'action du Th\u00e9 vert qui stimule le m\u00e9tabolisme des lipides(3).Sa formule est compos\u00e9e d'actifs d'origine naturelle, sans colorants.","breadcrumb":{"@id":"https:\/\/para-sanita.fidsexcellence.tn\/?product=forte-pharma-turbodraine-agrumes-500ml#breadcrumb"},"inLanguage":"fr-FR","potentialAction":[{"@type":"ReadAction","target":["https:\/\/para-sanita.fidsexcellence.tn\/?product=forte-pharma-turbodraine-agrumes-500ml"]}]},{"@type":"BreadcrumbList","@id":"https:\/\/para-sanita.fidsexcellence.tn\/?product=forte-pharma-turbodraine-agrumes-500ml#breadcrumb","itemListElement":[{"@type":"ListItem","position":1,"name":"Accueil","item":"https:\/\/para-sanita.fidsexcellence.tn\/"},{"@type":"ListItem","position":2,"name":"Shop","item":"https:\/\/para-sanita.fidsexcellence.tn\/?page_id=3853"},{"@type":"ListItem","position":3,"name":"FORTE PHARMA TURBODRAINE AGRUMES 500ML"}]},{"@type":"WebSite","@id":"https:\/\/para-sanita.fidsexcellence.tn\/#website","url":"https:\/\/para-sanita.fidsexcellence.tn\/","name":"Para-Dis","description":"","publisher":{"@id":"https:\/\/para-sanita.fidsexcellence.tn\/#organization"},"potentialAction":[{"@type":"SearchAction","target":{"@type":"EntryPoint","urlTemplate":"https:\/\/para-sanita.fidsexcellence.tn\/?s={search_term_string}"},"query-input":"required name=search_term_string"}],"inLanguage":"fr-FR"},{"@type":"Organization","@id":"https:\/\/para-sanita.fidsexcellence.tn\/#organization","name":"Para-Dis","url":"https:\/\/para-sanita.fidsexcellence.tn\/","logo":{"@type":"ImageObject","inLanguage":"fr-FR","@id":"https:\/\/para-sanita.fidsexcellence.tn\/#\/schema\/logo\/image\/","url":"https:\/\/para-sanita.fidsexcellence.tn\/wp-content\/uploads\/2025\/03\/cropped-logo-1.png","contentUrl":"https:\/\/para-sanita.fidsexcellence.tn\/wp-content\/uploads\/2025\/03\/cropped-logo-1.png","width":502,"height":167,"caption":"Para-Dis"},"image":{"@id":"https:\/\/para-sanita.fidsexcellence.tn\/#\/schema\/logo\/image\/"}}]}},"brands":[{"id":248,"name":"Forte Pharma","slug":"forte-pharma"}],"_links":{"self":[{"href":"https:\/\/para-sanita.fidsexcellence.tn\/index.php?rest_route=\/wp\/v2\/product\/11588","targetHints":{"allow":["GET"]}}],"collection":[{"href":"https:\/\/para-sanita.fidsexcellence.tn\/index.php?rest_route=\/wp\/v2\/product"}],"about":[{"href":"https:\/\/para-sanita.fidsexcellence.tn\/index.php?rest_route=\/wp\/v2\/types\/product"}],"replies":[{"embeddable":true,"href":"https:\/\/para-sanita.fidsexcellence.tn\/index.php?rest_route=%2Fwp%2Fv2%2Fcomments&post=11588"}],"version-history":[{"count":2,"href":"https:\/\/para-sanita.fidsexcellence.tn\/index.php?rest_route=\/wp\/v2\/product\/11588\/revisions"}],"predecessor-version":[{"id":11647,"href":"https:\/\/para-sanita.fidsexcellence.tn\/index.php?rest_route=\/wp\/v2\/product\/11588\/revisions\/11647"}],"wp:featuredmedia":[{"embeddable":true,"href":"https:\/\/para-sanita.fidsexcellence.tn\/index.php?rest_route=\/wp\/v2\/media\/11590"}],"wp:attachment":[{"href":"https:\/\/para-sanita.fidsexcellence.tn\/index.php?rest_route=%2Fwp%2Fv2%2Fmedia&parent=11588"}],"wp:term":[{"taxonomy":"pwb-brand","embeddable":true,"href":"https:\/\/para-sanita.fidsexcellence.tn\/index.php?rest_route=%2Fwp%2Fv2%2Fpwb-brand&post=11588"},{"taxonomy":"product_cat","embeddable":true,"href":"https:\/\/para-sanita.fidsexcellence.tn\/index.php?rest_route=%2Fwp%2Fv2%2Fproduct_cat&post=11588"},{"taxonomy":"product_tag","embeddable":true,"href":"https:\/\/para-sanita.fidsexcellence.tn\/index.php?rest_route=%2Fwp%2Fv2%2Fproduct_tag&post=11588"}],"curies":[{"name":"wp","href":"https:\/\/api.w.org\/{rel}","templated":true}]}}