{"id":11625,"date":"2023-08-13T15:31:57","date_gmt":"2023-08-13T15:31:57","guid":{"rendered":"https:\/\/para-sanita.fidsexcellence.tn\/?post_type=product&#038;p=11625"},"modified":"2023-08-13T15:34:07","modified_gmt":"2023-08-13T15:34:07","slug":"poche-a-glace-mueller","status":"publish","type":"product","link":"https:\/\/para-sanita.fidsexcellence.tn\/?product=poche-a-glace-mueller","title":{"rendered":"Poche \u00e0 Glace Mueller"},"content":{"rendered":"<p>Id\u00e9ale pour les applications de th\u00e9rapie par le froid dand le traitement des ecchymoses, douleurs musculaires, douleurs articulaires, maux de t\u00eate&#8230;.<br \/>\nRemplir la poche de gla\u00e7ons, glace pil\u00e9e ou eau froide<\/p>\n","protected":false},"excerpt":{"rendered":"<p>Id\u00e9ale pour les applications de th\u00e9rapie par le froid dand le traitement des ecchymoses, douleurs musculaires, douleurs articulaires, maux de t\u00eate&#8230;.<br \/>\nRemplir la poche de gla\u00e7ons, glace pil\u00e9e ou eau froide<\/p>\n","protected":false},"featured_media":11626,"comment_status":"open","ping_status":"closed","template":"","meta":[],"pwb-brand":[265],"product_cat":[264],"product_tag":[],"class_list":{"0":"post-11625","1":"product","2":"type-product","3":"status-publish","4":"has-post-thumbnail","6":"pwb-brand-mueller","7":"product_cat-materiel-medical","9":"first","10":"instock","11":"taxable","12":"shipping-taxable","13":"purchasable","14":"product-type-simple"},"acf":[],"yoast_head":"<!-- This site is optimized with the Yoast SEO plugin v20.13 - https:\/\/yoast.com\/wordpress\/plugins\/seo\/ -->\n<title>Poche \u00e0 Glace Mueller - Para-Dis<\/title>\n<meta name=\"description\" content=\"Pack gel pour la th\u00e9rapie chaud ou froidPlacer dans l&#039;eau bouillante ou au micro-ondesPeut \u00eatre congel\u00e9Flexible m\u00eame gel\u00e9Id\u00e9ale pour les applications de th\u00e9rapie par le froid dand le traitement des ecchymoses, douleurs musculaires, douleurs articulaires, maux de t\u00eate....Remplir la poche de gla\u00e7ons, glace pil\u00e9e ou eau froide\" \/>\n<meta name=\"robots\" content=\"index, follow, max-snippet:-1, max-image-preview:large, max-video-preview:-1\" \/>\n<link rel=\"canonical\" href=\"https:\/\/para-sanita.fidsexcellence.tn\/?product=poche-a-glace-mueller\" \/>\n<meta property=\"og:locale\" content=\"fr_FR\" \/>\n<meta property=\"og:type\" content=\"article\" \/>\n<meta property=\"og:title\" content=\"Poche \u00e0 Glace Mueller - Para-Dis\" \/>\n<meta property=\"og:description\" content=\"Pack gel pour la th\u00e9rapie chaud ou froidPlacer dans l&#039;eau bouillante ou au micro-ondesPeut \u00eatre congel\u00e9Flexible m\u00eame gel\u00e9Id\u00e9ale pour les applications de th\u00e9rapie par le froid dand le traitement des ecchymoses, douleurs musculaires, douleurs articulaires, maux de t\u00eate....Remplir la poche de gla\u00e7ons, glace pil\u00e9e ou eau froide\" \/>\n<meta property=\"og:url\" content=\"https:\/\/para-sanita.fidsexcellence.tn\/?product=poche-a-glace-mueller\" \/>\n<meta property=\"og:site_name\" content=\"Para-Dis\" \/>\n<meta property=\"article:modified_time\" content=\"2023-08-13T15:34:07+00:00\" \/>\n<meta property=\"og:image\" content=\"https:\/\/para-sanita.fidsexcellence.tn\/wp-content\/uploads\/2023\/08\/poche.jpg\" \/>\n\t<meta property=\"og:image:width\" content=\"600\" \/>\n\t<meta property=\"og:image:height\" content=\"451\" \/>\n\t<meta property=\"og:image:type\" content=\"image\/jpeg\" \/>\n<meta name=\"twitter:card\" content=\"summary_large_image\" \/>\n<meta name=\"twitter:label1\" content=\"Dur\u00e9e de lecture estim\u00e9e\" \/>\n\t<meta name=\"twitter:data1\" content=\"1 minute\" \/>\n<script type=\"application\/ld+json\" class=\"yoast-schema-graph\">{\"@context\":\"https:\/\/schema.org\",\"@graph\":[{\"@type\":\"WebPage\",\"@id\":\"https:\/\/para-sanita.fidsexcellence.tn\/?product=poche-a-glace-mueller\",\"url\":\"https:\/\/para-sanita.fidsexcellence.tn\/?product=poche-a-glace-mueller\",\"name\":\"Poche \u00e0 Glace Mueller - Para-Dis\",\"isPartOf\":{\"@id\":\"https:\/\/para-sanita.fidsexcellence.tn\/#website\"},\"datePublished\":\"2023-08-13T15:31:57+00:00\",\"dateModified\":\"2023-08-13T15:34:07+00:00\",\"description\":\"Pack gel pour la th\u00e9rapie chaud ou froidPlacer dans l'eau bouillante ou au micro-ondesPeut \u00eatre congel\u00e9Flexible m\u00eame gel\u00e9Id\u00e9ale pour les applications de th\u00e9rapie par le froid dand le traitement des ecchymoses, douleurs musculaires, douleurs articulaires, maux de t\u00eate....Remplir la poche de gla\u00e7ons, glace pil\u00e9e ou eau froide\",\"breadcrumb\":{\"@id\":\"https:\/\/para-sanita.fidsexcellence.tn\/?product=poche-a-glace-mueller#breadcrumb\"},\"inLanguage\":\"fr-FR\",\"potentialAction\":[{\"@type\":\"ReadAction\",\"target\":[\"https:\/\/para-sanita.fidsexcellence.tn\/?product=poche-a-glace-mueller\"]}]},{\"@type\":\"BreadcrumbList\",\"@id\":\"https:\/\/para-sanita.fidsexcellence.tn\/?product=poche-a-glace-mueller#breadcrumb\",\"itemListElement\":[{\"@type\":\"ListItem\",\"position\":1,\"name\":\"Accueil\",\"item\":\"https:\/\/para-sanita.fidsexcellence.tn\/\"},{\"@type\":\"ListItem\",\"position\":2,\"name\":\"Shop\",\"item\":\"https:\/\/para-sanita.fidsexcellence.tn\/?page_id=3853\"},{\"@type\":\"ListItem\",\"position\":3,\"name\":\"Poche \u00e0 Glace Mueller\"}]},{\"@type\":\"WebSite\",\"@id\":\"https:\/\/para-sanita.fidsexcellence.tn\/#website\",\"url\":\"https:\/\/para-sanita.fidsexcellence.tn\/\",\"name\":\"Para-Dis\",\"description\":\"\",\"publisher\":{\"@id\":\"https:\/\/para-sanita.fidsexcellence.tn\/#organization\"},\"potentialAction\":[{\"@type\":\"SearchAction\",\"target\":{\"@type\":\"EntryPoint\",\"urlTemplate\":\"https:\/\/para-sanita.fidsexcellence.tn\/?s={search_term_string}\"},\"query-input\":\"required name=search_term_string\"}],\"inLanguage\":\"fr-FR\"},{\"@type\":\"Organization\",\"@id\":\"https:\/\/para-sanita.fidsexcellence.tn\/#organization\",\"name\":\"Para-Dis\",\"url\":\"https:\/\/para-sanita.fidsexcellence.tn\/\",\"logo\":{\"@type\":\"ImageObject\",\"inLanguage\":\"fr-FR\",\"@id\":\"https:\/\/para-sanita.fidsexcellence.tn\/#\/schema\/logo\/image\/\",\"url\":\"https:\/\/para-sanita.fidsexcellence.tn\/wp-content\/uploads\/2025\/03\/cropped-logo-1.png\",\"contentUrl\":\"https:\/\/para-sanita.fidsexcellence.tn\/wp-content\/uploads\/2025\/03\/cropped-logo-1.png\",\"width\":502,\"height\":167,\"caption\":\"Para-Dis\"},\"image\":{\"@id\":\"https:\/\/para-sanita.fidsexcellence.tn\/#\/schema\/logo\/image\/\"}}]}<\/script>\n<!-- \/ Yoast SEO plugin. -->","yoast_head_json":{"title":"Poche \u00e0 Glace Mueller - Para-Dis","description":"Pack gel pour la th\u00e9rapie chaud ou froidPlacer dans l'eau bouillante ou au micro-ondesPeut \u00eatre congel\u00e9Flexible m\u00eame gel\u00e9Id\u00e9ale pour les applications de th\u00e9rapie par le froid dand le traitement des ecchymoses, douleurs musculaires, douleurs articulaires, maux de t\u00eate....Remplir la poche de gla\u00e7ons, glace pil\u00e9e ou eau froide","robots":{"index":"index","follow":"follow","max-snippet":"max-snippet:-1","max-image-preview":"max-image-preview:large","max-video-preview":"max-video-preview:-1"},"canonical":"https:\/\/para-sanita.fidsexcellence.tn\/?product=poche-a-glace-mueller","og_locale":"fr_FR","og_type":"article","og_title":"Poche \u00e0 Glace Mueller - Para-Dis","og_description":"Pack gel pour la th\u00e9rapie chaud ou froidPlacer dans l'eau bouillante ou au micro-ondesPeut \u00eatre congel\u00e9Flexible m\u00eame gel\u00e9Id\u00e9ale pour les applications de th\u00e9rapie par le froid dand le traitement des ecchymoses, douleurs musculaires, douleurs articulaires, maux de t\u00eate....Remplir la poche de gla\u00e7ons, glace pil\u00e9e ou eau froide","og_url":"https:\/\/para-sanita.fidsexcellence.tn\/?product=poche-a-glace-mueller","og_site_name":"Para-Dis","article_modified_time":"2023-08-13T15:34:07+00:00","og_image":[{"width":600,"height":451,"url":"https:\/\/para-sanita.fidsexcellence.tn\/wp-content\/uploads\/2023\/08\/poche.jpg","type":"image\/jpeg"}],"twitter_card":"summary_large_image","twitter_misc":{"Dur\u00e9e de lecture estim\u00e9e":"1 minute"},"schema":{"@context":"https:\/\/schema.org","@graph":[{"@type":"WebPage","@id":"https:\/\/para-sanita.fidsexcellence.tn\/?product=poche-a-glace-mueller","url":"https:\/\/para-sanita.fidsexcellence.tn\/?product=poche-a-glace-mueller","name":"Poche \u00e0 Glace Mueller - Para-Dis","isPartOf":{"@id":"https:\/\/para-sanita.fidsexcellence.tn\/#website"},"datePublished":"2023-08-13T15:31:57+00:00","dateModified":"2023-08-13T15:34:07+00:00","description":"Pack gel pour la th\u00e9rapie chaud ou froidPlacer dans l'eau bouillante ou au micro-ondesPeut \u00eatre congel\u00e9Flexible m\u00eame gel\u00e9Id\u00e9ale pour les applications de th\u00e9rapie par le froid dand le traitement des ecchymoses, douleurs musculaires, douleurs articulaires, maux de t\u00eate....Remplir la poche de gla\u00e7ons, glace pil\u00e9e ou eau froide","breadcrumb":{"@id":"https:\/\/para-sanita.fidsexcellence.tn\/?product=poche-a-glace-mueller#breadcrumb"},"inLanguage":"fr-FR","potentialAction":[{"@type":"ReadAction","target":["https:\/\/para-sanita.fidsexcellence.tn\/?product=poche-a-glace-mueller"]}]},{"@type":"BreadcrumbList","@id":"https:\/\/para-sanita.fidsexcellence.tn\/?product=poche-a-glace-mueller#breadcrumb","itemListElement":[{"@type":"ListItem","position":1,"name":"Accueil","item":"https:\/\/para-sanita.fidsexcellence.tn\/"},{"@type":"ListItem","position":2,"name":"Shop","item":"https:\/\/para-sanita.fidsexcellence.tn\/?page_id=3853"},{"@type":"ListItem","position":3,"name":"Poche \u00e0 Glace Mueller"}]},{"@type":"WebSite","@id":"https:\/\/para-sanita.fidsexcellence.tn\/#website","url":"https:\/\/para-sanita.fidsexcellence.tn\/","name":"Para-Dis","description":"","publisher":{"@id":"https:\/\/para-sanita.fidsexcellence.tn\/#organization"},"potentialAction":[{"@type":"SearchAction","target":{"@type":"EntryPoint","urlTemplate":"https:\/\/para-sanita.fidsexcellence.tn\/?s={search_term_string}"},"query-input":"required name=search_term_string"}],"inLanguage":"fr-FR"},{"@type":"Organization","@id":"https:\/\/para-sanita.fidsexcellence.tn\/#organization","name":"Para-Dis","url":"https:\/\/para-sanita.fidsexcellence.tn\/","logo":{"@type":"ImageObject","inLanguage":"fr-FR","@id":"https:\/\/para-sanita.fidsexcellence.tn\/#\/schema\/logo\/image\/","url":"https:\/\/para-sanita.fidsexcellence.tn\/wp-content\/uploads\/2025\/03\/cropped-logo-1.png","contentUrl":"https:\/\/para-sanita.fidsexcellence.tn\/wp-content\/uploads\/2025\/03\/cropped-logo-1.png","width":502,"height":167,"caption":"Para-Dis"},"image":{"@id":"https:\/\/para-sanita.fidsexcellence.tn\/#\/schema\/logo\/image\/"}}]}},"brands":[{"id":265,"name":"Mueller","slug":"mueller"}],"_links":{"self":[{"href":"https:\/\/para-sanita.fidsexcellence.tn\/index.php?rest_route=\/wp\/v2\/product\/11625","targetHints":{"allow":["GET"]}}],"collection":[{"href":"https:\/\/para-sanita.fidsexcellence.tn\/index.php?rest_route=\/wp\/v2\/product"}],"about":[{"href":"https:\/\/para-sanita.fidsexcellence.tn\/index.php?rest_route=\/wp\/v2\/types\/product"}],"replies":[{"embeddable":true,"href":"https:\/\/para-sanita.fidsexcellence.tn\/index.php?rest_route=%2Fwp%2Fv2%2Fcomments&post=11625"}],"version-history":[{"count":1,"href":"https:\/\/para-sanita.fidsexcellence.tn\/index.php?rest_route=\/wp\/v2\/product\/11625\/revisions"}],"predecessor-version":[{"id":11627,"href":"https:\/\/para-sanita.fidsexcellence.tn\/index.php?rest_route=\/wp\/v2\/product\/11625\/revisions\/11627"}],"wp:featuredmedia":[{"embeddable":true,"href":"https:\/\/para-sanita.fidsexcellence.tn\/index.php?rest_route=\/wp\/v2\/media\/11626"}],"wp:attachment":[{"href":"https:\/\/para-sanita.fidsexcellence.tn\/index.php?rest_route=%2Fwp%2Fv2%2Fmedia&parent=11625"}],"wp:term":[{"taxonomy":"pwb-brand","embeddable":true,"href":"https:\/\/para-sanita.fidsexcellence.tn\/index.php?rest_route=%2Fwp%2Fv2%2Fpwb-brand&post=11625"},{"taxonomy":"product_cat","embeddable":true,"href":"https:\/\/para-sanita.fidsexcellence.tn\/index.php?rest_route=%2Fwp%2Fv2%2Fproduct_cat&post=11625"},{"taxonomy":"product_tag","embeddable":true,"href":"https:\/\/para-sanita.fidsexcellence.tn\/index.php?rest_route=%2Fwp%2Fv2%2Fproduct_tag&post=11625"}],"curies":[{"name":"wp","href":"https:\/\/api.w.org\/{rel}","templated":true}]}}