{"id":11658,"date":"2023-08-14T11:47:02","date_gmt":"2023-08-14T11:47:02","guid":{"rendered":"https:\/\/para-sanita.fidsexcellence.tn\/?product=huile-prodigieuse-florale-de-nuxe-100ml"},"modified":"2023-08-15T15:54:51","modified_gmt":"2023-08-15T15:54:51","slug":"huile-prodigieuse-florale-de-nuxe-100ml","status":"publish","type":"product","link":"https:\/\/para-sanita.fidsexcellence.tn\/?product=huile-prodigieuse-florale-de-nuxe-100ml","title":{"rendered":"Huile prodigieuse florale de Nuxe 100ML"},"content":{"rendered":"<p>Huile prodigieuse florale, une huile s\u00e8che pour le soin de la peau du visage et du corps, elle convient aussi pour le soin des cheveux.<br \/>\nTr\u00e8s vite absorb\u00e9e, cette huile r\u00e9pare, nourrit et prot\u00e8ge. Elle vous assure une peau douce et satin\u00e9e, des cheveux fortifi\u00e9s et brillants.<br \/>\nCette version florale de l&#8217;huile prodigieuse laissera sur votre peau un l\u00e9g\u00e8re senteur printani\u00e8re.<br \/>\nPOUR TOUTES TYPES DES PEAUX<\/p>\n","protected":false},"excerpt":{"rendered":"<h2><b>Description de Nuxe huile prodigieuse florale :\u00a0<\/b><\/h2>\n<ul>\n<li aria-level=\"1\">L\u2019huile prodigieuse florale de Nuxe est un produit de beaut\u00e9 r\u00e9volutionnaire qui a conquis le c\u0153ur de nombreuses femmes \u00e0 travers le monde. Cette huile s\u00e8che multi-usage est le fruit d\u2019une alliance entre sept huiles v\u00e9g\u00e9tales pr\u00e9cieuses, toutes s\u00e9lectionn\u00e9es pour leurs propri\u00e9t\u00e9s hydratantes et nourrissantes.<\/li>\n<li aria-level=\"1\">L\u2019huile de Nuxe offre une hydratation et une nutrition optimale \u00e0 la peau gr\u00e2ce \u00e0 un m\u00e9lange parfaitement \u00e9quilibr\u00e9 d\u2019huiles v\u00e9g\u00e9tales de Tsubaki, d\u2019Argan, de Macadamia, de Bourrache, de Cam\u00e9lia, de Noisette et d\u2019Amande douce<\/li>\n<li aria-level=\"1\">Cette version florale de l\u2019huile prodigieuse de Nuxe est encore plus agr\u00e9able \u00e0 utiliser gr\u00e2ce \u00e0 l\u2019ajout d\u2019un parfum d\u00e9licat, subtil qui pr\u00e9sente un v\u00e9ritable enchantement pour les sens, et qui laisse un voile de douceur sur la peau.<\/li>\n<li aria-level=\"1\">Cette huile prodigieuse florale est un v\u00e9ritable couteau suisse de la beaut\u00e9, car elle peut \u00eatre utilis\u00e9e de diff\u00e9rentes fa\u00e7ons. Tout d\u2019abord, elle est tr\u00e8s efficace pour hydrater et nourrir la peau. Elle peut \u00eatre appliqu\u00e9e sur le visage, le corps et les cheveux pour leur apporter un soin en profondeur.<\/li>\n<li aria-level=\"1\">En outre, l\u2019huile prodigieuse florale de Nuxe est \u00e9galement un excellent produit de massage, car elle glisse parfaitement sur la peau. Elle peut \u00eatre utilis\u00e9e pour d\u00e9nouer les tensions musculaires et pour se d\u00e9tendre en fin de journ\u00e9e.<\/li>\n<li aria-level=\"1\">Enfin, cette huile s\u00e8che est \u00e9galement tr\u00e8s pratique pour sublimer le bronzage. Elle apporte une touche de luminosit\u00e9 et de brillance \u00e0 la peau, tout en la nourrissant en profondeur. Elle est donc id\u00e9ale pour les vacances d\u2019\u00e9t\u00e9 ou pour les soir\u00e9es ensoleill\u00e9es.<\/li>\n<li aria-level=\"1\">L\u2019huile prodigieuse florale de Nuxe est un produit de beaut\u00e9 incontournable pour toutes celles qui cherchent un soin multi-usage, efficace et agr\u00e9able \u00e0 utiliser gr\u00e2ce aussi \u00e0 sa texture l\u00e9g\u00e8re et soyeuse.<\/li>\n<li aria-level=\"1\">Alors n\u2019h\u00e9sitez plus et offrez vous cette huile prodigieuse pour un soin beaut\u00e9 complet et agr\u00e9able !<\/li>\n<\/ul>\n<h2><b>Comment utiliser Nuxe huile prodigieuse florale ?\u00a0<\/b><\/h2>\n<ul>\n<li aria-level=\"1\"><b>Pour le visage :\u00a0<\/b>d\u00e9posez quelques gouttes d\u2019huile sur vos doigts et massez d\u00e9licatement votre visage en \u00e9vitant le contour des yeux. Vous pouvez l\u2019utiliser seule ou en m\u00e9lange avec votre cr\u00e8me hydratante.<\/li>\n<li aria-level=\"1\"><b>Pour le corps :<\/b>\u00a0appliquez l\u2019huile sur les zones s\u00e8ches de votre corps, en insistant sur les coudes, les genoux et les talons, en massant pour bien faire p\u00e9n\u00e9trer.<\/li>\n<li aria-level=\"1\"><b>Pour les cheveux :<\/b>\u00a0appliquez l\u2019huile sur les longueurs et les pointes des cheveux, en \u00e9vitant les racines, et laissez reposer pendant 10 \u00e0 15 minutes avant de laver vos cheveux avec votre shampooing habituel.<\/li>\n<li aria-level=\"1\"><b>En touche finale :\u00a0<\/b>d\u00e9posez une petite quantit\u00e9 d\u2019huile sur vos doigts et appliquez-la sur vos zones s\u00e8ches pour une touche finale hydratante et sublimatrice.<\/li>\n<\/ul>\n<p>Il est recommand\u00e9 d\u2019utiliser l\u2019huile prodigieuse florale de Nuxe quotidiennement pour une peau et des cheveux nourris et sublim\u00e9s.<\/p>\n<p>N\u2019oubliez pas de bien secouer la bouteille avant chaque utilisation et \u00e9vitez tout contact avec les yeux. Vous pouvez utiliser l\u2019huile prodigieuse florale de Nuxe tous les jours ou aussi souvent que n\u00e9cessaire pour obtenir des r\u00e9sultats optimaux.<\/p>\n<h2><b>Composition de\u00a0<\/b><b>Nuxe huile prodigieuse florale\u00a0<\/b><b>\u00a0:\u00a0<\/b><\/h2>\n<p>Afin de garantir l\u2019adaptabilit\u00e9 des ingr\u00e9dients \u00e0 votre utilisation personnelle, nous vous recommandons de lire attentivement la liste d\u2019ingr\u00e9dients sur l\u2019emballage avant d\u2019utiliser un produit de notre marque.<\/p>\n<p>COCO-CAPRYLATE\/CAPRATE, MACADAMIA INTEGRIFOLIA SEED OIL, DICAPRYLYL ETHER, CAPRYLIC\/CAPRIC TRIGLYCERIDE, PRUNUS AMYGDALUS DULCIS (SWEET ALMOND) OIL, CORYLUS AVELLANA (HAZEL) SEED OIL, PARFUM\/FRAGRANCE, CAMELLIA OLEIFERA SEED OIL, CAMELLIA JAPONICA SEED OIL, TOCOPHEROL, ARGANIA SPINOSA KERNEL OIL, BORAGO OFFICINALIS SEED OIL, TOCOPHERYL ACETATE, HELIANTHUS ANNUUS (SUNFLOWER) SEED OIL, ROSMARINUS OFFICINALIS (ROSEMARY) LEAF EXTRACT, POLYGLYCERYL-3 DIISOSTEARATE, ASCORBIC ACID, LIMONENE, LINALOOL, CITRAL, CITRONELLOL, HYDROXYCITRONELLAL, GERANIOL<\/p>\n<h2><b>Description courte :\u00a0<\/b><\/h2>\n<ul>\n<li aria-level=\"1\">Nuxe huile prodigieuse florale<\/li>\n<li aria-level=\"1\">Huile s\u00e8che multifonctions<\/li>\n<li aria-level=\"1\">Pour tous les types de peaux<\/li>\n<li aria-level=\"1\">Pour le visage, corps et cheveux<\/li>\n<li aria-level=\"1\">Nourrit, r\u00e9pare, adoucit et sublime<\/li>\n<li aria-level=\"1\">Action protectrice et anti-pollution<\/li>\n<li aria-level=\"1\">Apporte de la brillance au cheveux<\/li>\n<li aria-level=\"1\">Formule Vegan<\/li>\n<li aria-level=\"1\">Contenance 100ml<\/li>\n<\/ul>\n","protected":false},"featured_media":11660,"comment_status":"closed","ping_status":"closed","template":"","meta":[],"pwb-brand":[272],"product_cat":[183,188],"product_tag":[],"class_list":{"0":"post-11658","1":"product","2":"type-product","3":"status-publish","4":"has-post-thumbnail","6":"pwb-brand-nuxe","7":"product_cat-cheveux","8":"product_cat-huiles-et-serums","10":"first","11":"instock","12":"purchasable","13":"product-type-simple"},"acf":[],"yoast_head":"<!-- This site is optimized with the Yoast SEO plugin v20.13 - https:\/\/yoast.com\/wordpress\/plugins\/seo\/ -->\n<title>Huile prodigieuse florale de Nuxe 100ML - Para-Dis<\/title>\n<meta name=\"robots\" content=\"index, follow, max-snippet:-1, max-image-preview:large, max-video-preview:-1\" \/>\n<link rel=\"canonical\" href=\"https:\/\/para-sanita.fidsexcellence.tn\/?product=huile-prodigieuse-florale-de-nuxe-100ml\" \/>\n<meta property=\"og:locale\" content=\"fr_FR\" \/>\n<meta property=\"og:type\" content=\"article\" \/>\n<meta property=\"og:title\" content=\"Huile prodigieuse florale de Nuxe 100ML - Para-Dis\" \/>\n<meta property=\"og:description\" content=\"Description de Nuxe huile prodigieuse florale :\u00a0   L\u2019huile prodigieuse florale de Nuxe est un produit de beaut\u00e9 r\u00e9volutionnaire qui a conquis le c\u0153ur de nombreuses femmes \u00e0 travers le monde. Cette huile s\u00e8che multi-usage est le fruit d\u2019une alliance entre sept huiles v\u00e9g\u00e9tales pr\u00e9cieuses, toutes s\u00e9lectionn\u00e9es pour leurs propri\u00e9t\u00e9s hydratantes et nourrissantes.  L\u2019huile de Nuxe offre une hydratation et une nutrition optimale \u00e0 la peau gr\u00e2ce \u00e0 un m\u00e9lange parfaitement \u00e9quilibr\u00e9 d\u2019huiles v\u00e9g\u00e9tales de Tsubaki, d\u2019Argan, de Macadamia, de Bourrache, de Cam\u00e9lia, de Noisette et d\u2019Amande douce  Cette version florale de l\u2019huile prodigieuse de Nuxe est encore plus agr\u00e9able \u00e0 utiliser gr\u00e2ce \u00e0 l\u2019ajout d\u2019un parfum d\u00e9licat, subtil qui pr\u00e9sente un v\u00e9ritable enchantement pour les sens, et qui laisse un voile de douceur sur la peau.  Cette huile prodigieuse florale est un v\u00e9ritable couteau suisse de la beaut\u00e9, car elle peut \u00eatre utilis\u00e9e de diff\u00e9rentes fa\u00e7ons. Tout d\u2019abord, elle est tr\u00e8s efficace pour hydrater et nourrir la peau. Elle peut \u00eatre appliqu\u00e9e sur le visage, le corps et les cheveux pour leur apporter un soin en profondeur.  En outre, l\u2019huile prodigieuse florale de Nuxe est \u00e9galement un excellent produit de massage, car elle glisse parfaitement sur la peau. Elle peut \u00eatre utilis\u00e9e pour d\u00e9nouer les tensions musculaires et pour se d\u00e9tendre en fin de journ\u00e9e.  Enfin, cette huile s\u00e8che est \u00e9galement tr\u00e8s pratique pour sublimer le bronzage. Elle apporte une touche de luminosit\u00e9 et de brillance \u00e0 la peau, tout en la nourrissant en profondeur. Elle est donc id\u00e9ale pour les vacances d\u2019\u00e9t\u00e9 ou pour les soir\u00e9es ensoleill\u00e9es.  L\u2019huile prodigieuse florale de Nuxe est un produit de beaut\u00e9 incontournable pour toutes celles qui cherchent un soin multi-usage, efficace et agr\u00e9able \u00e0 utiliser gr\u00e2ce aussi \u00e0 sa texture l\u00e9g\u00e8re et soyeuse.  Alors n\u2019h\u00e9sitez plus et offrez vous cette huile prodigieuse pour un soin beaut\u00e9 complet et agr\u00e9able !  Comment utiliser Nuxe huile prodigieuse florale ?\u00a0   Pour le visage :\u00a0d\u00e9posez quelques gouttes d\u2019huile sur vos doigts et massez d\u00e9licatement votre visage en \u00e9vitant le contour des yeux. Vous pouvez l\u2019utiliser seule ou en m\u00e9lange avec votre cr\u00e8me hydratante.  Pour le corps :\u00a0appliquez l\u2019huile sur les zones s\u00e8ches de votre corps, en insistant sur les coudes, les genoux et les talons, en massant pour bien faire p\u00e9n\u00e9trer.  Pour les cheveux :\u00a0appliquez l\u2019huile sur les longueurs et les pointes des cheveux, en \u00e9vitant les racines, et laissez reposer pendant 10 \u00e0 15 minutes avant de laver vos cheveux avec votre shampooing habituel.  En touche finale :\u00a0d\u00e9posez une petite quantit\u00e9 d\u2019huile sur vos doigts et appliquez-la sur vos zones s\u00e8ches pour une touche finale hydratante et sublimatrice.  Il est recommand\u00e9 d\u2019utiliser l\u2019huile prodigieuse florale de Nuxe quotidiennement pour une peau et des cheveux nourris et sublim\u00e9s.  N\u2019oubliez pas de bien secouer la bouteille avant chaque utilisation et \u00e9vitez tout contact avec les yeux. Vous pouvez utiliser l\u2019huile prodigieuse florale de Nuxe tous les jours ou aussi souvent que n\u00e9cessaire pour obtenir des r\u00e9sultats optimaux. Composition de\u00a0Nuxe huile prodigieuse florale\u00a0\u00a0:\u00a0 Afin de garantir l\u2019adaptabilit\u00e9 des ingr\u00e9dients \u00e0 votre utilisation personnelle, nous vous recommandons de lire attentivement la liste d\u2019ingr\u00e9dients sur l\u2019emballage avant d\u2019utiliser un produit de notre marque.  COCO-CAPRYLATE\/CAPRATE, MACADAMIA INTEGRIFOLIA SEED OIL, DICAPRYLYL ETHER, CAPRYLIC\/CAPRIC TRIGLYCERIDE, PRUNUS AMYGDALUS DULCIS (SWEET ALMOND) OIL, CORYLUS AVELLANA (HAZEL) SEED OIL, PARFUM\/FRAGRANCE, CAMELLIA OLEIFERA SEED OIL, CAMELLIA JAPONICA SEED OIL, TOCOPHEROL, ARGANIA SPINOSA KERNEL OIL, BORAGO OFFICINALIS SEED OIL, TOCOPHERYL ACETATE, HELIANTHUS ANNUUS (SUNFLOWER) SEED OIL, ROSMARINUS OFFICINALIS (ROSEMARY) LEAF EXTRACT, POLYGLYCERYL-3 DIISOSTEARATE, ASCORBIC ACID, LIMONENE, LINALOOL, CITRAL, CITRONELLOL, HYDROXYCITRONELLAL, GERANIOL Description courte :\u00a0   Nuxe huile prodigieuse florale  Huile s\u00e8che multifonctions  Pour tous les types de peaux  Pour le visage, corps et cheveux  Nourrit, r\u00e9pare, adoucit et sublime  Action protectrice et anti-pollution  Apporte de la brillance au cheveux  Formule Vegan  Contenance 100ml\" \/>\n<meta property=\"og:url\" content=\"https:\/\/para-sanita.fidsexcellence.tn\/?product=huile-prodigieuse-florale-de-nuxe-100ml\" \/>\n<meta property=\"og:site_name\" content=\"Para-Dis\" \/>\n<meta property=\"article:modified_time\" content=\"2023-08-15T15:54:51+00:00\" \/>\n<meta property=\"og:image\" content=\"https:\/\/para-sanita.fidsexcellence.tn\/wp-content\/uploads\/2023\/08\/huile_prodigieuse_florale.png\" \/>\n\t<meta property=\"og:image:width\" content=\"1200\" \/>\n\t<meta property=\"og:image:height\" content=\"1200\" \/>\n\t<meta property=\"og:image:type\" content=\"image\/png\" \/>\n<meta name=\"twitter:card\" content=\"summary_large_image\" \/>\n<meta name=\"twitter:label1\" content=\"Dur\u00e9e de lecture estim\u00e9e\" \/>\n\t<meta name=\"twitter:data1\" content=\"1 minute\" \/>\n<script type=\"application\/ld+json\" class=\"yoast-schema-graph\">{\"@context\":\"https:\/\/schema.org\",\"@graph\":[{\"@type\":\"WebPage\",\"@id\":\"https:\/\/para-sanita.fidsexcellence.tn\/?product=huile-prodigieuse-florale-de-nuxe-100ml\",\"url\":\"https:\/\/para-sanita.fidsexcellence.tn\/?product=huile-prodigieuse-florale-de-nuxe-100ml\",\"name\":\"Huile prodigieuse florale de Nuxe 100ML - Para-Dis\",\"isPartOf\":{\"@id\":\"https:\/\/para-sanita.fidsexcellence.tn\/#website\"},\"datePublished\":\"2023-08-14T11:47:02+00:00\",\"dateModified\":\"2023-08-15T15:54:51+00:00\",\"breadcrumb\":{\"@id\":\"https:\/\/para-sanita.fidsexcellence.tn\/?product=huile-prodigieuse-florale-de-nuxe-100ml#breadcrumb\"},\"inLanguage\":\"fr-FR\",\"potentialAction\":[{\"@type\":\"ReadAction\",\"target\":[\"https:\/\/para-sanita.fidsexcellence.tn\/?product=huile-prodigieuse-florale-de-nuxe-100ml\"]}]},{\"@type\":\"BreadcrumbList\",\"@id\":\"https:\/\/para-sanita.fidsexcellence.tn\/?product=huile-prodigieuse-florale-de-nuxe-100ml#breadcrumb\",\"itemListElement\":[{\"@type\":\"ListItem\",\"position\":1,\"name\":\"Accueil\",\"item\":\"https:\/\/para-sanita.fidsexcellence.tn\/\"},{\"@type\":\"ListItem\",\"position\":2,\"name\":\"Shop\",\"item\":\"https:\/\/para-sanita.fidsexcellence.tn\/?page_id=3853\"},{\"@type\":\"ListItem\",\"position\":3,\"name\":\"Huile prodigieuse florale de Nuxe 100ML\"}]},{\"@type\":\"WebSite\",\"@id\":\"https:\/\/para-sanita.fidsexcellence.tn\/#website\",\"url\":\"https:\/\/para-sanita.fidsexcellence.tn\/\",\"name\":\"Para-Dis\",\"description\":\"\",\"publisher\":{\"@id\":\"https:\/\/para-sanita.fidsexcellence.tn\/#organization\"},\"potentialAction\":[{\"@type\":\"SearchAction\",\"target\":{\"@type\":\"EntryPoint\",\"urlTemplate\":\"https:\/\/para-sanita.fidsexcellence.tn\/?s={search_term_string}\"},\"query-input\":\"required name=search_term_string\"}],\"inLanguage\":\"fr-FR\"},{\"@type\":\"Organization\",\"@id\":\"https:\/\/para-sanita.fidsexcellence.tn\/#organization\",\"name\":\"Para-Dis\",\"url\":\"https:\/\/para-sanita.fidsexcellence.tn\/\",\"logo\":{\"@type\":\"ImageObject\",\"inLanguage\":\"fr-FR\",\"@id\":\"https:\/\/para-sanita.fidsexcellence.tn\/#\/schema\/logo\/image\/\",\"url\":\"https:\/\/para-sanita.fidsexcellence.tn\/wp-content\/uploads\/2025\/03\/cropped-logo-1.png\",\"contentUrl\":\"https:\/\/para-sanita.fidsexcellence.tn\/wp-content\/uploads\/2025\/03\/cropped-logo-1.png\",\"width\":502,\"height\":167,\"caption\":\"Para-Dis\"},\"image\":{\"@id\":\"https:\/\/para-sanita.fidsexcellence.tn\/#\/schema\/logo\/image\/\"}}]}<\/script>\n<!-- \/ Yoast SEO plugin. -->","yoast_head_json":{"title":"Huile prodigieuse florale de Nuxe 100ML - Para-Dis","robots":{"index":"index","follow":"follow","max-snippet":"max-snippet:-1","max-image-preview":"max-image-preview:large","max-video-preview":"max-video-preview:-1"},"canonical":"https:\/\/para-sanita.fidsexcellence.tn\/?product=huile-prodigieuse-florale-de-nuxe-100ml","og_locale":"fr_FR","og_type":"article","og_title":"Huile prodigieuse florale de Nuxe 100ML - Para-Dis","og_description":"Description de Nuxe huile prodigieuse florale :\u00a0   L\u2019huile prodigieuse florale de Nuxe est un produit de beaut\u00e9 r\u00e9volutionnaire qui a conquis le c\u0153ur de nombreuses femmes \u00e0 travers le monde. Cette huile s\u00e8che multi-usage est le fruit d\u2019une alliance entre sept huiles v\u00e9g\u00e9tales pr\u00e9cieuses, toutes s\u00e9lectionn\u00e9es pour leurs propri\u00e9t\u00e9s hydratantes et nourrissantes.  L\u2019huile de Nuxe offre une hydratation et une nutrition optimale \u00e0 la peau gr\u00e2ce \u00e0 un m\u00e9lange parfaitement \u00e9quilibr\u00e9 d\u2019huiles v\u00e9g\u00e9tales de Tsubaki, d\u2019Argan, de Macadamia, de Bourrache, de Cam\u00e9lia, de Noisette et d\u2019Amande douce  Cette version florale de l\u2019huile prodigieuse de Nuxe est encore plus agr\u00e9able \u00e0 utiliser gr\u00e2ce \u00e0 l\u2019ajout d\u2019un parfum d\u00e9licat, subtil qui pr\u00e9sente un v\u00e9ritable enchantement pour les sens, et qui laisse un voile de douceur sur la peau.  Cette huile prodigieuse florale est un v\u00e9ritable couteau suisse de la beaut\u00e9, car elle peut \u00eatre utilis\u00e9e de diff\u00e9rentes fa\u00e7ons. Tout d\u2019abord, elle est tr\u00e8s efficace pour hydrater et nourrir la peau. Elle peut \u00eatre appliqu\u00e9e sur le visage, le corps et les cheveux pour leur apporter un soin en profondeur.  En outre, l\u2019huile prodigieuse florale de Nuxe est \u00e9galement un excellent produit de massage, car elle glisse parfaitement sur la peau. Elle peut \u00eatre utilis\u00e9e pour d\u00e9nouer les tensions musculaires et pour se d\u00e9tendre en fin de journ\u00e9e.  Enfin, cette huile s\u00e8che est \u00e9galement tr\u00e8s pratique pour sublimer le bronzage. Elle apporte une touche de luminosit\u00e9 et de brillance \u00e0 la peau, tout en la nourrissant en profondeur. Elle est donc id\u00e9ale pour les vacances d\u2019\u00e9t\u00e9 ou pour les soir\u00e9es ensoleill\u00e9es.  L\u2019huile prodigieuse florale de Nuxe est un produit de beaut\u00e9 incontournable pour toutes celles qui cherchent un soin multi-usage, efficace et agr\u00e9able \u00e0 utiliser gr\u00e2ce aussi \u00e0 sa texture l\u00e9g\u00e8re et soyeuse.  Alors n\u2019h\u00e9sitez plus et offrez vous cette huile prodigieuse pour un soin beaut\u00e9 complet et agr\u00e9able !  Comment utiliser Nuxe huile prodigieuse florale ?\u00a0   Pour le visage :\u00a0d\u00e9posez quelques gouttes d\u2019huile sur vos doigts et massez d\u00e9licatement votre visage en \u00e9vitant le contour des yeux. Vous pouvez l\u2019utiliser seule ou en m\u00e9lange avec votre cr\u00e8me hydratante.  Pour le corps :\u00a0appliquez l\u2019huile sur les zones s\u00e8ches de votre corps, en insistant sur les coudes, les genoux et les talons, en massant pour bien faire p\u00e9n\u00e9trer.  Pour les cheveux :\u00a0appliquez l\u2019huile sur les longueurs et les pointes des cheveux, en \u00e9vitant les racines, et laissez reposer pendant 10 \u00e0 15 minutes avant de laver vos cheveux avec votre shampooing habituel.  En touche finale :\u00a0d\u00e9posez une petite quantit\u00e9 d\u2019huile sur vos doigts et appliquez-la sur vos zones s\u00e8ches pour une touche finale hydratante et sublimatrice.  Il est recommand\u00e9 d\u2019utiliser l\u2019huile prodigieuse florale de Nuxe quotidiennement pour une peau et des cheveux nourris et sublim\u00e9s.  N\u2019oubliez pas de bien secouer la bouteille avant chaque utilisation et \u00e9vitez tout contact avec les yeux. Vous pouvez utiliser l\u2019huile prodigieuse florale de Nuxe tous les jours ou aussi souvent que n\u00e9cessaire pour obtenir des r\u00e9sultats optimaux. Composition de\u00a0Nuxe huile prodigieuse florale\u00a0\u00a0:\u00a0 Afin de garantir l\u2019adaptabilit\u00e9 des ingr\u00e9dients \u00e0 votre utilisation personnelle, nous vous recommandons de lire attentivement la liste d\u2019ingr\u00e9dients sur l\u2019emballage avant d\u2019utiliser un produit de notre marque.  COCO-CAPRYLATE\/CAPRATE, MACADAMIA INTEGRIFOLIA SEED OIL, DICAPRYLYL ETHER, CAPRYLIC\/CAPRIC TRIGLYCERIDE, PRUNUS AMYGDALUS DULCIS (SWEET ALMOND) OIL, CORYLUS AVELLANA (HAZEL) SEED OIL, PARFUM\/FRAGRANCE, CAMELLIA OLEIFERA SEED OIL, CAMELLIA JAPONICA SEED OIL, TOCOPHEROL, ARGANIA SPINOSA KERNEL OIL, BORAGO OFFICINALIS SEED OIL, TOCOPHERYL ACETATE, HELIANTHUS ANNUUS (SUNFLOWER) SEED OIL, ROSMARINUS OFFICINALIS (ROSEMARY) LEAF EXTRACT, POLYGLYCERYL-3 DIISOSTEARATE, ASCORBIC ACID, LIMONENE, LINALOOL, CITRAL, CITRONELLOL, HYDROXYCITRONELLAL, GERANIOL Description courte :\u00a0   Nuxe huile prodigieuse florale  Huile s\u00e8che multifonctions  Pour tous les types de peaux  Pour le visage, corps et cheveux  Nourrit, r\u00e9pare, adoucit et sublime  Action protectrice et anti-pollution  Apporte de la brillance au cheveux  Formule Vegan  Contenance 100ml","og_url":"https:\/\/para-sanita.fidsexcellence.tn\/?product=huile-prodigieuse-florale-de-nuxe-100ml","og_site_name":"Para-Dis","article_modified_time":"2023-08-15T15:54:51+00:00","og_image":[{"width":1200,"height":1200,"url":"https:\/\/para-sanita.fidsexcellence.tn\/wp-content\/uploads\/2023\/08\/huile_prodigieuse_florale.png","type":"image\/png"}],"twitter_card":"summary_large_image","twitter_misc":{"Dur\u00e9e de lecture estim\u00e9e":"1 minute"},"schema":{"@context":"https:\/\/schema.org","@graph":[{"@type":"WebPage","@id":"https:\/\/para-sanita.fidsexcellence.tn\/?product=huile-prodigieuse-florale-de-nuxe-100ml","url":"https:\/\/para-sanita.fidsexcellence.tn\/?product=huile-prodigieuse-florale-de-nuxe-100ml","name":"Huile prodigieuse florale de Nuxe 100ML - Para-Dis","isPartOf":{"@id":"https:\/\/para-sanita.fidsexcellence.tn\/#website"},"datePublished":"2023-08-14T11:47:02+00:00","dateModified":"2023-08-15T15:54:51+00:00","breadcrumb":{"@id":"https:\/\/para-sanita.fidsexcellence.tn\/?product=huile-prodigieuse-florale-de-nuxe-100ml#breadcrumb"},"inLanguage":"fr-FR","potentialAction":[{"@type":"ReadAction","target":["https:\/\/para-sanita.fidsexcellence.tn\/?product=huile-prodigieuse-florale-de-nuxe-100ml"]}]},{"@type":"BreadcrumbList","@id":"https:\/\/para-sanita.fidsexcellence.tn\/?product=huile-prodigieuse-florale-de-nuxe-100ml#breadcrumb","itemListElement":[{"@type":"ListItem","position":1,"name":"Accueil","item":"https:\/\/para-sanita.fidsexcellence.tn\/"},{"@type":"ListItem","position":2,"name":"Shop","item":"https:\/\/para-sanita.fidsexcellence.tn\/?page_id=3853"},{"@type":"ListItem","position":3,"name":"Huile prodigieuse florale de Nuxe 100ML"}]},{"@type":"WebSite","@id":"https:\/\/para-sanita.fidsexcellence.tn\/#website","url":"https:\/\/para-sanita.fidsexcellence.tn\/","name":"Para-Dis","description":"","publisher":{"@id":"https:\/\/para-sanita.fidsexcellence.tn\/#organization"},"potentialAction":[{"@type":"SearchAction","target":{"@type":"EntryPoint","urlTemplate":"https:\/\/para-sanita.fidsexcellence.tn\/?s={search_term_string}"},"query-input":"required name=search_term_string"}],"inLanguage":"fr-FR"},{"@type":"Organization","@id":"https:\/\/para-sanita.fidsexcellence.tn\/#organization","name":"Para-Dis","url":"https:\/\/para-sanita.fidsexcellence.tn\/","logo":{"@type":"ImageObject","inLanguage":"fr-FR","@id":"https:\/\/para-sanita.fidsexcellence.tn\/#\/schema\/logo\/image\/","url":"https:\/\/para-sanita.fidsexcellence.tn\/wp-content\/uploads\/2025\/03\/cropped-logo-1.png","contentUrl":"https:\/\/para-sanita.fidsexcellence.tn\/wp-content\/uploads\/2025\/03\/cropped-logo-1.png","width":502,"height":167,"caption":"Para-Dis"},"image":{"@id":"https:\/\/para-sanita.fidsexcellence.tn\/#\/schema\/logo\/image\/"}}]}},"brands":[{"id":272,"name":"Nuxe","slug":"nuxe"}],"_links":{"self":[{"href":"https:\/\/para-sanita.fidsexcellence.tn\/index.php?rest_route=\/wp\/v2\/product\/11658","targetHints":{"allow":["GET"]}}],"collection":[{"href":"https:\/\/para-sanita.fidsexcellence.tn\/index.php?rest_route=\/wp\/v2\/product"}],"about":[{"href":"https:\/\/para-sanita.fidsexcellence.tn\/index.php?rest_route=\/wp\/v2\/types\/product"}],"replies":[{"embeddable":true,"href":"https:\/\/para-sanita.fidsexcellence.tn\/index.php?rest_route=%2Fwp%2Fv2%2Fcomments&post=11658"}],"version-history":[{"count":2,"href":"https:\/\/para-sanita.fidsexcellence.tn\/index.php?rest_route=\/wp\/v2\/product\/11658\/revisions"}],"predecessor-version":[{"id":11709,"href":"https:\/\/para-sanita.fidsexcellence.tn\/index.php?rest_route=\/wp\/v2\/product\/11658\/revisions\/11709"}],"wp:featuredmedia":[{"embeddable":true,"href":"https:\/\/para-sanita.fidsexcellence.tn\/index.php?rest_route=\/wp\/v2\/media\/11660"}],"wp:attachment":[{"href":"https:\/\/para-sanita.fidsexcellence.tn\/index.php?rest_route=%2Fwp%2Fv2%2Fmedia&parent=11658"}],"wp:term":[{"taxonomy":"pwb-brand","embeddable":true,"href":"https:\/\/para-sanita.fidsexcellence.tn\/index.php?rest_route=%2Fwp%2Fv2%2Fpwb-brand&post=11658"},{"taxonomy":"product_cat","embeddable":true,"href":"https:\/\/para-sanita.fidsexcellence.tn\/index.php?rest_route=%2Fwp%2Fv2%2Fproduct_cat&post=11658"},{"taxonomy":"product_tag","embeddable":true,"href":"https:\/\/para-sanita.fidsexcellence.tn\/index.php?rest_route=%2Fwp%2Fv2%2Fproduct_tag&post=11658"}],"curies":[{"name":"wp","href":"https:\/\/api.w.org\/{rel}","templated":true}]}}