{"id":11673,"date":"2023-08-14T11:57:32","date_gmt":"2023-08-14T11:57:32","guid":{"rendered":"https:\/\/para-sanita.fidsexcellence.tn\/?product=etiaxil-detranspirant-lotion-pied-et-main-100ml"},"modified":"2023-08-15T16:03:46","modified_gmt":"2023-08-15T16:03:46","slug":"etiaxil-detranspirant-lotion-pied-et-main-100ml","status":"publish","type":"product","link":"https:\/\/para-sanita.fidsexcellence.tn\/?product=etiaxil-detranspirant-lotion-pied-et-main-100ml","title":{"rendered":"ETIAXIL DETRANSPIRANT LOTION PIED ET MAIN 100ML"},"content":{"rendered":"<p>Etiaxil detranspirant main et pied est sp\u00e9cialement destin\u00e9 \u00e0 r\u00e9guler la transpiration excessive, sans toutefois bloquer ce ph\u00e9nom\u00e8ne naturel. Il pr\u00e9vient \u00e9galement la formation d&#8217;odeurs g\u00eanantes.<\/p>\n","protected":false},"excerpt":{"rendered":"<p>La lotion Etiaxil D\u00e9transpirant Peaux Normales a \u00e9t\u00e9 con\u00e7u pour traiter efficacement la transpiration excessive des pieds mais ce produit peut \u00e9galement s\u2019appliquer en cas de transpiration excessive palmaire (des mains).<\/p>\n<p>Son efficacit\u00e9 prouv\u00e9e cliniquement<sup>1\u00a0<\/sup>stoppe la transpiration pendant plus de 5 jours et assure ainsi un contr\u00f4le total, anti-humidit\u00e9 et anti-odeur. Appliqu\u00e9 sur la peau, le produit permet de mettre au repos les glandes sudoripares qui cessent alors de produire de la sueur pendant quelques jours. Il s\u2019agit du produit le plus dos\u00e9 en actif anti-transpirant pour garantir une efficacit\u00e9 maximale contre la transpiration excessive.<\/p>\n<p>Sans parfum, ce produit est compatible avec l\u2019usage d\u2019un d\u00e9odorant ou d\u2019un parfum au quotidien.<\/p>\n","protected":false},"featured_media":11675,"comment_status":"closed","ping_status":"closed","template":"","meta":[],"pwb-brand":[273],"product_cat":[201,204],"product_tag":[],"class_list":{"0":"post-11673","1":"product","2":"type-product","3":"status-publish","4":"has-post-thumbnail","6":"pwb-brand-etiaxil","7":"product_cat-corps","8":"product_cat-soin-des-mains","10":"first","11":"instock","12":"purchasable","13":"product-type-simple"},"acf":[],"yoast_head":"<!-- This site is optimized with the Yoast SEO plugin v20.13 - https:\/\/yoast.com\/wordpress\/plugins\/seo\/ -->\n<title>ETIAXIL DETRANSPIRANT LOTION PIED ET MAIN 100ML - Para-Dis<\/title>\n<meta name=\"description\" content=\"Etiaxil detranspirant main et pied est sp\u00e9cialement destin\u00e9 \u00e0 r\u00e9guler la transpiration excessive, sans toutefois bloquer ce ph\u00e9nom\u00e8ne naturel. Il pr\u00e9vient \u00e9galement la formation d&#039;odeurs g\u00eanantes.\" \/>\n<meta name=\"robots\" content=\"index, follow, max-snippet:-1, max-image-preview:large, max-video-preview:-1\" \/>\n<link rel=\"canonical\" href=\"https:\/\/para-sanita.fidsexcellence.tn\/?product=etiaxil-detranspirant-lotion-pied-et-main-100ml\" \/>\n<meta property=\"og:locale\" content=\"fr_FR\" \/>\n<meta property=\"og:type\" content=\"article\" \/>\n<meta property=\"og:title\" content=\"ETIAXIL DETRANSPIRANT LOTION PIED ET MAIN 100ML - Para-Dis\" \/>\n<meta property=\"og:description\" content=\"Etiaxil detranspirant main et pied est sp\u00e9cialement destin\u00e9 \u00e0 r\u00e9guler la transpiration excessive, sans toutefois bloquer ce ph\u00e9nom\u00e8ne naturel. Il pr\u00e9vient \u00e9galement la formation d&#039;odeurs g\u00eanantes.\" \/>\n<meta property=\"og:url\" content=\"https:\/\/para-sanita.fidsexcellence.tn\/?product=etiaxil-detranspirant-lotion-pied-et-main-100ml\" \/>\n<meta property=\"og:site_name\" content=\"Para-Dis\" \/>\n<meta property=\"article:modified_time\" content=\"2023-08-15T16:03:46+00:00\" \/>\n<meta property=\"og:image\" content=\"https:\/\/para-sanita.fidsexcellence.tn\/wp-content\/uploads\/2023\/08\/etiaxil-detranspirant-lotion-pied-et-main-100ml.jpg\" \/>\n\t<meta property=\"og:image:width\" content=\"500\" \/>\n\t<meta property=\"og:image:height\" content=\"500\" \/>\n\t<meta property=\"og:image:type\" content=\"image\/jpeg\" \/>\n<meta name=\"twitter:card\" content=\"summary_large_image\" \/>\n<meta name=\"twitter:label1\" content=\"Dur\u00e9e de lecture estim\u00e9e\" \/>\n\t<meta name=\"twitter:data1\" content=\"1 minute\" \/>\n<script type=\"application\/ld+json\" class=\"yoast-schema-graph\">{\"@context\":\"https:\/\/schema.org\",\"@graph\":[{\"@type\":\"WebPage\",\"@id\":\"https:\/\/para-sanita.fidsexcellence.tn\/?product=etiaxil-detranspirant-lotion-pied-et-main-100ml\",\"url\":\"https:\/\/para-sanita.fidsexcellence.tn\/?product=etiaxil-detranspirant-lotion-pied-et-main-100ml\",\"name\":\"ETIAXIL DETRANSPIRANT LOTION PIED ET MAIN 100ML - Para-Dis\",\"isPartOf\":{\"@id\":\"https:\/\/para-sanita.fidsexcellence.tn\/#website\"},\"datePublished\":\"2023-08-14T11:57:32+00:00\",\"dateModified\":\"2023-08-15T16:03:46+00:00\",\"description\":\"Etiaxil detranspirant main et pied est sp\u00e9cialement destin\u00e9 \u00e0 r\u00e9guler la transpiration excessive, sans toutefois bloquer ce ph\u00e9nom\u00e8ne naturel. Il pr\u00e9vient \u00e9galement la formation d'odeurs g\u00eanantes.\",\"breadcrumb\":{\"@id\":\"https:\/\/para-sanita.fidsexcellence.tn\/?product=etiaxil-detranspirant-lotion-pied-et-main-100ml#breadcrumb\"},\"inLanguage\":\"fr-FR\",\"potentialAction\":[{\"@type\":\"ReadAction\",\"target\":[\"https:\/\/para-sanita.fidsexcellence.tn\/?product=etiaxil-detranspirant-lotion-pied-et-main-100ml\"]}]},{\"@type\":\"BreadcrumbList\",\"@id\":\"https:\/\/para-sanita.fidsexcellence.tn\/?product=etiaxil-detranspirant-lotion-pied-et-main-100ml#breadcrumb\",\"itemListElement\":[{\"@type\":\"ListItem\",\"position\":1,\"name\":\"Accueil\",\"item\":\"https:\/\/para-sanita.fidsexcellence.tn\/\"},{\"@type\":\"ListItem\",\"position\":2,\"name\":\"Shop\",\"item\":\"https:\/\/para-sanita.fidsexcellence.tn\/?page_id=3853\"},{\"@type\":\"ListItem\",\"position\":3,\"name\":\"ETIAXIL DETRANSPIRANT LOTION PIED ET MAIN 100ML\"}]},{\"@type\":\"WebSite\",\"@id\":\"https:\/\/para-sanita.fidsexcellence.tn\/#website\",\"url\":\"https:\/\/para-sanita.fidsexcellence.tn\/\",\"name\":\"Para-Dis\",\"description\":\"\",\"publisher\":{\"@id\":\"https:\/\/para-sanita.fidsexcellence.tn\/#organization\"},\"potentialAction\":[{\"@type\":\"SearchAction\",\"target\":{\"@type\":\"EntryPoint\",\"urlTemplate\":\"https:\/\/para-sanita.fidsexcellence.tn\/?s={search_term_string}\"},\"query-input\":\"required name=search_term_string\"}],\"inLanguage\":\"fr-FR\"},{\"@type\":\"Organization\",\"@id\":\"https:\/\/para-sanita.fidsexcellence.tn\/#organization\",\"name\":\"Para-Dis\",\"url\":\"https:\/\/para-sanita.fidsexcellence.tn\/\",\"logo\":{\"@type\":\"ImageObject\",\"inLanguage\":\"fr-FR\",\"@id\":\"https:\/\/para-sanita.fidsexcellence.tn\/#\/schema\/logo\/image\/\",\"url\":\"https:\/\/para-sanita.fidsexcellence.tn\/wp-content\/uploads\/2025\/03\/cropped-logo-1.png\",\"contentUrl\":\"https:\/\/para-sanita.fidsexcellence.tn\/wp-content\/uploads\/2025\/03\/cropped-logo-1.png\",\"width\":502,\"height\":167,\"caption\":\"Para-Dis\"},\"image\":{\"@id\":\"https:\/\/para-sanita.fidsexcellence.tn\/#\/schema\/logo\/image\/\"}}]}<\/script>\n<!-- \/ Yoast SEO plugin. -->","yoast_head_json":{"title":"ETIAXIL DETRANSPIRANT LOTION PIED ET MAIN 100ML - Para-Dis","description":"Etiaxil detranspirant main et pied est sp\u00e9cialement destin\u00e9 \u00e0 r\u00e9guler la transpiration excessive, sans toutefois bloquer ce ph\u00e9nom\u00e8ne naturel. Il pr\u00e9vient \u00e9galement la formation d'odeurs g\u00eanantes.","robots":{"index":"index","follow":"follow","max-snippet":"max-snippet:-1","max-image-preview":"max-image-preview:large","max-video-preview":"max-video-preview:-1"},"canonical":"https:\/\/para-sanita.fidsexcellence.tn\/?product=etiaxil-detranspirant-lotion-pied-et-main-100ml","og_locale":"fr_FR","og_type":"article","og_title":"ETIAXIL DETRANSPIRANT LOTION PIED ET MAIN 100ML - Para-Dis","og_description":"Etiaxil detranspirant main et pied est sp\u00e9cialement destin\u00e9 \u00e0 r\u00e9guler la transpiration excessive, sans toutefois bloquer ce ph\u00e9nom\u00e8ne naturel. Il pr\u00e9vient \u00e9galement la formation d'odeurs g\u00eanantes.","og_url":"https:\/\/para-sanita.fidsexcellence.tn\/?product=etiaxil-detranspirant-lotion-pied-et-main-100ml","og_site_name":"Para-Dis","article_modified_time":"2023-08-15T16:03:46+00:00","og_image":[{"width":500,"height":500,"url":"https:\/\/para-sanita.fidsexcellence.tn\/wp-content\/uploads\/2023\/08\/etiaxil-detranspirant-lotion-pied-et-main-100ml.jpg","type":"image\/jpeg"}],"twitter_card":"summary_large_image","twitter_misc":{"Dur\u00e9e de lecture estim\u00e9e":"1 minute"},"schema":{"@context":"https:\/\/schema.org","@graph":[{"@type":"WebPage","@id":"https:\/\/para-sanita.fidsexcellence.tn\/?product=etiaxil-detranspirant-lotion-pied-et-main-100ml","url":"https:\/\/para-sanita.fidsexcellence.tn\/?product=etiaxil-detranspirant-lotion-pied-et-main-100ml","name":"ETIAXIL DETRANSPIRANT LOTION PIED ET MAIN 100ML - Para-Dis","isPartOf":{"@id":"https:\/\/para-sanita.fidsexcellence.tn\/#website"},"datePublished":"2023-08-14T11:57:32+00:00","dateModified":"2023-08-15T16:03:46+00:00","description":"Etiaxil detranspirant main et pied est sp\u00e9cialement destin\u00e9 \u00e0 r\u00e9guler la transpiration excessive, sans toutefois bloquer ce ph\u00e9nom\u00e8ne naturel. Il pr\u00e9vient \u00e9galement la formation d'odeurs g\u00eanantes.","breadcrumb":{"@id":"https:\/\/para-sanita.fidsexcellence.tn\/?product=etiaxil-detranspirant-lotion-pied-et-main-100ml#breadcrumb"},"inLanguage":"fr-FR","potentialAction":[{"@type":"ReadAction","target":["https:\/\/para-sanita.fidsexcellence.tn\/?product=etiaxil-detranspirant-lotion-pied-et-main-100ml"]}]},{"@type":"BreadcrumbList","@id":"https:\/\/para-sanita.fidsexcellence.tn\/?product=etiaxil-detranspirant-lotion-pied-et-main-100ml#breadcrumb","itemListElement":[{"@type":"ListItem","position":1,"name":"Accueil","item":"https:\/\/para-sanita.fidsexcellence.tn\/"},{"@type":"ListItem","position":2,"name":"Shop","item":"https:\/\/para-sanita.fidsexcellence.tn\/?page_id=3853"},{"@type":"ListItem","position":3,"name":"ETIAXIL DETRANSPIRANT LOTION PIED ET MAIN 100ML"}]},{"@type":"WebSite","@id":"https:\/\/para-sanita.fidsexcellence.tn\/#website","url":"https:\/\/para-sanita.fidsexcellence.tn\/","name":"Para-Dis","description":"","publisher":{"@id":"https:\/\/para-sanita.fidsexcellence.tn\/#organization"},"potentialAction":[{"@type":"SearchAction","target":{"@type":"EntryPoint","urlTemplate":"https:\/\/para-sanita.fidsexcellence.tn\/?s={search_term_string}"},"query-input":"required name=search_term_string"}],"inLanguage":"fr-FR"},{"@type":"Organization","@id":"https:\/\/para-sanita.fidsexcellence.tn\/#organization","name":"Para-Dis","url":"https:\/\/para-sanita.fidsexcellence.tn\/","logo":{"@type":"ImageObject","inLanguage":"fr-FR","@id":"https:\/\/para-sanita.fidsexcellence.tn\/#\/schema\/logo\/image\/","url":"https:\/\/para-sanita.fidsexcellence.tn\/wp-content\/uploads\/2025\/03\/cropped-logo-1.png","contentUrl":"https:\/\/para-sanita.fidsexcellence.tn\/wp-content\/uploads\/2025\/03\/cropped-logo-1.png","width":502,"height":167,"caption":"Para-Dis"},"image":{"@id":"https:\/\/para-sanita.fidsexcellence.tn\/#\/schema\/logo\/image\/"}}]}},"brands":[{"id":273,"name":"Etiaxil","slug":"etiaxil"}],"_links":{"self":[{"href":"https:\/\/para-sanita.fidsexcellence.tn\/index.php?rest_route=\/wp\/v2\/product\/11673","targetHints":{"allow":["GET"]}}],"collection":[{"href":"https:\/\/para-sanita.fidsexcellence.tn\/index.php?rest_route=\/wp\/v2\/product"}],"about":[{"href":"https:\/\/para-sanita.fidsexcellence.tn\/index.php?rest_route=\/wp\/v2\/types\/product"}],"replies":[{"embeddable":true,"href":"https:\/\/para-sanita.fidsexcellence.tn\/index.php?rest_route=%2Fwp%2Fv2%2Fcomments&post=11673"}],"version-history":[{"count":2,"href":"https:\/\/para-sanita.fidsexcellence.tn\/index.php?rest_route=\/wp\/v2\/product\/11673\/revisions"}],"predecessor-version":[{"id":11715,"href":"https:\/\/para-sanita.fidsexcellence.tn\/index.php?rest_route=\/wp\/v2\/product\/11673\/revisions\/11715"}],"wp:featuredmedia":[{"embeddable":true,"href":"https:\/\/para-sanita.fidsexcellence.tn\/index.php?rest_route=\/wp\/v2\/media\/11675"}],"wp:attachment":[{"href":"https:\/\/para-sanita.fidsexcellence.tn\/index.php?rest_route=%2Fwp%2Fv2%2Fmedia&parent=11673"}],"wp:term":[{"taxonomy":"pwb-brand","embeddable":true,"href":"https:\/\/para-sanita.fidsexcellence.tn\/index.php?rest_route=%2Fwp%2Fv2%2Fpwb-brand&post=11673"},{"taxonomy":"product_cat","embeddable":true,"href":"https:\/\/para-sanita.fidsexcellence.tn\/index.php?rest_route=%2Fwp%2Fv2%2Fproduct_cat&post=11673"},{"taxonomy":"product_tag","embeddable":true,"href":"https:\/\/para-sanita.fidsexcellence.tn\/index.php?rest_route=%2Fwp%2Fv2%2Fproduct_tag&post=11673"}],"curies":[{"name":"wp","href":"https:\/\/api.w.org\/{rel}","templated":true}]}}