{"id":11682,"date":"2023-08-14T12:02:54","date_gmt":"2023-08-14T12:02:54","guid":{"rendered":"https:\/\/para-sanita.fidsexcellence.tn\/?product=svr-topialyse-baume-protect-400ml"},"modified":"2023-08-15T16:11:12","modified_gmt":"2023-08-15T16:11:12","slug":"svr-topialyse-baume-protect-400ml","status":"publish","type":"product","link":"https:\/\/para-sanita.fidsexcellence.tn\/?product=svr-topialyse-baume-protect-400ml","title":{"rendered":"Svr Topialyse Baume Protect+, 400ml"},"content":{"rendered":"<p>Apaise, r\u00e9pare et prot\u00e8ge toutes les peaux \u00e0 tendance autopiques des agresseurs ext\u00e9rieurs (acariens, pollution\u2026).<\/p>\n","protected":false},"excerpt":{"rendered":"<p>Description<br \/>\nCe produit b\u00e9n\u00e9ficie dune texture enrichie en phospholipides pour une grande affinit\u00e9 avec la peau et une meilleure disponibilit\u00e9 des actifs. Texture gain de temps, ultra-fondante pour un habillage facile. Application express sans fini gras. Odeur d\u00e9licate. Ce baume relipide, nourrit et restaure la barri\u00e8re cutan\u00e9e.<\/p>\n<p>Conseils d\u2019utilisation<br \/>\nAppliquer sur l\u2019ensemble du visage et\/ou du corps pr\u00e9alablement nettoy\u00e9 avec Topialyse Cr\u00e8me Lavante, en insistant sur les zones tr\u00e8s s\u00e8ches et irrit\u00e9es. A utiliser en cas de crises de d\u00e9mangeaisons, d\u2019irritations et de s\u00e9cheresses s\u00e9v\u00e8res. En relais, appliquer Topialyse Cr\u00e8me Emolliente.<\/p>\n<p>Composition<br \/>\nTopialyse baume intensif est compos de : 46% Phase molliente, 10% huile de coton, 6% huile de coco, Beurre de Babassu, Phospholipide, Glycrinevgtale, 4% Niacinamide et Sucre pr\u00e9biotique double action.<\/p>\n<p>SVR TOPIALYSE BAUME INTENSIF, 400mlSoin relipidant anti-irritations, s\u00e9cheresse et grattage s\u00e9v\u00e8res peaux s\u00e8ches atopiques. Le premier baume anti-r\u00e9cidive qui soulage durablement les peaux atopiques.<\/p>\n","protected":false},"featured_media":11684,"comment_status":"closed","ping_status":"closed","template":"","meta":[],"pwb-brand":[240],"product_cat":[201],"product_tag":[],"class_list":{"0":"post-11682","1":"product","2":"type-product","3":"status-publish","4":"has-post-thumbnail","6":"pwb-brand-svr","7":"product_cat-corps","9":"first","10":"instock","11":"purchasable","12":"product-type-simple"},"acf":[],"yoast_head":"<!-- This site is optimized with the Yoast SEO plugin v20.13 - https:\/\/yoast.com\/wordpress\/plugins\/seo\/ -->\n<title>Svr Topialyse Baume Protect+, 400ml - Para-Dis<\/title>\n<meta name=\"description\" content=\"Apaise, r\u00e9pare et prot\u00e8ge toutes les peaux \u00e0 tendance autopiques des agresseurs ext\u00e9rieurs (acariens, pollution\u2026).\" \/>\n<meta name=\"robots\" content=\"index, follow, max-snippet:-1, max-image-preview:large, max-video-preview:-1\" \/>\n<link rel=\"canonical\" href=\"https:\/\/para-sanita.fidsexcellence.tn\/?product=svr-topialyse-baume-protect-400ml\" \/>\n<meta property=\"og:locale\" content=\"fr_FR\" \/>\n<meta property=\"og:type\" content=\"article\" \/>\n<meta property=\"og:title\" content=\"Svr Topialyse Baume Protect+, 400ml - Para-Dis\" \/>\n<meta property=\"og:description\" content=\"Apaise, r\u00e9pare et prot\u00e8ge toutes les peaux \u00e0 tendance autopiques des agresseurs ext\u00e9rieurs (acariens, pollution\u2026).\" \/>\n<meta property=\"og:url\" content=\"https:\/\/para-sanita.fidsexcellence.tn\/?product=svr-topialyse-baume-protect-400ml\" \/>\n<meta property=\"og:site_name\" content=\"Para-Dis\" \/>\n<meta property=\"article:modified_time\" content=\"2023-08-15T16:11:12+00:00\" \/>\n<meta property=\"og:image\" content=\"https:\/\/para-sanita.fidsexcellence.tn\/wp-content\/uploads\/2023\/08\/Inoderma-Huile-Sublime-Gold-28.png\" \/>\n\t<meta property=\"og:image:width\" content=\"800\" \/>\n\t<meta property=\"og:image:height\" content=\"800\" \/>\n\t<meta property=\"og:image:type\" content=\"image\/png\" \/>\n<meta name=\"twitter:card\" content=\"summary_large_image\" \/>\n<meta name=\"twitter:label1\" content=\"Dur\u00e9e de lecture estim\u00e9e\" \/>\n\t<meta name=\"twitter:data1\" content=\"1 minute\" \/>\n<script type=\"application\/ld+json\" class=\"yoast-schema-graph\">{\"@context\":\"https:\/\/schema.org\",\"@graph\":[{\"@type\":\"WebPage\",\"@id\":\"https:\/\/para-sanita.fidsexcellence.tn\/?product=svr-topialyse-baume-protect-400ml\",\"url\":\"https:\/\/para-sanita.fidsexcellence.tn\/?product=svr-topialyse-baume-protect-400ml\",\"name\":\"Svr Topialyse Baume Protect+, 400ml - Para-Dis\",\"isPartOf\":{\"@id\":\"https:\/\/para-sanita.fidsexcellence.tn\/#website\"},\"datePublished\":\"2023-08-14T12:02:54+00:00\",\"dateModified\":\"2023-08-15T16:11:12+00:00\",\"description\":\"Apaise, r\u00e9pare et prot\u00e8ge toutes les peaux \u00e0 tendance autopiques des agresseurs ext\u00e9rieurs (acariens, pollution\u2026).\",\"breadcrumb\":{\"@id\":\"https:\/\/para-sanita.fidsexcellence.tn\/?product=svr-topialyse-baume-protect-400ml#breadcrumb\"},\"inLanguage\":\"fr-FR\",\"potentialAction\":[{\"@type\":\"ReadAction\",\"target\":[\"https:\/\/para-sanita.fidsexcellence.tn\/?product=svr-topialyse-baume-protect-400ml\"]}]},{\"@type\":\"BreadcrumbList\",\"@id\":\"https:\/\/para-sanita.fidsexcellence.tn\/?product=svr-topialyse-baume-protect-400ml#breadcrumb\",\"itemListElement\":[{\"@type\":\"ListItem\",\"position\":1,\"name\":\"Accueil\",\"item\":\"https:\/\/para-sanita.fidsexcellence.tn\/\"},{\"@type\":\"ListItem\",\"position\":2,\"name\":\"Shop\",\"item\":\"https:\/\/para-sanita.fidsexcellence.tn\/?page_id=3853\"},{\"@type\":\"ListItem\",\"position\":3,\"name\":\"Svr Topialyse Baume Protect+, 400ml\"}]},{\"@type\":\"WebSite\",\"@id\":\"https:\/\/para-sanita.fidsexcellence.tn\/#website\",\"url\":\"https:\/\/para-sanita.fidsexcellence.tn\/\",\"name\":\"Para-Dis\",\"description\":\"\",\"publisher\":{\"@id\":\"https:\/\/para-sanita.fidsexcellence.tn\/#organization\"},\"potentialAction\":[{\"@type\":\"SearchAction\",\"target\":{\"@type\":\"EntryPoint\",\"urlTemplate\":\"https:\/\/para-sanita.fidsexcellence.tn\/?s={search_term_string}\"},\"query-input\":\"required name=search_term_string\"}],\"inLanguage\":\"fr-FR\"},{\"@type\":\"Organization\",\"@id\":\"https:\/\/para-sanita.fidsexcellence.tn\/#organization\",\"name\":\"Para-Dis\",\"url\":\"https:\/\/para-sanita.fidsexcellence.tn\/\",\"logo\":{\"@type\":\"ImageObject\",\"inLanguage\":\"fr-FR\",\"@id\":\"https:\/\/para-sanita.fidsexcellence.tn\/#\/schema\/logo\/image\/\",\"url\":\"https:\/\/para-sanita.fidsexcellence.tn\/wp-content\/uploads\/2025\/03\/cropped-logo-1.png\",\"contentUrl\":\"https:\/\/para-sanita.fidsexcellence.tn\/wp-content\/uploads\/2025\/03\/cropped-logo-1.png\",\"width\":502,\"height\":167,\"caption\":\"Para-Dis\"},\"image\":{\"@id\":\"https:\/\/para-sanita.fidsexcellence.tn\/#\/schema\/logo\/image\/\"}}]}<\/script>\n<!-- \/ Yoast SEO plugin. -->","yoast_head_json":{"title":"Svr Topialyse Baume Protect+, 400ml - Para-Dis","description":"Apaise, r\u00e9pare et prot\u00e8ge toutes les peaux \u00e0 tendance autopiques des agresseurs ext\u00e9rieurs (acariens, pollution\u2026).","robots":{"index":"index","follow":"follow","max-snippet":"max-snippet:-1","max-image-preview":"max-image-preview:large","max-video-preview":"max-video-preview:-1"},"canonical":"https:\/\/para-sanita.fidsexcellence.tn\/?product=svr-topialyse-baume-protect-400ml","og_locale":"fr_FR","og_type":"article","og_title":"Svr Topialyse Baume Protect+, 400ml - Para-Dis","og_description":"Apaise, r\u00e9pare et prot\u00e8ge toutes les peaux \u00e0 tendance autopiques des agresseurs ext\u00e9rieurs (acariens, pollution\u2026).","og_url":"https:\/\/para-sanita.fidsexcellence.tn\/?product=svr-topialyse-baume-protect-400ml","og_site_name":"Para-Dis","article_modified_time":"2023-08-15T16:11:12+00:00","og_image":[{"width":800,"height":800,"url":"https:\/\/para-sanita.fidsexcellence.tn\/wp-content\/uploads\/2023\/08\/Inoderma-Huile-Sublime-Gold-28.png","type":"image\/png"}],"twitter_card":"summary_large_image","twitter_misc":{"Dur\u00e9e de lecture estim\u00e9e":"1 minute"},"schema":{"@context":"https:\/\/schema.org","@graph":[{"@type":"WebPage","@id":"https:\/\/para-sanita.fidsexcellence.tn\/?product=svr-topialyse-baume-protect-400ml","url":"https:\/\/para-sanita.fidsexcellence.tn\/?product=svr-topialyse-baume-protect-400ml","name":"Svr Topialyse Baume Protect+, 400ml - Para-Dis","isPartOf":{"@id":"https:\/\/para-sanita.fidsexcellence.tn\/#website"},"datePublished":"2023-08-14T12:02:54+00:00","dateModified":"2023-08-15T16:11:12+00:00","description":"Apaise, r\u00e9pare et prot\u00e8ge toutes les peaux \u00e0 tendance autopiques des agresseurs ext\u00e9rieurs (acariens, pollution\u2026).","breadcrumb":{"@id":"https:\/\/para-sanita.fidsexcellence.tn\/?product=svr-topialyse-baume-protect-400ml#breadcrumb"},"inLanguage":"fr-FR","potentialAction":[{"@type":"ReadAction","target":["https:\/\/para-sanita.fidsexcellence.tn\/?product=svr-topialyse-baume-protect-400ml"]}]},{"@type":"BreadcrumbList","@id":"https:\/\/para-sanita.fidsexcellence.tn\/?product=svr-topialyse-baume-protect-400ml#breadcrumb","itemListElement":[{"@type":"ListItem","position":1,"name":"Accueil","item":"https:\/\/para-sanita.fidsexcellence.tn\/"},{"@type":"ListItem","position":2,"name":"Shop","item":"https:\/\/para-sanita.fidsexcellence.tn\/?page_id=3853"},{"@type":"ListItem","position":3,"name":"Svr Topialyse Baume Protect+, 400ml"}]},{"@type":"WebSite","@id":"https:\/\/para-sanita.fidsexcellence.tn\/#website","url":"https:\/\/para-sanita.fidsexcellence.tn\/","name":"Para-Dis","description":"","publisher":{"@id":"https:\/\/para-sanita.fidsexcellence.tn\/#organization"},"potentialAction":[{"@type":"SearchAction","target":{"@type":"EntryPoint","urlTemplate":"https:\/\/para-sanita.fidsexcellence.tn\/?s={search_term_string}"},"query-input":"required name=search_term_string"}],"inLanguage":"fr-FR"},{"@type":"Organization","@id":"https:\/\/para-sanita.fidsexcellence.tn\/#organization","name":"Para-Dis","url":"https:\/\/para-sanita.fidsexcellence.tn\/","logo":{"@type":"ImageObject","inLanguage":"fr-FR","@id":"https:\/\/para-sanita.fidsexcellence.tn\/#\/schema\/logo\/image\/","url":"https:\/\/para-sanita.fidsexcellence.tn\/wp-content\/uploads\/2025\/03\/cropped-logo-1.png","contentUrl":"https:\/\/para-sanita.fidsexcellence.tn\/wp-content\/uploads\/2025\/03\/cropped-logo-1.png","width":502,"height":167,"caption":"Para-Dis"},"image":{"@id":"https:\/\/para-sanita.fidsexcellence.tn\/#\/schema\/logo\/image\/"}}]}},"brands":[{"id":240,"name":"SVR","slug":"svr"}],"_links":{"self":[{"href":"https:\/\/para-sanita.fidsexcellence.tn\/index.php?rest_route=\/wp\/v2\/product\/11682","targetHints":{"allow":["GET"]}}],"collection":[{"href":"https:\/\/para-sanita.fidsexcellence.tn\/index.php?rest_route=\/wp\/v2\/product"}],"about":[{"href":"https:\/\/para-sanita.fidsexcellence.tn\/index.php?rest_route=\/wp\/v2\/types\/product"}],"replies":[{"embeddable":true,"href":"https:\/\/para-sanita.fidsexcellence.tn\/index.php?rest_route=%2Fwp%2Fv2%2Fcomments&post=11682"}],"version-history":[{"count":3,"href":"https:\/\/para-sanita.fidsexcellence.tn\/index.php?rest_route=\/wp\/v2\/product\/11682\/revisions"}],"predecessor-version":[{"id":11719,"href":"https:\/\/para-sanita.fidsexcellence.tn\/index.php?rest_route=\/wp\/v2\/product\/11682\/revisions\/11719"}],"wp:featuredmedia":[{"embeddable":true,"href":"https:\/\/para-sanita.fidsexcellence.tn\/index.php?rest_route=\/wp\/v2\/media\/11684"}],"wp:attachment":[{"href":"https:\/\/para-sanita.fidsexcellence.tn\/index.php?rest_route=%2Fwp%2Fv2%2Fmedia&parent=11682"}],"wp:term":[{"taxonomy":"pwb-brand","embeddable":true,"href":"https:\/\/para-sanita.fidsexcellence.tn\/index.php?rest_route=%2Fwp%2Fv2%2Fpwb-brand&post=11682"},{"taxonomy":"product_cat","embeddable":true,"href":"https:\/\/para-sanita.fidsexcellence.tn\/index.php?rest_route=%2Fwp%2Fv2%2Fproduct_cat&post=11682"},{"taxonomy":"product_tag","embeddable":true,"href":"https:\/\/para-sanita.fidsexcellence.tn\/index.php?rest_route=%2Fwp%2Fv2%2Fproduct_tag&post=11682"}],"curies":[{"name":"wp","href":"https:\/\/api.w.org\/{rel}","templated":true}]}}