{"id":11685,"date":"2023-08-14T12:09:25","date_gmt":"2023-08-14T12:09:25","guid":{"rendered":"https:\/\/para-sanita.fidsexcellence.tn\/?product=filorga-uv-defence-soin-solaire-anti-age-anti-taches-spf50-40ml"},"modified":"2023-08-15T16:14:32","modified_gmt":"2023-08-15T16:14:32","slug":"filorga-uv-defence-soin-solaire-anti-age-anti-taches-spf50-40ml","status":"publish","type":"product","link":"https:\/\/para-sanita.fidsexcellence.tn\/?product=filorga-uv-defence-soin-solaire-anti-age-anti-taches-spf50-40ml","title":{"rendered":"Filorga UV DEFENCE Soin Solaire Anti-\u00e2ge anti-taches SPF50+, 40ml"},"content":{"rendered":"<p>Protecteur solaire puissant contre les UVA et UVB et r\u00e9hydratant profond, anti-\u00e2ge et anti-t\u00e2ches, \u00e0 la texture non-grasse. Id\u00e9al post-acte dermatologique.<br \/>\nContenance: 40ml<\/p>\n","protected":false},"excerpt":{"rendered":"<p>Description<br \/>\nUV DEFENCE des laboratoires FILORGA \u00a0appartient \u00e0\u00a0 la ligne INTERVENTIONNEL, formul\u00e9e sp\u00e9cifiquement pour les \u00e9pidermes fragilis\u00e9s par des actes de m\u00e9decine esth\u00e9tique.Ce soin offre ainsi une tr\u00e8s haute protection solaire : de puissants filtres, associ\u00e9s \u00e0\u00a0 la vitamine E aux propri\u00e9t\u00e9s anti-oxydantes, prot\u00e8gent la peau des UV et des radicaux libres.Un extrait de Houblon r\u00e9gule la synth\u00e8se de m\u00e9lanine et agit sur les taches photo-induites.Enfin, l\u2019association d\u2019acide hyaluronique + NCTF\u00ae + algue brune exerce une action r\u00e9g\u00e9n\u00e9rante sur les tissus \u00e9pidermiques, en lissant la surface de la peau, tout en la r\u00e9hydratant en profondeur.Sa texture non grasse en fait un soin id\u00e9al au quotidien, pour prot\u00e9ger les zones fragiles, ou en cas d\u2019exposition solaire.<\/p>\n<p>Utilisation<br \/>\nEn application quotidienne ou lors des expositions solaires, sa texture fondante et facile \u00e0\u00a0 appliquer laisse un fini non collant, non gras sur la peau. \u00a0Avant l\u2019exposition, appliquer une dose suffisante pour bien couvrir la zone expos\u00e9e. La r\u00e9duction de cette quantit\u00e9 diminue le niveau de protection. \u00a0Renouveler l\u2019application fr\u00e9quemment surtout apr\u00e8s le bain, en cas de sudation ou apr\u00e8s s\u2019\u00eatre essuy\u00e9. Meme bien prot\u00e9g\u00e9, \u00e9viter l\u2019exposition solaire aux heures d\u2019ensoleillement maximum. Ne pas exposer les b\u00e9b\u00e9s et les jeunes enfants directement au soleil. Id\u00e9al \u00e9galement pour prot\u00e9ger les peaux sensibilis\u00e9es apr\u00e8s un acte esth\u00e9tique (injections, peelings, laser).<\/p>\n<p>Composition: Aqua (Water), Caprylic\/Capric Triglyceride, Homosalate, C12-15 Alkyl Benzoate, Methylene Bis-Benzotriazolyl Tetramethylbutylphenol (nano), Bis-Ethylhexylphenol Methoxyphenyl Triazine, Glycerin, Hydroxypropyl Starch Phosphate,Phenylbenzimidazole Sulfonic Acid, Butyl Methoxydibenzoylmethane, Potassium Cetyl Phosphate, Ethylhexyl Triazone, Phenoxyethanol, Decyl Glucoside, Parfum, Dimethicone, Disodium EDTA, Sucrose Palmitate, Sodium Hydroxide, Tocopherol, helianthus Annuus (Sunflower) Sprout Extract, Xanthan Gum, Glyceryl Linoleate, Laminaria Ochroleuca Extract, Prunus Amygdalus Dulcis (Sweet Almond) Oil, Sodium Chloride, Propylene Glycol, Acrylates\/C10-30 Alkyl Acrylate Crosspolymer, Sodium Hyaluronate, Glucose, Methylisothiazolinone, Citric Acid, Humulus Lupus (Hops) Strobile, Lecithin, Potassium Chloride, Potassium Sorbate, Calcium Chloride, Magnesium Sulfate, Glutamine, Sodium Phosphate, Sodium Acetate, LysineInfo produit<\/p>\n<p>Conditionnement Tube<\/p>\n<p>Filorga UV DEFENCE Soin Solaire Anti-age anti-taches SPF50+, 40mlFILORGA UV DEFENCE: Protecteur \u00a0solaire \u00a0puissant contre les UVA et UVB et \u00a0r\u00e9hydratant \u00a0profond, \u00a0anti-age et anti-taches, \u00e0\u00a0 la texture non-grasse. Id\u00e9al post-acte dermatologique.<\/p>\n","protected":false},"featured_media":11687,"comment_status":"closed","ping_status":"closed","template":"","meta":[],"pwb-brand":[276],"product_cat":[195,194],"product_tag":[],"class_list":{"0":"post-11685","1":"product","2":"type-product","3":"status-publish","4":"has-post-thumbnail","6":"pwb-brand-filorga","7":"product_cat-cremes-solaires","8":"product_cat-solaire","10":"first","11":"instock","12":"purchasable","13":"product-type-simple"},"acf":[],"yoast_head":"<!-- This site is optimized with the Yoast SEO plugin v20.13 - https:\/\/yoast.com\/wordpress\/plugins\/seo\/ -->\n<title>Filorga UV DEFENCE Soin Solaire Anti-\u00e2ge anti-taches SPF50+, 40ml - Para-Dis<\/title>\n<meta name=\"description\" content=\"Protecteur solaire puissant contre les UVA et UVB et r\u00e9hydratant profond, anti-\u00e2ge et anti-t\u00e2ches, \u00e0 la texture non-grasse. Id\u00e9al post-acte dermatologique.Contenance: 40ml\" \/>\n<meta name=\"robots\" content=\"index, follow, max-snippet:-1, max-image-preview:large, max-video-preview:-1\" \/>\n<link rel=\"canonical\" href=\"https:\/\/para-sanita.fidsexcellence.tn\/?product=filorga-uv-defence-soin-solaire-anti-age-anti-taches-spf50-40ml\" \/>\n<meta property=\"og:locale\" content=\"fr_FR\" \/>\n<meta property=\"og:type\" content=\"article\" \/>\n<meta property=\"og:title\" content=\"Filorga UV DEFENCE Soin Solaire Anti-\u00e2ge anti-taches SPF50+, 40ml - Para-Dis\" \/>\n<meta property=\"og:description\" content=\"Protecteur solaire puissant contre les UVA et UVB et r\u00e9hydratant profond, anti-\u00e2ge et anti-t\u00e2ches, \u00e0 la texture non-grasse. Id\u00e9al post-acte dermatologique.Contenance: 40ml\" \/>\n<meta property=\"og:url\" content=\"https:\/\/para-sanita.fidsexcellence.tn\/?product=filorga-uv-defence-soin-solaire-anti-age-anti-taches-spf50-40ml\" \/>\n<meta property=\"og:site_name\" content=\"Para-Dis\" \/>\n<meta property=\"article:modified_time\" content=\"2023-08-15T16:14:32+00:00\" \/>\n<meta property=\"og:image\" content=\"https:\/\/para-sanita.fidsexcellence.tn\/wp-content\/uploads\/2023\/08\/filorga-uv-defence-soin-solaire-anti-age-anti-taches-spf50-40ml-1.jpg\" \/>\n\t<meta property=\"og:image:width\" content=\"342\" \/>\n\t<meta property=\"og:image:height\" content=\"342\" \/>\n\t<meta property=\"og:image:type\" content=\"image\/jpeg\" \/>\n<meta name=\"twitter:card\" content=\"summary_large_image\" \/>\n<meta name=\"twitter:label1\" content=\"Dur\u00e9e de lecture estim\u00e9e\" \/>\n\t<meta name=\"twitter:data1\" content=\"1 minute\" \/>\n<script type=\"application\/ld+json\" class=\"yoast-schema-graph\">{\"@context\":\"https:\/\/schema.org\",\"@graph\":[{\"@type\":\"WebPage\",\"@id\":\"https:\/\/para-sanita.fidsexcellence.tn\/?product=filorga-uv-defence-soin-solaire-anti-age-anti-taches-spf50-40ml\",\"url\":\"https:\/\/para-sanita.fidsexcellence.tn\/?product=filorga-uv-defence-soin-solaire-anti-age-anti-taches-spf50-40ml\",\"name\":\"Filorga UV DEFENCE Soin Solaire Anti-\u00e2ge anti-taches SPF50+, 40ml - Para-Dis\",\"isPartOf\":{\"@id\":\"https:\/\/para-sanita.fidsexcellence.tn\/#website\"},\"datePublished\":\"2023-08-14T12:09:25+00:00\",\"dateModified\":\"2023-08-15T16:14:32+00:00\",\"description\":\"Protecteur solaire puissant contre les UVA et UVB et r\u00e9hydratant profond, anti-\u00e2ge et anti-t\u00e2ches, \u00e0 la texture non-grasse. Id\u00e9al post-acte dermatologique.Contenance: 40ml\",\"breadcrumb\":{\"@id\":\"https:\/\/para-sanita.fidsexcellence.tn\/?product=filorga-uv-defence-soin-solaire-anti-age-anti-taches-spf50-40ml#breadcrumb\"},\"inLanguage\":\"fr-FR\",\"potentialAction\":[{\"@type\":\"ReadAction\",\"target\":[\"https:\/\/para-sanita.fidsexcellence.tn\/?product=filorga-uv-defence-soin-solaire-anti-age-anti-taches-spf50-40ml\"]}]},{\"@type\":\"BreadcrumbList\",\"@id\":\"https:\/\/para-sanita.fidsexcellence.tn\/?product=filorga-uv-defence-soin-solaire-anti-age-anti-taches-spf50-40ml#breadcrumb\",\"itemListElement\":[{\"@type\":\"ListItem\",\"position\":1,\"name\":\"Accueil\",\"item\":\"https:\/\/para-sanita.fidsexcellence.tn\/\"},{\"@type\":\"ListItem\",\"position\":2,\"name\":\"Shop\",\"item\":\"https:\/\/para-sanita.fidsexcellence.tn\/?page_id=3853\"},{\"@type\":\"ListItem\",\"position\":3,\"name\":\"Filorga UV DEFENCE Soin Solaire Anti-\u00e2ge anti-taches SPF50+, 40ml\"}]},{\"@type\":\"WebSite\",\"@id\":\"https:\/\/para-sanita.fidsexcellence.tn\/#website\",\"url\":\"https:\/\/para-sanita.fidsexcellence.tn\/\",\"name\":\"Para-Dis\",\"description\":\"\",\"publisher\":{\"@id\":\"https:\/\/para-sanita.fidsexcellence.tn\/#organization\"},\"potentialAction\":[{\"@type\":\"SearchAction\",\"target\":{\"@type\":\"EntryPoint\",\"urlTemplate\":\"https:\/\/para-sanita.fidsexcellence.tn\/?s={search_term_string}\"},\"query-input\":\"required name=search_term_string\"}],\"inLanguage\":\"fr-FR\"},{\"@type\":\"Organization\",\"@id\":\"https:\/\/para-sanita.fidsexcellence.tn\/#organization\",\"name\":\"Para-Dis\",\"url\":\"https:\/\/para-sanita.fidsexcellence.tn\/\",\"logo\":{\"@type\":\"ImageObject\",\"inLanguage\":\"fr-FR\",\"@id\":\"https:\/\/para-sanita.fidsexcellence.tn\/#\/schema\/logo\/image\/\",\"url\":\"https:\/\/para-sanita.fidsexcellence.tn\/wp-content\/uploads\/2025\/03\/cropped-logo-1.png\",\"contentUrl\":\"https:\/\/para-sanita.fidsexcellence.tn\/wp-content\/uploads\/2025\/03\/cropped-logo-1.png\",\"width\":502,\"height\":167,\"caption\":\"Para-Dis\"},\"image\":{\"@id\":\"https:\/\/para-sanita.fidsexcellence.tn\/#\/schema\/logo\/image\/\"}}]}<\/script>\n<!-- \/ Yoast SEO plugin. -->","yoast_head_json":{"title":"Filorga UV DEFENCE Soin Solaire Anti-\u00e2ge anti-taches SPF50+, 40ml - Para-Dis","description":"Protecteur solaire puissant contre les UVA et UVB et r\u00e9hydratant profond, anti-\u00e2ge et anti-t\u00e2ches, \u00e0 la texture non-grasse. Id\u00e9al post-acte dermatologique.Contenance: 40ml","robots":{"index":"index","follow":"follow","max-snippet":"max-snippet:-1","max-image-preview":"max-image-preview:large","max-video-preview":"max-video-preview:-1"},"canonical":"https:\/\/para-sanita.fidsexcellence.tn\/?product=filorga-uv-defence-soin-solaire-anti-age-anti-taches-spf50-40ml","og_locale":"fr_FR","og_type":"article","og_title":"Filorga UV DEFENCE Soin Solaire Anti-\u00e2ge anti-taches SPF50+, 40ml - Para-Dis","og_description":"Protecteur solaire puissant contre les UVA et UVB et r\u00e9hydratant profond, anti-\u00e2ge et anti-t\u00e2ches, \u00e0 la texture non-grasse. Id\u00e9al post-acte dermatologique.Contenance: 40ml","og_url":"https:\/\/para-sanita.fidsexcellence.tn\/?product=filorga-uv-defence-soin-solaire-anti-age-anti-taches-spf50-40ml","og_site_name":"Para-Dis","article_modified_time":"2023-08-15T16:14:32+00:00","og_image":[{"width":342,"height":342,"url":"https:\/\/para-sanita.fidsexcellence.tn\/wp-content\/uploads\/2023\/08\/filorga-uv-defence-soin-solaire-anti-age-anti-taches-spf50-40ml-1.jpg","type":"image\/jpeg"}],"twitter_card":"summary_large_image","twitter_misc":{"Dur\u00e9e de lecture estim\u00e9e":"1 minute"},"schema":{"@context":"https:\/\/schema.org","@graph":[{"@type":"WebPage","@id":"https:\/\/para-sanita.fidsexcellence.tn\/?product=filorga-uv-defence-soin-solaire-anti-age-anti-taches-spf50-40ml","url":"https:\/\/para-sanita.fidsexcellence.tn\/?product=filorga-uv-defence-soin-solaire-anti-age-anti-taches-spf50-40ml","name":"Filorga UV DEFENCE Soin Solaire Anti-\u00e2ge anti-taches SPF50+, 40ml - Para-Dis","isPartOf":{"@id":"https:\/\/para-sanita.fidsexcellence.tn\/#website"},"datePublished":"2023-08-14T12:09:25+00:00","dateModified":"2023-08-15T16:14:32+00:00","description":"Protecteur solaire puissant contre les UVA et UVB et r\u00e9hydratant profond, anti-\u00e2ge et anti-t\u00e2ches, \u00e0 la texture non-grasse. Id\u00e9al post-acte dermatologique.Contenance: 40ml","breadcrumb":{"@id":"https:\/\/para-sanita.fidsexcellence.tn\/?product=filorga-uv-defence-soin-solaire-anti-age-anti-taches-spf50-40ml#breadcrumb"},"inLanguage":"fr-FR","potentialAction":[{"@type":"ReadAction","target":["https:\/\/para-sanita.fidsexcellence.tn\/?product=filorga-uv-defence-soin-solaire-anti-age-anti-taches-spf50-40ml"]}]},{"@type":"BreadcrumbList","@id":"https:\/\/para-sanita.fidsexcellence.tn\/?product=filorga-uv-defence-soin-solaire-anti-age-anti-taches-spf50-40ml#breadcrumb","itemListElement":[{"@type":"ListItem","position":1,"name":"Accueil","item":"https:\/\/para-sanita.fidsexcellence.tn\/"},{"@type":"ListItem","position":2,"name":"Shop","item":"https:\/\/para-sanita.fidsexcellence.tn\/?page_id=3853"},{"@type":"ListItem","position":3,"name":"Filorga UV DEFENCE Soin Solaire Anti-\u00e2ge anti-taches SPF50+, 40ml"}]},{"@type":"WebSite","@id":"https:\/\/para-sanita.fidsexcellence.tn\/#website","url":"https:\/\/para-sanita.fidsexcellence.tn\/","name":"Para-Dis","description":"","publisher":{"@id":"https:\/\/para-sanita.fidsexcellence.tn\/#organization"},"potentialAction":[{"@type":"SearchAction","target":{"@type":"EntryPoint","urlTemplate":"https:\/\/para-sanita.fidsexcellence.tn\/?s={search_term_string}"},"query-input":"required name=search_term_string"}],"inLanguage":"fr-FR"},{"@type":"Organization","@id":"https:\/\/para-sanita.fidsexcellence.tn\/#organization","name":"Para-Dis","url":"https:\/\/para-sanita.fidsexcellence.tn\/","logo":{"@type":"ImageObject","inLanguage":"fr-FR","@id":"https:\/\/para-sanita.fidsexcellence.tn\/#\/schema\/logo\/image\/","url":"https:\/\/para-sanita.fidsexcellence.tn\/wp-content\/uploads\/2025\/03\/cropped-logo-1.png","contentUrl":"https:\/\/para-sanita.fidsexcellence.tn\/wp-content\/uploads\/2025\/03\/cropped-logo-1.png","width":502,"height":167,"caption":"Para-Dis"},"image":{"@id":"https:\/\/para-sanita.fidsexcellence.tn\/#\/schema\/logo\/image\/"}}]}},"brands":[{"id":276,"name":"Filorga","slug":"filorga"}],"_links":{"self":[{"href":"https:\/\/para-sanita.fidsexcellence.tn\/index.php?rest_route=\/wp\/v2\/product\/11685","targetHints":{"allow":["GET"]}}],"collection":[{"href":"https:\/\/para-sanita.fidsexcellence.tn\/index.php?rest_route=\/wp\/v2\/product"}],"about":[{"href":"https:\/\/para-sanita.fidsexcellence.tn\/index.php?rest_route=\/wp\/v2\/types\/product"}],"replies":[{"embeddable":true,"href":"https:\/\/para-sanita.fidsexcellence.tn\/index.php?rest_route=%2Fwp%2Fv2%2Fcomments&post=11685"}],"version-history":[{"count":3,"href":"https:\/\/para-sanita.fidsexcellence.tn\/index.php?rest_route=\/wp\/v2\/product\/11685\/revisions"}],"predecessor-version":[{"id":11722,"href":"https:\/\/para-sanita.fidsexcellence.tn\/index.php?rest_route=\/wp\/v2\/product\/11685\/revisions\/11722"}],"wp:featuredmedia":[{"embeddable":true,"href":"https:\/\/para-sanita.fidsexcellence.tn\/index.php?rest_route=\/wp\/v2\/media\/11687"}],"wp:attachment":[{"href":"https:\/\/para-sanita.fidsexcellence.tn\/index.php?rest_route=%2Fwp%2Fv2%2Fmedia&parent=11685"}],"wp:term":[{"taxonomy":"pwb-brand","embeddable":true,"href":"https:\/\/para-sanita.fidsexcellence.tn\/index.php?rest_route=%2Fwp%2Fv2%2Fpwb-brand&post=11685"},{"taxonomy":"product_cat","embeddable":true,"href":"https:\/\/para-sanita.fidsexcellence.tn\/index.php?rest_route=%2Fwp%2Fv2%2Fproduct_cat&post=11685"},{"taxonomy":"product_tag","embeddable":true,"href":"https:\/\/para-sanita.fidsexcellence.tn\/index.php?rest_route=%2Fwp%2Fv2%2Fproduct_tag&post=11685"}],"curies":[{"name":"wp","href":"https:\/\/api.w.org\/{rel}","templated":true}]}}