{"id":11691,"date":"2023-08-14T12:15:23","date_gmt":"2023-08-14T12:15:23","guid":{"rendered":"https:\/\/para-sanita.fidsexcellence.tn\/?product=svr-clairial-cc-creme-light-spf50-40ml"},"modified":"2023-08-15T16:17:03","modified_gmt":"2023-08-15T16:17:03","slug":"svr-clairial-cc-creme-light-spf50-40ml","status":"publish","type":"product","link":"https:\/\/para-sanita.fidsexcellence.tn\/?product=svr-clairial-cc-creme-light-spf50-40ml","title":{"rendered":"SVR Clairial CC Cr\u00e8me Light SPF50+, 40ml"},"content":{"rendered":"<p>Correcteur teint\u00e9 unifiant anti-taches<br \/>\nTous types de taches brunes li\u00e9es au soleil, au vieillissement, aux marques d\u2019imperfections<br \/>\nPeaux sensibles<br \/>\nFini mat et non gras<br \/>\nAdultes<br \/>\nVisage et cou.<\/p>\n","protected":false},"excerpt":{"rendered":"<h2><b>DESCRIPTION<\/b><\/h2>\n<ul>\n<li>CLAIRIAL CC Cr\u00e8me se caract\u00e9rise par une double action anti t\u00e2ches et anti UV\u00a0 pour prot\u00e9ger la peau contre les UVA, UVB &amp; lumi\u00e8re visible.<\/li>\n<li>Gr\u00e2ce au complexe d\u00e9pigmentant LUMIWHITE+ et les pigments correcteurs, ce produit rend le teint unifi\u00e9 tout en estompant et r\u00e9duisant les taches brunes.<\/li>\n<li>Ainsi, il couvre les t\u00e2ches et illumine la peau gr\u00e2ce \u00e0 des actifs dermatologiques hautement dos\u00e9s.<\/li>\n<li>Ce produit anti \u00e2ge peut \u00eatre excellent pour les peaux qui pr\u00e9sentent les signes de vieillissement.<\/li>\n<li>Avec Clairial CC light SPF50, la peau retrouve sa beaut\u00e9, son bonheur et son \u00e9clat.<\/li>\n<li>Sa texture fond imm\u00e9diatement sur la peau avec un fini non gras &amp; non collant.<\/li>\n<li>Son teint est beige universel qui convient \u00e0 toutes les carnations.<\/li>\n<li>CLAIRIAL CC Cr\u00e8me LIGHT SPF50 est sans parfum, sans parab\u00e8ne, non com\u00e9dog\u00e8ne.<\/li>\n<li>Elle est test\u00e9e sous contr\u00f4le dermatologique, elle est hypoallerg\u00e9nique et peut \u00eatre utilis\u00e9 sur tous les types de peaux m\u00eame les plus sensibles.<\/li>\n<li>Conditionnement en Tube.<\/li>\n<\/ul>\n<h2><strong>COMMENT UTILISER SVR CLAIRIAL CC Cr\u00e8me Light SPF50?<\/strong><\/h2>\n<ul>\n<li><strong>ETAPE 1 :<\/strong>\u00a0Appliquez le matin\u00a0de fa\u00e7on uniforme sur le visage et le cou .<\/li>\n<li><strong>ETAPE 2 :<\/strong>\u00a0En cas d\u2019exposition au soleil, r\u00e9novez l\u2019application.<\/li>\n<li><strong>ETAPE 3 :<\/strong>\u00a0Pour des r\u00e9sultats antitaches efficaces, utiliser en compl\u00e9ment les produits de la gamme CLAIRIAL<\/li>\n<\/ul>\n","protected":false},"featured_media":11693,"comment_status":"closed","ping_status":"closed","template":"","meta":[],"pwb-brand":[240],"product_cat":[195,194],"product_tag":[],"class_list":{"0":"post-11691","1":"product","2":"type-product","3":"status-publish","4":"has-post-thumbnail","6":"pwb-brand-svr","7":"product_cat-cremes-solaires","8":"product_cat-solaire","10":"first","11":"instock","12":"purchasable","13":"product-type-simple"},"acf":[],"yoast_head":"<!-- This site is optimized with the Yoast SEO plugin v20.13 - https:\/\/yoast.com\/wordpress\/plugins\/seo\/ -->\n<title>SVR Clairial CC Cr\u00e8me Light SPF50+, 40ml - Para-Dis<\/title>\n<meta name=\"robots\" content=\"index, follow, max-snippet:-1, max-image-preview:large, max-video-preview:-1\" \/>\n<link rel=\"canonical\" href=\"https:\/\/para-sanita.fidsexcellence.tn\/?product=svr-clairial-cc-creme-light-spf50-40ml\" \/>\n<meta property=\"og:locale\" content=\"fr_FR\" \/>\n<meta property=\"og:type\" content=\"article\" \/>\n<meta property=\"og:title\" content=\"SVR Clairial CC Cr\u00e8me Light SPF50+, 40ml - Para-Dis\" \/>\n<meta property=\"og:description\" content=\"DESCRIPTION   CLAIRIAL CC Cr\u00e8me se caract\u00e9rise par une double action anti t\u00e2ches et anti UV\u00a0 pour prot\u00e9ger la peau contre les UVA, UVB &amp; lumi\u00e8re visible.  Gr\u00e2ce au complexe d\u00e9pigmentant LUMIWHITE+ et les pigments correcteurs, ce produit rend le teint unifi\u00e9 tout en estompant et r\u00e9duisant les taches brunes.  Ainsi, il couvre les t\u00e2ches et illumine la peau gr\u00e2ce \u00e0 des actifs dermatologiques hautement dos\u00e9s.  Ce produit anti \u00e2ge peut \u00eatre excellent pour les peaux qui pr\u00e9sentent les signes de vieillissement.  Avec Clairial CC light SPF50, la peau retrouve sa beaut\u00e9, son bonheur et son \u00e9clat.  Sa texture fond imm\u00e9diatement sur la peau avec un fini non gras &amp; non collant.  Son teint est beige universel qui convient \u00e0 toutes les carnations.  CLAIRIAL CC Cr\u00e8me LIGHT SPF50 est sans parfum, sans parab\u00e8ne, non com\u00e9dog\u00e8ne.  Elle est test\u00e9e sous contr\u00f4le dermatologique, elle est hypoallerg\u00e9nique et peut \u00eatre utilis\u00e9 sur tous les types de peaux m\u00eame les plus sensibles.  Conditionnement en Tube.  COMMENT UTILISER SVR CLAIRIAL CC Cr\u00e8me Light SPF50?   ETAPE 1 :\u00a0Appliquez le matin\u00a0de fa\u00e7on uniforme sur le visage et le cou .  ETAPE 2 :\u00a0En cas d\u2019exposition au soleil, r\u00e9novez l\u2019application.  ETAPE 3 :\u00a0Pour des r\u00e9sultats antitaches efficaces, utiliser en compl\u00e9ment les produits de la gamme CLAIRIAL\" \/>\n<meta property=\"og:url\" content=\"https:\/\/para-sanita.fidsexcellence.tn\/?product=svr-clairial-cc-creme-light-spf50-40ml\" \/>\n<meta property=\"og:site_name\" content=\"Para-Dis\" \/>\n<meta property=\"article:modified_time\" content=\"2023-08-15T16:17:03+00:00\" \/>\n<meta property=\"og:image\" content=\"https:\/\/para-sanita.fidsexcellence.tn\/wp-content\/uploads\/2023\/08\/svr-clairial-cc-creme-light-spf50-40ml-3401360315266.jpg\" \/>\n\t<meta property=\"og:image:width\" content=\"800\" \/>\n\t<meta property=\"og:image:height\" content=\"800\" \/>\n\t<meta property=\"og:image:type\" content=\"image\/jpeg\" \/>\n<meta name=\"twitter:card\" content=\"summary_large_image\" \/>\n<meta name=\"twitter:label1\" content=\"Dur\u00e9e de lecture estim\u00e9e\" \/>\n\t<meta name=\"twitter:data1\" content=\"1 minute\" \/>\n<script type=\"application\/ld+json\" class=\"yoast-schema-graph\">{\"@context\":\"https:\/\/schema.org\",\"@graph\":[{\"@type\":\"WebPage\",\"@id\":\"https:\/\/para-sanita.fidsexcellence.tn\/?product=svr-clairial-cc-creme-light-spf50-40ml\",\"url\":\"https:\/\/para-sanita.fidsexcellence.tn\/?product=svr-clairial-cc-creme-light-spf50-40ml\",\"name\":\"SVR Clairial CC Cr\u00e8me Light SPF50+, 40ml - Para-Dis\",\"isPartOf\":{\"@id\":\"https:\/\/para-sanita.fidsexcellence.tn\/#website\"},\"datePublished\":\"2023-08-14T12:15:23+00:00\",\"dateModified\":\"2023-08-15T16:17:03+00:00\",\"breadcrumb\":{\"@id\":\"https:\/\/para-sanita.fidsexcellence.tn\/?product=svr-clairial-cc-creme-light-spf50-40ml#breadcrumb\"},\"inLanguage\":\"fr-FR\",\"potentialAction\":[{\"@type\":\"ReadAction\",\"target\":[\"https:\/\/para-sanita.fidsexcellence.tn\/?product=svr-clairial-cc-creme-light-spf50-40ml\"]}]},{\"@type\":\"BreadcrumbList\",\"@id\":\"https:\/\/para-sanita.fidsexcellence.tn\/?product=svr-clairial-cc-creme-light-spf50-40ml#breadcrumb\",\"itemListElement\":[{\"@type\":\"ListItem\",\"position\":1,\"name\":\"Accueil\",\"item\":\"https:\/\/para-sanita.fidsexcellence.tn\/\"},{\"@type\":\"ListItem\",\"position\":2,\"name\":\"Shop\",\"item\":\"https:\/\/para-sanita.fidsexcellence.tn\/?page_id=3853\"},{\"@type\":\"ListItem\",\"position\":3,\"name\":\"SVR Clairial CC Cr\u00e8me Light SPF50+, 40ml\"}]},{\"@type\":\"WebSite\",\"@id\":\"https:\/\/para-sanita.fidsexcellence.tn\/#website\",\"url\":\"https:\/\/para-sanita.fidsexcellence.tn\/\",\"name\":\"Para-Dis\",\"description\":\"\",\"publisher\":{\"@id\":\"https:\/\/para-sanita.fidsexcellence.tn\/#organization\"},\"potentialAction\":[{\"@type\":\"SearchAction\",\"target\":{\"@type\":\"EntryPoint\",\"urlTemplate\":\"https:\/\/para-sanita.fidsexcellence.tn\/?s={search_term_string}\"},\"query-input\":\"required name=search_term_string\"}],\"inLanguage\":\"fr-FR\"},{\"@type\":\"Organization\",\"@id\":\"https:\/\/para-sanita.fidsexcellence.tn\/#organization\",\"name\":\"Para-Dis\",\"url\":\"https:\/\/para-sanita.fidsexcellence.tn\/\",\"logo\":{\"@type\":\"ImageObject\",\"inLanguage\":\"fr-FR\",\"@id\":\"https:\/\/para-sanita.fidsexcellence.tn\/#\/schema\/logo\/image\/\",\"url\":\"https:\/\/para-sanita.fidsexcellence.tn\/wp-content\/uploads\/2025\/03\/cropped-logo-1.png\",\"contentUrl\":\"https:\/\/para-sanita.fidsexcellence.tn\/wp-content\/uploads\/2025\/03\/cropped-logo-1.png\",\"width\":502,\"height\":167,\"caption\":\"Para-Dis\"},\"image\":{\"@id\":\"https:\/\/para-sanita.fidsexcellence.tn\/#\/schema\/logo\/image\/\"}}]}<\/script>\n<!-- \/ Yoast SEO plugin. -->","yoast_head_json":{"title":"SVR Clairial CC Cr\u00e8me Light SPF50+, 40ml - Para-Dis","robots":{"index":"index","follow":"follow","max-snippet":"max-snippet:-1","max-image-preview":"max-image-preview:large","max-video-preview":"max-video-preview:-1"},"canonical":"https:\/\/para-sanita.fidsexcellence.tn\/?product=svr-clairial-cc-creme-light-spf50-40ml","og_locale":"fr_FR","og_type":"article","og_title":"SVR Clairial CC Cr\u00e8me Light SPF50+, 40ml - Para-Dis","og_description":"DESCRIPTION   CLAIRIAL CC Cr\u00e8me se caract\u00e9rise par une double action anti t\u00e2ches et anti UV\u00a0 pour prot\u00e9ger la peau contre les UVA, UVB &amp; lumi\u00e8re visible.  Gr\u00e2ce au complexe d\u00e9pigmentant LUMIWHITE+ et les pigments correcteurs, ce produit rend le teint unifi\u00e9 tout en estompant et r\u00e9duisant les taches brunes.  Ainsi, il couvre les t\u00e2ches et illumine la peau gr\u00e2ce \u00e0 des actifs dermatologiques hautement dos\u00e9s.  Ce produit anti \u00e2ge peut \u00eatre excellent pour les peaux qui pr\u00e9sentent les signes de vieillissement.  Avec Clairial CC light SPF50, la peau retrouve sa beaut\u00e9, son bonheur et son \u00e9clat.  Sa texture fond imm\u00e9diatement sur la peau avec un fini non gras &amp; non collant.  Son teint est beige universel qui convient \u00e0 toutes les carnations.  CLAIRIAL CC Cr\u00e8me LIGHT SPF50 est sans parfum, sans parab\u00e8ne, non com\u00e9dog\u00e8ne.  Elle est test\u00e9e sous contr\u00f4le dermatologique, elle est hypoallerg\u00e9nique et peut \u00eatre utilis\u00e9 sur tous les types de peaux m\u00eame les plus sensibles.  Conditionnement en Tube.  COMMENT UTILISER SVR CLAIRIAL CC Cr\u00e8me Light SPF50?   ETAPE 1 :\u00a0Appliquez le matin\u00a0de fa\u00e7on uniforme sur le visage et le cou .  ETAPE 2 :\u00a0En cas d\u2019exposition au soleil, r\u00e9novez l\u2019application.  ETAPE 3 :\u00a0Pour des r\u00e9sultats antitaches efficaces, utiliser en compl\u00e9ment les produits de la gamme CLAIRIAL","og_url":"https:\/\/para-sanita.fidsexcellence.tn\/?product=svr-clairial-cc-creme-light-spf50-40ml","og_site_name":"Para-Dis","article_modified_time":"2023-08-15T16:17:03+00:00","og_image":[{"width":800,"height":800,"url":"https:\/\/para-sanita.fidsexcellence.tn\/wp-content\/uploads\/2023\/08\/svr-clairial-cc-creme-light-spf50-40ml-3401360315266.jpg","type":"image\/jpeg"}],"twitter_card":"summary_large_image","twitter_misc":{"Dur\u00e9e de lecture estim\u00e9e":"1 minute"},"schema":{"@context":"https:\/\/schema.org","@graph":[{"@type":"WebPage","@id":"https:\/\/para-sanita.fidsexcellence.tn\/?product=svr-clairial-cc-creme-light-spf50-40ml","url":"https:\/\/para-sanita.fidsexcellence.tn\/?product=svr-clairial-cc-creme-light-spf50-40ml","name":"SVR Clairial CC Cr\u00e8me Light SPF50+, 40ml - Para-Dis","isPartOf":{"@id":"https:\/\/para-sanita.fidsexcellence.tn\/#website"},"datePublished":"2023-08-14T12:15:23+00:00","dateModified":"2023-08-15T16:17:03+00:00","breadcrumb":{"@id":"https:\/\/para-sanita.fidsexcellence.tn\/?product=svr-clairial-cc-creme-light-spf50-40ml#breadcrumb"},"inLanguage":"fr-FR","potentialAction":[{"@type":"ReadAction","target":["https:\/\/para-sanita.fidsexcellence.tn\/?product=svr-clairial-cc-creme-light-spf50-40ml"]}]},{"@type":"BreadcrumbList","@id":"https:\/\/para-sanita.fidsexcellence.tn\/?product=svr-clairial-cc-creme-light-spf50-40ml#breadcrumb","itemListElement":[{"@type":"ListItem","position":1,"name":"Accueil","item":"https:\/\/para-sanita.fidsexcellence.tn\/"},{"@type":"ListItem","position":2,"name":"Shop","item":"https:\/\/para-sanita.fidsexcellence.tn\/?page_id=3853"},{"@type":"ListItem","position":3,"name":"SVR Clairial CC Cr\u00e8me Light SPF50+, 40ml"}]},{"@type":"WebSite","@id":"https:\/\/para-sanita.fidsexcellence.tn\/#website","url":"https:\/\/para-sanita.fidsexcellence.tn\/","name":"Para-Dis","description":"","publisher":{"@id":"https:\/\/para-sanita.fidsexcellence.tn\/#organization"},"potentialAction":[{"@type":"SearchAction","target":{"@type":"EntryPoint","urlTemplate":"https:\/\/para-sanita.fidsexcellence.tn\/?s={search_term_string}"},"query-input":"required name=search_term_string"}],"inLanguage":"fr-FR"},{"@type":"Organization","@id":"https:\/\/para-sanita.fidsexcellence.tn\/#organization","name":"Para-Dis","url":"https:\/\/para-sanita.fidsexcellence.tn\/","logo":{"@type":"ImageObject","inLanguage":"fr-FR","@id":"https:\/\/para-sanita.fidsexcellence.tn\/#\/schema\/logo\/image\/","url":"https:\/\/para-sanita.fidsexcellence.tn\/wp-content\/uploads\/2025\/03\/cropped-logo-1.png","contentUrl":"https:\/\/para-sanita.fidsexcellence.tn\/wp-content\/uploads\/2025\/03\/cropped-logo-1.png","width":502,"height":167,"caption":"Para-Dis"},"image":{"@id":"https:\/\/para-sanita.fidsexcellence.tn\/#\/schema\/logo\/image\/"}}]}},"brands":[{"id":240,"name":"SVR","slug":"svr"}],"_links":{"self":[{"href":"https:\/\/para-sanita.fidsexcellence.tn\/index.php?rest_route=\/wp\/v2\/product\/11691","targetHints":{"allow":["GET"]}}],"collection":[{"href":"https:\/\/para-sanita.fidsexcellence.tn\/index.php?rest_route=\/wp\/v2\/product"}],"about":[{"href":"https:\/\/para-sanita.fidsexcellence.tn\/index.php?rest_route=\/wp\/v2\/types\/product"}],"replies":[{"embeddable":true,"href":"https:\/\/para-sanita.fidsexcellence.tn\/index.php?rest_route=%2Fwp%2Fv2%2Fcomments&post=11691"}],"version-history":[{"count":3,"href":"https:\/\/para-sanita.fidsexcellence.tn\/index.php?rest_route=\/wp\/v2\/product\/11691\/revisions"}],"predecessor-version":[{"id":11725,"href":"https:\/\/para-sanita.fidsexcellence.tn\/index.php?rest_route=\/wp\/v2\/product\/11691\/revisions\/11725"}],"wp:featuredmedia":[{"embeddable":true,"href":"https:\/\/para-sanita.fidsexcellence.tn\/index.php?rest_route=\/wp\/v2\/media\/11693"}],"wp:attachment":[{"href":"https:\/\/para-sanita.fidsexcellence.tn\/index.php?rest_route=%2Fwp%2Fv2%2Fmedia&parent=11691"}],"wp:term":[{"taxonomy":"pwb-brand","embeddable":true,"href":"https:\/\/para-sanita.fidsexcellence.tn\/index.php?rest_route=%2Fwp%2Fv2%2Fpwb-brand&post=11691"},{"taxonomy":"product_cat","embeddable":true,"href":"https:\/\/para-sanita.fidsexcellence.tn\/index.php?rest_route=%2Fwp%2Fv2%2Fproduct_cat&post=11691"},{"taxonomy":"product_tag","embeddable":true,"href":"https:\/\/para-sanita.fidsexcellence.tn\/index.php?rest_route=%2Fwp%2Fv2%2Fproduct_tag&post=11691"}],"curies":[{"name":"wp","href":"https:\/\/api.w.org\/{rel}","templated":true}]}}