{"id":11694,"date":"2023-08-14T12:17:19","date_gmt":"2023-08-14T12:17:19","guid":{"rendered":"https:\/\/para-sanita.fidsexcellence.tn\/?product=svr-sebiaclear-creme-spf50-solaire-matifiante-40ml"},"modified":"2023-08-15T16:18:12","modified_gmt":"2023-08-15T16:18:12","slug":"svr-sebiaclear-creme-spf50-solaire-matifiante-40ml","status":"publish","type":"product","link":"https:\/\/para-sanita.fidsexcellence.tn\/?product=svr-sebiaclear-creme-spf50-solaire-matifiante-40ml","title":{"rendered":"SVR Sebiaclear cr\u00e8me SPF50 solaire matifiante, 40ml"},"content":{"rendered":"<p>Sebiaclear Cr\u00e8me SPF50+ prot\u00e8ge et corrige les peaux grasses \u00e0 imperfections. Matifiante, elle pr\u00e9vient l\u2019effet rebond li\u00e9 \u00e0 l\u2019exposition UV pour \u00e9viter imperfections et marques.<\/p>\n","protected":false},"excerpt":{"rendered":"<div class=\"product__main\">\n<div class=\"product__gallery product__gallery--single\">\n<div class=\"product__gallery-slides\">Pour qui ? Pour quoi ?<\/div>\n<\/div>\n<\/div>\n<div class=\"product__content\">\n<div class=\"product__tab expanded\" data-drawer-container=\"\">\n<div class=\"product__tab-content\" data-drawer-content=\"\">\n<p>Expos\u00e9e au soleil, la peau s\u2019\u00e9paissie, les pores s\u2019obstruent, microkystes et com\u00e9dons se forment.<\/p>\n<p>R\u00e9sultats apr\u00e8s l\u2019exposition, boutons et marques font surface.<\/p>\n<p>Sebiaclear Cr\u00e8me SPF50+ nouvelle formule, 2 en 1, protection solaire et soin : r\u00e9duit imperfections et points noirs, matifie et pr\u00e9vient les marques brunes ou rouges et l\u2019effet rebond li\u00e9s aux UV.<\/p>\n<p>Sa nouvelle texture hydratante 8h p\u00e9n\u00e8tre tr\u00e8s facilement et elle matifie votre peau pour une utilisation id\u00e9ale en soin de jour.<\/p>\n<p><strong>EFFICACIT\u00c9 PROUV\u00c9E SUR PEAUX A TENDANCE ACNEIQUE\u00a0:<br \/>\n<\/strong>D\u00e8s 8h, -37% de s\u00e9bum<\/p>\n<p><strong>R\u00e9sultats mesur\u00e9s en 28 jours\u00a0:<br \/>\n<\/strong>\u2022 Diminue les imperfections (com\u00e9dons + \u00e9l\u00e9ments r\u00e9tentionnels)<br \/>\n\u2022 R\u00e9duit la brillance<\/p>\n<p><strong>Soin + : La cr\u00e8me SEBIACLEAR SPF50+ a \u00e9t\u00e9 reformul\u00e9e pour respecter toujours mieux la peau et la plan\u00e8te :<\/strong><br \/>\n\u2022 Brevet \u00a0Solaire SVR : 4 ann\u00e9es de recherche pour inventer l\u2019association filtrante id\u00e9ale qui d\u00e9livre \u00e0 la fois une tr\u00e8s haute protection solaire dermatologique UVB + UVA + VISIBLE + INFRAROUGES tout en respectant l\u2019environnement marin. Sans compromis sur l\u2019efficacit\u00e9 et la sensorialit\u00e9 !<br \/>\n\u2022 Son nouveau tube au format canule pour une application facile est \u00e9co-responsable. Il est compos\u00e9 \u00e0 50% de plastique recycl\u00e9 et 100% recyclable.<\/p>\n<p>Lorsque la peau pr\u00e9sente des imperfections, on croit souvent que le soleil va les att\u00e9nuer pour laisser place \u00e0 un joli bronzage. Mais au retour des vacances, c\u2019est pire\u00a0: c\u2019est le fameux effet rebond.<\/p>\n<p>Les UV dess\u00e8chent la peau mais stimulent la production de s\u00e9bum. Apr\u00e8s exposition, la peau s\u2019\u00e9paissie et obstrue les pores emp\u00eachant alors le s\u00e9bum de s\u2019\u00e9couler. Les bact\u00e9ries et le s\u00e9bum emprisonn\u00e9s d\u00e9clenchent une inflammation : boutons, points noirs, pores dilat\u00e9s sont de retour<\/p>\n<p>Par ailleurs, il ne faut pas oublier que quelques soit la p\u00e9riode d\u2019exposition, \u00e9t\u00e9 comme hiver, les rayons du soleil aggravent les imperfections et augmentent le risque de marques et taches pigment\u00e9es.<\/p>\n<p>La cr\u00e8me SEBIACLEAR SPF50+ a \u00e9t\u00e9 test\u00e9e sur peaux sensibles \u00e0 tendance acn\u00e9ique et elle est non com\u00e9dog\u00e8ne.<\/p>\n<p>Elle est id\u00e9ale en soin de jour car elle permet de corriger, prot\u00e9ger et hydrater votre peau avec ses actifs dermatologiques \u00e0 haute dose\u00a0:<\/p>\n<p>Nouvelle association de filtres Brevet<sup>(1)<\/sup>\u00a0Solaire SVR : Tr\u00e8s haute protection solaire dermatologique respectueuse de l\u2019environnement marin, prot\u00e8ge de tous les types de rayons, UVB + UVA + VISIBLE + INFRAROUGES,\u00a0 des t\u00e2ches et marques dues aux UV.<\/p>\n<p>Niacinamide (4%)\u00a0+ Acide salicylique\u00a0: R\u00e9gulent le s\u00e9bum, limitent la prolif\u00e9ration bact\u00e9rienne, diminuent les imperfections et lissent le grain de peau.<\/p>\n<p><strong>INGREDIENTS :<\/strong><\/p>\n<p>AQUA\/WATER\/EAU, SILICA, DIETHYLAMINO HYDROXYBENZOYL HEXYL BENZOATE, DIISOPROPYL ADIPATE, ETHYLHEXYL TRIAZONE, BEHENETH-25, ISONONYL ISONONANOATE, NIACINAMIDE, BIS-ETHYLHEXYLOXYPHENOL METHOXYPHENYL TRIAZINE, GLYCERIN, C12-15 ALKYL BENZOATE, C15-19 ALKANE, DIETHYLHEXYL BUTAMIDO TRIAZONE, GLYCERYL STEARATE CITRATE, ACRYLATES\/C12-22 ALKYL METHACRYLATE COPOLYMER, PENTYLENE GLYCOL, BUTYLENE GLYCOL, SALICYLIC ACID, 1,2-HEXANEDIOL, CAPRYLYL GLYCOL, PARFUM (FRAGRANCE), ARGININE, COCO-GLUCOSIDE, XANTHAN GUM, TOCOPHEROL, SODIUM HYDROXIDE, DISODIUM LAURYL SULFOSUCCINATE, GLYCINE SOJA (SOYBEAN) OIL, LECITHIN, SARCOSINE, LEPIDIUM SATIVUM SPROUT EXTRACT<\/p>\n<\/div>\n<\/div>\n<\/div>\n","protected":false},"featured_media":11696,"comment_status":"closed","ping_status":"closed","template":"","meta":[],"pwb-brand":[240],"product_cat":[195,194],"product_tag":[],"class_list":{"0":"post-11694","1":"product","2":"type-product","3":"status-publish","4":"has-post-thumbnail","6":"pwb-brand-svr","7":"product_cat-cremes-solaires","8":"product_cat-solaire","10":"first","11":"instock","12":"purchasable","13":"product-type-simple"},"acf":[],"yoast_head":"<!-- This site is optimized with the Yoast SEO plugin v20.13 - https:\/\/yoast.com\/wordpress\/plugins\/seo\/ -->\n<title>SVR Sebiaclear cr\u00e8me SPF50 solaire matifiante, 40ml - Para-Dis<\/title>\n<meta name=\"description\" content=\"Sebiaclear Cr\u00e8me SPF50+ prot\u00e8ge et corrige les peaux grasses \u00e0 imperfections. Matifiante, elle pr\u00e9vient l\u2019effet rebond li\u00e9 \u00e0 l\u2019exposition UV pour \u00e9viter imperfections et marques.\" \/>\n<meta name=\"robots\" content=\"index, follow, max-snippet:-1, max-image-preview:large, max-video-preview:-1\" \/>\n<link rel=\"canonical\" href=\"https:\/\/para-sanita.fidsexcellence.tn\/?product=svr-sebiaclear-creme-spf50-solaire-matifiante-40ml\" \/>\n<meta property=\"og:locale\" content=\"fr_FR\" \/>\n<meta property=\"og:type\" content=\"article\" \/>\n<meta property=\"og:title\" content=\"SVR Sebiaclear cr\u00e8me SPF50 solaire matifiante, 40ml - Para-Dis\" \/>\n<meta property=\"og:description\" content=\"Sebiaclear Cr\u00e8me SPF50+ prot\u00e8ge et corrige les peaux grasses \u00e0 imperfections. Matifiante, elle pr\u00e9vient l\u2019effet rebond li\u00e9 \u00e0 l\u2019exposition UV pour \u00e9viter imperfections et marques.\" \/>\n<meta property=\"og:url\" content=\"https:\/\/para-sanita.fidsexcellence.tn\/?product=svr-sebiaclear-creme-spf50-solaire-matifiante-40ml\" \/>\n<meta property=\"og:site_name\" content=\"Para-Dis\" \/>\n<meta property=\"article:modified_time\" content=\"2023-08-15T16:18:12+00:00\" \/>\n<meta property=\"og:image\" content=\"https:\/\/para-sanita.fidsexcellence.tn\/wp-content\/uploads\/2023\/08\/Sebiaclear_SPF50_2022_x3000.webp\" \/>\n\t<meta property=\"og:image:width\" content=\"2000\" \/>\n\t<meta property=\"og:image:height\" content=\"2000\" \/>\n\t<meta property=\"og:image:type\" content=\"image\/webp\" \/>\n<meta name=\"twitter:card\" content=\"summary_large_image\" \/>\n<meta name=\"twitter:label1\" content=\"Dur\u00e9e de lecture estim\u00e9e\" \/>\n\t<meta name=\"twitter:data1\" content=\"1 minute\" \/>\n<script type=\"application\/ld+json\" class=\"yoast-schema-graph\">{\"@context\":\"https:\/\/schema.org\",\"@graph\":[{\"@type\":\"WebPage\",\"@id\":\"https:\/\/para-sanita.fidsexcellence.tn\/?product=svr-sebiaclear-creme-spf50-solaire-matifiante-40ml\",\"url\":\"https:\/\/para-sanita.fidsexcellence.tn\/?product=svr-sebiaclear-creme-spf50-solaire-matifiante-40ml\",\"name\":\"SVR Sebiaclear cr\u00e8me SPF50 solaire matifiante, 40ml - Para-Dis\",\"isPartOf\":{\"@id\":\"https:\/\/para-sanita.fidsexcellence.tn\/#website\"},\"datePublished\":\"2023-08-14T12:17:19+00:00\",\"dateModified\":\"2023-08-15T16:18:12+00:00\",\"description\":\"Sebiaclear Cr\u00e8me SPF50+ prot\u00e8ge et corrige les peaux grasses \u00e0 imperfections. Matifiante, elle pr\u00e9vient l\u2019effet rebond li\u00e9 \u00e0 l\u2019exposition UV pour \u00e9viter imperfections et marques.\",\"breadcrumb\":{\"@id\":\"https:\/\/para-sanita.fidsexcellence.tn\/?product=svr-sebiaclear-creme-spf50-solaire-matifiante-40ml#breadcrumb\"},\"inLanguage\":\"fr-FR\",\"potentialAction\":[{\"@type\":\"ReadAction\",\"target\":[\"https:\/\/para-sanita.fidsexcellence.tn\/?product=svr-sebiaclear-creme-spf50-solaire-matifiante-40ml\"]}]},{\"@type\":\"BreadcrumbList\",\"@id\":\"https:\/\/para-sanita.fidsexcellence.tn\/?product=svr-sebiaclear-creme-spf50-solaire-matifiante-40ml#breadcrumb\",\"itemListElement\":[{\"@type\":\"ListItem\",\"position\":1,\"name\":\"Accueil\",\"item\":\"https:\/\/para-sanita.fidsexcellence.tn\/\"},{\"@type\":\"ListItem\",\"position\":2,\"name\":\"Shop\",\"item\":\"https:\/\/para-sanita.fidsexcellence.tn\/?page_id=3853\"},{\"@type\":\"ListItem\",\"position\":3,\"name\":\"SVR Sebiaclear cr\u00e8me SPF50 solaire matifiante, 40ml\"}]},{\"@type\":\"WebSite\",\"@id\":\"https:\/\/para-sanita.fidsexcellence.tn\/#website\",\"url\":\"https:\/\/para-sanita.fidsexcellence.tn\/\",\"name\":\"Para-Dis\",\"description\":\"\",\"publisher\":{\"@id\":\"https:\/\/para-sanita.fidsexcellence.tn\/#organization\"},\"potentialAction\":[{\"@type\":\"SearchAction\",\"target\":{\"@type\":\"EntryPoint\",\"urlTemplate\":\"https:\/\/para-sanita.fidsexcellence.tn\/?s={search_term_string}\"},\"query-input\":\"required name=search_term_string\"}],\"inLanguage\":\"fr-FR\"},{\"@type\":\"Organization\",\"@id\":\"https:\/\/para-sanita.fidsexcellence.tn\/#organization\",\"name\":\"Para-Dis\",\"url\":\"https:\/\/para-sanita.fidsexcellence.tn\/\",\"logo\":{\"@type\":\"ImageObject\",\"inLanguage\":\"fr-FR\",\"@id\":\"https:\/\/para-sanita.fidsexcellence.tn\/#\/schema\/logo\/image\/\",\"url\":\"https:\/\/para-sanita.fidsexcellence.tn\/wp-content\/uploads\/2025\/03\/cropped-logo-1.png\",\"contentUrl\":\"https:\/\/para-sanita.fidsexcellence.tn\/wp-content\/uploads\/2025\/03\/cropped-logo-1.png\",\"width\":502,\"height\":167,\"caption\":\"Para-Dis\"},\"image\":{\"@id\":\"https:\/\/para-sanita.fidsexcellence.tn\/#\/schema\/logo\/image\/\"}}]}<\/script>\n<!-- \/ Yoast SEO plugin. -->","yoast_head_json":{"title":"SVR Sebiaclear cr\u00e8me SPF50 solaire matifiante, 40ml - Para-Dis","description":"Sebiaclear Cr\u00e8me SPF50+ prot\u00e8ge et corrige les peaux grasses \u00e0 imperfections. Matifiante, elle pr\u00e9vient l\u2019effet rebond li\u00e9 \u00e0 l\u2019exposition UV pour \u00e9viter imperfections et marques.","robots":{"index":"index","follow":"follow","max-snippet":"max-snippet:-1","max-image-preview":"max-image-preview:large","max-video-preview":"max-video-preview:-1"},"canonical":"https:\/\/para-sanita.fidsexcellence.tn\/?product=svr-sebiaclear-creme-spf50-solaire-matifiante-40ml","og_locale":"fr_FR","og_type":"article","og_title":"SVR Sebiaclear cr\u00e8me SPF50 solaire matifiante, 40ml - Para-Dis","og_description":"Sebiaclear Cr\u00e8me SPF50+ prot\u00e8ge et corrige les peaux grasses \u00e0 imperfections. Matifiante, elle pr\u00e9vient l\u2019effet rebond li\u00e9 \u00e0 l\u2019exposition UV pour \u00e9viter imperfections et marques.","og_url":"https:\/\/para-sanita.fidsexcellence.tn\/?product=svr-sebiaclear-creme-spf50-solaire-matifiante-40ml","og_site_name":"Para-Dis","article_modified_time":"2023-08-15T16:18:12+00:00","og_image":[{"width":2000,"height":2000,"url":"https:\/\/para-sanita.fidsexcellence.tn\/wp-content\/uploads\/2023\/08\/Sebiaclear_SPF50_2022_x3000.webp","type":"image\/webp"}],"twitter_card":"summary_large_image","twitter_misc":{"Dur\u00e9e de lecture estim\u00e9e":"1 minute"},"schema":{"@context":"https:\/\/schema.org","@graph":[{"@type":"WebPage","@id":"https:\/\/para-sanita.fidsexcellence.tn\/?product=svr-sebiaclear-creme-spf50-solaire-matifiante-40ml","url":"https:\/\/para-sanita.fidsexcellence.tn\/?product=svr-sebiaclear-creme-spf50-solaire-matifiante-40ml","name":"SVR Sebiaclear cr\u00e8me SPF50 solaire matifiante, 40ml - Para-Dis","isPartOf":{"@id":"https:\/\/para-sanita.fidsexcellence.tn\/#website"},"datePublished":"2023-08-14T12:17:19+00:00","dateModified":"2023-08-15T16:18:12+00:00","description":"Sebiaclear Cr\u00e8me SPF50+ prot\u00e8ge et corrige les peaux grasses \u00e0 imperfections. Matifiante, elle pr\u00e9vient l\u2019effet rebond li\u00e9 \u00e0 l\u2019exposition UV pour \u00e9viter imperfections et marques.","breadcrumb":{"@id":"https:\/\/para-sanita.fidsexcellence.tn\/?product=svr-sebiaclear-creme-spf50-solaire-matifiante-40ml#breadcrumb"},"inLanguage":"fr-FR","potentialAction":[{"@type":"ReadAction","target":["https:\/\/para-sanita.fidsexcellence.tn\/?product=svr-sebiaclear-creme-spf50-solaire-matifiante-40ml"]}]},{"@type":"BreadcrumbList","@id":"https:\/\/para-sanita.fidsexcellence.tn\/?product=svr-sebiaclear-creme-spf50-solaire-matifiante-40ml#breadcrumb","itemListElement":[{"@type":"ListItem","position":1,"name":"Accueil","item":"https:\/\/para-sanita.fidsexcellence.tn\/"},{"@type":"ListItem","position":2,"name":"Shop","item":"https:\/\/para-sanita.fidsexcellence.tn\/?page_id=3853"},{"@type":"ListItem","position":3,"name":"SVR Sebiaclear cr\u00e8me SPF50 solaire matifiante, 40ml"}]},{"@type":"WebSite","@id":"https:\/\/para-sanita.fidsexcellence.tn\/#website","url":"https:\/\/para-sanita.fidsexcellence.tn\/","name":"Para-Dis","description":"","publisher":{"@id":"https:\/\/para-sanita.fidsexcellence.tn\/#organization"},"potentialAction":[{"@type":"SearchAction","target":{"@type":"EntryPoint","urlTemplate":"https:\/\/para-sanita.fidsexcellence.tn\/?s={search_term_string}"},"query-input":"required name=search_term_string"}],"inLanguage":"fr-FR"},{"@type":"Organization","@id":"https:\/\/para-sanita.fidsexcellence.tn\/#organization","name":"Para-Dis","url":"https:\/\/para-sanita.fidsexcellence.tn\/","logo":{"@type":"ImageObject","inLanguage":"fr-FR","@id":"https:\/\/para-sanita.fidsexcellence.tn\/#\/schema\/logo\/image\/","url":"https:\/\/para-sanita.fidsexcellence.tn\/wp-content\/uploads\/2025\/03\/cropped-logo-1.png","contentUrl":"https:\/\/para-sanita.fidsexcellence.tn\/wp-content\/uploads\/2025\/03\/cropped-logo-1.png","width":502,"height":167,"caption":"Para-Dis"},"image":{"@id":"https:\/\/para-sanita.fidsexcellence.tn\/#\/schema\/logo\/image\/"}}]}},"brands":[{"id":240,"name":"SVR","slug":"svr"}],"_links":{"self":[{"href":"https:\/\/para-sanita.fidsexcellence.tn\/index.php?rest_route=\/wp\/v2\/product\/11694","targetHints":{"allow":["GET"]}}],"collection":[{"href":"https:\/\/para-sanita.fidsexcellence.tn\/index.php?rest_route=\/wp\/v2\/product"}],"about":[{"href":"https:\/\/para-sanita.fidsexcellence.tn\/index.php?rest_route=\/wp\/v2\/types\/product"}],"replies":[{"embeddable":true,"href":"https:\/\/para-sanita.fidsexcellence.tn\/index.php?rest_route=%2Fwp%2Fv2%2Fcomments&post=11694"}],"version-history":[{"count":3,"href":"https:\/\/para-sanita.fidsexcellence.tn\/index.php?rest_route=\/wp\/v2\/product\/11694\/revisions"}],"predecessor-version":[{"id":11726,"href":"https:\/\/para-sanita.fidsexcellence.tn\/index.php?rest_route=\/wp\/v2\/product\/11694\/revisions\/11726"}],"wp:featuredmedia":[{"embeddable":true,"href":"https:\/\/para-sanita.fidsexcellence.tn\/index.php?rest_route=\/wp\/v2\/media\/11696"}],"wp:attachment":[{"href":"https:\/\/para-sanita.fidsexcellence.tn\/index.php?rest_route=%2Fwp%2Fv2%2Fmedia&parent=11694"}],"wp:term":[{"taxonomy":"pwb-brand","embeddable":true,"href":"https:\/\/para-sanita.fidsexcellence.tn\/index.php?rest_route=%2Fwp%2Fv2%2Fpwb-brand&post=11694"},{"taxonomy":"product_cat","embeddable":true,"href":"https:\/\/para-sanita.fidsexcellence.tn\/index.php?rest_route=%2Fwp%2Fv2%2Fproduct_cat&post=11694"},{"taxonomy":"product_tag","embeddable":true,"href":"https:\/\/para-sanita.fidsexcellence.tn\/index.php?rest_route=%2Fwp%2Fv2%2Fproduct_tag&post=11694"}],"curies":[{"name":"wp","href":"https:\/\/api.w.org\/{rel}","templated":true}]}}