{"id":11703,"date":"2023-08-14T12:24:14","date_gmt":"2023-08-14T12:24:14","guid":{"rendered":"https:\/\/para-sanita.fidsexcellence.tn\/?product=phyteal-ecran-solaire-invisible-bebe-enfant-adulte-50ml"},"modified":"2023-08-15T16:24:17","modified_gmt":"2023-08-15T16:24:17","slug":"phyteal-ecran-solaire-invisible-bebe-enfant-adulte-50ml","status":"publish","type":"product","link":"https:\/\/para-sanita.fidsexcellence.tn\/?product=phyteal-ecran-solaire-invisible-bebe-enfant-adulte-50ml","title":{"rendered":"Phyteal Ecran Solaire Invisible B\u00e9b\u00e9 Enfant Adulte, 50ml"},"content":{"rendered":"<p>Sp\u00e9cialement adapt\u00e9 pour le visage, le d\u00e9collet\u00e9 et les mains, plus expos\u00e9s aux UV, ce soin solaire invisible 2 en 1 cumule toutes les propri\u00e9t\u00e9s dune protection solaire et dune soin hydratant.<br \/>\nB\u00c9B\u00c9S, ENFANTS ET ADULTES SPF50<br \/>\nSp\u00e9cialement adapt\u00e9 pour le visage, le d\u00e9collet\u00e9 et les mains, plus expos\u00e9s aux UV, ce soin solaire invisible 2 en 1 cumule toutes les propri\u00e9t\u00e9s d\u2019une protection solaire et d\u2019un soin hydratant.<br \/>\nLes filtres solaires min\u00e9raux naturels scientifiquement prouv\u00e9s pour offrir une protection UVA\/UVB longue tenue, luttent contre les effets n\u00e9gatifs du soleil : vieillissement cutan\u00e9 et apparition des taches.<br \/>\nAppliquer le produit sur le visage, d\u00e9collet\u00e9, \u00e9paules et mains avant le d\u00e9but de l\u2019exposition au soleil et renouveler l\u2019application aussi souvent que n\u00e9cessaire.<br \/>\nEviter l\u2019exposition aux heures de fort ensoleillement.<br \/>\nConvient au b\u00e9b\u00e9, \u00e0 l\u2019enfant, \u00e0 l\u2019adulte et \u00e0 la femme enceinte.<br \/>\nPHYT\u00c9AL \u00c9CRAN INVISIBLE ne pr\u00e9sente aucune contre-indication.<br \/>\nFormule hypoallerg\u00e9nique, non com\u00e9dog\u00e8ne, non test\u00e9e sur les animaux, sans colorants et sans acides de fruits.<br \/>\nComposition :<br \/>\nFiltres solaires min\u00e9raux (10g)<br \/>\nExcipients \u00e9mulsionnants (5g)<br \/>\nEau distill\u00e9e (QSP 50 ml)<br \/>\nPR\u00c9SENTATION<br \/>\nTube de 50 ml<\/p>\n","protected":false},"excerpt":{"rendered":"<p>Sp\u00e9cialement adapt\u00e9 pour le visage, le d\u00e9collet\u00e9 et les mains, plus expos\u00e9s aux UV, ce soin solaire invisible 2 en 1 cumule toutes les propri\u00e9t\u00e9s dune protection solaire et dune soin hydratant.<br \/>\nB\u00c9B\u00c9S, ENFANTS ET ADULTES SPF50<br \/>\nSp\u00e9cialement adapt\u00e9 pour le visage, le d\u00e9collet\u00e9 et les mains, plus expos\u00e9s aux UV, ce soin solaire invisible 2 en 1 cumule toutes les propri\u00e9t\u00e9s d\u2019une protection solaire et d\u2019un soin hydratant.<br \/>\nLes filtres solaires min\u00e9raux naturels scientifiquement prouv\u00e9s pour offrir une protection UVA\/UVB longue tenue, luttent contre les effets n\u00e9gatifs du soleil : vieillissement cutan\u00e9 et apparition des taches.<br \/>\nAppliquer le produit sur le visage, d\u00e9collet\u00e9, \u00e9paules et mains avant le d\u00e9but de l\u2019exposition au soleil et renouveler l\u2019application aussi souvent que n\u00e9cessaire.<br \/>\nEviter l\u2019exposition aux heures de fort ensoleillement.<br \/>\nConvient au b\u00e9b\u00e9, \u00e0 l\u2019enfant, \u00e0 l\u2019adulte et \u00e0 la femme enceinte.<br \/>\nPHYT\u00c9AL \u00c9CRAN INVISIBLE ne pr\u00e9sente aucune contre-indication.<br \/>\nFormule hypoallerg\u00e9nique, non com\u00e9dog\u00e8ne, non test\u00e9e sur les animaux, sans colorants et sans acides de fruits.<br \/>\nComposition :<br \/>\nFiltres solaires min\u00e9raux (10g)<br \/>\nExcipients \u00e9mulsionnants (5g)<br \/>\nEau distill\u00e9e (QSP 50 ml)<br \/>\nPR\u00c9SENTATION<br \/>\nTube de 50 ml<\/p>\n","protected":false},"featured_media":11705,"comment_status":"closed","ping_status":"closed","template":"","meta":[],"pwb-brand":[239],"product_cat":[195,194],"product_tag":[],"class_list":{"0":"post-11703","1":"product","2":"type-product","3":"status-publish","4":"has-post-thumbnail","6":"pwb-brand-phyteal","7":"product_cat-cremes-solaires","8":"product_cat-solaire","10":"first","11":"instock","12":"purchasable","13":"product-type-simple"},"acf":[],"yoast_head":"<!-- This site is optimized with the Yoast SEO plugin v20.13 - https:\/\/yoast.com\/wordpress\/plugins\/seo\/ -->\n<title>Phyteal Ecran Solaire Invisible B\u00e9b\u00e9 Enfant Adulte, 50ml - Para-Dis<\/title>\n<meta name=\"robots\" content=\"index, follow, max-snippet:-1, max-image-preview:large, max-video-preview:-1\" \/>\n<link rel=\"canonical\" href=\"https:\/\/para-sanita.fidsexcellence.tn\/?product=phyteal-ecran-solaire-invisible-bebe-enfant-adulte-50ml\" \/>\n<meta property=\"og:locale\" content=\"fr_FR\" \/>\n<meta property=\"og:type\" content=\"article\" \/>\n<meta property=\"og:title\" content=\"Phyteal Ecran Solaire Invisible B\u00e9b\u00e9 Enfant Adulte, 50ml - Para-Dis\" \/>\n<meta property=\"og:description\" content=\"Sp\u00e9cialement adapt\u00e9 pour le visage, le d\u00e9collet\u00e9 et les mains, plus expos\u00e9s aux UV, ce soin solaire invisible 2 en 1 cumule toutes les propri\u00e9t\u00e9s dune protection solaire et dune soin hydratant. B\u00c9B\u00c9S, ENFANTS ET ADULTES SPF50 Sp\u00e9cialement adapt\u00e9 pour le visage, le d\u00e9collet\u00e9 et les mains, plus expos\u00e9s aux UV, ce soin solaire invisible 2 en 1 cumule toutes les propri\u00e9t\u00e9s d\u2019une protection solaire et d\u2019un soin hydratant. Les filtres solaires min\u00e9raux naturels scientifiquement prouv\u00e9s pour offrir une protection UVA\/UVB longue tenue, luttent contre les effets n\u00e9gatifs du soleil : vieillissement cutan\u00e9 et apparition des taches. Appliquer le produit sur le visage, d\u00e9collet\u00e9, \u00e9paules et mains avant le d\u00e9but de l\u2019exposition au soleil et renouveler l\u2019application aussi souvent que n\u00e9cessaire. Eviter l\u2019exposition aux heures de fort ensoleillement. Convient au b\u00e9b\u00e9, \u00e0 l\u2019enfant, \u00e0 l\u2019adulte et \u00e0 la femme enceinte. PHYT\u00c9AL \u00c9CRAN INVISIBLE ne pr\u00e9sente aucune contre-indication. Formule hypoallerg\u00e9nique, non com\u00e9dog\u00e8ne, non test\u00e9e sur les animaux, sans colorants et sans acides de fruits. Composition : Filtres solaires min\u00e9raux (10g) Excipients \u00e9mulsionnants (5g) Eau distill\u00e9e (QSP 50 ml) PR\u00c9SENTATION Tube de 50 ml\" \/>\n<meta property=\"og:url\" content=\"https:\/\/para-sanita.fidsexcellence.tn\/?product=phyteal-ecran-solaire-invisible-bebe-enfant-adulte-50ml\" \/>\n<meta property=\"og:site_name\" content=\"Para-Dis\" \/>\n<meta property=\"article:modified_time\" content=\"2023-08-15T16:24:17+00:00\" \/>\n<meta property=\"og:image\" content=\"https:\/\/para-sanita.fidsexcellence.tn\/wp-content\/uploads\/2023\/08\/Design-sans-titre-2023-07-24T111006.126.jpg\" \/>\n\t<meta property=\"og:image:width\" content=\"800\" \/>\n\t<meta property=\"og:image:height\" content=\"800\" \/>\n\t<meta property=\"og:image:type\" content=\"image\/jpeg\" \/>\n<meta name=\"twitter:card\" content=\"summary_large_image\" \/>\n<meta name=\"twitter:label1\" content=\"Dur\u00e9e de lecture estim\u00e9e\" \/>\n\t<meta name=\"twitter:data1\" content=\"1 minute\" \/>\n<script type=\"application\/ld+json\" class=\"yoast-schema-graph\">{\"@context\":\"https:\/\/schema.org\",\"@graph\":[{\"@type\":\"WebPage\",\"@id\":\"https:\/\/para-sanita.fidsexcellence.tn\/?product=phyteal-ecran-solaire-invisible-bebe-enfant-adulte-50ml\",\"url\":\"https:\/\/para-sanita.fidsexcellence.tn\/?product=phyteal-ecran-solaire-invisible-bebe-enfant-adulte-50ml\",\"name\":\"Phyteal Ecran Solaire Invisible B\u00e9b\u00e9 Enfant Adulte, 50ml - Para-Dis\",\"isPartOf\":{\"@id\":\"https:\/\/para-sanita.fidsexcellence.tn\/#website\"},\"datePublished\":\"2023-08-14T12:24:14+00:00\",\"dateModified\":\"2023-08-15T16:24:17+00:00\",\"breadcrumb\":{\"@id\":\"https:\/\/para-sanita.fidsexcellence.tn\/?product=phyteal-ecran-solaire-invisible-bebe-enfant-adulte-50ml#breadcrumb\"},\"inLanguage\":\"fr-FR\",\"potentialAction\":[{\"@type\":\"ReadAction\",\"target\":[\"https:\/\/para-sanita.fidsexcellence.tn\/?product=phyteal-ecran-solaire-invisible-bebe-enfant-adulte-50ml\"]}]},{\"@type\":\"BreadcrumbList\",\"@id\":\"https:\/\/para-sanita.fidsexcellence.tn\/?product=phyteal-ecran-solaire-invisible-bebe-enfant-adulte-50ml#breadcrumb\",\"itemListElement\":[{\"@type\":\"ListItem\",\"position\":1,\"name\":\"Accueil\",\"item\":\"https:\/\/para-sanita.fidsexcellence.tn\/\"},{\"@type\":\"ListItem\",\"position\":2,\"name\":\"Shop\",\"item\":\"https:\/\/para-sanita.fidsexcellence.tn\/?page_id=3853\"},{\"@type\":\"ListItem\",\"position\":3,\"name\":\"Phyteal Ecran Solaire Invisible B\u00e9b\u00e9 Enfant Adulte, 50ml\"}]},{\"@type\":\"WebSite\",\"@id\":\"https:\/\/para-sanita.fidsexcellence.tn\/#website\",\"url\":\"https:\/\/para-sanita.fidsexcellence.tn\/\",\"name\":\"Para-Dis\",\"description\":\"\",\"publisher\":{\"@id\":\"https:\/\/para-sanita.fidsexcellence.tn\/#organization\"},\"potentialAction\":[{\"@type\":\"SearchAction\",\"target\":{\"@type\":\"EntryPoint\",\"urlTemplate\":\"https:\/\/para-sanita.fidsexcellence.tn\/?s={search_term_string}\"},\"query-input\":\"required name=search_term_string\"}],\"inLanguage\":\"fr-FR\"},{\"@type\":\"Organization\",\"@id\":\"https:\/\/para-sanita.fidsexcellence.tn\/#organization\",\"name\":\"Para-Dis\",\"url\":\"https:\/\/para-sanita.fidsexcellence.tn\/\",\"logo\":{\"@type\":\"ImageObject\",\"inLanguage\":\"fr-FR\",\"@id\":\"https:\/\/para-sanita.fidsexcellence.tn\/#\/schema\/logo\/image\/\",\"url\":\"https:\/\/para-sanita.fidsexcellence.tn\/wp-content\/uploads\/2025\/03\/cropped-logo-1.png\",\"contentUrl\":\"https:\/\/para-sanita.fidsexcellence.tn\/wp-content\/uploads\/2025\/03\/cropped-logo-1.png\",\"width\":502,\"height\":167,\"caption\":\"Para-Dis\"},\"image\":{\"@id\":\"https:\/\/para-sanita.fidsexcellence.tn\/#\/schema\/logo\/image\/\"}}]}<\/script>\n<!-- \/ Yoast SEO plugin. -->","yoast_head_json":{"title":"Phyteal Ecran Solaire Invisible B\u00e9b\u00e9 Enfant Adulte, 50ml - Para-Dis","robots":{"index":"index","follow":"follow","max-snippet":"max-snippet:-1","max-image-preview":"max-image-preview:large","max-video-preview":"max-video-preview:-1"},"canonical":"https:\/\/para-sanita.fidsexcellence.tn\/?product=phyteal-ecran-solaire-invisible-bebe-enfant-adulte-50ml","og_locale":"fr_FR","og_type":"article","og_title":"Phyteal Ecran Solaire Invisible B\u00e9b\u00e9 Enfant Adulte, 50ml - Para-Dis","og_description":"Sp\u00e9cialement adapt\u00e9 pour le visage, le d\u00e9collet\u00e9 et les mains, plus expos\u00e9s aux UV, ce soin solaire invisible 2 en 1 cumule toutes les propri\u00e9t\u00e9s dune protection solaire et dune soin hydratant. B\u00c9B\u00c9S, ENFANTS ET ADULTES SPF50 Sp\u00e9cialement adapt\u00e9 pour le visage, le d\u00e9collet\u00e9 et les mains, plus expos\u00e9s aux UV, ce soin solaire invisible 2 en 1 cumule toutes les propri\u00e9t\u00e9s d\u2019une protection solaire et d\u2019un soin hydratant. Les filtres solaires min\u00e9raux naturels scientifiquement prouv\u00e9s pour offrir une protection UVA\/UVB longue tenue, luttent contre les effets n\u00e9gatifs du soleil : vieillissement cutan\u00e9 et apparition des taches. Appliquer le produit sur le visage, d\u00e9collet\u00e9, \u00e9paules et mains avant le d\u00e9but de l\u2019exposition au soleil et renouveler l\u2019application aussi souvent que n\u00e9cessaire. Eviter l\u2019exposition aux heures de fort ensoleillement. Convient au b\u00e9b\u00e9, \u00e0 l\u2019enfant, \u00e0 l\u2019adulte et \u00e0 la femme enceinte. PHYT\u00c9AL \u00c9CRAN INVISIBLE ne pr\u00e9sente aucune contre-indication. Formule hypoallerg\u00e9nique, non com\u00e9dog\u00e8ne, non test\u00e9e sur les animaux, sans colorants et sans acides de fruits. Composition : Filtres solaires min\u00e9raux (10g) Excipients \u00e9mulsionnants (5g) Eau distill\u00e9e (QSP 50 ml) PR\u00c9SENTATION Tube de 50 ml","og_url":"https:\/\/para-sanita.fidsexcellence.tn\/?product=phyteal-ecran-solaire-invisible-bebe-enfant-adulte-50ml","og_site_name":"Para-Dis","article_modified_time":"2023-08-15T16:24:17+00:00","og_image":[{"width":800,"height":800,"url":"https:\/\/para-sanita.fidsexcellence.tn\/wp-content\/uploads\/2023\/08\/Design-sans-titre-2023-07-24T111006.126.jpg","type":"image\/jpeg"}],"twitter_card":"summary_large_image","twitter_misc":{"Dur\u00e9e de lecture estim\u00e9e":"1 minute"},"schema":{"@context":"https:\/\/schema.org","@graph":[{"@type":"WebPage","@id":"https:\/\/para-sanita.fidsexcellence.tn\/?product=phyteal-ecran-solaire-invisible-bebe-enfant-adulte-50ml","url":"https:\/\/para-sanita.fidsexcellence.tn\/?product=phyteal-ecran-solaire-invisible-bebe-enfant-adulte-50ml","name":"Phyteal Ecran Solaire Invisible B\u00e9b\u00e9 Enfant Adulte, 50ml - Para-Dis","isPartOf":{"@id":"https:\/\/para-sanita.fidsexcellence.tn\/#website"},"datePublished":"2023-08-14T12:24:14+00:00","dateModified":"2023-08-15T16:24:17+00:00","breadcrumb":{"@id":"https:\/\/para-sanita.fidsexcellence.tn\/?product=phyteal-ecran-solaire-invisible-bebe-enfant-adulte-50ml#breadcrumb"},"inLanguage":"fr-FR","potentialAction":[{"@type":"ReadAction","target":["https:\/\/para-sanita.fidsexcellence.tn\/?product=phyteal-ecran-solaire-invisible-bebe-enfant-adulte-50ml"]}]},{"@type":"BreadcrumbList","@id":"https:\/\/para-sanita.fidsexcellence.tn\/?product=phyteal-ecran-solaire-invisible-bebe-enfant-adulte-50ml#breadcrumb","itemListElement":[{"@type":"ListItem","position":1,"name":"Accueil","item":"https:\/\/para-sanita.fidsexcellence.tn\/"},{"@type":"ListItem","position":2,"name":"Shop","item":"https:\/\/para-sanita.fidsexcellence.tn\/?page_id=3853"},{"@type":"ListItem","position":3,"name":"Phyteal Ecran Solaire Invisible B\u00e9b\u00e9 Enfant Adulte, 50ml"}]},{"@type":"WebSite","@id":"https:\/\/para-sanita.fidsexcellence.tn\/#website","url":"https:\/\/para-sanita.fidsexcellence.tn\/","name":"Para-Dis","description":"","publisher":{"@id":"https:\/\/para-sanita.fidsexcellence.tn\/#organization"},"potentialAction":[{"@type":"SearchAction","target":{"@type":"EntryPoint","urlTemplate":"https:\/\/para-sanita.fidsexcellence.tn\/?s={search_term_string}"},"query-input":"required name=search_term_string"}],"inLanguage":"fr-FR"},{"@type":"Organization","@id":"https:\/\/para-sanita.fidsexcellence.tn\/#organization","name":"Para-Dis","url":"https:\/\/para-sanita.fidsexcellence.tn\/","logo":{"@type":"ImageObject","inLanguage":"fr-FR","@id":"https:\/\/para-sanita.fidsexcellence.tn\/#\/schema\/logo\/image\/","url":"https:\/\/para-sanita.fidsexcellence.tn\/wp-content\/uploads\/2025\/03\/cropped-logo-1.png","contentUrl":"https:\/\/para-sanita.fidsexcellence.tn\/wp-content\/uploads\/2025\/03\/cropped-logo-1.png","width":502,"height":167,"caption":"Para-Dis"},"image":{"@id":"https:\/\/para-sanita.fidsexcellence.tn\/#\/schema\/logo\/image\/"}}]}},"brands":[{"id":239,"name":"Phyteal","slug":"phyteal"}],"_links":{"self":[{"href":"https:\/\/para-sanita.fidsexcellence.tn\/index.php?rest_route=\/wp\/v2\/product\/11703","targetHints":{"allow":["GET"]}}],"collection":[{"href":"https:\/\/para-sanita.fidsexcellence.tn\/index.php?rest_route=\/wp\/v2\/product"}],"about":[{"href":"https:\/\/para-sanita.fidsexcellence.tn\/index.php?rest_route=\/wp\/v2\/types\/product"}],"replies":[{"embeddable":true,"href":"https:\/\/para-sanita.fidsexcellence.tn\/index.php?rest_route=%2Fwp%2Fv2%2Fcomments&post=11703"}],"version-history":[{"count":2,"href":"https:\/\/para-sanita.fidsexcellence.tn\/index.php?rest_route=\/wp\/v2\/product\/11703\/revisions"}],"predecessor-version":[{"id":11727,"href":"https:\/\/para-sanita.fidsexcellence.tn\/index.php?rest_route=\/wp\/v2\/product\/11703\/revisions\/11727"}],"wp:featuredmedia":[{"embeddable":true,"href":"https:\/\/para-sanita.fidsexcellence.tn\/index.php?rest_route=\/wp\/v2\/media\/11705"}],"wp:attachment":[{"href":"https:\/\/para-sanita.fidsexcellence.tn\/index.php?rest_route=%2Fwp%2Fv2%2Fmedia&parent=11703"}],"wp:term":[{"taxonomy":"pwb-brand","embeddable":true,"href":"https:\/\/para-sanita.fidsexcellence.tn\/index.php?rest_route=%2Fwp%2Fv2%2Fpwb-brand&post=11703"},{"taxonomy":"product_cat","embeddable":true,"href":"https:\/\/para-sanita.fidsexcellence.tn\/index.php?rest_route=%2Fwp%2Fv2%2Fproduct_cat&post=11703"},{"taxonomy":"product_tag","embeddable":true,"href":"https:\/\/para-sanita.fidsexcellence.tn\/index.php?rest_route=%2Fwp%2Fv2%2Fproduct_tag&post=11703"}],"curies":[{"name":"wp","href":"https:\/\/api.w.org\/{rel}","templated":true}]}}