{"id":11706,"date":"2023-08-14T12:27:45","date_gmt":"2023-08-14T12:27:45","guid":{"rendered":"https:\/\/para-sanita.fidsexcellence.tn\/?product=isdin-ecran-solaire-active-unify-fusion-fluide-teinte-spf50-50ml"},"modified":"2023-08-15T16:25:40","modified_gmt":"2023-08-15T16:25:40","slug":"isdin-ecran-solaire-active-unify-fusion-fluide-teinte-spf50-50ml","status":"publish","type":"product","link":"https:\/\/para-sanita.fidsexcellence.tn\/?product=isdin-ecran-solaire-active-unify-fusion-fluide-teinte-spf50-50ml","title":{"rendered":"Isdin \u00c9cran Solaire Active Unify Fusion Fluide Teint\u00e9 SPF50+, 50ML"},"content":{"rendered":"<p>ISDIN l&#8217;ecran Unify Color permet d&#8217;\u00e9claircir et unifier le teint de votre peau. il permet d&#8217;Aider \u00e0 r\u00e9duire les trouble pigmentaires caus\u00e9s par le soleil et aider \u00e0 r\u00e9guler la production de m\u00e9lanine gr\u00e2ce au DP3-Unify Complex qui agit sur les principales phases de la m\u00e9lanogen\u00e8se et unifier le teint gr\u00e2ce \u00e0 sa formule teint\u00e9e.<\/p>\n","protected":false},"excerpt":{"rendered":"<p>Les coups de soleil sont des \u00e9l\u00e9ments qui peuvent pigmenter l\u2019\u00e9piderme. Il y a aussi les autres taches qui contribuent \u00e0 la pigmentation de la peau ce qui est tr\u00e8s mauvais pour le teint. Pour l\u2019unifier, il est \u00e9vident d\u2019opter pour le bon soin comme Isdin FotoUltra 100 Acti<span class=\"morecontent\">ve Unify Color Fusion Fluid SPF50+. Ce produit est disponible dans un flacon de 50 ml et il s\u2019applique sans probl\u00e8me sur tout type de peau. Un soin de protection solaire qui intervient pour pr\u00e9venir la formation de nouvelles t\u00e2ches sur l\u2019\u00e9piderme. Son utilisation permet en m\u00eame temps de r\u00e9g\u00e9n\u00e9rer la peau tout en effa\u00e7ant les imperfections. POUR UNIFIER LE TEINT Des marques peuvent appara\u00eetre sur la peau. Ces derni\u00e8res favorisent la d\u00e9t\u00e9rioration du teint. Alors pour tout unifier, il faut utiliser Isdin FotoUltra 100 Active Unify Color Fusion Fluid SPF50+. Un soin tr\u00e8s fiable pour prot\u00e9ger la peau, il agit comme \u00e9cran solaire en cas d\u2019exposition prolong\u00e9e au soleil. Pour pigmenter la peau, il est indispensable d\u2019utiliser ce produit chaque jour. En plus de son action d\u2019unifier le teint, c\u2019est aussi un soin qui contribue \u00e0 la r\u00e9g\u00e9n\u00e9ration de la peau. Un produit qui r\u00e9siste \u00e0 l\u2019eau, il est parfait pour pigmenter la peau avec beaucoup de pr\u00e9cision. PR\u00c9VIENT LA FORMATION DE NOUVELLES TACHES SUR LA PEAU Isdin FotoUltra 100 Active Unify Color Fusion Fluid SPF50+ intervient \u00e9galement pour pr\u00e9venir l\u2019apparition de nouvelles taches sur la peau. L\u2019efficacit\u00e9 de ce soin se traduit par son effet de longue dur\u00e9e. Il s\u2019applique g\u00e9n\u00e9ralement sur les t\u00e2ches qui se trouvent sur le front et les joues. Concernant les marques qui sont laiss\u00e9es par le soleil, il est aussi possible de les traiter avec ce type de soin.<\/span><\/p>\n<h4><span class=\"morecontent\"><strong>Conseils d\u2019utilisation<\/strong><\/span><\/h4>\n<p><span class=\"morecontent\">Agiter avant emploi. Appliquer g\u00e9n\u00e9reusement sur peau s\u00e8che. Ne pas appliquer sur plaie ouverte. En guise de protecteur solaire en cas d\u2019exposition directe : sur peau s\u00e8che, au moins une demi-heure avant l\u2019exposition au soleil. Renouveler l\u2019application toutes les 2 heures. En guise de d\u00e9pigmentant : utiliser quotidiennement, m\u00eame sans s\u2019exposer au soleil, pendant une p\u00e9riode minimum de 3 mois 2 fois par jour. Indication : Unificateur de teint \u00e0 action d\u00e9pigmentant.<\/span><\/p>\n<h4><span class=\"morecontent\"><strong>Composition<\/strong><\/span><\/h4>\n<p><span class=\"morecontent\">Aqua (Water), Dibutyl Adipate, Cyclopentasiloxane, Octocrylene, Niacinamide, Alcohol Denat, Titanium Dioxide, [nano], Butyl Methoxydibenzoylmethane, CI77891 (Titanium Dioxide), Cyclohexasiloxane, Bis-Ethylheloxyphenol, Methoxyphenyl Triazine, PEG-30 Dipolyhydroxystearate, Glycerin, Nylon-12, PEG-10, Dimethicone, Sodiuim Chloride, Phenoxyethanol, CI77492 (Iron Oxides), Panthenol, Tocopheryl Acetate, Allantoin, Glyceryl Stearate, CI77499 (Iron Oxides), Parfum (Fragrance), Aluminum Hydroxide, Disodium EDTA, Ethylhexyglycerin, Dimethiconol, Sodium Lauroyl Glutamate, PEG-8, Lysine, Tocopherol, Magnesium Chloride, Tetrapeptide-30, Ascorbyl Palmitate, Ascorbic Acid, Citric Acid.<\/span><\/p>\n","protected":false},"featured_media":11708,"comment_status":"closed","ping_status":"closed","template":"","meta":[],"pwb-brand":[278],"product_cat":[195,194],"product_tag":[],"class_list":{"0":"post-11706","1":"product","2":"type-product","3":"status-publish","4":"has-post-thumbnail","6":"pwb-brand-isdin","7":"product_cat-cremes-solaires","8":"product_cat-solaire","10":"first","11":"instock","12":"purchasable","13":"product-type-simple"},"acf":[],"yoast_head":"<!-- This site is optimized with the Yoast SEO plugin v20.13 - https:\/\/yoast.com\/wordpress\/plugins\/seo\/ -->\n<title>Isdin \u00c9cran Solaire Active Unify Fusion Fluide Teint\u00e9 SPF50+, 50ML - Para-Dis<\/title>\n<meta name=\"robots\" content=\"index, follow, max-snippet:-1, max-image-preview:large, max-video-preview:-1\" \/>\n<link rel=\"canonical\" href=\"https:\/\/para-sanita.fidsexcellence.tn\/?product=isdin-ecran-solaire-active-unify-fusion-fluide-teinte-spf50-50ml\" \/>\n<meta property=\"og:locale\" content=\"fr_FR\" \/>\n<meta property=\"og:type\" content=\"article\" \/>\n<meta property=\"og:title\" content=\"Isdin \u00c9cran Solaire Active Unify Fusion Fluide Teint\u00e9 SPF50+, 50ML - Para-Dis\" \/>\n<meta property=\"og:description\" content=\"Les coups de soleil sont des \u00e9l\u00e9ments qui peuvent pigmenter l\u2019\u00e9piderme. Il y a aussi les autres taches qui contribuent \u00e0 la pigmentation de la peau ce qui est tr\u00e8s mauvais pour le teint. Pour l\u2019unifier, il est \u00e9vident d\u2019opter pour le bon soin comme Isdin FotoUltra 100 Active Unify Color Fusion Fluid SPF50+. Ce produit est disponible dans un flacon de 50 ml et il s\u2019applique sans probl\u00e8me sur tout type de peau. Un soin de protection solaire qui intervient pour pr\u00e9venir la formation de nouvelles t\u00e2ches sur l\u2019\u00e9piderme. Son utilisation permet en m\u00eame temps de r\u00e9g\u00e9n\u00e9rer la peau tout en effa\u00e7ant les imperfections. POUR UNIFIER LE TEINT Des marques peuvent appara\u00eetre sur la peau. Ces derni\u00e8res favorisent la d\u00e9t\u00e9rioration du teint. Alors pour tout unifier, il faut utiliser Isdin FotoUltra 100 Active Unify Color Fusion Fluid SPF50+. Un soin tr\u00e8s fiable pour prot\u00e9ger la peau, il agit comme \u00e9cran solaire en cas d\u2019exposition prolong\u00e9e au soleil. Pour pigmenter la peau, il est indispensable d\u2019utiliser ce produit chaque jour. En plus de son action d\u2019unifier le teint, c\u2019est aussi un soin qui contribue \u00e0 la r\u00e9g\u00e9n\u00e9ration de la peau. Un produit qui r\u00e9siste \u00e0 l\u2019eau, il est parfait pour pigmenter la peau avec beaucoup de pr\u00e9cision. PR\u00c9VIENT LA FORMATION DE NOUVELLES TACHES SUR LA PEAU Isdin FotoUltra 100 Active Unify Color Fusion Fluid SPF50+ intervient \u00e9galement pour pr\u00e9venir l\u2019apparition de nouvelles taches sur la peau. L\u2019efficacit\u00e9 de ce soin se traduit par son effet de longue dur\u00e9e. Il s\u2019applique g\u00e9n\u00e9ralement sur les t\u00e2ches qui se trouvent sur le front et les joues. Concernant les marques qui sont laiss\u00e9es par le soleil, il est aussi possible de les traiter avec ce type de soin. Conseils d\u2019utilisation Agiter avant emploi. Appliquer g\u00e9n\u00e9reusement sur peau s\u00e8che. Ne pas appliquer sur plaie ouverte. En guise de protecteur solaire en cas d\u2019exposition directe : sur peau s\u00e8che, au moins une demi-heure avant l\u2019exposition au soleil. Renouveler l\u2019application toutes les 2 heures. En guise de d\u00e9pigmentant : utiliser quotidiennement, m\u00eame sans s\u2019exposer au soleil, pendant une p\u00e9riode minimum de 3 mois 2 fois par jour. Indication : Unificateur de teint \u00e0 action d\u00e9pigmentant. Composition Aqua (Water), Dibutyl Adipate, Cyclopentasiloxane, Octocrylene, Niacinamide, Alcohol Denat, Titanium Dioxide, [nano], Butyl Methoxydibenzoylmethane, CI77891 (Titanium Dioxide), Cyclohexasiloxane, Bis-Ethylheloxyphenol, Methoxyphenyl Triazine, PEG-30 Dipolyhydroxystearate, Glycerin, Nylon-12, PEG-10, Dimethicone, Sodiuim Chloride, Phenoxyethanol, CI77492 (Iron Oxides), Panthenol, Tocopheryl Acetate, Allantoin, Glyceryl Stearate, CI77499 (Iron Oxides), Parfum (Fragrance), Aluminum Hydroxide, Disodium EDTA, Ethylhexyglycerin, Dimethiconol, Sodium Lauroyl Glutamate, PEG-8, Lysine, Tocopherol, Magnesium Chloride, Tetrapeptide-30, Ascorbyl Palmitate, Ascorbic Acid, Citric Acid.\" \/>\n<meta property=\"og:url\" content=\"https:\/\/para-sanita.fidsexcellence.tn\/?product=isdin-ecran-solaire-active-unify-fusion-fluide-teinte-spf50-50ml\" \/>\n<meta property=\"og:site_name\" content=\"Para-Dis\" \/>\n<meta property=\"article:modified_time\" content=\"2023-08-15T16:25:40+00:00\" \/>\n<meta property=\"og:image\" content=\"https:\/\/para-sanita.fidsexcellence.tn\/wp-content\/uploads\/2023\/08\/clarenia-eau-micellaire-radiance-booster-3en1-200ml-6192484100193-10.jpg\" \/>\n\t<meta property=\"og:image:width\" content=\"800\" \/>\n\t<meta property=\"og:image:height\" content=\"800\" \/>\n\t<meta property=\"og:image:type\" content=\"image\/jpeg\" \/>\n<meta name=\"twitter:card\" content=\"summary_large_image\" \/>\n<meta name=\"twitter:label1\" content=\"Dur\u00e9e de lecture estim\u00e9e\" \/>\n\t<meta name=\"twitter:data1\" content=\"1 minute\" \/>\n<script type=\"application\/ld+json\" class=\"yoast-schema-graph\">{\"@context\":\"https:\/\/schema.org\",\"@graph\":[{\"@type\":\"WebPage\",\"@id\":\"https:\/\/para-sanita.fidsexcellence.tn\/?product=isdin-ecran-solaire-active-unify-fusion-fluide-teinte-spf50-50ml\",\"url\":\"https:\/\/para-sanita.fidsexcellence.tn\/?product=isdin-ecran-solaire-active-unify-fusion-fluide-teinte-spf50-50ml\",\"name\":\"Isdin \u00c9cran Solaire Active Unify Fusion Fluide Teint\u00e9 SPF50+, 50ML - Para-Dis\",\"isPartOf\":{\"@id\":\"https:\/\/para-sanita.fidsexcellence.tn\/#website\"},\"datePublished\":\"2023-08-14T12:27:45+00:00\",\"dateModified\":\"2023-08-15T16:25:40+00:00\",\"breadcrumb\":{\"@id\":\"https:\/\/para-sanita.fidsexcellence.tn\/?product=isdin-ecran-solaire-active-unify-fusion-fluide-teinte-spf50-50ml#breadcrumb\"},\"inLanguage\":\"fr-FR\",\"potentialAction\":[{\"@type\":\"ReadAction\",\"target\":[\"https:\/\/para-sanita.fidsexcellence.tn\/?product=isdin-ecran-solaire-active-unify-fusion-fluide-teinte-spf50-50ml\"]}]},{\"@type\":\"BreadcrumbList\",\"@id\":\"https:\/\/para-sanita.fidsexcellence.tn\/?product=isdin-ecran-solaire-active-unify-fusion-fluide-teinte-spf50-50ml#breadcrumb\",\"itemListElement\":[{\"@type\":\"ListItem\",\"position\":1,\"name\":\"Accueil\",\"item\":\"https:\/\/para-sanita.fidsexcellence.tn\/\"},{\"@type\":\"ListItem\",\"position\":2,\"name\":\"Shop\",\"item\":\"https:\/\/para-sanita.fidsexcellence.tn\/?page_id=3853\"},{\"@type\":\"ListItem\",\"position\":3,\"name\":\"Isdin \u00c9cran Solaire Active Unify Fusion Fluide Teint\u00e9 SPF50+, 50ML\"}]},{\"@type\":\"WebSite\",\"@id\":\"https:\/\/para-sanita.fidsexcellence.tn\/#website\",\"url\":\"https:\/\/para-sanita.fidsexcellence.tn\/\",\"name\":\"Para-Dis\",\"description\":\"\",\"publisher\":{\"@id\":\"https:\/\/para-sanita.fidsexcellence.tn\/#organization\"},\"potentialAction\":[{\"@type\":\"SearchAction\",\"target\":{\"@type\":\"EntryPoint\",\"urlTemplate\":\"https:\/\/para-sanita.fidsexcellence.tn\/?s={search_term_string}\"},\"query-input\":\"required name=search_term_string\"}],\"inLanguage\":\"fr-FR\"},{\"@type\":\"Organization\",\"@id\":\"https:\/\/para-sanita.fidsexcellence.tn\/#organization\",\"name\":\"Para-Dis\",\"url\":\"https:\/\/para-sanita.fidsexcellence.tn\/\",\"logo\":{\"@type\":\"ImageObject\",\"inLanguage\":\"fr-FR\",\"@id\":\"https:\/\/para-sanita.fidsexcellence.tn\/#\/schema\/logo\/image\/\",\"url\":\"https:\/\/para-sanita.fidsexcellence.tn\/wp-content\/uploads\/2025\/03\/cropped-logo-1.png\",\"contentUrl\":\"https:\/\/para-sanita.fidsexcellence.tn\/wp-content\/uploads\/2025\/03\/cropped-logo-1.png\",\"width\":502,\"height\":167,\"caption\":\"Para-Dis\"},\"image\":{\"@id\":\"https:\/\/para-sanita.fidsexcellence.tn\/#\/schema\/logo\/image\/\"}}]}<\/script>\n<!-- \/ Yoast SEO plugin. -->","yoast_head_json":{"title":"Isdin \u00c9cran Solaire Active Unify Fusion Fluide Teint\u00e9 SPF50+, 50ML - Para-Dis","robots":{"index":"index","follow":"follow","max-snippet":"max-snippet:-1","max-image-preview":"max-image-preview:large","max-video-preview":"max-video-preview:-1"},"canonical":"https:\/\/para-sanita.fidsexcellence.tn\/?product=isdin-ecran-solaire-active-unify-fusion-fluide-teinte-spf50-50ml","og_locale":"fr_FR","og_type":"article","og_title":"Isdin \u00c9cran Solaire Active Unify Fusion Fluide Teint\u00e9 SPF50+, 50ML - Para-Dis","og_description":"Les coups de soleil sont des \u00e9l\u00e9ments qui peuvent pigmenter l\u2019\u00e9piderme. Il y a aussi les autres taches qui contribuent \u00e0 la pigmentation de la peau ce qui est tr\u00e8s mauvais pour le teint. Pour l\u2019unifier, il est \u00e9vident d\u2019opter pour le bon soin comme Isdin FotoUltra 100 Active Unify Color Fusion Fluid SPF50+. Ce produit est disponible dans un flacon de 50 ml et il s\u2019applique sans probl\u00e8me sur tout type de peau. Un soin de protection solaire qui intervient pour pr\u00e9venir la formation de nouvelles t\u00e2ches sur l\u2019\u00e9piderme. Son utilisation permet en m\u00eame temps de r\u00e9g\u00e9n\u00e9rer la peau tout en effa\u00e7ant les imperfections. POUR UNIFIER LE TEINT Des marques peuvent appara\u00eetre sur la peau. Ces derni\u00e8res favorisent la d\u00e9t\u00e9rioration du teint. Alors pour tout unifier, il faut utiliser Isdin FotoUltra 100 Active Unify Color Fusion Fluid SPF50+. Un soin tr\u00e8s fiable pour prot\u00e9ger la peau, il agit comme \u00e9cran solaire en cas d\u2019exposition prolong\u00e9e au soleil. Pour pigmenter la peau, il est indispensable d\u2019utiliser ce produit chaque jour. En plus de son action d\u2019unifier le teint, c\u2019est aussi un soin qui contribue \u00e0 la r\u00e9g\u00e9n\u00e9ration de la peau. Un produit qui r\u00e9siste \u00e0 l\u2019eau, il est parfait pour pigmenter la peau avec beaucoup de pr\u00e9cision. PR\u00c9VIENT LA FORMATION DE NOUVELLES TACHES SUR LA PEAU Isdin FotoUltra 100 Active Unify Color Fusion Fluid SPF50+ intervient \u00e9galement pour pr\u00e9venir l\u2019apparition de nouvelles taches sur la peau. L\u2019efficacit\u00e9 de ce soin se traduit par son effet de longue dur\u00e9e. Il s\u2019applique g\u00e9n\u00e9ralement sur les t\u00e2ches qui se trouvent sur le front et les joues. Concernant les marques qui sont laiss\u00e9es par le soleil, il est aussi possible de les traiter avec ce type de soin. Conseils d\u2019utilisation Agiter avant emploi. Appliquer g\u00e9n\u00e9reusement sur peau s\u00e8che. Ne pas appliquer sur plaie ouverte. En guise de protecteur solaire en cas d\u2019exposition directe : sur peau s\u00e8che, au moins une demi-heure avant l\u2019exposition au soleil. Renouveler l\u2019application toutes les 2 heures. En guise de d\u00e9pigmentant : utiliser quotidiennement, m\u00eame sans s\u2019exposer au soleil, pendant une p\u00e9riode minimum de 3 mois 2 fois par jour. Indication : Unificateur de teint \u00e0 action d\u00e9pigmentant. Composition Aqua (Water), Dibutyl Adipate, Cyclopentasiloxane, Octocrylene, Niacinamide, Alcohol Denat, Titanium Dioxide, [nano], Butyl Methoxydibenzoylmethane, CI77891 (Titanium Dioxide), Cyclohexasiloxane, Bis-Ethylheloxyphenol, Methoxyphenyl Triazine, PEG-30 Dipolyhydroxystearate, Glycerin, Nylon-12, PEG-10, Dimethicone, Sodiuim Chloride, Phenoxyethanol, CI77492 (Iron Oxides), Panthenol, Tocopheryl Acetate, Allantoin, Glyceryl Stearate, CI77499 (Iron Oxides), Parfum (Fragrance), Aluminum Hydroxide, Disodium EDTA, Ethylhexyglycerin, Dimethiconol, Sodium Lauroyl Glutamate, PEG-8, Lysine, Tocopherol, Magnesium Chloride, Tetrapeptide-30, Ascorbyl Palmitate, Ascorbic Acid, Citric Acid.","og_url":"https:\/\/para-sanita.fidsexcellence.tn\/?product=isdin-ecran-solaire-active-unify-fusion-fluide-teinte-spf50-50ml","og_site_name":"Para-Dis","article_modified_time":"2023-08-15T16:25:40+00:00","og_image":[{"width":800,"height":800,"url":"https:\/\/para-sanita.fidsexcellence.tn\/wp-content\/uploads\/2023\/08\/clarenia-eau-micellaire-radiance-booster-3en1-200ml-6192484100193-10.jpg","type":"image\/jpeg"}],"twitter_card":"summary_large_image","twitter_misc":{"Dur\u00e9e de lecture estim\u00e9e":"1 minute"},"schema":{"@context":"https:\/\/schema.org","@graph":[{"@type":"WebPage","@id":"https:\/\/para-sanita.fidsexcellence.tn\/?product=isdin-ecran-solaire-active-unify-fusion-fluide-teinte-spf50-50ml","url":"https:\/\/para-sanita.fidsexcellence.tn\/?product=isdin-ecran-solaire-active-unify-fusion-fluide-teinte-spf50-50ml","name":"Isdin \u00c9cran Solaire Active Unify Fusion Fluide Teint\u00e9 SPF50+, 50ML - Para-Dis","isPartOf":{"@id":"https:\/\/para-sanita.fidsexcellence.tn\/#website"},"datePublished":"2023-08-14T12:27:45+00:00","dateModified":"2023-08-15T16:25:40+00:00","breadcrumb":{"@id":"https:\/\/para-sanita.fidsexcellence.tn\/?product=isdin-ecran-solaire-active-unify-fusion-fluide-teinte-spf50-50ml#breadcrumb"},"inLanguage":"fr-FR","potentialAction":[{"@type":"ReadAction","target":["https:\/\/para-sanita.fidsexcellence.tn\/?product=isdin-ecran-solaire-active-unify-fusion-fluide-teinte-spf50-50ml"]}]},{"@type":"BreadcrumbList","@id":"https:\/\/para-sanita.fidsexcellence.tn\/?product=isdin-ecran-solaire-active-unify-fusion-fluide-teinte-spf50-50ml#breadcrumb","itemListElement":[{"@type":"ListItem","position":1,"name":"Accueil","item":"https:\/\/para-sanita.fidsexcellence.tn\/"},{"@type":"ListItem","position":2,"name":"Shop","item":"https:\/\/para-sanita.fidsexcellence.tn\/?page_id=3853"},{"@type":"ListItem","position":3,"name":"Isdin \u00c9cran Solaire Active Unify Fusion Fluide Teint\u00e9 SPF50+, 50ML"}]},{"@type":"WebSite","@id":"https:\/\/para-sanita.fidsexcellence.tn\/#website","url":"https:\/\/para-sanita.fidsexcellence.tn\/","name":"Para-Dis","description":"","publisher":{"@id":"https:\/\/para-sanita.fidsexcellence.tn\/#organization"},"potentialAction":[{"@type":"SearchAction","target":{"@type":"EntryPoint","urlTemplate":"https:\/\/para-sanita.fidsexcellence.tn\/?s={search_term_string}"},"query-input":"required name=search_term_string"}],"inLanguage":"fr-FR"},{"@type":"Organization","@id":"https:\/\/para-sanita.fidsexcellence.tn\/#organization","name":"Para-Dis","url":"https:\/\/para-sanita.fidsexcellence.tn\/","logo":{"@type":"ImageObject","inLanguage":"fr-FR","@id":"https:\/\/para-sanita.fidsexcellence.tn\/#\/schema\/logo\/image\/","url":"https:\/\/para-sanita.fidsexcellence.tn\/wp-content\/uploads\/2025\/03\/cropped-logo-1.png","contentUrl":"https:\/\/para-sanita.fidsexcellence.tn\/wp-content\/uploads\/2025\/03\/cropped-logo-1.png","width":502,"height":167,"caption":"Para-Dis"},"image":{"@id":"https:\/\/para-sanita.fidsexcellence.tn\/#\/schema\/logo\/image\/"}}]}},"brands":[{"id":278,"name":"Isdin","slug":"isdin"}],"_links":{"self":[{"href":"https:\/\/para-sanita.fidsexcellence.tn\/index.php?rest_route=\/wp\/v2\/product\/11706","targetHints":{"allow":["GET"]}}],"collection":[{"href":"https:\/\/para-sanita.fidsexcellence.tn\/index.php?rest_route=\/wp\/v2\/product"}],"about":[{"href":"https:\/\/para-sanita.fidsexcellence.tn\/index.php?rest_route=\/wp\/v2\/types\/product"}],"replies":[{"embeddable":true,"href":"https:\/\/para-sanita.fidsexcellence.tn\/index.php?rest_route=%2Fwp%2Fv2%2Fcomments&post=11706"}],"version-history":[{"count":3,"href":"https:\/\/para-sanita.fidsexcellence.tn\/index.php?rest_route=\/wp\/v2\/product\/11706\/revisions"}],"predecessor-version":[{"id":11729,"href":"https:\/\/para-sanita.fidsexcellence.tn\/index.php?rest_route=\/wp\/v2\/product\/11706\/revisions\/11729"}],"wp:featuredmedia":[{"embeddable":true,"href":"https:\/\/para-sanita.fidsexcellence.tn\/index.php?rest_route=\/wp\/v2\/media\/11708"}],"wp:attachment":[{"href":"https:\/\/para-sanita.fidsexcellence.tn\/index.php?rest_route=%2Fwp%2Fv2%2Fmedia&parent=11706"}],"wp:term":[{"taxonomy":"pwb-brand","embeddable":true,"href":"https:\/\/para-sanita.fidsexcellence.tn\/index.php?rest_route=%2Fwp%2Fv2%2Fpwb-brand&post=11706"},{"taxonomy":"product_cat","embeddable":true,"href":"https:\/\/para-sanita.fidsexcellence.tn\/index.php?rest_route=%2Fwp%2Fv2%2Fproduct_cat&post=11706"},{"taxonomy":"product_tag","embeddable":true,"href":"https:\/\/para-sanita.fidsexcellence.tn\/index.php?rest_route=%2Fwp%2Fv2%2Fproduct_tag&post=11706"}],"curies":[{"name":"wp","href":"https:\/\/api.w.org\/{rel}","templated":true}]}}