{"id":11732,"date":"2023-08-17T09:59:11","date_gmt":"2023-08-17T09:59:11","guid":{"rendered":"https:\/\/para-sanita.fidsexcellence.tn\/?product=svr-sebiaclear-hydra-soin-reparateur-apaisant-anti-marques-40-ml"},"modified":"2023-08-17T09:59:11","modified_gmt":"2023-08-17T09:59:11","slug":"svr-sebiaclear-hydra-soin-reparateur-apaisant-anti-marques-40-ml","status":"publish","type":"product","link":"https:\/\/para-sanita.fidsexcellence.tn\/?product=svr-sebiaclear-hydra-soin-reparateur-apaisant-anti-marques-40-ml","title":{"rendered":"SVR Sebiaclear Hydra Soin R\u00e9parateur Apaisant Anti-Marques, 40 ml"},"content":{"rendered":"<p>SEBIACLEAR Hydra est le 1er soin r\u00e9parateur apaisant \u00e0 l\u2019efficacit\u00e9 anti-marques, sp\u00e9cifiquement d\u00e9velopp\u00e9 pour les peaux \u00e0 tendance acn\u00e9ique sous traitement dess\u00e9chant.<\/p>\n","protected":false},"excerpt":{"rendered":"<p>SEBIACLEAR Hydra est le 1er soin r\u00e9parateur apaisant \u00e0 l\u2019efficacit\u00e9 anti-marques, sp\u00e9cifiquement d\u00e9velopp\u00e9 pour les peaux \u00e0 tendance acn\u00e9ique sous traitement dess\u00e9chant.<\/p>\n","protected":false},"featured_media":11734,"comment_status":"closed","ping_status":"open","template":"","meta":[],"pwb-brand":[],"product_cat":[16],"product_tag":[],"class_list":{"0":"post-11732","1":"product","2":"type-product","3":"status-publish","4":"has-post-thumbnail","6":"product_cat-non-classe","8":"first","9":"instock","10":"purchasable","11":"product-type-simple"},"acf":[],"yoast_head":"<!-- This site is optimized with the Yoast SEO plugin v20.13 - https:\/\/yoast.com\/wordpress\/plugins\/seo\/ -->\n<title>SVR Sebiaclear Hydra Soin R\u00e9parateur Apaisant Anti-Marques, 40 ml - Para-Dis<\/title>\n<meta name=\"robots\" content=\"index, follow, max-snippet:-1, max-image-preview:large, max-video-preview:-1\" \/>\n<link rel=\"canonical\" href=\"https:\/\/para-sanita.fidsexcellence.tn\/?product=svr-sebiaclear-hydra-soin-reparateur-apaisant-anti-marques-40-ml\" \/>\n<meta property=\"og:locale\" content=\"fr_FR\" \/>\n<meta property=\"og:type\" content=\"article\" \/>\n<meta property=\"og:title\" content=\"SVR Sebiaclear Hydra Soin R\u00e9parateur Apaisant Anti-Marques, 40 ml - Para-Dis\" \/>\n<meta property=\"og:description\" content=\"SEBIACLEAR Hydra est le 1er soin r\u00e9parateur apaisant \u00e0 l\u2019efficacit\u00e9 anti-marques, sp\u00e9cifiquement d\u00e9velopp\u00e9 pour les peaux \u00e0 tendance acn\u00e9ique sous traitement dess\u00e9chant.\" \/>\n<meta property=\"og:url\" content=\"https:\/\/para-sanita.fidsexcellence.tn\/?product=svr-sebiaclear-hydra-soin-reparateur-apaisant-anti-marques-40-ml\" \/>\n<meta property=\"og:site_name\" content=\"Para-Dis\" \/>\n<meta property=\"og:image\" content=\"https:\/\/para-sanita.fidsexcellence.tn\/wp-content\/uploads\/2023\/08\/nuk-biberon-first-choice-en-silicone-0-6-mois-300ml-4008600381648-37.jpg\" \/>\n\t<meta property=\"og:image:width\" content=\"800\" \/>\n\t<meta property=\"og:image:height\" content=\"800\" \/>\n\t<meta property=\"og:image:type\" content=\"image\/jpeg\" \/>\n<meta name=\"twitter:card\" content=\"summary_large_image\" \/>\n<script type=\"application\/ld+json\" class=\"yoast-schema-graph\">{\"@context\":\"https:\/\/schema.org\",\"@graph\":[{\"@type\":\"WebPage\",\"@id\":\"https:\/\/para-sanita.fidsexcellence.tn\/?product=svr-sebiaclear-hydra-soin-reparateur-apaisant-anti-marques-40-ml\",\"url\":\"https:\/\/para-sanita.fidsexcellence.tn\/?product=svr-sebiaclear-hydra-soin-reparateur-apaisant-anti-marques-40-ml\",\"name\":\"SVR Sebiaclear Hydra Soin R\u00e9parateur Apaisant Anti-Marques, 40 ml - Para-Dis\",\"isPartOf\":{\"@id\":\"https:\/\/para-sanita.fidsexcellence.tn\/#website\"},\"datePublished\":\"2023-08-17T09:59:11+00:00\",\"dateModified\":\"2023-08-17T09:59:11+00:00\",\"breadcrumb\":{\"@id\":\"https:\/\/para-sanita.fidsexcellence.tn\/?product=svr-sebiaclear-hydra-soin-reparateur-apaisant-anti-marques-40-ml#breadcrumb\"},\"inLanguage\":\"fr-FR\",\"potentialAction\":[{\"@type\":\"ReadAction\",\"target\":[\"https:\/\/para-sanita.fidsexcellence.tn\/?product=svr-sebiaclear-hydra-soin-reparateur-apaisant-anti-marques-40-ml\"]}]},{\"@type\":\"BreadcrumbList\",\"@id\":\"https:\/\/para-sanita.fidsexcellence.tn\/?product=svr-sebiaclear-hydra-soin-reparateur-apaisant-anti-marques-40-ml#breadcrumb\",\"itemListElement\":[{\"@type\":\"ListItem\",\"position\":1,\"name\":\"Accueil\",\"item\":\"https:\/\/para-sanita.fidsexcellence.tn\/\"},{\"@type\":\"ListItem\",\"position\":2,\"name\":\"Shop\",\"item\":\"https:\/\/para-sanita.fidsexcellence.tn\/?page_id=3853\"},{\"@type\":\"ListItem\",\"position\":3,\"name\":\"SVR Sebiaclear Hydra Soin R\u00e9parateur Apaisant Anti-Marques, 40 ml\"}]},{\"@type\":\"WebSite\",\"@id\":\"https:\/\/para-sanita.fidsexcellence.tn\/#website\",\"url\":\"https:\/\/para-sanita.fidsexcellence.tn\/\",\"name\":\"Para-Dis\",\"description\":\"\",\"publisher\":{\"@id\":\"https:\/\/para-sanita.fidsexcellence.tn\/#organization\"},\"potentialAction\":[{\"@type\":\"SearchAction\",\"target\":{\"@type\":\"EntryPoint\",\"urlTemplate\":\"https:\/\/para-sanita.fidsexcellence.tn\/?s={search_term_string}\"},\"query-input\":\"required name=search_term_string\"}],\"inLanguage\":\"fr-FR\"},{\"@type\":\"Organization\",\"@id\":\"https:\/\/para-sanita.fidsexcellence.tn\/#organization\",\"name\":\"Para-Dis\",\"url\":\"https:\/\/para-sanita.fidsexcellence.tn\/\",\"logo\":{\"@type\":\"ImageObject\",\"inLanguage\":\"fr-FR\",\"@id\":\"https:\/\/para-sanita.fidsexcellence.tn\/#\/schema\/logo\/image\/\",\"url\":\"https:\/\/para-sanita.fidsexcellence.tn\/wp-content\/uploads\/2025\/03\/cropped-logo-1.png\",\"contentUrl\":\"https:\/\/para-sanita.fidsexcellence.tn\/wp-content\/uploads\/2025\/03\/cropped-logo-1.png\",\"width\":502,\"height\":167,\"caption\":\"Para-Dis\"},\"image\":{\"@id\":\"https:\/\/para-sanita.fidsexcellence.tn\/#\/schema\/logo\/image\/\"}}]}<\/script>\n<!-- \/ Yoast SEO plugin. -->","yoast_head_json":{"title":"SVR Sebiaclear Hydra Soin R\u00e9parateur Apaisant Anti-Marques, 40 ml - Para-Dis","robots":{"index":"index","follow":"follow","max-snippet":"max-snippet:-1","max-image-preview":"max-image-preview:large","max-video-preview":"max-video-preview:-1"},"canonical":"https:\/\/para-sanita.fidsexcellence.tn\/?product=svr-sebiaclear-hydra-soin-reparateur-apaisant-anti-marques-40-ml","og_locale":"fr_FR","og_type":"article","og_title":"SVR Sebiaclear Hydra Soin R\u00e9parateur Apaisant Anti-Marques, 40 ml - Para-Dis","og_description":"SEBIACLEAR Hydra est le 1er soin r\u00e9parateur apaisant \u00e0 l\u2019efficacit\u00e9 anti-marques, sp\u00e9cifiquement d\u00e9velopp\u00e9 pour les peaux \u00e0 tendance acn\u00e9ique sous traitement dess\u00e9chant.","og_url":"https:\/\/para-sanita.fidsexcellence.tn\/?product=svr-sebiaclear-hydra-soin-reparateur-apaisant-anti-marques-40-ml","og_site_name":"Para-Dis","og_image":[{"width":800,"height":800,"url":"https:\/\/para-sanita.fidsexcellence.tn\/wp-content\/uploads\/2023\/08\/nuk-biberon-first-choice-en-silicone-0-6-mois-300ml-4008600381648-37.jpg","type":"image\/jpeg"}],"twitter_card":"summary_large_image","schema":{"@context":"https:\/\/schema.org","@graph":[{"@type":"WebPage","@id":"https:\/\/para-sanita.fidsexcellence.tn\/?product=svr-sebiaclear-hydra-soin-reparateur-apaisant-anti-marques-40-ml","url":"https:\/\/para-sanita.fidsexcellence.tn\/?product=svr-sebiaclear-hydra-soin-reparateur-apaisant-anti-marques-40-ml","name":"SVR Sebiaclear Hydra Soin R\u00e9parateur Apaisant Anti-Marques, 40 ml - Para-Dis","isPartOf":{"@id":"https:\/\/para-sanita.fidsexcellence.tn\/#website"},"datePublished":"2023-08-17T09:59:11+00:00","dateModified":"2023-08-17T09:59:11+00:00","breadcrumb":{"@id":"https:\/\/para-sanita.fidsexcellence.tn\/?product=svr-sebiaclear-hydra-soin-reparateur-apaisant-anti-marques-40-ml#breadcrumb"},"inLanguage":"fr-FR","potentialAction":[{"@type":"ReadAction","target":["https:\/\/para-sanita.fidsexcellence.tn\/?product=svr-sebiaclear-hydra-soin-reparateur-apaisant-anti-marques-40-ml"]}]},{"@type":"BreadcrumbList","@id":"https:\/\/para-sanita.fidsexcellence.tn\/?product=svr-sebiaclear-hydra-soin-reparateur-apaisant-anti-marques-40-ml#breadcrumb","itemListElement":[{"@type":"ListItem","position":1,"name":"Accueil","item":"https:\/\/para-sanita.fidsexcellence.tn\/"},{"@type":"ListItem","position":2,"name":"Shop","item":"https:\/\/para-sanita.fidsexcellence.tn\/?page_id=3853"},{"@type":"ListItem","position":3,"name":"SVR Sebiaclear Hydra Soin R\u00e9parateur Apaisant Anti-Marques, 40 ml"}]},{"@type":"WebSite","@id":"https:\/\/para-sanita.fidsexcellence.tn\/#website","url":"https:\/\/para-sanita.fidsexcellence.tn\/","name":"Para-Dis","description":"","publisher":{"@id":"https:\/\/para-sanita.fidsexcellence.tn\/#organization"},"potentialAction":[{"@type":"SearchAction","target":{"@type":"EntryPoint","urlTemplate":"https:\/\/para-sanita.fidsexcellence.tn\/?s={search_term_string}"},"query-input":"required name=search_term_string"}],"inLanguage":"fr-FR"},{"@type":"Organization","@id":"https:\/\/para-sanita.fidsexcellence.tn\/#organization","name":"Para-Dis","url":"https:\/\/para-sanita.fidsexcellence.tn\/","logo":{"@type":"ImageObject","inLanguage":"fr-FR","@id":"https:\/\/para-sanita.fidsexcellence.tn\/#\/schema\/logo\/image\/","url":"https:\/\/para-sanita.fidsexcellence.tn\/wp-content\/uploads\/2025\/03\/cropped-logo-1.png","contentUrl":"https:\/\/para-sanita.fidsexcellence.tn\/wp-content\/uploads\/2025\/03\/cropped-logo-1.png","width":502,"height":167,"caption":"Para-Dis"},"image":{"@id":"https:\/\/para-sanita.fidsexcellence.tn\/#\/schema\/logo\/image\/"}}]}},"brands":[],"_links":{"self":[{"href":"https:\/\/para-sanita.fidsexcellence.tn\/index.php?rest_route=\/wp\/v2\/product\/11732","targetHints":{"allow":["GET"]}}],"collection":[{"href":"https:\/\/para-sanita.fidsexcellence.tn\/index.php?rest_route=\/wp\/v2\/product"}],"about":[{"href":"https:\/\/para-sanita.fidsexcellence.tn\/index.php?rest_route=\/wp\/v2\/types\/product"}],"replies":[{"embeddable":true,"href":"https:\/\/para-sanita.fidsexcellence.tn\/index.php?rest_route=%2Fwp%2Fv2%2Fcomments&post=11732"}],"version-history":[{"count":1,"href":"https:\/\/para-sanita.fidsexcellence.tn\/index.php?rest_route=\/wp\/v2\/product\/11732\/revisions"}],"predecessor-version":[{"id":11733,"href":"https:\/\/para-sanita.fidsexcellence.tn\/index.php?rest_route=\/wp\/v2\/product\/11732\/revisions\/11733"}],"wp:featuredmedia":[{"embeddable":true,"href":"https:\/\/para-sanita.fidsexcellence.tn\/index.php?rest_route=\/wp\/v2\/media\/11734"}],"wp:attachment":[{"href":"https:\/\/para-sanita.fidsexcellence.tn\/index.php?rest_route=%2Fwp%2Fv2%2Fmedia&parent=11732"}],"wp:term":[{"taxonomy":"pwb-brand","embeddable":true,"href":"https:\/\/para-sanita.fidsexcellence.tn\/index.php?rest_route=%2Fwp%2Fv2%2Fpwb-brand&post=11732"},{"taxonomy":"product_cat","embeddable":true,"href":"https:\/\/para-sanita.fidsexcellence.tn\/index.php?rest_route=%2Fwp%2Fv2%2Fproduct_cat&post=11732"},{"taxonomy":"product_tag","embeddable":true,"href":"https:\/\/para-sanita.fidsexcellence.tn\/index.php?rest_route=%2Fwp%2Fv2%2Fproduct_tag&post=11732"}],"curies":[{"name":"wp","href":"https:\/\/api.w.org\/{rel}","templated":true}]}}