{"id":11735,"date":"2023-08-17T10:01:01","date_gmt":"2023-08-17T10:01:01","guid":{"rendered":"https:\/\/para-sanita.fidsexcellence.tn\/?product=eucerin-dermopure-gommage-peaux-a-imperfections-100ml"},"modified":"2023-08-17T10:01:01","modified_gmt":"2023-08-17T10:01:01","slug":"eucerin-dermopure-gommage-peaux-a-imperfections-100ml","status":"publish","type":"product","link":"https:\/\/para-sanita.fidsexcellence.tn\/?product=eucerin-dermopure-gommage-peaux-a-imperfections-100ml","title":{"rendered":"EUCERIN DERMOPURE GOMMAGE PEAUX A IMPERFECTIONS 100ML"},"content":{"rendered":"<p>Gr\u00e2ce \u00e0 sa formule enrichie en Acide Lactique et qui renferme des micro-particules, EUCERIN DermoPure Gommage d\u00e9sobstrue les pores, contribue \u00e0 combattre les points noirs et les imperfections et affine le grain de peau.<\/p>\n","protected":false},"excerpt":{"rendered":"<p>Gr\u00e2ce \u00e0 sa formule enrichie en Acide Lactique et qui renferme des micro-particules, EUCERIN DermoPure Gommage d\u00e9sobstrue les pores, contribue \u00e0 combattre les points noirs et les imperfections et affine le grain de peau.<\/p>\n","protected":false},"featured_media":11737,"comment_status":"closed","ping_status":"open","template":"","meta":[],"pwb-brand":[],"product_cat":[16],"product_tag":[],"class_list":{"0":"post-11735","1":"product","2":"type-product","3":"status-publish","4":"has-post-thumbnail","6":"product_cat-non-classe","8":"first","9":"instock","10":"purchasable","11":"product-type-simple"},"acf":[],"yoast_head":"<!-- This site is optimized with the Yoast SEO plugin v20.13 - https:\/\/yoast.com\/wordpress\/plugins\/seo\/ -->\n<title>EUCERIN DERMOPURE GOMMAGE PEAUX A IMPERFECTIONS 100ML - Para-Dis<\/title>\n<meta name=\"robots\" content=\"index, follow, max-snippet:-1, max-image-preview:large, max-video-preview:-1\" \/>\n<link rel=\"canonical\" href=\"https:\/\/para-sanita.fidsexcellence.tn\/?product=eucerin-dermopure-gommage-peaux-a-imperfections-100ml\" \/>\n<meta property=\"og:locale\" content=\"fr_FR\" \/>\n<meta property=\"og:type\" content=\"article\" \/>\n<meta property=\"og:title\" content=\"EUCERIN DERMOPURE GOMMAGE PEAUX A IMPERFECTIONS 100ML - Para-Dis\" \/>\n<meta property=\"og:description\" content=\"Gr\u00e2ce \u00e0 sa formule enrichie en Acide Lactique et qui renferme des micro-particules, EUCERIN DermoPure Gommage d\u00e9sobstrue les pores, contribue \u00e0 combattre les points noirs et les imperfections et affine le grain de peau.\" \/>\n<meta property=\"og:url\" content=\"https:\/\/para-sanita.fidsexcellence.tn\/?product=eucerin-dermopure-gommage-peaux-a-imperfections-100ml\" \/>\n<meta property=\"og:site_name\" content=\"Para-Dis\" \/>\n<meta property=\"og:image\" content=\"https:\/\/para-sanita.fidsexcellence.tn\/wp-content\/uploads\/2023\/08\/eucerin-dermopure-gommage-peaux-a-imperfections-100ml.jpg\" \/>\n\t<meta property=\"og:image:width\" content=\"800\" \/>\n\t<meta property=\"og:image:height\" content=\"800\" \/>\n\t<meta property=\"og:image:type\" content=\"image\/jpeg\" \/>\n<meta name=\"twitter:card\" content=\"summary_large_image\" \/>\n<script type=\"application\/ld+json\" class=\"yoast-schema-graph\">{\"@context\":\"https:\/\/schema.org\",\"@graph\":[{\"@type\":\"WebPage\",\"@id\":\"https:\/\/para-sanita.fidsexcellence.tn\/?product=eucerin-dermopure-gommage-peaux-a-imperfections-100ml\",\"url\":\"https:\/\/para-sanita.fidsexcellence.tn\/?product=eucerin-dermopure-gommage-peaux-a-imperfections-100ml\",\"name\":\"EUCERIN DERMOPURE GOMMAGE PEAUX A IMPERFECTIONS 100ML - Para-Dis\",\"isPartOf\":{\"@id\":\"https:\/\/para-sanita.fidsexcellence.tn\/#website\"},\"datePublished\":\"2023-08-17T10:01:01+00:00\",\"dateModified\":\"2023-08-17T10:01:01+00:00\",\"breadcrumb\":{\"@id\":\"https:\/\/para-sanita.fidsexcellence.tn\/?product=eucerin-dermopure-gommage-peaux-a-imperfections-100ml#breadcrumb\"},\"inLanguage\":\"fr-FR\",\"potentialAction\":[{\"@type\":\"ReadAction\",\"target\":[\"https:\/\/para-sanita.fidsexcellence.tn\/?product=eucerin-dermopure-gommage-peaux-a-imperfections-100ml\"]}]},{\"@type\":\"BreadcrumbList\",\"@id\":\"https:\/\/para-sanita.fidsexcellence.tn\/?product=eucerin-dermopure-gommage-peaux-a-imperfections-100ml#breadcrumb\",\"itemListElement\":[{\"@type\":\"ListItem\",\"position\":1,\"name\":\"Accueil\",\"item\":\"https:\/\/para-sanita.fidsexcellence.tn\/\"},{\"@type\":\"ListItem\",\"position\":2,\"name\":\"Shop\",\"item\":\"https:\/\/para-sanita.fidsexcellence.tn\/?page_id=3853\"},{\"@type\":\"ListItem\",\"position\":3,\"name\":\"EUCERIN DERMOPURE GOMMAGE PEAUX A IMPERFECTIONS 100ML\"}]},{\"@type\":\"WebSite\",\"@id\":\"https:\/\/para-sanita.fidsexcellence.tn\/#website\",\"url\":\"https:\/\/para-sanita.fidsexcellence.tn\/\",\"name\":\"Para-Dis\",\"description\":\"\",\"publisher\":{\"@id\":\"https:\/\/para-sanita.fidsexcellence.tn\/#organization\"},\"potentialAction\":[{\"@type\":\"SearchAction\",\"target\":{\"@type\":\"EntryPoint\",\"urlTemplate\":\"https:\/\/para-sanita.fidsexcellence.tn\/?s={search_term_string}\"},\"query-input\":\"required name=search_term_string\"}],\"inLanguage\":\"fr-FR\"},{\"@type\":\"Organization\",\"@id\":\"https:\/\/para-sanita.fidsexcellence.tn\/#organization\",\"name\":\"Para-Dis\",\"url\":\"https:\/\/para-sanita.fidsexcellence.tn\/\",\"logo\":{\"@type\":\"ImageObject\",\"inLanguage\":\"fr-FR\",\"@id\":\"https:\/\/para-sanita.fidsexcellence.tn\/#\/schema\/logo\/image\/\",\"url\":\"https:\/\/para-sanita.fidsexcellence.tn\/wp-content\/uploads\/2025\/03\/cropped-logo-1.png\",\"contentUrl\":\"https:\/\/para-sanita.fidsexcellence.tn\/wp-content\/uploads\/2025\/03\/cropped-logo-1.png\",\"width\":502,\"height\":167,\"caption\":\"Para-Dis\"},\"image\":{\"@id\":\"https:\/\/para-sanita.fidsexcellence.tn\/#\/schema\/logo\/image\/\"}}]}<\/script>\n<!-- \/ Yoast SEO plugin. -->","yoast_head_json":{"title":"EUCERIN DERMOPURE GOMMAGE PEAUX A IMPERFECTIONS 100ML - Para-Dis","robots":{"index":"index","follow":"follow","max-snippet":"max-snippet:-1","max-image-preview":"max-image-preview:large","max-video-preview":"max-video-preview:-1"},"canonical":"https:\/\/para-sanita.fidsexcellence.tn\/?product=eucerin-dermopure-gommage-peaux-a-imperfections-100ml","og_locale":"fr_FR","og_type":"article","og_title":"EUCERIN DERMOPURE GOMMAGE PEAUX A IMPERFECTIONS 100ML - Para-Dis","og_description":"Gr\u00e2ce \u00e0 sa formule enrichie en Acide Lactique et qui renferme des micro-particules, EUCERIN DermoPure Gommage d\u00e9sobstrue les pores, contribue \u00e0 combattre les points noirs et les imperfections et affine le grain de peau.","og_url":"https:\/\/para-sanita.fidsexcellence.tn\/?product=eucerin-dermopure-gommage-peaux-a-imperfections-100ml","og_site_name":"Para-Dis","og_image":[{"width":800,"height":800,"url":"https:\/\/para-sanita.fidsexcellence.tn\/wp-content\/uploads\/2023\/08\/eucerin-dermopure-gommage-peaux-a-imperfections-100ml.jpg","type":"image\/jpeg"}],"twitter_card":"summary_large_image","schema":{"@context":"https:\/\/schema.org","@graph":[{"@type":"WebPage","@id":"https:\/\/para-sanita.fidsexcellence.tn\/?product=eucerin-dermopure-gommage-peaux-a-imperfections-100ml","url":"https:\/\/para-sanita.fidsexcellence.tn\/?product=eucerin-dermopure-gommage-peaux-a-imperfections-100ml","name":"EUCERIN DERMOPURE GOMMAGE PEAUX A IMPERFECTIONS 100ML - Para-Dis","isPartOf":{"@id":"https:\/\/para-sanita.fidsexcellence.tn\/#website"},"datePublished":"2023-08-17T10:01:01+00:00","dateModified":"2023-08-17T10:01:01+00:00","breadcrumb":{"@id":"https:\/\/para-sanita.fidsexcellence.tn\/?product=eucerin-dermopure-gommage-peaux-a-imperfections-100ml#breadcrumb"},"inLanguage":"fr-FR","potentialAction":[{"@type":"ReadAction","target":["https:\/\/para-sanita.fidsexcellence.tn\/?product=eucerin-dermopure-gommage-peaux-a-imperfections-100ml"]}]},{"@type":"BreadcrumbList","@id":"https:\/\/para-sanita.fidsexcellence.tn\/?product=eucerin-dermopure-gommage-peaux-a-imperfections-100ml#breadcrumb","itemListElement":[{"@type":"ListItem","position":1,"name":"Accueil","item":"https:\/\/para-sanita.fidsexcellence.tn\/"},{"@type":"ListItem","position":2,"name":"Shop","item":"https:\/\/para-sanita.fidsexcellence.tn\/?page_id=3853"},{"@type":"ListItem","position":3,"name":"EUCERIN DERMOPURE GOMMAGE PEAUX A IMPERFECTIONS 100ML"}]},{"@type":"WebSite","@id":"https:\/\/para-sanita.fidsexcellence.tn\/#website","url":"https:\/\/para-sanita.fidsexcellence.tn\/","name":"Para-Dis","description":"","publisher":{"@id":"https:\/\/para-sanita.fidsexcellence.tn\/#organization"},"potentialAction":[{"@type":"SearchAction","target":{"@type":"EntryPoint","urlTemplate":"https:\/\/para-sanita.fidsexcellence.tn\/?s={search_term_string}"},"query-input":"required name=search_term_string"}],"inLanguage":"fr-FR"},{"@type":"Organization","@id":"https:\/\/para-sanita.fidsexcellence.tn\/#organization","name":"Para-Dis","url":"https:\/\/para-sanita.fidsexcellence.tn\/","logo":{"@type":"ImageObject","inLanguage":"fr-FR","@id":"https:\/\/para-sanita.fidsexcellence.tn\/#\/schema\/logo\/image\/","url":"https:\/\/para-sanita.fidsexcellence.tn\/wp-content\/uploads\/2025\/03\/cropped-logo-1.png","contentUrl":"https:\/\/para-sanita.fidsexcellence.tn\/wp-content\/uploads\/2025\/03\/cropped-logo-1.png","width":502,"height":167,"caption":"Para-Dis"},"image":{"@id":"https:\/\/para-sanita.fidsexcellence.tn\/#\/schema\/logo\/image\/"}}]}},"brands":[],"_links":{"self":[{"href":"https:\/\/para-sanita.fidsexcellence.tn\/index.php?rest_route=\/wp\/v2\/product\/11735","targetHints":{"allow":["GET"]}}],"collection":[{"href":"https:\/\/para-sanita.fidsexcellence.tn\/index.php?rest_route=\/wp\/v2\/product"}],"about":[{"href":"https:\/\/para-sanita.fidsexcellence.tn\/index.php?rest_route=\/wp\/v2\/types\/product"}],"replies":[{"embeddable":true,"href":"https:\/\/para-sanita.fidsexcellence.tn\/index.php?rest_route=%2Fwp%2Fv2%2Fcomments&post=11735"}],"version-history":[{"count":1,"href":"https:\/\/para-sanita.fidsexcellence.tn\/index.php?rest_route=\/wp\/v2\/product\/11735\/revisions"}],"predecessor-version":[{"id":11736,"href":"https:\/\/para-sanita.fidsexcellence.tn\/index.php?rest_route=\/wp\/v2\/product\/11735\/revisions\/11736"}],"wp:featuredmedia":[{"embeddable":true,"href":"https:\/\/para-sanita.fidsexcellence.tn\/index.php?rest_route=\/wp\/v2\/media\/11737"}],"wp:attachment":[{"href":"https:\/\/para-sanita.fidsexcellence.tn\/index.php?rest_route=%2Fwp%2Fv2%2Fmedia&parent=11735"}],"wp:term":[{"taxonomy":"pwb-brand","embeddable":true,"href":"https:\/\/para-sanita.fidsexcellence.tn\/index.php?rest_route=%2Fwp%2Fv2%2Fpwb-brand&post=11735"},{"taxonomy":"product_cat","embeddable":true,"href":"https:\/\/para-sanita.fidsexcellence.tn\/index.php?rest_route=%2Fwp%2Fv2%2Fproduct_cat&post=11735"},{"taxonomy":"product_tag","embeddable":true,"href":"https:\/\/para-sanita.fidsexcellence.tn\/index.php?rest_route=%2Fwp%2Fv2%2Fproduct_tag&post=11735"}],"curies":[{"name":"wp","href":"https:\/\/api.w.org\/{rel}","templated":true}]}}