{"id":11824,"date":"2025-03-16T18:56:50","date_gmt":"2025-03-16T18:56:50","guid":{"rendered":"https:\/\/para-sanita.fidsexcellence.tn\/?post_type=product&#038;p=11824"},"modified":"2025-03-16T18:59:40","modified_gmt":"2025-03-16T18:59:40","slug":"bioxsine-shampooing-anti-chute-forte-tous-types-de-cheveux-300ml","status":"publish","type":"product","link":"https:\/\/para-sanita.fidsexcellence.tn\/?product=bioxsine-shampooing-anti-chute-forte-tous-types-de-cheveux-300ml","title":{"rendered":"BIOXSINE SHAMPOOING ANTI CHUTE FORTE TOUS TYPES DE CHEVEUX 300ML"},"content":{"rendered":"<p>BIOXSINE FORTE shampooing Formule Intense renforce les follicules de cheveux faibles et aide cheveux look dynamique, fort et sain en nourrissant les cheveux et le cuir chevelu avec ses vitamine extra-forts et formule min\u00e9rale<\/p>\n","protected":false},"excerpt":{"rendered":"<p style=\"font-weight: 400;\"><b><strong>Description\u00a0:<\/strong><\/b><\/p>\n<p style=\"font-weight: 400;\">Bioxsine Dermagen Forte Shampoing Perte intense est bas\u00e9 sur une formule active \u00e0 base de plantes BioComplex B11 \u00e0 partir de phyto-extraits sp\u00e9cialement combin\u00e9s pour r\u00e9duire efficacement la chute des cheveux et favoriser la croissance des cheveux pour des cheveux plus \u00e9pais et plus forts.<\/p>\n<p style=\"font-weight: 400;\">Les actifs efficaces contre la chute des cheveux sont aliment\u00e9s par la technologie des liposomes.<\/p>\n<p style=\"font-weight: 400;\">Des tests d&#8217;efficacit\u00e9 ont prouv\u00e9 que le shampooing Bioxsine Forte aide \u00e0 pr\u00e9venir la chute des cheveux lorsqu&#8217;il est utilis\u00e9 de mani\u00e8re continue et r\u00e9guli\u00e8re, favorise la croissance des cheveux et revitalise les racines des cheveux faibles et fournit de la r\u00e9silience, du volume, de la brillance et de l&#8217;\u00e9clat aux cheveux.<\/p>\n<p style=\"font-weight: 400;\"><b><strong>R\u00e9sultats :<\/strong><\/b><\/p>\n<p style=\"font-weight: 400;\">100% de diminution de la chute des cheveux,<\/p>\n<p style=\"font-weight: 400;\">93% de cheveux plus forts,<\/p>\n<p style=\"font-weight: 400;\">83% de fibres capillaires plus \u00e9paisses,<\/p>\n<p style=\"font-weight: 400;\"><b><strong>Conseils D&#8217;utilisation :<\/strong><\/b><\/p>\n<p style=\"font-weight: 400;\">Il est conseill\u00e9 d&#8217;appliquer Bioxsine Dermagen Forte Shampoing sur cheveux mouill\u00e9s en massant, garder 1 \u00e0 2 minutes et bien rincer.<\/p>\n","protected":false},"featured_media":11825,"comment_status":"closed","ping_status":"closed","template":"","meta":[],"pwb-brand":[251],"product_cat":[183,186],"product_tag":[],"class_list":{"0":"post-11824","1":"product","2":"type-product","3":"status-publish","4":"has-post-thumbnail","6":"pwb-brand-bioxsine","7":"product_cat-cheveux","8":"product_cat-soin-anti-chute","10":"first","11":"instock","12":"purchasable","13":"product-type-simple"},"acf":[],"yoast_head":"<!-- This site is optimized with the Yoast SEO plugin v20.13 - https:\/\/yoast.com\/wordpress\/plugins\/seo\/ -->\n<title>BIOXSINE SHAMPOOING ANTI CHUTE FORTE TOUS TYPES DE CHEVEUX 300ML - Para-Dis<\/title>\n<meta name=\"description\" content=\"Description :Bioxsine Dermagen Forte Shampoing Perte intense est bas\u00e9 sur une formule active \u00e0 base de plantes BioComplex B11 \u00e0 partir de phyto-extraits sp\u00e9cialement combin\u00e9s pour r\u00e9duire efficacement la chute des cheveux et favoriser la croissance des cheveux pour des cheveux plus \u00e9pais et plus forts.Les actifs efficaces contre la chute des cheveux sont aliment\u00e9s par la technologie des liposomes.Des tests d&#039;efficacit\u00e9 ont prouv\u00e9 que le shampooing Bioxsine Forte aide \u00e0 pr\u00e9venir la chute des cheveux lorsqu&#039;il est utilis\u00e9 de mani\u00e8re continue et r\u00e9guli\u00e8re, favorise la croissance des cheveux et revitalise les racines des cheveux faibles et fournit de la r\u00e9silience, du volume, de la brillance et de l&#039;\u00e9clat aux cheveux.R\u00e9sultats :100% de diminution de la chute des cheveux,93% de cheveux plus forts,83% de fibres capillaires plus \u00e9paisses,Conseils D&#039;utilisation :Il est conseill\u00e9 d&#039;appliquer Bioxsine Dermagen Forte Shampoing sur cheveux mouill\u00e9s en massant, garder 1 \u00e0 2 minutes et bien rincer.\" \/>\n<meta name=\"robots\" content=\"index, follow, max-snippet:-1, max-image-preview:large, max-video-preview:-1\" \/>\n<link rel=\"canonical\" href=\"https:\/\/para-sanita.fidsexcellence.tn\/?product=bioxsine-shampooing-anti-chute-forte-tous-types-de-cheveux-300ml\" \/>\n<meta property=\"og:locale\" content=\"fr_FR\" \/>\n<meta property=\"og:type\" content=\"article\" \/>\n<meta property=\"og:title\" content=\"BIOXSINE SHAMPOOING ANTI CHUTE FORTE TOUS TYPES DE CHEVEUX 300ML - Para-Dis\" \/>\n<meta property=\"og:description\" content=\"Description :Bioxsine Dermagen Forte Shampoing Perte intense est bas\u00e9 sur une formule active \u00e0 base de plantes BioComplex B11 \u00e0 partir de phyto-extraits sp\u00e9cialement combin\u00e9s pour r\u00e9duire efficacement la chute des cheveux et favoriser la croissance des cheveux pour des cheveux plus \u00e9pais et plus forts.Les actifs efficaces contre la chute des cheveux sont aliment\u00e9s par la technologie des liposomes.Des tests d&#039;efficacit\u00e9 ont prouv\u00e9 que le shampooing Bioxsine Forte aide \u00e0 pr\u00e9venir la chute des cheveux lorsqu&#039;il est utilis\u00e9 de mani\u00e8re continue et r\u00e9guli\u00e8re, favorise la croissance des cheveux et revitalise les racines des cheveux faibles et fournit de la r\u00e9silience, du volume, de la brillance et de l&#039;\u00e9clat aux cheveux.R\u00e9sultats :100% de diminution de la chute des cheveux,93% de cheveux plus forts,83% de fibres capillaires plus \u00e9paisses,Conseils D&#039;utilisation :Il est conseill\u00e9 d&#039;appliquer Bioxsine Dermagen Forte Shampoing sur cheveux mouill\u00e9s en massant, garder 1 \u00e0 2 minutes et bien rincer.\" \/>\n<meta property=\"og:url\" content=\"https:\/\/para-sanita.fidsexcellence.tn\/?product=bioxsine-shampooing-anti-chute-forte-tous-types-de-cheveux-300ml\" \/>\n<meta property=\"og:site_name\" content=\"Para-Dis\" \/>\n<meta property=\"article:modified_time\" content=\"2025-03-16T18:59:40+00:00\" \/>\n<meta property=\"og:image\" content=\"https:\/\/para-sanita.fidsexcellence.tn\/wp-content\/uploads\/2025\/03\/bioxsine-shampooing-anti-chute-forte-tous-types-de-cheveux-300ml.jpg\" \/>\n\t<meta property=\"og:image:width\" content=\"250\" \/>\n\t<meta property=\"og:image:height\" content=\"250\" \/>\n\t<meta property=\"og:image:type\" content=\"image\/jpeg\" \/>\n<meta name=\"twitter:card\" content=\"summary_large_image\" \/>\n<meta name=\"twitter:label1\" content=\"Dur\u00e9e de lecture estim\u00e9e\" \/>\n\t<meta name=\"twitter:data1\" content=\"1 minute\" \/>\n<script type=\"application\/ld+json\" class=\"yoast-schema-graph\">{\"@context\":\"https:\/\/schema.org\",\"@graph\":[{\"@type\":\"WebPage\",\"@id\":\"https:\/\/para-sanita.fidsexcellence.tn\/?product=bioxsine-shampooing-anti-chute-forte-tous-types-de-cheveux-300ml\",\"url\":\"https:\/\/para-sanita.fidsexcellence.tn\/?product=bioxsine-shampooing-anti-chute-forte-tous-types-de-cheveux-300ml\",\"name\":\"BIOXSINE SHAMPOOING ANTI CHUTE FORTE TOUS TYPES DE CHEVEUX 300ML - Para-Dis\",\"isPartOf\":{\"@id\":\"https:\/\/para-sanita.fidsexcellence.tn\/#website\"},\"datePublished\":\"2025-03-16T18:56:50+00:00\",\"dateModified\":\"2025-03-16T18:59:40+00:00\",\"description\":\"Description :Bioxsine Dermagen Forte Shampoing Perte intense est bas\u00e9 sur une formule active \u00e0 base de plantes BioComplex B11 \u00e0 partir de phyto-extraits sp\u00e9cialement combin\u00e9s pour r\u00e9duire efficacement la chute des cheveux et favoriser la croissance des cheveux pour des cheveux plus \u00e9pais et plus forts.Les actifs efficaces contre la chute des cheveux sont aliment\u00e9s par la technologie des liposomes.Des tests d'efficacit\u00e9 ont prouv\u00e9 que le shampooing Bioxsine Forte aide \u00e0 pr\u00e9venir la chute des cheveux lorsqu'il est utilis\u00e9 de mani\u00e8re continue et r\u00e9guli\u00e8re, favorise la croissance des cheveux et revitalise les racines des cheveux faibles et fournit de la r\u00e9silience, du volume, de la brillance et de l'\u00e9clat aux cheveux.R\u00e9sultats :100% de diminution de la chute des cheveux,93% de cheveux plus forts,83% de fibres capillaires plus \u00e9paisses,Conseils D'utilisation :Il est conseill\u00e9 d'appliquer Bioxsine Dermagen Forte Shampoing sur cheveux mouill\u00e9s en massant, garder 1 \u00e0 2 minutes et bien rincer.\",\"breadcrumb\":{\"@id\":\"https:\/\/para-sanita.fidsexcellence.tn\/?product=bioxsine-shampooing-anti-chute-forte-tous-types-de-cheveux-300ml#breadcrumb\"},\"inLanguage\":\"fr-FR\",\"potentialAction\":[{\"@type\":\"ReadAction\",\"target\":[\"https:\/\/para-sanita.fidsexcellence.tn\/?product=bioxsine-shampooing-anti-chute-forte-tous-types-de-cheveux-300ml\"]}]},{\"@type\":\"BreadcrumbList\",\"@id\":\"https:\/\/para-sanita.fidsexcellence.tn\/?product=bioxsine-shampooing-anti-chute-forte-tous-types-de-cheveux-300ml#breadcrumb\",\"itemListElement\":[{\"@type\":\"ListItem\",\"position\":1,\"name\":\"Accueil\",\"item\":\"https:\/\/para-sanita.fidsexcellence.tn\/\"},{\"@type\":\"ListItem\",\"position\":2,\"name\":\"Shop\",\"item\":\"https:\/\/para-sanita.fidsexcellence.tn\/?page_id=3853\"},{\"@type\":\"ListItem\",\"position\":3,\"name\":\"BIOXSINE SHAMPOOING ANTI CHUTE FORTE TOUS TYPES DE CHEVEUX 300ML\"}]},{\"@type\":\"WebSite\",\"@id\":\"https:\/\/para-sanita.fidsexcellence.tn\/#website\",\"url\":\"https:\/\/para-sanita.fidsexcellence.tn\/\",\"name\":\"Para-Dis\",\"description\":\"\",\"publisher\":{\"@id\":\"https:\/\/para-sanita.fidsexcellence.tn\/#organization\"},\"potentialAction\":[{\"@type\":\"SearchAction\",\"target\":{\"@type\":\"EntryPoint\",\"urlTemplate\":\"https:\/\/para-sanita.fidsexcellence.tn\/?s={search_term_string}\"},\"query-input\":\"required name=search_term_string\"}],\"inLanguage\":\"fr-FR\"},{\"@type\":\"Organization\",\"@id\":\"https:\/\/para-sanita.fidsexcellence.tn\/#organization\",\"name\":\"Para-Dis\",\"url\":\"https:\/\/para-sanita.fidsexcellence.tn\/\",\"logo\":{\"@type\":\"ImageObject\",\"inLanguage\":\"fr-FR\",\"@id\":\"https:\/\/para-sanita.fidsexcellence.tn\/#\/schema\/logo\/image\/\",\"url\":\"https:\/\/para-sanita.fidsexcellence.tn\/wp-content\/uploads\/2025\/03\/cropped-logo-1.png\",\"contentUrl\":\"https:\/\/para-sanita.fidsexcellence.tn\/wp-content\/uploads\/2025\/03\/cropped-logo-1.png\",\"width\":502,\"height\":167,\"caption\":\"Para-Dis\"},\"image\":{\"@id\":\"https:\/\/para-sanita.fidsexcellence.tn\/#\/schema\/logo\/image\/\"}}]}<\/script>\n<!-- \/ Yoast SEO plugin. -->","yoast_head_json":{"title":"BIOXSINE SHAMPOOING ANTI CHUTE FORTE TOUS TYPES DE CHEVEUX 300ML - Para-Dis","description":"Description :Bioxsine Dermagen Forte Shampoing Perte intense est bas\u00e9 sur une formule active \u00e0 base de plantes BioComplex B11 \u00e0 partir de phyto-extraits sp\u00e9cialement combin\u00e9s pour r\u00e9duire efficacement la chute des cheveux et favoriser la croissance des cheveux pour des cheveux plus \u00e9pais et plus forts.Les actifs efficaces contre la chute des cheveux sont aliment\u00e9s par la technologie des liposomes.Des tests d'efficacit\u00e9 ont prouv\u00e9 que le shampooing Bioxsine Forte aide \u00e0 pr\u00e9venir la chute des cheveux lorsqu'il est utilis\u00e9 de mani\u00e8re continue et r\u00e9guli\u00e8re, favorise la croissance des cheveux et revitalise les racines des cheveux faibles et fournit de la r\u00e9silience, du volume, de la brillance et de l'\u00e9clat aux cheveux.R\u00e9sultats :100% de diminution de la chute des cheveux,93% de cheveux plus forts,83% de fibres capillaires plus \u00e9paisses,Conseils D'utilisation :Il est conseill\u00e9 d'appliquer Bioxsine Dermagen Forte Shampoing sur cheveux mouill\u00e9s en massant, garder 1 \u00e0 2 minutes et bien rincer.","robots":{"index":"index","follow":"follow","max-snippet":"max-snippet:-1","max-image-preview":"max-image-preview:large","max-video-preview":"max-video-preview:-1"},"canonical":"https:\/\/para-sanita.fidsexcellence.tn\/?product=bioxsine-shampooing-anti-chute-forte-tous-types-de-cheveux-300ml","og_locale":"fr_FR","og_type":"article","og_title":"BIOXSINE SHAMPOOING ANTI CHUTE FORTE TOUS TYPES DE CHEVEUX 300ML - Para-Dis","og_description":"Description :Bioxsine Dermagen Forte Shampoing Perte intense est bas\u00e9 sur une formule active \u00e0 base de plantes BioComplex B11 \u00e0 partir de phyto-extraits sp\u00e9cialement combin\u00e9s pour r\u00e9duire efficacement la chute des cheveux et favoriser la croissance des cheveux pour des cheveux plus \u00e9pais et plus forts.Les actifs efficaces contre la chute des cheveux sont aliment\u00e9s par la technologie des liposomes.Des tests d'efficacit\u00e9 ont prouv\u00e9 que le shampooing Bioxsine Forte aide \u00e0 pr\u00e9venir la chute des cheveux lorsqu'il est utilis\u00e9 de mani\u00e8re continue et r\u00e9guli\u00e8re, favorise la croissance des cheveux et revitalise les racines des cheveux faibles et fournit de la r\u00e9silience, du volume, de la brillance et de l'\u00e9clat aux cheveux.R\u00e9sultats :100% de diminution de la chute des cheveux,93% de cheveux plus forts,83% de fibres capillaires plus \u00e9paisses,Conseils D'utilisation :Il est conseill\u00e9 d'appliquer Bioxsine Dermagen Forte Shampoing sur cheveux mouill\u00e9s en massant, garder 1 \u00e0 2 minutes et bien rincer.","og_url":"https:\/\/para-sanita.fidsexcellence.tn\/?product=bioxsine-shampooing-anti-chute-forte-tous-types-de-cheveux-300ml","og_site_name":"Para-Dis","article_modified_time":"2025-03-16T18:59:40+00:00","og_image":[{"width":250,"height":250,"url":"https:\/\/para-sanita.fidsexcellence.tn\/wp-content\/uploads\/2025\/03\/bioxsine-shampooing-anti-chute-forte-tous-types-de-cheveux-300ml.jpg","type":"image\/jpeg"}],"twitter_card":"summary_large_image","twitter_misc":{"Dur\u00e9e de lecture estim\u00e9e":"1 minute"},"schema":{"@context":"https:\/\/schema.org","@graph":[{"@type":"WebPage","@id":"https:\/\/para-sanita.fidsexcellence.tn\/?product=bioxsine-shampooing-anti-chute-forte-tous-types-de-cheveux-300ml","url":"https:\/\/para-sanita.fidsexcellence.tn\/?product=bioxsine-shampooing-anti-chute-forte-tous-types-de-cheveux-300ml","name":"BIOXSINE SHAMPOOING ANTI CHUTE FORTE TOUS TYPES DE CHEVEUX 300ML - Para-Dis","isPartOf":{"@id":"https:\/\/para-sanita.fidsexcellence.tn\/#website"},"datePublished":"2025-03-16T18:56:50+00:00","dateModified":"2025-03-16T18:59:40+00:00","description":"Description :Bioxsine Dermagen Forte Shampoing Perte intense est bas\u00e9 sur une formule active \u00e0 base de plantes BioComplex B11 \u00e0 partir de phyto-extraits sp\u00e9cialement combin\u00e9s pour r\u00e9duire efficacement la chute des cheveux et favoriser la croissance des cheveux pour des cheveux plus \u00e9pais et plus forts.Les actifs efficaces contre la chute des cheveux sont aliment\u00e9s par la technologie des liposomes.Des tests d'efficacit\u00e9 ont prouv\u00e9 que le shampooing Bioxsine Forte aide \u00e0 pr\u00e9venir la chute des cheveux lorsqu'il est utilis\u00e9 de mani\u00e8re continue et r\u00e9guli\u00e8re, favorise la croissance des cheveux et revitalise les racines des cheveux faibles et fournit de la r\u00e9silience, du volume, de la brillance et de l'\u00e9clat aux cheveux.R\u00e9sultats :100% de diminution de la chute des cheveux,93% de cheveux plus forts,83% de fibres capillaires plus \u00e9paisses,Conseils D'utilisation :Il est conseill\u00e9 d'appliquer Bioxsine Dermagen Forte Shampoing sur cheveux mouill\u00e9s en massant, garder 1 \u00e0 2 minutes et bien rincer.","breadcrumb":{"@id":"https:\/\/para-sanita.fidsexcellence.tn\/?product=bioxsine-shampooing-anti-chute-forte-tous-types-de-cheveux-300ml#breadcrumb"},"inLanguage":"fr-FR","potentialAction":[{"@type":"ReadAction","target":["https:\/\/para-sanita.fidsexcellence.tn\/?product=bioxsine-shampooing-anti-chute-forte-tous-types-de-cheveux-300ml"]}]},{"@type":"BreadcrumbList","@id":"https:\/\/para-sanita.fidsexcellence.tn\/?product=bioxsine-shampooing-anti-chute-forte-tous-types-de-cheveux-300ml#breadcrumb","itemListElement":[{"@type":"ListItem","position":1,"name":"Accueil","item":"https:\/\/para-sanita.fidsexcellence.tn\/"},{"@type":"ListItem","position":2,"name":"Shop","item":"https:\/\/para-sanita.fidsexcellence.tn\/?page_id=3853"},{"@type":"ListItem","position":3,"name":"BIOXSINE SHAMPOOING ANTI CHUTE FORTE TOUS TYPES DE CHEVEUX 300ML"}]},{"@type":"WebSite","@id":"https:\/\/para-sanita.fidsexcellence.tn\/#website","url":"https:\/\/para-sanita.fidsexcellence.tn\/","name":"Para-Dis","description":"","publisher":{"@id":"https:\/\/para-sanita.fidsexcellence.tn\/#organization"},"potentialAction":[{"@type":"SearchAction","target":{"@type":"EntryPoint","urlTemplate":"https:\/\/para-sanita.fidsexcellence.tn\/?s={search_term_string}"},"query-input":"required name=search_term_string"}],"inLanguage":"fr-FR"},{"@type":"Organization","@id":"https:\/\/para-sanita.fidsexcellence.tn\/#organization","name":"Para-Dis","url":"https:\/\/para-sanita.fidsexcellence.tn\/","logo":{"@type":"ImageObject","inLanguage":"fr-FR","@id":"https:\/\/para-sanita.fidsexcellence.tn\/#\/schema\/logo\/image\/","url":"https:\/\/para-sanita.fidsexcellence.tn\/wp-content\/uploads\/2025\/03\/cropped-logo-1.png","contentUrl":"https:\/\/para-sanita.fidsexcellence.tn\/wp-content\/uploads\/2025\/03\/cropped-logo-1.png","width":502,"height":167,"caption":"Para-Dis"},"image":{"@id":"https:\/\/para-sanita.fidsexcellence.tn\/#\/schema\/logo\/image\/"}}]}},"brands":[{"id":251,"name":"Bioxsine","slug":"bioxsine"}],"_links":{"self":[{"href":"https:\/\/para-sanita.fidsexcellence.tn\/index.php?rest_route=\/wp\/v2\/product\/11824","targetHints":{"allow":["GET"]}}],"collection":[{"href":"https:\/\/para-sanita.fidsexcellence.tn\/index.php?rest_route=\/wp\/v2\/product"}],"about":[{"href":"https:\/\/para-sanita.fidsexcellence.tn\/index.php?rest_route=\/wp\/v2\/types\/product"}],"replies":[{"embeddable":true,"href":"https:\/\/para-sanita.fidsexcellence.tn\/index.php?rest_route=%2Fwp%2Fv2%2Fcomments&post=11824"}],"version-history":[{"count":1,"href":"https:\/\/para-sanita.fidsexcellence.tn\/index.php?rest_route=\/wp\/v2\/product\/11824\/revisions"}],"predecessor-version":[{"id":11826,"href":"https:\/\/para-sanita.fidsexcellence.tn\/index.php?rest_route=\/wp\/v2\/product\/11824\/revisions\/11826"}],"wp:featuredmedia":[{"embeddable":true,"href":"https:\/\/para-sanita.fidsexcellence.tn\/index.php?rest_route=\/wp\/v2\/media\/11825"}],"wp:attachment":[{"href":"https:\/\/para-sanita.fidsexcellence.tn\/index.php?rest_route=%2Fwp%2Fv2%2Fmedia&parent=11824"}],"wp:term":[{"taxonomy":"pwb-brand","embeddable":true,"href":"https:\/\/para-sanita.fidsexcellence.tn\/index.php?rest_route=%2Fwp%2Fv2%2Fpwb-brand&post=11824"},{"taxonomy":"product_cat","embeddable":true,"href":"https:\/\/para-sanita.fidsexcellence.tn\/index.php?rest_route=%2Fwp%2Fv2%2Fproduct_cat&post=11824"},{"taxonomy":"product_tag","embeddable":true,"href":"https:\/\/para-sanita.fidsexcellence.tn\/index.php?rest_route=%2Fwp%2Fv2%2Fproduct_tag&post=11824"}],"curies":[{"name":"wp","href":"https:\/\/api.w.org\/{rel}","templated":true}]}}